{"id":422028,"date":"2026-04-05T15:23:19","date_gmt":"2026-04-05T13:23:19","guid":{"rendered":"https:\/\/bogensportdiscount.ch\/produkt\/hbc-aileron-flex-black-quicksilver-back-tension-release\/"},"modified":"2026-05-14T15:27:24","modified_gmt":"2026-05-14T13:27:24","slug":"truball-release-aileron-flex-red-quicksilver-rueckenspannung","status":"publish","type":"product","link":"https:\/\/bogensportdiscount.ch\/fr\/produit\/truball-release-aileron-flex-red-quicksilver-rueckenspannung\/","title":{"rendered":"T.R.U. BALL HBC AILERON FLEX ROUGE \u2013 QUICKSILVER BACK TENSION D\u00c9COCHEUR"},"content":{"rendered":"<p>Le T.R.U. BALL Aileron Flex Quicksilver est un d\u00e9cocheur \u00e0 tension de dos (back tension), c'est-\u00e0-dire un d\u00e9clencheur qui se d\u00e9clenche sans pression directe du doigt sur une g\u00e2chette. Au lieu de cela, le d\u00e9clenchement est activ\u00e9 par l'accumulation de tension dans le dos \u2013 une technique utilis\u00e9e en comp\u00e9tition et \u00e0 l'entra\u00eenement pour am\u00e9liorer la r\u00e9p\u00e9tabilit\u00e9 du tir.<\/p>\n<p>Le mod\u00e8le appartient \u00e0 la gamme Aileron Flex de T.R.U. Ball et est disponible en couleur Rouge. Il est fabriqu\u00e9 aux \u00c9tats-Unis et disponible en six variantes de couleur au total.<\/p>\n<ul>\n<li>M\u00e9canisme de d\u00e9clenchement : tension de dos (Back Tension)<\/li>\n<li>M\u00e9canisme Flex de la s\u00e9rie Aileron<\/li>\n<li>Disponible en Noir, Bleu, Vert, Orange, Rouge et Argent<\/li>\n<li>Fabriqu\u00e9 aux \u00c9tats-Unis<\/li>\n<\/ul>","protected":false},"excerpt":{"rendered":"<table>\n<tr>\n<th>Propri\u00e9t\u00e9<\/th>\n<th>Valeur<\/th>\n<\/tr>\n<tr>\n<td>Marque<\/td>\n<td>T.R.U. Ball<\/td>\n<\/tr>\n<tr>\n<td>Pays d'origine<\/td>\n<td>USA<\/td>\n<\/tr>\n<\/table>","protected":false},"featured_media":450986,"comment_status":"open","ping_status":"closed","template":"","meta":[],"product_brand":[578],"product_cat":[4348],"product_tag":[],"class_list":{"0":"post-422028","1":"product","2":"type-product","3":"status-publish","4":"has-post-thumbnail","6":"product_brand-truball","7":"product_cat-back-tension-releases","8":"product_shipping_class-bsd-standard","10":"first","11":"instock","12":"shipping-taxable","13":"purchasable","14":"product-type-variable"},"yoast_head":"<!-- This site is optimized with the Yoast SEO plugin v27.6 - https:\/\/yoast.com\/product\/yoast-seo-wordpress\/ -->\n<title>TRUBALL HBC AILERON FLEX ROUGE - D\u00c9CLENCHEUR \u00c0 TENSION ARRI\u00c8RE QUICKSILVER - Bogensportdiscount \u2013 Arcs, fl\u00e8ches, cibles et accessoires<\/title>\n<meta name=\"description\" content=\"TRUBALL HBC AILERON FLEX ROUGE - QUICKSILVER BACK TENSION AUSL\u00d6SER : achetez-le \u00e0 prix avantageux chez Bogensportdiscount \u2013 Les meilleures marques, livraison rapide depuis la Suisse.\" \/>\n<meta name=\"robots\" content=\"index, follow, max-snippet:-1, max-image-preview:large, max-video-preview:-1\" \/>\n<link rel=\"canonical\" href=\"https:\/\/bogensportdiscount.ch\/fr\/produit\/truball-release-aileron-flex-red-quicksilver-rueckenspannung\/\" \/>\n<meta property=\"og:locale\" content=\"fr_FR\" \/>\n<meta property=\"og:type\" content=\"article\" \/>\n<meta property=\"og:title\" content=\"TRUBALL HBC AILERON FLEX ROUGE - D\u00c9CLENCHEUR \u00c0 TENSION ARRI\u00c8RE QUICKSILVER - Bogensportdiscount \u2013 Arcs, fl\u00e8ches, cibles et accessoires\" \/>\n<meta property=\"og:description\" content=\"TRUBALL HBC AILERON FLEX ROUGE - QUICKSILVER BACK TENSION AUSL\u00d6SER : achetez-le \u00e0 prix avantageux chez Bogensportdiscount \u2013 Les meilleures marques, livraison rapide depuis la Suisse.\" \/>\n<meta property=\"og:url\" content=\"https:\/\/bogensportdiscount.ch\/fr\/produit\/truball-release-aileron-flex-red-quicksilver-rueckenspannung\/\" \/>\n<meta property=\"og:site_name\" content=\"Bogensportdiscount \u2013 B\u00f6gen, Pfeile, Targets &amp; Zubeh\u00f6r\" \/>\n<meta property=\"article:modified_time\" content=\"2026-05-14T13:27:24+00:00\" \/>\n<meta property=\"og:image\" content=\"https:\/\/bogensportdiscount.ch\/wp-content\/uploads\/bsm-images\/A087472_1.png\" \/>\n\t<meta property=\"og:image:width\" content=\"1440\" \/>\n\t<meta property=\"og:image:height\" content=\"1440\" \/>\n\t<meta property=\"og:image:type\" content=\"image\/png\" \/>\n<meta name=\"twitter:card\" content=\"summary_large_image\" \/>\n<meta name=\"twitter:label1\" content=\"Dur\u00e9e de lecture estim\u00e9e\" \/>\n\t<meta name=\"twitter:data1\" content=\"1 minute\" \/>\n<script type=\"application\/ld+json\" class=\"yoast-schema-graph\">{\"@context\":\"https:\\\/\\\/schema.org\",\"@graph\":[{\"@type\":\"WebPage\",\"@id\":\"https:\\\/\\\/bogensportdiscount.ch\\\/produkt\\\/truball-release-aileron-flex-red-quicksilver-rueckenspannung\\\/\",\"url\":\"https:\\\/\\\/bogensportdiscount.ch\\\/produkt\\\/truball-release-aileron-flex-red-quicksilver-rueckenspannung\\\/\",\"name\":\"TRUBALL HBC AILERON FLEX ROT - QUICKSILVER BACK TENSION AUSL\u00d6SER - Bogensportdiscount \u2013 B\u00f6gen, Pfeile, Targets &amp; Zubeh\u00f6r\",\"isPartOf\":{\"@id\":\"https:\\\/\\\/bogensportdiscount.ch\\\/#website\"},\"primaryImageOfPage\":{\"@id\":\"https:\\\/\\\/bogensportdiscount.ch\\\/produkt\\\/truball-release-aileron-flex-red-quicksilver-rueckenspannung\\\/#primaryimage\"},\"image\":{\"@id\":\"https:\\\/\\\/bogensportdiscount.ch\\\/produkt\\\/truball-release-aileron-flex-red-quicksilver-rueckenspannung\\\/#primaryimage\"},\"thumbnailUrl\":\"https:\\\/\\\/bogensportdiscount.ch\\\/wp-content\\\/uploads\\\/bsm-images\\\/A087472_1.png\",\"datePublished\":\"2026-04-05T13:23:19+00:00\",\"dateModified\":\"2026-05-14T13:27:24+00:00\",\"description\":\"TRUBALL HBC AILERON FLEX ROT - QUICKSILVER BACK TENSION AUSL\u00d6SER g\u00fcnstig kaufen bei Bogensportdiscount \u2013 Top-Marken, schneller Versand aus der Schweiz.\",\"breadcrumb\":{\"@id\":\"https:\\\/\\\/bogensportdiscount.ch\\\/produkt\\\/truball-release-aileron-flex-red-quicksilver-rueckenspannung\\\/#breadcrumb\"},\"inLanguage\":\"fr-FR\",\"potentialAction\":[{\"@type\":\"ReadAction\",\"target\":[\"https:\\\/\\\/bogensportdiscount.ch\\\/produkt\\\/truball-release-aileron-flex-red-quicksilver-rueckenspannung\\\/\"]}]},{\"@type\":\"ImageObject\",\"inLanguage\":\"fr-FR\",\"@id\":\"https:\\\/\\\/bogensportdiscount.ch\\\/produkt\\\/truball-release-aileron-flex-red-quicksilver-rueckenspannung\\\/#primaryimage\",\"url\":\"https:\\\/\\\/bogensportdiscount.ch\\\/wp-content\\\/uploads\\\/bsm-images\\\/A087472_1.png\",\"contentUrl\":\"https:\\\/\\\/bogensportdiscount.ch\\\/wp-content\\\/uploads\\\/bsm-images\\\/A087472_1.png\",\"width\":1440,\"height\":1440},{\"@type\":\"BreadcrumbList\",\"@id\":\"https:\\\/\\\/bogensportdiscount.ch\\\/produkt\\\/truball-release-aileron-flex-red-quicksilver-rueckenspannung\\\/#breadcrumb\",\"itemListElement\":[{\"@type\":\"ListItem\",\"position\":1,\"name\":\"Home\",\"item\":\"https:\\\/\\\/bogensportdiscount.ch\\\/\"},{\"@type\":\"ListItem\",\"position\":2,\"name\":\"Shop\",\"item\":\"https:\\\/\\\/bogensportdiscount.ch\\\/shop\\\/\"},{\"@type\":\"ListItem\",\"position\":3,\"name\":\"TRUBALL HBC AILERON FLEX ROT &#8211; QUICKSILVER BACK TENSION AUSLOESER\"}]},{\"@type\":\"WebSite\",\"@id\":\"https:\\\/\\\/bogensportdiscount.ch\\\/#website\",\"url\":\"https:\\\/\\\/bogensportdiscount.ch\\\/\",\"name\":\"Bogensportdiscount\",\"description\":\"\",\"potentialAction\":[{\"@type\":\"SearchAction\",\"target\":{\"@type\":\"EntryPoint\",\"urlTemplate\":\"https:\\\/\\\/bogensportdiscount.ch\\\/?s={search_term_string}\"},\"query-input\":{\"@type\":\"PropertyValueSpecification\",\"valueRequired\":true,\"valueName\":\"search_term_string\"}}],\"inLanguage\":\"fr-FR\"}]}<\/script>\n<!-- \/ Yoast SEO plugin. -->","yoast_head_json":{"title":"TRUBALL HBC AILERON FLEX ROUGE - D\u00c9CLENCHEUR \u00c0 TENSION ARRI\u00c8RE QUICKSILVER - Bogensportdiscount \u2013 Arcs, fl\u00e8ches, cibles et accessoires","description":"TRUBALL HBC AILERON FLEX ROUGE - QUICKSILVER BACK TENSION AUSL\u00d6SER : achetez-le \u00e0 prix avantageux chez Bogensportdiscount \u2013 Les meilleures marques, livraison rapide depuis la Suisse.","robots":{"index":"index","follow":"follow","max-snippet":"max-snippet:-1","max-image-preview":"max-image-preview:large","max-video-preview":"max-video-preview:-1"},"canonical":"https:\/\/bogensportdiscount.ch\/fr\/produit\/truball-release-aileron-flex-red-quicksilver-rueckenspannung\/","og_locale":"fr_FR","og_type":"article","og_title":"TRUBALL HBC AILERON FLEX ROUGE - D\u00c9CLENCHEUR \u00c0 TENSION ARRI\u00c8RE QUICKSILVER - Bogensportdiscount \u2013 Arcs, fl\u00e8ches, cibles et accessoires","og_description":"TRUBALL HBC AILERON FLEX ROUGE - QUICKSILVER BACK TENSION AUSL\u00d6SER : achetez-le \u00e0 prix avantageux chez Bogensportdiscount \u2013 Les meilleures marques, livraison rapide depuis la Suisse.","og_url":"https:\/\/bogensportdiscount.ch\/fr\/produit\/truball-release-aileron-flex-red-quicksilver-rueckenspannung\/","og_site_name":"Bogensportdiscount \u2013 B\u00f6gen, Pfeile, Targets &amp; Zubeh\u00f6r","article_modified_time":"2026-05-14T13:27:24+00:00","og_image":[{"width":1440,"height":1440,"url":"https:\/\/bogensportdiscount.ch\/wp-content\/uploads\/bsm-images\/A087472_1.png","type":"image\/png"}],"twitter_card":"summary_large_image","twitter_misc":{"Dur\u00e9e de lecture estim\u00e9e":"1 minute"},"schema":{"@context":"https:\/\/schema.org","@graph":[{"@type":"WebPage","@id":"https:\/\/bogensportdiscount.ch\/produkt\/truball-release-aileron-flex-red-quicksilver-rueckenspannung\/","url":"https:\/\/bogensportdiscount.ch\/produkt\/truball-release-aileron-flex-red-quicksilver-rueckenspannung\/","name":"TRUBALL HBC AILERON FLEX ROUGE - D\u00c9CLENCHEUR \u00c0 TENSION ARRI\u00c8RE QUICKSILVER - Bogensportdiscount \u2013 Arcs, fl\u00e8ches, cibles et accessoires","isPartOf":{"@id":"https:\/\/bogensportdiscount.ch\/#website"},"primaryImageOfPage":{"@id":"https:\/\/bogensportdiscount.ch\/produkt\/truball-release-aileron-flex-red-quicksilver-rueckenspannung\/#primaryimage"},"image":{"@id":"https:\/\/bogensportdiscount.ch\/produkt\/truball-release-aileron-flex-red-quicksilver-rueckenspannung\/#primaryimage"},"thumbnailUrl":"https:\/\/bogensportdiscount.ch\/wp-content\/uploads\/bsm-images\/A087472_1.png","datePublished":"2026-04-05T13:23:19+00:00","dateModified":"2026-05-14T13:27:24+00:00","description":"TRUBALL HBC AILERON FLEX ROUGE - QUICKSILVER BACK TENSION AUSL\u00d6SER : achetez-le \u00e0 prix avantageux chez Bogensportdiscount \u2013 Les meilleures marques, livraison rapide depuis la Suisse.","breadcrumb":{"@id":"https:\/\/bogensportdiscount.ch\/produkt\/truball-release-aileron-flex-red-quicksilver-rueckenspannung\/#breadcrumb"},"inLanguage":"fr-FR","potentialAction":[{"@type":"ReadAction","target":["https:\/\/bogensportdiscount.ch\/produkt\/truball-release-aileron-flex-red-quicksilver-rueckenspannung\/"]}]},{"@type":"ImageObject","inLanguage":"fr-FR","@id":"https:\/\/bogensportdiscount.ch\/produkt\/truball-release-aileron-flex-red-quicksilver-rueckenspannung\/#primaryimage","url":"https:\/\/bogensportdiscount.ch\/wp-content\/uploads\/bsm-images\/A087472_1.png","contentUrl":"https:\/\/bogensportdiscount.ch\/wp-content\/uploads\/bsm-images\/A087472_1.png","width":1440,"height":1440},{"@type":"BreadcrumbList","@id":"https:\/\/bogensportdiscount.ch\/produkt\/truball-release-aileron-flex-red-quicksilver-rueckenspannung\/#breadcrumb","itemListElement":[{"@type":"ListItem","position":1,"name":"Home","item":"https:\/\/bogensportdiscount.ch\/"},{"@type":"ListItem","position":2,"name":"Shop","item":"https:\/\/bogensportdiscount.ch\/shop\/"},{"@type":"ListItem","position":3,"name":"TRUBALL HBC AILERON FLEX ROT &#8211; QUICKSILVER BACK TENSION AUSLOESER"}]},{"@type":"WebSite","@id":"https:\/\/bogensportdiscount.ch\/#website","url":"https:\/\/bogensportdiscount.ch\/","name":"Bogensportdiscount","description":"","potentialAction":[{"@type":"SearchAction","target":{"@type":"EntryPoint","urlTemplate":"https:\/\/bogensportdiscount.ch\/?s={search_term_string}"},"query-input":{"@type":"PropertyValueSpecification","valueRequired":true,"valueName":"search_term_string"}}],"inLanguage":"fr-FR"}]}},"_links":{"self":[{"href":"https:\/\/bogensportdiscount.ch\/fr\/wp-json\/wp\/v2\/product\/422028","targetHints":{"allow":["GET"]}}],"collection":[{"href":"https:\/\/bogensportdiscount.ch\/fr\/wp-json\/wp\/v2\/product"}],"about":[{"href":"https:\/\/bogensportdiscount.ch\/fr\/wp-json\/wp\/v2\/types\/product"}],"replies":[{"embeddable":true,"href":"https:\/\/bogensportdiscount.ch\/fr\/wp-json\/wp\/v2\/comments?post=422028"}],"wp:featuredmedia":[{"embeddable":true,"href":"https:\/\/bogensportdiscount.ch\/fr\/wp-json\/wp\/v2\/media\/450986"}],"wp:attachment":[{"href":"https:\/\/bogensportdiscount.ch\/fr\/wp-json\/wp\/v2\/media?parent=422028"}],"wp:term":[{"taxonomy":"product_brand","embeddable":true,"href":"https:\/\/bogensportdiscount.ch\/fr\/wp-json\/wp\/v2\/product_brand?post=422028"},{"taxonomy":"product_cat","embeddable":true,"href":"https:\/\/bogensportdiscount.ch\/fr\/wp-json\/wp\/v2\/product_cat?post=422028"},{"taxonomy":"product_tag","embeddable":true,"href":"https:\/\/bogensportdiscount.ch\/fr\/wp-json\/wp\/v2\/product_tag?post=422028"}],"curies":[{"name":"wp","href":"https:\/\/api.w.org\/{rel}","templated":true}]}}