{"id":421865,"date":"2026-04-05T15:22:58","date_gmt":"2026-04-05T13:22:58","guid":{"rendered":"https:\/\/bogensportdiscount.ch\/produkt\/limbs-wiawis-mxt-xt-foam-core-25-66-28-lbs\/"},"modified":"2026-04-17T13:49:13","modified_gmt":"2026-04-17T11:49:13","slug":"wiawis-recurve-wurfarme-mxt-xt-foam-core-25-68-32-lbs","status":"publish","type":"product","link":"https:\/\/bogensportdiscount.ch\/fr\/produit\/wiawis-recurve-wurfarme-mxt-xt-foam-core-25-68-32-lbs\/","title":{"rendered":"LIMBS WIAWIS MXT-XT FOAM CORE 25\u2033 66-28 LBS"},"content":{"rendered":"<p>Die WIAWIS MXT-XT Foam Core Wurfarme sind Recurve-Wurfarme f\u00fcr den Einsatz an 25-Zoll-Mittelteilen. Sie sind in einer grossen Auswahl an Zuggewichten von 28 bis 48 lbs erh\u00e4ltlich und damit sowohl f\u00fcr Einsteiger als auch f\u00fcr fortgeschrittene Sch\u00fctzen geeignet.<\/p>\n<p>Der Foam-Core-Aufbau sorgt f\u00fcr eine d\u00e4mpfende Kernstruktur, die Vibrationen reduziert und ein ruhiges Abschussverhalten unterst\u00fctzt. Die Wurfarme werden in S\u00fcdkorea gefertigt und entsprechen dem hohen Qualit\u00e4tsstandard der Marke WIAWIS.<\/p>\n<ul>\n<li>Foam-Core-Konstruktion f\u00fcr reduzierte Vibrationen<\/li>\n<li>Passend f\u00fcr 25-Zoll-Recurve-Mittelteile<\/li>\n<li>Grosse Zuggewichtsauswahl von 28 bis 48 lbs<\/li>\n<li>Herstellung in S\u00fcdkorea<\/li>\n<\/ul>","protected":false},"excerpt":{"rendered":"<table>\n<tr>\n<th>Propri\u00e9t\u00e9<\/th>\n<th>Valeur<\/th>\n<\/tr>\n<tr>\n<td>Marque<\/td>\n<td>WIAWIS<\/td>\n<\/tr>\n<tr>\n<td>Modell<\/td>\n<td>MXT-XT Foam Core<\/td>\n<\/tr>\n<tr>\n<td>Longueur<\/td>\n<td>25&#8243;<\/td>\n<\/tr>\n<tr>\n<td>Poids de traction<\/td>\n<td>68-32 lbs<\/td>\n<\/tr>\n<tr>\n<td>Herkunftsland<\/td>\n<td>S\u00fcdkorea<\/td>\n<\/tr>\n<\/table>","protected":false},"featured_media":451088,"comment_status":"open","ping_status":"closed","template":"","meta":[],"product_brand":[473],"product_cat":[4520],"product_tag":[],"class_list":{"0":"post-421865","1":"product","2":"type-product","3":"status-publish","4":"has-post-thumbnail","6":"product_brand-wiawis","7":"product_cat-recurve-wurfarme-recurve-boegen","9":"first","10":"instock","11":"shipping-taxable","12":"purchasable","13":"product-type-variable"},"_links":{"self":[{"href":"https:\/\/bogensportdiscount.ch\/fr\/wp-json\/wp\/v2\/product\/421865","targetHints":{"allow":["GET"]}}],"collection":[{"href":"https:\/\/bogensportdiscount.ch\/fr\/wp-json\/wp\/v2\/product"}],"about":[{"href":"https:\/\/bogensportdiscount.ch\/fr\/wp-json\/wp\/v2\/types\/product"}],"replies":[{"embeddable":true,"href":"https:\/\/bogensportdiscount.ch\/fr\/wp-json\/wp\/v2\/comments?post=421865"}],"wp:featuredmedia":[{"embeddable":true,"href":"https:\/\/bogensportdiscount.ch\/fr\/wp-json\/wp\/v2\/media\/451088"}],"wp:attachment":[{"href":"https:\/\/bogensportdiscount.ch\/fr\/wp-json\/wp\/v2\/media?parent=421865"}],"wp:term":[{"taxonomy":"product_brand","embeddable":true,"href":"https:\/\/bogensportdiscount.ch\/fr\/wp-json\/wp\/v2\/product_brand?post=421865"},{"taxonomy":"product_cat","embeddable":true,"href":"https:\/\/bogensportdiscount.ch\/fr\/wp-json\/wp\/v2\/product_cat?post=421865"},{"taxonomy":"product_tag","embeddable":true,"href":"https:\/\/bogensportdiscount.ch\/fr\/wp-json\/wp\/v2\/product_tag?post=421865"}],"curies":[{"name":"wp","href":"https:\/\/api.w.org\/{rel}","templated":true}]}}