{"id":421679,"date":"2026-04-05T15:22:39","date_gmt":"2026-04-05T13:22:39","guid":{"rendered":"https:\/\/bogensportdiscount.ch\/produkt\/vanes-x3-3-5-black-100-pk\/"},"modified":"2026-04-17T13:49:11","modified_gmt":"2026-04-17T11:49:11","slug":"bohning-vanes-x3-3-5-zoll","status":"publish","type":"product","link":"https:\/\/bogensportdiscount.ch\/fr\/produit\/bohning-vanes-x3-3-5-zoll\/","title":{"rendered":"BOHNING VANES X3 3.5\u2033 100\/PK"},"content":{"rendered":"<p>Die BOHNING X3 Vanes in der Gr\u00f6sse 3.5&#8243; sind Kunststofffedern zur Pfeilbefiederung. Sie werden direkt auf den Pfeilschaft geklebt und sorgen f\u00fcr eine stabile Flugbahn durch aerodynamische F\u00fchrung.<\/p>\n<p>Die Vanes sind in einer grossen Farbauswahl erh\u00e4ltlich, darunter Schwarz, Blau, Gr\u00fcn, Orange, Pink, Lila, Rot, Silber, Teal, Weiss und Gelb. Damit lassen sich Pfeile individuell gestalten oder nach Farben kennzeichnen.<\/p>\n<ul>\n<li>Gr\u00f6sse: 3.5&#8243;<\/li>\n<li>Erh\u00e4ltlich in 11 Farben<\/li>\n<li>Geeignet f\u00fcr verschiedene Schaftmaterialien<\/li>\n<li>Einfache Verklebung auf dem Pfeilschaft<\/li>\n<\/ul>","protected":false},"excerpt":{"rendered":"<p><strong>Marque :<\/strong> Bohning<\/p>","protected":false},"featured_media":436929,"comment_status":"open","ping_status":"closed","template":"","meta":[],"product_brand":[444],"product_cat":[4552],"product_tag":[],"class_list":{"0":"post-421679","1":"product","2":"type-product","3":"status-publish","4":"has-post-thumbnail","6":"product_brand-bohning","7":"product_cat-plastik-vanes-vanes-nocks-wraps","9":"first","10":"instock","11":"shipping-taxable","12":"purchasable","13":"product-type-variable"},"_links":{"self":[{"href":"https:\/\/bogensportdiscount.ch\/fr\/wp-json\/wp\/v2\/product\/421679","targetHints":{"allow":["GET"]}}],"collection":[{"href":"https:\/\/bogensportdiscount.ch\/fr\/wp-json\/wp\/v2\/product"}],"about":[{"href":"https:\/\/bogensportdiscount.ch\/fr\/wp-json\/wp\/v2\/types\/product"}],"replies":[{"embeddable":true,"href":"https:\/\/bogensportdiscount.ch\/fr\/wp-json\/wp\/v2\/comments?post=421679"}],"wp:featuredmedia":[{"embeddable":true,"href":"https:\/\/bogensportdiscount.ch\/fr\/wp-json\/wp\/v2\/media\/436929"}],"wp:attachment":[{"href":"https:\/\/bogensportdiscount.ch\/fr\/wp-json\/wp\/v2\/media?parent=421679"}],"wp:term":[{"taxonomy":"product_brand","embeddable":true,"href":"https:\/\/bogensportdiscount.ch\/fr\/wp-json\/wp\/v2\/product_brand?post=421679"},{"taxonomy":"product_cat","embeddable":true,"href":"https:\/\/bogensportdiscount.ch\/fr\/wp-json\/wp\/v2\/product_cat?post=421679"},{"taxonomy":"product_tag","embeddable":true,"href":"https:\/\/bogensportdiscount.ch\/fr\/wp-json\/wp\/v2\/product_tag?post=421679"}],"curies":[{"name":"wp","href":"https:\/\/api.w.org\/{rel}","templated":true}]}}