{"id":421656,"date":"2026-04-05T15:22:35","date_gmt":"2026-04-05T13:22:35","guid":{"rendered":"https:\/\/bogensportdiscount.ch\/produkt\/arrows-tyro-4-2-1500-28-pinwhite-nock-2-5-blue-white-white-50gr-point-36pk\/"},"modified":"2026-05-14T15:27:23","modified_gmt":"2026-05-14T13:27:23","slug":"avalon-fertigpfeile-tyro-4-2-900-29-pin-nocke-weiss-rot-70gr-spitze-36er-pack","status":"publish","type":"product","link":"https:\/\/bogensportdiscount.ch\/fr\/produit\/avalon-fertigpfeile-tyro-4-2-900-29-pin-nocke-weiss-rot-70gr-spitze-36er-pack\/","title":{"rendered":"Fl\u00e8che AVALON TYRO 4.2"},"content":{"rendered":"<p>Les AVALON Tyro 4.2 sont des fl\u00e8ches pr\u00eates \u00e0 l'emploi pour le tir \u00e0 l'arc traditionnel. Elles sont livr\u00e9es en pack de 36 et sont d\u00e9j\u00e0 enti\u00e8rement mont\u00e9es \u2013 encoche, empennage et pointe inclus \u2013 et peuvent \u00eatre utilis\u00e9es directement.<\/p>\n<p>Cette variante dispose d'une valeur de spine de 900 pour une longueur de 29&#8243;, d'un empennage 2.5&#8243; en blanc\/rouge\/rouge, d'une encoche pin en blanc ainsi que d'une pointe de 70 grains. La gamme Tyro est disponible en diff\u00e9rentes valeurs de spine, longueurs et combinaisons de couleurs, couvrant ainsi un large spectre de puissances et de styles de tir.<\/p>\n<ul>\n<li>Enti\u00e8rement mont\u00e9e et pr\u00eate \u00e0 tirer imm\u00e9diatement<\/li>\n<li>Pack de 36 pour l'entra\u00eenement et la comp\u00e9tition<\/li>\n<li>Disponible en plusieurs valeurs de spine (600\u20131100) et longueurs (28&#8243;\u201331&#8243;)<\/li>\n<li>Diff\u00e9rents poids de pointe (50, 70, 90 grains) au choix<\/li>\n<\/ul>","protected":false},"excerpt":{"rendered":"<table>\n<tr>\n<th>Propri\u00e9t\u00e9<\/th>\n<th>Valeur<\/th>\n<\/tr>\n<tr>\n<td>Marque<\/td>\n<td>Avalon<\/td>\n<\/tr>\n<tr>\n<td>Pays d'origine<\/td>\n<td>Chine<\/td>\n<\/tr>\n<\/table>","protected":false},"featured_media":523391,"comment_status":"open","ping_status":"closed","template":"","meta":[],"product_brand":[449],"product_cat":[4538],"product_tag":[],"class_list":{"0":"post-421656","1":"product","2":"type-product","3":"status-publish","4":"has-post-thumbnail","6":"product_brand-avalon","7":"product_cat-befiederte-carbon-traditionelle-pfeile","8":"product_shipping_class-bsd-standard","10":"first","11":"instock","12":"shipping-taxable","13":"purchasable","14":"product-type-variable"},"yoast_head":"<!-- This site is optimized with the Yoast SEO plugin v27.6 - https:\/\/yoast.com\/product\/yoast-seo-wordpress\/ -->\n<title>Fl\u00e8che AVALON TYRO 4.2 - Bogensportdiscount \u2013 Arcs, fl\u00e8ches, cibles et accessoires<\/title>\n<meta name=\"description\" content=\"Achetez la fl\u00e8che AVALON TYRO 4.2 \u00e0 prix avantageux chez Bogensportdiscount \u2013 Les meilleures marques, livraison rapide depuis la Suisse.\" \/>\n<meta name=\"robots\" content=\"index, follow, max-snippet:-1, max-image-preview:large, max-video-preview:-1\" \/>\n<link rel=\"canonical\" href=\"https:\/\/bogensportdiscount.ch\/fr\/produit\/avalon-fertigpfeile-tyro-4-2-900-29-pin-nocke-weiss-rot-70gr-spitze-36er-pack\/\" \/>\n<meta property=\"og:locale\" content=\"fr_FR\" \/>\n<meta property=\"og:type\" content=\"article\" \/>\n<meta property=\"og:title\" content=\"Fl\u00e8che AVALON TYRO 4.2 - Bogensportdiscount \u2013 Arcs, fl\u00e8ches, cibles et accessoires\" \/>\n<meta property=\"og:description\" content=\"Achetez la fl\u00e8che AVALON TYRO 4.2 \u00e0 prix avantageux chez Bogensportdiscount \u2013 Les meilleures marques, livraison rapide depuis la Suisse.\" \/>\n<meta property=\"og:url\" content=\"https:\/\/bogensportdiscount.ch\/fr\/produit\/avalon-fertigpfeile-tyro-4-2-900-29-pin-nocke-weiss-rot-70gr-spitze-36er-pack\/\" \/>\n<meta property=\"og:site_name\" content=\"Bogensportdiscount \u2013 B\u00f6gen, Pfeile, Targets &amp; Zubeh\u00f6r\" \/>\n<meta property=\"article:modified_time\" content=\"2026-05-14T13:27:23+00:00\" \/>\n<meta property=\"og:image\" content=\"https:\/\/bogensportdiscount.ch\/wp-content\/uploads\/bsm-images\/A087004_1.png\" \/>\n\t<meta property=\"og:image:width\" content=\"6454\" \/>\n\t<meta property=\"og:image:height\" content=\"184\" \/>\n\t<meta property=\"og:image:type\" content=\"image\/png\" \/>\n<meta name=\"twitter:card\" content=\"summary_large_image\" \/>\n<meta name=\"twitter:label1\" content=\"Dur\u00e9e de lecture estim\u00e9e\" \/>\n\t<meta name=\"twitter:data1\" content=\"1 minute\" \/>\n<script type=\"application\/ld+json\" class=\"yoast-schema-graph\">{\"@context\":\"https:\\\/\\\/schema.org\",\"@graph\":[{\"@type\":\"WebPage\",\"@id\":\"https:\\\/\\\/bogensportdiscount.ch\\\/produkt\\\/avalon-fertigpfeile-tyro-4-2-900-29-pin-nocke-weiss-rot-70gr-spitze-36er-pack\\\/\",\"url\":\"https:\\\/\\\/bogensportdiscount.ch\\\/produkt\\\/avalon-fertigpfeile-tyro-4-2-900-29-pin-nocke-weiss-rot-70gr-spitze-36er-pack\\\/\",\"name\":\"AVALON Pfeil TYRO 4.2 - Bogensportdiscount \u2013 B\u00f6gen, Pfeile, Targets &amp; Zubeh\u00f6r\",\"isPartOf\":{\"@id\":\"https:\\\/\\\/bogensportdiscount.ch\\\/#website\"},\"primaryImageOfPage\":{\"@id\":\"https:\\\/\\\/bogensportdiscount.ch\\\/produkt\\\/avalon-fertigpfeile-tyro-4-2-900-29-pin-nocke-weiss-rot-70gr-spitze-36er-pack\\\/#primaryimage\"},\"image\":{\"@id\":\"https:\\\/\\\/bogensportdiscount.ch\\\/produkt\\\/avalon-fertigpfeile-tyro-4-2-900-29-pin-nocke-weiss-rot-70gr-spitze-36er-pack\\\/#primaryimage\"},\"thumbnailUrl\":\"https:\\\/\\\/bogensportdiscount.ch\\\/wp-content\\\/uploads\\\/bsm-images\\\/A087004_1.png\",\"datePublished\":\"2026-04-05T13:22:35+00:00\",\"dateModified\":\"2026-05-14T13:27:23+00:00\",\"description\":\"AVALON Pfeil TYRO 4.2 g\u00fcnstig kaufen bei Bogensportdiscount \u2013 Top-Marken, schneller Versand aus der Schweiz.\",\"breadcrumb\":{\"@id\":\"https:\\\/\\\/bogensportdiscount.ch\\\/produkt\\\/avalon-fertigpfeile-tyro-4-2-900-29-pin-nocke-weiss-rot-70gr-spitze-36er-pack\\\/#breadcrumb\"},\"inLanguage\":\"fr-FR\",\"potentialAction\":[{\"@type\":\"ReadAction\",\"target\":[\"https:\\\/\\\/bogensportdiscount.ch\\\/produkt\\\/avalon-fertigpfeile-tyro-4-2-900-29-pin-nocke-weiss-rot-70gr-spitze-36er-pack\\\/\"]}]},{\"@type\":\"ImageObject\",\"inLanguage\":\"fr-FR\",\"@id\":\"https:\\\/\\\/bogensportdiscount.ch\\\/produkt\\\/avalon-fertigpfeile-tyro-4-2-900-29-pin-nocke-weiss-rot-70gr-spitze-36er-pack\\\/#primaryimage\",\"url\":\"https:\\\/\\\/bogensportdiscount.ch\\\/wp-content\\\/uploads\\\/bsm-images\\\/A087004_1.png\",\"contentUrl\":\"https:\\\/\\\/bogensportdiscount.ch\\\/wp-content\\\/uploads\\\/bsm-images\\\/A087004_1.png\",\"width\":6454,\"height\":184},{\"@type\":\"BreadcrumbList\",\"@id\":\"https:\\\/\\\/bogensportdiscount.ch\\\/produkt\\\/avalon-fertigpfeile-tyro-4-2-900-29-pin-nocke-weiss-rot-70gr-spitze-36er-pack\\\/#breadcrumb\",\"itemListElement\":[{\"@type\":\"ListItem\",\"position\":1,\"name\":\"Home\",\"item\":\"https:\\\/\\\/bogensportdiscount.ch\\\/\"},{\"@type\":\"ListItem\",\"position\":2,\"name\":\"Shop\",\"item\":\"https:\\\/\\\/bogensportdiscount.ch\\\/shop\\\/\"},{\"@type\":\"ListItem\",\"position\":3,\"name\":\"AVALON Pfeil TYRO 4.2\"}]},{\"@type\":\"WebSite\",\"@id\":\"https:\\\/\\\/bogensportdiscount.ch\\\/#website\",\"url\":\"https:\\\/\\\/bogensportdiscount.ch\\\/\",\"name\":\"Bogensportdiscount\",\"description\":\"\",\"potentialAction\":[{\"@type\":\"SearchAction\",\"target\":{\"@type\":\"EntryPoint\",\"urlTemplate\":\"https:\\\/\\\/bogensportdiscount.ch\\\/?s={search_term_string}\"},\"query-input\":{\"@type\":\"PropertyValueSpecification\",\"valueRequired\":true,\"valueName\":\"search_term_string\"}}],\"inLanguage\":\"fr-FR\"}]}<\/script>\n<!-- \/ Yoast SEO plugin. -->","yoast_head_json":{"title":"Fl\u00e8che AVALON TYRO 4.2 - Bogensportdiscount \u2013 Arcs, fl\u00e8ches, cibles et accessoires","description":"Achetez la fl\u00e8che AVALON TYRO 4.2 \u00e0 prix avantageux chez Bogensportdiscount \u2013 Les meilleures marques, livraison rapide depuis la Suisse.","robots":{"index":"index","follow":"follow","max-snippet":"max-snippet:-1","max-image-preview":"max-image-preview:large","max-video-preview":"max-video-preview:-1"},"canonical":"https:\/\/bogensportdiscount.ch\/fr\/produit\/avalon-fertigpfeile-tyro-4-2-900-29-pin-nocke-weiss-rot-70gr-spitze-36er-pack\/","og_locale":"fr_FR","og_type":"article","og_title":"Fl\u00e8che AVALON TYRO 4.2 - Bogensportdiscount \u2013 Arcs, fl\u00e8ches, cibles et accessoires","og_description":"Achetez la fl\u00e8che AVALON TYRO 4.2 \u00e0 prix avantageux chez Bogensportdiscount \u2013 Les meilleures marques, livraison rapide depuis la Suisse.","og_url":"https:\/\/bogensportdiscount.ch\/fr\/produit\/avalon-fertigpfeile-tyro-4-2-900-29-pin-nocke-weiss-rot-70gr-spitze-36er-pack\/","og_site_name":"Bogensportdiscount \u2013 B\u00f6gen, Pfeile, Targets &amp; Zubeh\u00f6r","article_modified_time":"2026-05-14T13:27:23+00:00","og_image":[{"width":6454,"height":184,"url":"https:\/\/bogensportdiscount.ch\/wp-content\/uploads\/bsm-images\/A087004_1.png","type":"image\/png"}],"twitter_card":"summary_large_image","twitter_misc":{"Dur\u00e9e de lecture estim\u00e9e":"1 minute"},"schema":{"@context":"https:\/\/schema.org","@graph":[{"@type":"WebPage","@id":"https:\/\/bogensportdiscount.ch\/produkt\/avalon-fertigpfeile-tyro-4-2-900-29-pin-nocke-weiss-rot-70gr-spitze-36er-pack\/","url":"https:\/\/bogensportdiscount.ch\/produkt\/avalon-fertigpfeile-tyro-4-2-900-29-pin-nocke-weiss-rot-70gr-spitze-36er-pack\/","name":"Fl\u00e8che AVALON TYRO 4.2 - Bogensportdiscount \u2013 Arcs, fl\u00e8ches, cibles et accessoires","isPartOf":{"@id":"https:\/\/bogensportdiscount.ch\/#website"},"primaryImageOfPage":{"@id":"https:\/\/bogensportdiscount.ch\/produkt\/avalon-fertigpfeile-tyro-4-2-900-29-pin-nocke-weiss-rot-70gr-spitze-36er-pack\/#primaryimage"},"image":{"@id":"https:\/\/bogensportdiscount.ch\/produkt\/avalon-fertigpfeile-tyro-4-2-900-29-pin-nocke-weiss-rot-70gr-spitze-36er-pack\/#primaryimage"},"thumbnailUrl":"https:\/\/bogensportdiscount.ch\/wp-content\/uploads\/bsm-images\/A087004_1.png","datePublished":"2026-04-05T13:22:35+00:00","dateModified":"2026-05-14T13:27:23+00:00","description":"Achetez la fl\u00e8che AVALON TYRO 4.2 \u00e0 prix avantageux chez Bogensportdiscount \u2013 Les meilleures marques, livraison rapide depuis la Suisse.","breadcrumb":{"@id":"https:\/\/bogensportdiscount.ch\/produkt\/avalon-fertigpfeile-tyro-4-2-900-29-pin-nocke-weiss-rot-70gr-spitze-36er-pack\/#breadcrumb"},"inLanguage":"fr-FR","potentialAction":[{"@type":"ReadAction","target":["https:\/\/bogensportdiscount.ch\/produkt\/avalon-fertigpfeile-tyro-4-2-900-29-pin-nocke-weiss-rot-70gr-spitze-36er-pack\/"]}]},{"@type":"ImageObject","inLanguage":"fr-FR","@id":"https:\/\/bogensportdiscount.ch\/produkt\/avalon-fertigpfeile-tyro-4-2-900-29-pin-nocke-weiss-rot-70gr-spitze-36er-pack\/#primaryimage","url":"https:\/\/bogensportdiscount.ch\/wp-content\/uploads\/bsm-images\/A087004_1.png","contentUrl":"https:\/\/bogensportdiscount.ch\/wp-content\/uploads\/bsm-images\/A087004_1.png","width":6454,"height":184},{"@type":"BreadcrumbList","@id":"https:\/\/bogensportdiscount.ch\/produkt\/avalon-fertigpfeile-tyro-4-2-900-29-pin-nocke-weiss-rot-70gr-spitze-36er-pack\/#breadcrumb","itemListElement":[{"@type":"ListItem","position":1,"name":"Home","item":"https:\/\/bogensportdiscount.ch\/"},{"@type":"ListItem","position":2,"name":"Shop","item":"https:\/\/bogensportdiscount.ch\/shop\/"},{"@type":"ListItem","position":3,"name":"AVALON Pfeil TYRO 4.2"}]},{"@type":"WebSite","@id":"https:\/\/bogensportdiscount.ch\/#website","url":"https:\/\/bogensportdiscount.ch\/","name":"Bogensportdiscount","description":"","potentialAction":[{"@type":"SearchAction","target":{"@type":"EntryPoint","urlTemplate":"https:\/\/bogensportdiscount.ch\/?s={search_term_string}"},"query-input":{"@type":"PropertyValueSpecification","valueRequired":true,"valueName":"search_term_string"}}],"inLanguage":"fr-FR"}]}},"_links":{"self":[{"href":"https:\/\/bogensportdiscount.ch\/fr\/wp-json\/wp\/v2\/product\/421656","targetHints":{"allow":["GET"]}}],"collection":[{"href":"https:\/\/bogensportdiscount.ch\/fr\/wp-json\/wp\/v2\/product"}],"about":[{"href":"https:\/\/bogensportdiscount.ch\/fr\/wp-json\/wp\/v2\/types\/product"}],"replies":[{"embeddable":true,"href":"https:\/\/bogensportdiscount.ch\/fr\/wp-json\/wp\/v2\/comments?post=421656"}],"wp:featuredmedia":[{"embeddable":true,"href":"https:\/\/bogensportdiscount.ch\/fr\/wp-json\/wp\/v2\/media\/523391"}],"wp:attachment":[{"href":"https:\/\/bogensportdiscount.ch\/fr\/wp-json\/wp\/v2\/media?parent=421656"}],"wp:term":[{"taxonomy":"product_brand","embeddable":true,"href":"https:\/\/bogensportdiscount.ch\/fr\/wp-json\/wp\/v2\/product_brand?post=421656"},{"taxonomy":"product_cat","embeddable":true,"href":"https:\/\/bogensportdiscount.ch\/fr\/wp-json\/wp\/v2\/product_cat?post=421656"},{"taxonomy":"product_tag","embeddable":true,"href":"https:\/\/bogensportdiscount.ch\/fr\/wp-json\/wp\/v2\/product_tag?post=421656"}],"curies":[{"name":"wp","href":"https:\/\/api.w.org\/{rel}","templated":true}]}}