{"id":421348,"date":"2026-04-05T15:22:04","date_gmt":"2026-04-05T13:22:04","guid":{"rendered":"https:\/\/bogensportdiscount.ch\/produkt\/limbs-carbon-wood-new-zest-ilf-2566-32-lbs-2768-30-lbs\/"},"modified":"2026-05-14T15:27:22","modified_gmt":"2026-05-14T13:27:22","slug":"mkarchery-recurvebogen-wurfarme-carbon-holz-new-zest-ilf","status":"publish","type":"product","link":"https:\/\/bogensportdiscount.ch\/fr\/produit\/mkarchery-recurvebogen-wurfarme-carbon-holz-new-zest-ilf\/","title":{"rendered":"MKARCHERY branches CARBON\/WOOD NEW ZEST ILF"},"content":{"rendered":"<p>Les branches MKARCHERY New Zest ILF sont fabriqu\u00e9es en combinaison carbone-bois et con\u00e7ues pour une utilisation sur des poign\u00e9es de recurve compatibles ILF. Gr\u00e2ce au raccord ILF standardis\u00e9, elles peuvent \u00eatre combin\u00e9es avec une grande vari\u00e9t\u00e9 de poign\u00e9es.<\/p>\n<p>Les branches sont disponibles en longueurs d'arc 66, 68 et 70 pouces ainsi qu'en poids de tir de 32 \u00e0 48 lbs, offrant un large choix pour diff\u00e9rents styles de tir et niveaux de performance.<\/p>\n<ul>\n<li>Mat\u00e9riau: combinaison carbone\/bois<\/li>\n<li>Connexion compatible ILF<\/li>\n<li>Disponible en longueurs 66&#8243;, 68&#8243; et 70&#8243;<\/li>\n<li>Poids de tir de 32 \u00e0 48 lbs<\/li>\n<\/ul>","protected":false},"excerpt":{"rendered":"<table>\n<tr>\n<th>Propri\u00e9t\u00e9<\/th>\n<th>Valeur<\/th>\n<\/tr>\n<tr>\n<td>Marque<\/td>\n<td>MK Archery<\/td>\n<\/tr>\n<tr>\n<td>Mat\u00e9riau<\/td>\n<td>Carbone\/Bois<\/td>\n<\/tr>\n<tr>\n<td>Connexion<\/td>\n<td>ILF<\/td>\n<\/tr>\n<tr>\n<td>Pays d'origine<\/td>\n<td>Cor\u00e9e du Sud<\/td>\n<\/tr>\n<\/table>","protected":false},"featured_media":451454,"comment_status":"open","ping_status":"closed","template":"","meta":[],"product_brand":[500],"product_cat":[4520],"product_tag":[],"class_list":{"0":"post-421348","1":"product","2":"type-product","3":"status-publish","4":"has-post-thumbnail","6":"product_brand-mkarchery","7":"product_cat-recurve-wurfarme","8":"product_shipping_class-bsd-standard","10":"first","11":"instock","12":"shipping-taxable","13":"purchasable","14":"product-type-variable"},"yoast_head":"<!-- This site is optimized with the Yoast SEO plugin v27.6 - https:\/\/yoast.com\/product\/yoast-seo-wordpress\/ -->\n<title>MKARCHERY Wurfarme CARBON\/WOOD NEW ZEST ILF - Bogensportdiscount \u2013 B\u00f6gen, Pfeile, Targets &amp; Zubeh\u00f6r<\/title>\n<meta name=\"description\" content=\"MKARCHERY Wurfarme CARBON\/WOOD NEW ZEST ILF g\u00fcnstig kaufen bei Bogensportdiscount \u2013 Top-Marken, schneller Versand aus der Schweiz.\" \/>\n<meta name=\"robots\" content=\"index, follow, max-snippet:-1, max-image-preview:large, max-video-preview:-1\" \/>\n<link rel=\"canonical\" href=\"https:\/\/bogensportdiscount.ch\/fr\/produit\/mkarchery-recurvebogen-wurfarme-carbon-holz-new-zest-ilf\/\" \/>\n<meta property=\"og:locale\" content=\"fr_FR\" \/>\n<meta property=\"og:type\" content=\"article\" \/>\n<meta property=\"og:title\" content=\"MKARCHERY Wurfarme CARBON\/WOOD NEW ZEST ILF - Bogensportdiscount \u2013 B\u00f6gen, Pfeile, Targets &amp; Zubeh\u00f6r\" \/>\n<meta property=\"og:description\" content=\"MKARCHERY Wurfarme CARBON\/WOOD NEW ZEST ILF g\u00fcnstig kaufen bei Bogensportdiscount \u2013 Top-Marken, schneller Versand aus der Schweiz.\" \/>\n<meta property=\"og:url\" content=\"https:\/\/bogensportdiscount.ch\/fr\/produit\/mkarchery-recurvebogen-wurfarme-carbon-holz-new-zest-ilf\/\" \/>\n<meta property=\"og:site_name\" content=\"Bogensportdiscount \u2013 B\u00f6gen, Pfeile, Targets &amp; Zubeh\u00f6r\" \/>\n<meta property=\"article:modified_time\" content=\"2026-05-14T13:27:22+00:00\" \/>\n<meta property=\"og:image\" content=\"https:\/\/bogensportdiscount.ch\/wp-content\/uploads\/bsm-images\/A086852_1.png\" \/>\n\t<meta property=\"og:image:width\" content=\"6871\" \/>\n\t<meta property=\"og:image:height\" content=\"919\" \/>\n\t<meta property=\"og:image:type\" content=\"image\/png\" \/>\n<meta name=\"twitter:card\" content=\"summary_large_image\" \/>\n<script type=\"application\/ld+json\" class=\"yoast-schema-graph\">{\"@context\":\"https:\\\/\\\/schema.org\",\"@graph\":[{\"@type\":\"WebPage\",\"@id\":\"https:\\\/\\\/bogensportdiscount.ch\\\/produkt\\\/mkarchery-recurvebogen-wurfarme-carbon-holz-new-zest-ilf\\\/\",\"url\":\"https:\\\/\\\/bogensportdiscount.ch\\\/produkt\\\/mkarchery-recurvebogen-wurfarme-carbon-holz-new-zest-ilf\\\/\",\"name\":\"MKARCHERY Wurfarme CARBON\\\/WOOD NEW ZEST ILF - Bogensportdiscount \u2013 B\u00f6gen, Pfeile, Targets &amp; Zubeh\u00f6r\",\"isPartOf\":{\"@id\":\"https:\\\/\\\/bogensportdiscount.ch\\\/#website\"},\"primaryImageOfPage\":{\"@id\":\"https:\\\/\\\/bogensportdiscount.ch\\\/produkt\\\/mkarchery-recurvebogen-wurfarme-carbon-holz-new-zest-ilf\\\/#primaryimage\"},\"image\":{\"@id\":\"https:\\\/\\\/bogensportdiscount.ch\\\/produkt\\\/mkarchery-recurvebogen-wurfarme-carbon-holz-new-zest-ilf\\\/#primaryimage\"},\"thumbnailUrl\":\"https:\\\/\\\/bogensportdiscount.ch\\\/wp-content\\\/uploads\\\/bsm-images\\\/A086852_1.png\",\"datePublished\":\"2026-04-05T13:22:04+00:00\",\"dateModified\":\"2026-05-14T13:27:22+00:00\",\"description\":\"MKARCHERY Wurfarme CARBON\\\/WOOD NEW ZEST ILF g\u00fcnstig kaufen bei Bogensportdiscount \u2013 Top-Marken, schneller Versand aus der Schweiz.\",\"breadcrumb\":{\"@id\":\"https:\\\/\\\/bogensportdiscount.ch\\\/produkt\\\/mkarchery-recurvebogen-wurfarme-carbon-holz-new-zest-ilf\\\/#breadcrumb\"},\"inLanguage\":\"fr-FR\",\"potentialAction\":[{\"@type\":\"ReadAction\",\"target\":[\"https:\\\/\\\/bogensportdiscount.ch\\\/produkt\\\/mkarchery-recurvebogen-wurfarme-carbon-holz-new-zest-ilf\\\/\"]}]},{\"@type\":\"ImageObject\",\"inLanguage\":\"fr-FR\",\"@id\":\"https:\\\/\\\/bogensportdiscount.ch\\\/produkt\\\/mkarchery-recurvebogen-wurfarme-carbon-holz-new-zest-ilf\\\/#primaryimage\",\"url\":\"https:\\\/\\\/bogensportdiscount.ch\\\/wp-content\\\/uploads\\\/bsm-images\\\/A086852_1.png\",\"contentUrl\":\"https:\\\/\\\/bogensportdiscount.ch\\\/wp-content\\\/uploads\\\/bsm-images\\\/A086852_1.png\",\"width\":6871,\"height\":919},{\"@type\":\"BreadcrumbList\",\"@id\":\"https:\\\/\\\/bogensportdiscount.ch\\\/produkt\\\/mkarchery-recurvebogen-wurfarme-carbon-holz-new-zest-ilf\\\/#breadcrumb\",\"itemListElement\":[{\"@type\":\"ListItem\",\"position\":1,\"name\":\"Home\",\"item\":\"https:\\\/\\\/bogensportdiscount.ch\\\/\"},{\"@type\":\"ListItem\",\"position\":2,\"name\":\"Shop\",\"item\":\"https:\\\/\\\/bogensportdiscount.ch\\\/shop\\\/\"},{\"@type\":\"ListItem\",\"position\":3,\"name\":\"MKARCHERY Wurfarme Carbon\\\/HOLZ NEW ZEST ILF\"}]},{\"@type\":\"WebSite\",\"@id\":\"https:\\\/\\\/bogensportdiscount.ch\\\/#website\",\"url\":\"https:\\\/\\\/bogensportdiscount.ch\\\/\",\"name\":\"Bogensportdiscount\",\"description\":\"\",\"potentialAction\":[{\"@type\":\"SearchAction\",\"target\":{\"@type\":\"EntryPoint\",\"urlTemplate\":\"https:\\\/\\\/bogensportdiscount.ch\\\/?s={search_term_string}\"},\"query-input\":{\"@type\":\"PropertyValueSpecification\",\"valueRequired\":true,\"valueName\":\"search_term_string\"}}],\"inLanguage\":\"fr-FR\"}]}<\/script>\n<!-- \/ Yoast SEO plugin. -->","yoast_head_json":{"title":"MKARCHERY Wurfarme CARBON\/WOOD NEW ZEST ILF - Bogensportdiscount \u2013 B\u00f6gen, Pfeile, Targets &amp; Zubeh\u00f6r","description":"MKARCHERY Wurfarme CARBON\/WOOD NEW ZEST ILF g\u00fcnstig kaufen bei Bogensportdiscount \u2013 Top-Marken, schneller Versand aus der Schweiz.","robots":{"index":"index","follow":"follow","max-snippet":"max-snippet:-1","max-image-preview":"max-image-preview:large","max-video-preview":"max-video-preview:-1"},"canonical":"https:\/\/bogensportdiscount.ch\/fr\/produit\/mkarchery-recurvebogen-wurfarme-carbon-holz-new-zest-ilf\/","og_locale":"fr_FR","og_type":"article","og_title":"MKARCHERY Wurfarme CARBON\/WOOD NEW ZEST ILF - Bogensportdiscount \u2013 B\u00f6gen, Pfeile, Targets &amp; Zubeh\u00f6r","og_description":"MKARCHERY Wurfarme CARBON\/WOOD NEW ZEST ILF g\u00fcnstig kaufen bei Bogensportdiscount \u2013 Top-Marken, schneller Versand aus der Schweiz.","og_url":"https:\/\/bogensportdiscount.ch\/fr\/produit\/mkarchery-recurvebogen-wurfarme-carbon-holz-new-zest-ilf\/","og_site_name":"Bogensportdiscount \u2013 B\u00f6gen, Pfeile, Targets &amp; Zubeh\u00f6r","article_modified_time":"2026-05-14T13:27:22+00:00","og_image":[{"url":"https:\/\/bogensportdiscount.ch\/wp-content\/uploads\/bsm-images\/A086852_1.png","width":6871,"height":919,"type":"image\/png"}],"twitter_card":"summary_large_image","schema":{"@context":"https:\/\/schema.org","@graph":[{"@type":"WebPage","@id":"https:\/\/bogensportdiscount.ch\/produkt\/mkarchery-recurvebogen-wurfarme-carbon-holz-new-zest-ilf\/","url":"https:\/\/bogensportdiscount.ch\/produkt\/mkarchery-recurvebogen-wurfarme-carbon-holz-new-zest-ilf\/","name":"MKARCHERY Wurfarme CARBON\/WOOD NEW ZEST ILF - Bogensportdiscount \u2013 B\u00f6gen, Pfeile, Targets &amp; Zubeh\u00f6r","isPartOf":{"@id":"https:\/\/bogensportdiscount.ch\/#website"},"primaryImageOfPage":{"@id":"https:\/\/bogensportdiscount.ch\/produkt\/mkarchery-recurvebogen-wurfarme-carbon-holz-new-zest-ilf\/#primaryimage"},"image":{"@id":"https:\/\/bogensportdiscount.ch\/produkt\/mkarchery-recurvebogen-wurfarme-carbon-holz-new-zest-ilf\/#primaryimage"},"thumbnailUrl":"https:\/\/bogensportdiscount.ch\/wp-content\/uploads\/bsm-images\/A086852_1.png","datePublished":"2026-04-05T13:22:04+00:00","dateModified":"2026-05-14T13:27:22+00:00","description":"MKARCHERY Wurfarme CARBON\/WOOD NEW ZEST ILF g\u00fcnstig kaufen bei Bogensportdiscount \u2013 Top-Marken, schneller Versand aus der Schweiz.","breadcrumb":{"@id":"https:\/\/bogensportdiscount.ch\/produkt\/mkarchery-recurvebogen-wurfarme-carbon-holz-new-zest-ilf\/#breadcrumb"},"inLanguage":"fr-FR","potentialAction":[{"@type":"ReadAction","target":["https:\/\/bogensportdiscount.ch\/produkt\/mkarchery-recurvebogen-wurfarme-carbon-holz-new-zest-ilf\/"]}]},{"@type":"ImageObject","inLanguage":"fr-FR","@id":"https:\/\/bogensportdiscount.ch\/produkt\/mkarchery-recurvebogen-wurfarme-carbon-holz-new-zest-ilf\/#primaryimage","url":"https:\/\/bogensportdiscount.ch\/wp-content\/uploads\/bsm-images\/A086852_1.png","contentUrl":"https:\/\/bogensportdiscount.ch\/wp-content\/uploads\/bsm-images\/A086852_1.png","width":6871,"height":919},{"@type":"BreadcrumbList","@id":"https:\/\/bogensportdiscount.ch\/produkt\/mkarchery-recurvebogen-wurfarme-carbon-holz-new-zest-ilf\/#breadcrumb","itemListElement":[{"@type":"ListItem","position":1,"name":"Home","item":"https:\/\/bogensportdiscount.ch\/"},{"@type":"ListItem","position":2,"name":"Shop","item":"https:\/\/bogensportdiscount.ch\/shop\/"},{"@type":"ListItem","position":3,"name":"MKARCHERY Wurfarme Carbon\/HOLZ NEW ZEST ILF"}]},{"@type":"WebSite","@id":"https:\/\/bogensportdiscount.ch\/#website","url":"https:\/\/bogensportdiscount.ch\/","name":"Bogensportdiscount","description":"","potentialAction":[{"@type":"SearchAction","target":{"@type":"EntryPoint","urlTemplate":"https:\/\/bogensportdiscount.ch\/?s={search_term_string}"},"query-input":{"@type":"PropertyValueSpecification","valueRequired":true,"valueName":"search_term_string"}}],"inLanguage":"fr-FR"}]}},"_links":{"self":[{"href":"https:\/\/bogensportdiscount.ch\/fr\/wp-json\/wp\/v2\/product\/421348","targetHints":{"allow":["GET"]}}],"collection":[{"href":"https:\/\/bogensportdiscount.ch\/fr\/wp-json\/wp\/v2\/product"}],"about":[{"href":"https:\/\/bogensportdiscount.ch\/fr\/wp-json\/wp\/v2\/types\/product"}],"replies":[{"embeddable":true,"href":"https:\/\/bogensportdiscount.ch\/fr\/wp-json\/wp\/v2\/comments?post=421348"}],"wp:featuredmedia":[{"embeddable":true,"href":"https:\/\/bogensportdiscount.ch\/fr\/wp-json\/wp\/v2\/media\/451454"}],"wp:attachment":[{"href":"https:\/\/bogensportdiscount.ch\/fr\/wp-json\/wp\/v2\/media?parent=421348"}],"wp:term":[{"taxonomy":"product_brand","embeddable":true,"href":"https:\/\/bogensportdiscount.ch\/fr\/wp-json\/wp\/v2\/product_brand?post=421348"},{"taxonomy":"product_cat","embeddable":true,"href":"https:\/\/bogensportdiscount.ch\/fr\/wp-json\/wp\/v2\/product_cat?post=421348"},{"taxonomy":"product_tag","embeddable":true,"href":"https:\/\/bogensportdiscount.ch\/fr\/wp-json\/wp\/v2\/product_tag?post=421348"}],"curies":[{"name":"wp","href":"https:\/\/api.w.org\/{rel}","templated":true}]}}