{"id":421339,"date":"2026-04-05T15:22:04","date_gmt":"2026-04-05T13:22:04","guid":{"rendered":"https:\/\/bogensportdiscount.ch\/produkt\/compound-mach-35-ds-carbon-ec2-cam-rotating-mod-lh-60-70lbs-27-32-5-black\/"},"modified":"2026-05-14T15:27:22","modified_gmt":"2026-05-14T13:27:22","slug":"pse-compound-bogen-mach-35-ds-carbon-ec2-cam-rotating-mod","status":"publish","type":"product","link":"https:\/\/bogensportdiscount.ch\/fr\/produit\/pse-compound-bogen-mach-35-ds-carbon-ec2-cam-rotating-mod\/","title":{"rendered":"PSE COMPOUNDBOGEN MACH 35 DS CARBON EC2 CAM ROTATING MOD"},"content":{"rendered":"<p>Le PSE Mach 35 DS Carbon est un arc \u00e0 poulies avec un entraxe de 35 pouces et une brace height de 6,625 pouces. La poign\u00e9e et les branches sont en carbone, ce qui permet une grande rigidit\u00e9 pour un faible poids.<\/p>\n<p>L'arc est \u00e9quip\u00e9 du syst\u00e8me de cam EC2 avec un Rotating Mod permettant d'ajuster l'allonge de mani\u00e8re flexible. Le let-off est \u00e9galement r\u00e9glable et permet une adaptation individuelle au tireur. Disponible en puissances de 50\u201360 lbs et 60\u201370 lbs, pour droitiers et gauchers.<\/p>\n<ul>\n<li>Entraxe : 35 pouces<\/li>\n<li>Construction en carbone pour un faible poids<\/li>\n<li>Rotating Mod pour un r\u00e9glage flexible de l'allonge<\/li>\n<li>Let-off r\u00e9glable<\/li>\n<\/ul>","protected":false},"excerpt":{"rendered":"<table>\n<tr>\n<th>Propri\u00e9t\u00e9<\/th>\n<th>Valeur<\/th>\n<\/tr>\n<tr>\n<td>Entre-axes (pouces)<\/td>\n<td>35<\/td>\n<\/tr>\n<tr>\n<td>Hauteur d'encoche (pouces)<\/td>\n<td>6.625<\/td>\n<\/tr>\n<tr>\n<td>Module<\/td>\n<td>Rotating Mod<\/td>\n<\/tr>\n<tr>\n<td>Let-Off<\/td>\n<td>R\u00e9glable<\/td>\n<\/tr>\n<tr>\n<td>Mat\u00e9riau<\/td>\n<td>Carbon<\/td>\n<\/tr>\n<tr>\n<td>Pays d'origine<\/td>\n<td>USA<\/td>\n<\/tr>\n<\/table>","protected":false},"featured_media":523392,"comment_status":"open","ping_status":"closed","template":"","meta":[],"product_brand":[450],"product_cat":[4523],"product_tag":[],"class_list":{"0":"post-421339","1":"product","2":"type-product","3":"status-publish","4":"has-post-thumbnail","6":"product_brand-pse","7":"product_cat-compound-boegen--35","8":"product_shipping_class-bsd-sperrgut","10":"first","11":"instock","12":"shipping-taxable","13":"purchasable","14":"product-type-variable"},"yoast_head":"<!-- This site is optimized with the Yoast SEO plugin v27.6 - https:\/\/yoast.com\/product\/yoast-seo-wordpress\/ -->\n<title>PSE COMPOUNDBOGEN MACH 35 DS CARBON EC2 CAM ROTATING MOD - Bogensportdiscount \u2013 B\u00f6gen, Pfeile, Targets &amp; Zubeh\u00f6r<\/title>\n<meta name=\"description\" content=\"PSE COMPOUNDBOGEN MACH 35 DS CARBON EC2 CAM ROTATING MOD g\u00fcnstig kaufen bei Bogensportdiscount \u2013 Top-Marken, schneller Versand aus der Schweiz.\" \/>\n<meta name=\"robots\" content=\"index, follow, max-snippet:-1, max-image-preview:large, max-video-preview:-1\" \/>\n<link rel=\"canonical\" href=\"https:\/\/bogensportdiscount.ch\/fr\/produit\/pse-compound-bogen-mach-35-ds-carbon-ec2-cam-rotating-mod\/\" \/>\n<meta property=\"og:locale\" content=\"fr_FR\" \/>\n<meta property=\"og:type\" content=\"article\" \/>\n<meta property=\"og:title\" content=\"PSE COMPOUNDBOGEN MACH 35 DS CARBON EC2 CAM ROTATING MOD - Bogensportdiscount \u2013 B\u00f6gen, Pfeile, Targets &amp; Zubeh\u00f6r\" \/>\n<meta property=\"og:description\" content=\"PSE COMPOUNDBOGEN MACH 35 DS CARBON EC2 CAM ROTATING MOD g\u00fcnstig kaufen bei Bogensportdiscount \u2013 Top-Marken, schneller Versand aus der Schweiz.\" \/>\n<meta property=\"og:url\" content=\"https:\/\/bogensportdiscount.ch\/fr\/produit\/pse-compound-bogen-mach-35-ds-carbon-ec2-cam-rotating-mod\/\" \/>\n<meta property=\"og:site_name\" content=\"Bogensportdiscount \u2013 B\u00f6gen, Pfeile, Targets &amp; Zubeh\u00f6r\" \/>\n<meta property=\"article:modified_time\" content=\"2026-05-14T13:27:22+00:00\" \/>\n<meta property=\"og:image\" content=\"https:\/\/bogensportdiscount.ch\/wp-content\/uploads\/bsm-images\/A086734_1.jpg\" \/>\n\t<meta property=\"og:image:width\" content=\"1076\" \/>\n\t<meta property=\"og:image:height\" content=\"3397\" \/>\n\t<meta property=\"og:image:type\" content=\"image\/jpeg\" \/>\n<meta name=\"twitter:card\" content=\"summary_large_image\" \/>\n<script type=\"application\/ld+json\" class=\"yoast-schema-graph\">{\"@context\":\"https:\\\/\\\/schema.org\",\"@graph\":[{\"@type\":\"WebPage\",\"@id\":\"https:\\\/\\\/bogensportdiscount.ch\\\/produkt\\\/pse-compound-bogen-mach-35-ds-carbon-ec2-cam-rotating-mod\\\/\",\"url\":\"https:\\\/\\\/bogensportdiscount.ch\\\/produkt\\\/pse-compound-bogen-mach-35-ds-carbon-ec2-cam-rotating-mod\\\/\",\"name\":\"PSE COMPOUNDBOGEN MACH 35 DS CARBON EC2 CAM ROTATING MOD - Bogensportdiscount \u2013 B\u00f6gen, Pfeile, Targets &amp; Zubeh\u00f6r\",\"isPartOf\":{\"@id\":\"https:\\\/\\\/bogensportdiscount.ch\\\/#website\"},\"primaryImageOfPage\":{\"@id\":\"https:\\\/\\\/bogensportdiscount.ch\\\/produkt\\\/pse-compound-bogen-mach-35-ds-carbon-ec2-cam-rotating-mod\\\/#primaryimage\"},\"image\":{\"@id\":\"https:\\\/\\\/bogensportdiscount.ch\\\/produkt\\\/pse-compound-bogen-mach-35-ds-carbon-ec2-cam-rotating-mod\\\/#primaryimage\"},\"thumbnailUrl\":\"https:\\\/\\\/bogensportdiscount.ch\\\/wp-content\\\/uploads\\\/bsm-images\\\/A086734_1.jpg\",\"datePublished\":\"2026-04-05T13:22:04+00:00\",\"dateModified\":\"2026-05-14T13:27:22+00:00\",\"description\":\"PSE COMPOUNDBOGEN MACH 35 DS CARBON EC2 CAM ROTATING MOD g\u00fcnstig kaufen bei Bogensportdiscount \u2013 Top-Marken, schneller Versand aus der Schweiz.\",\"breadcrumb\":{\"@id\":\"https:\\\/\\\/bogensportdiscount.ch\\\/produkt\\\/pse-compound-bogen-mach-35-ds-carbon-ec2-cam-rotating-mod\\\/#breadcrumb\"},\"inLanguage\":\"fr-FR\",\"potentialAction\":[{\"@type\":\"ReadAction\",\"target\":[\"https:\\\/\\\/bogensportdiscount.ch\\\/produkt\\\/pse-compound-bogen-mach-35-ds-carbon-ec2-cam-rotating-mod\\\/\"]}]},{\"@type\":\"ImageObject\",\"inLanguage\":\"fr-FR\",\"@id\":\"https:\\\/\\\/bogensportdiscount.ch\\\/produkt\\\/pse-compound-bogen-mach-35-ds-carbon-ec2-cam-rotating-mod\\\/#primaryimage\",\"url\":\"https:\\\/\\\/bogensportdiscount.ch\\\/wp-content\\\/uploads\\\/bsm-images\\\/A086734_1.jpg\",\"contentUrl\":\"https:\\\/\\\/bogensportdiscount.ch\\\/wp-content\\\/uploads\\\/bsm-images\\\/A086734_1.jpg\",\"width\":1076,\"height\":3397},{\"@type\":\"BreadcrumbList\",\"@id\":\"https:\\\/\\\/bogensportdiscount.ch\\\/produkt\\\/pse-compound-bogen-mach-35-ds-carbon-ec2-cam-rotating-mod\\\/#breadcrumb\",\"itemListElement\":[{\"@type\":\"ListItem\",\"position\":1,\"name\":\"Home\",\"item\":\"https:\\\/\\\/bogensportdiscount.ch\\\/\"},{\"@type\":\"ListItem\",\"position\":2,\"name\":\"Shop\",\"item\":\"https:\\\/\\\/bogensportdiscount.ch\\\/shop\\\/\"},{\"@type\":\"ListItem\",\"position\":3,\"name\":\"PSE COMPOUND MACH 35 DS CARBON EC2 CAM ROTATING MOD\"}]},{\"@type\":\"WebSite\",\"@id\":\"https:\\\/\\\/bogensportdiscount.ch\\\/#website\",\"url\":\"https:\\\/\\\/bogensportdiscount.ch\\\/\",\"name\":\"Bogensportdiscount\",\"description\":\"\",\"potentialAction\":[{\"@type\":\"SearchAction\",\"target\":{\"@type\":\"EntryPoint\",\"urlTemplate\":\"https:\\\/\\\/bogensportdiscount.ch\\\/?s={search_term_string}\"},\"query-input\":{\"@type\":\"PropertyValueSpecification\",\"valueRequired\":true,\"valueName\":\"search_term_string\"}}],\"inLanguage\":\"fr-FR\"}]}<\/script>\n<!-- \/ Yoast SEO plugin. -->","yoast_head_json":{"title":"PSE COMPOUNDBOGEN MACH 35 DS CARBON EC2 CAM ROTATING MOD - Bogensportdiscount \u2013 B\u00f6gen, Pfeile, Targets &amp; Zubeh\u00f6r","description":"PSE COMPOUNDBOGEN MACH 35 DS CARBON EC2 CAM ROTATING MOD g\u00fcnstig kaufen bei Bogensportdiscount \u2013 Top-Marken, schneller Versand aus der Schweiz.","robots":{"index":"index","follow":"follow","max-snippet":"max-snippet:-1","max-image-preview":"max-image-preview:large","max-video-preview":"max-video-preview:-1"},"canonical":"https:\/\/bogensportdiscount.ch\/fr\/produit\/pse-compound-bogen-mach-35-ds-carbon-ec2-cam-rotating-mod\/","og_locale":"fr_FR","og_type":"article","og_title":"PSE COMPOUNDBOGEN MACH 35 DS CARBON EC2 CAM ROTATING MOD - Bogensportdiscount \u2013 B\u00f6gen, Pfeile, Targets &amp; Zubeh\u00f6r","og_description":"PSE COMPOUNDBOGEN MACH 35 DS CARBON EC2 CAM ROTATING MOD g\u00fcnstig kaufen bei Bogensportdiscount \u2013 Top-Marken, schneller Versand aus der Schweiz.","og_url":"https:\/\/bogensportdiscount.ch\/fr\/produit\/pse-compound-bogen-mach-35-ds-carbon-ec2-cam-rotating-mod\/","og_site_name":"Bogensportdiscount \u2013 B\u00f6gen, Pfeile, Targets &amp; Zubeh\u00f6r","article_modified_time":"2026-05-14T13:27:22+00:00","og_image":[{"width":1076,"height":3397,"url":"https:\/\/bogensportdiscount.ch\/wp-content\/uploads\/bsm-images\/A086734_1.jpg","type":"image\/jpeg"}],"twitter_card":"summary_large_image","schema":{"@context":"https:\/\/schema.org","@graph":[{"@type":"WebPage","@id":"https:\/\/bogensportdiscount.ch\/produkt\/pse-compound-bogen-mach-35-ds-carbon-ec2-cam-rotating-mod\/","url":"https:\/\/bogensportdiscount.ch\/produkt\/pse-compound-bogen-mach-35-ds-carbon-ec2-cam-rotating-mod\/","name":"PSE COMPOUNDBOGEN MACH 35 DS CARBON EC2 CAM ROTATING MOD - Bogensportdiscount \u2013 B\u00f6gen, Pfeile, Targets &amp; Zubeh\u00f6r","isPartOf":{"@id":"https:\/\/bogensportdiscount.ch\/#website"},"primaryImageOfPage":{"@id":"https:\/\/bogensportdiscount.ch\/produkt\/pse-compound-bogen-mach-35-ds-carbon-ec2-cam-rotating-mod\/#primaryimage"},"image":{"@id":"https:\/\/bogensportdiscount.ch\/produkt\/pse-compound-bogen-mach-35-ds-carbon-ec2-cam-rotating-mod\/#primaryimage"},"thumbnailUrl":"https:\/\/bogensportdiscount.ch\/wp-content\/uploads\/bsm-images\/A086734_1.jpg","datePublished":"2026-04-05T13:22:04+00:00","dateModified":"2026-05-14T13:27:22+00:00","description":"PSE COMPOUNDBOGEN MACH 35 DS CARBON EC2 CAM ROTATING MOD g\u00fcnstig kaufen bei Bogensportdiscount \u2013 Top-Marken, schneller Versand aus der Schweiz.","breadcrumb":{"@id":"https:\/\/bogensportdiscount.ch\/produkt\/pse-compound-bogen-mach-35-ds-carbon-ec2-cam-rotating-mod\/#breadcrumb"},"inLanguage":"fr-FR","potentialAction":[{"@type":"ReadAction","target":["https:\/\/bogensportdiscount.ch\/produkt\/pse-compound-bogen-mach-35-ds-carbon-ec2-cam-rotating-mod\/"]}]},{"@type":"ImageObject","inLanguage":"fr-FR","@id":"https:\/\/bogensportdiscount.ch\/produkt\/pse-compound-bogen-mach-35-ds-carbon-ec2-cam-rotating-mod\/#primaryimage","url":"https:\/\/bogensportdiscount.ch\/wp-content\/uploads\/bsm-images\/A086734_1.jpg","contentUrl":"https:\/\/bogensportdiscount.ch\/wp-content\/uploads\/bsm-images\/A086734_1.jpg","width":1076,"height":3397},{"@type":"BreadcrumbList","@id":"https:\/\/bogensportdiscount.ch\/produkt\/pse-compound-bogen-mach-35-ds-carbon-ec2-cam-rotating-mod\/#breadcrumb","itemListElement":[{"@type":"ListItem","position":1,"name":"Home","item":"https:\/\/bogensportdiscount.ch\/"},{"@type":"ListItem","position":2,"name":"Shop","item":"https:\/\/bogensportdiscount.ch\/shop\/"},{"@type":"ListItem","position":3,"name":"PSE COMPOUND MACH 35 DS CARBON EC2 CAM ROTATING MOD"}]},{"@type":"WebSite","@id":"https:\/\/bogensportdiscount.ch\/#website","url":"https:\/\/bogensportdiscount.ch\/","name":"Bogensportdiscount","description":"","potentialAction":[{"@type":"SearchAction","target":{"@type":"EntryPoint","urlTemplate":"https:\/\/bogensportdiscount.ch\/?s={search_term_string}"},"query-input":{"@type":"PropertyValueSpecification","valueRequired":true,"valueName":"search_term_string"}}],"inLanguage":"fr-FR"}]}},"_links":{"self":[{"href":"https:\/\/bogensportdiscount.ch\/fr\/wp-json\/wp\/v2\/product\/421339","targetHints":{"allow":["GET"]}}],"collection":[{"href":"https:\/\/bogensportdiscount.ch\/fr\/wp-json\/wp\/v2\/product"}],"about":[{"href":"https:\/\/bogensportdiscount.ch\/fr\/wp-json\/wp\/v2\/types\/product"}],"replies":[{"embeddable":true,"href":"https:\/\/bogensportdiscount.ch\/fr\/wp-json\/wp\/v2\/comments?post=421339"}],"wp:featuredmedia":[{"embeddable":true,"href":"https:\/\/bogensportdiscount.ch\/fr\/wp-json\/wp\/v2\/media\/523392"}],"wp:attachment":[{"href":"https:\/\/bogensportdiscount.ch\/fr\/wp-json\/wp\/v2\/media?parent=421339"}],"wp:term":[{"taxonomy":"product_brand","embeddable":true,"href":"https:\/\/bogensportdiscount.ch\/fr\/wp-json\/wp\/v2\/product_brand?post=421339"},{"taxonomy":"product_cat","embeddable":true,"href":"https:\/\/bogensportdiscount.ch\/fr\/wp-json\/wp\/v2\/product_cat?post=421339"},{"taxonomy":"product_tag","embeddable":true,"href":"https:\/\/bogensportdiscount.ch\/fr\/wp-json\/wp\/v2\/product_tag?post=421339"}],"curies":[{"name":"wp","href":"https:\/\/api.w.org\/{rel}","templated":true}]}}