{"id":421238,"date":"2026-04-05T15:21:52","date_gmt":"2026-04-05T13:21:52","guid":{"rendered":"https:\/\/bogensportdiscount.ch\/produkt\/shafts-carbon-v-force-gamer-v3-id-6-2-250-31-with-ip-nock-12-pk\/"},"modified":"2026-04-19T11:54:36","modified_gmt":"2026-04-19T09:54:36","slug":"victory-carbon-jagdschaft-v-force-gamer-v3-id-6-2","status":"publish","type":"product","link":"https:\/\/bogensportdiscount.ch\/fr\/produit\/victory-carbon-jagdschaft-v-force-gamer-v3-id-6-2\/","title":{"rendered":"VICTORY SCHAEFTE CARBON V-FORCE GAMER\/V3 ID 6.2 12\/PK"},"content":{"rendered":"<p>Der Victory V-Force Gamer\/V3 ist ein Carbon-Jagdschaft mit einem Innendurchmesser (ID) von 6.2 mm. Dank der Auswahl an Spine-Werten von 250 bis 600 l\u00e4sst er sich auf unterschiedliche Zuggewichte und Bogensysteme abstimmen.<\/p>\n<p>Carbon-Sch\u00e4fte dieser Kategorie zeichnen sich durch ein geringes Gewicht bei hoher Steifigkeit aus, was eine gleichm\u00e4ssige Flugbahn und pr\u00e4zise Wiederholbarkeit beg\u00fcnstigt. Der V-Force Gamer\/V3 ist f\u00fcr den Jagdeinsatz konzipiert und wird in den USA gefertigt.<\/p>\n<ul>\n<li>Innendurchmesser 6.2 mm (ID 6.2)<\/li>\n<li>Erh\u00e4ltlich in Spine 250, 300, 350, 400, 500 und 600<\/li>\n<li>Construction en carbone pour un faible poids et une rigidit\u00e9 \u00e9lev\u00e9e<\/li>\n<li>Fabriqu\u00e9 aux \u00c9tats-Unis<\/li>\n<\/ul>","protected":false},"excerpt":{"rendered":"<p>Der Victory V-Force Gamer\/V3 ist ein Carbon-Jagdschaft mit einem Innendurchmesser von 6.2 mm. Er ist in verschiedenen Spine-Werten (250, 300, 350, 400, 500, 600) erh\u00e4ltlich und eignet sich f\u00fcr den Jagd- und Outdooreinsatz. Hergestellt in den USA.<\/p>","protected":false},"featured_media":492715,"comment_status":"open","ping_status":"closed","template":"","meta":[],"product_brand":[547],"product_cat":[4503],"product_tag":[],"class_list":{"0":"post-421238","1":"product","2":"type-product","3":"status-publish","4":"has-post-thumbnail","6":"product_brand-victory","7":"product_cat-carbon-jagd-schaefte","9":"first","10":"instock","11":"shipping-taxable","12":"purchasable","13":"product-type-variable"},"_links":{"self":[{"href":"https:\/\/bogensportdiscount.ch\/fr\/wp-json\/wp\/v2\/product\/421238","targetHints":{"allow":["GET"]}}],"collection":[{"href":"https:\/\/bogensportdiscount.ch\/fr\/wp-json\/wp\/v2\/product"}],"about":[{"href":"https:\/\/bogensportdiscount.ch\/fr\/wp-json\/wp\/v2\/types\/product"}],"replies":[{"embeddable":true,"href":"https:\/\/bogensportdiscount.ch\/fr\/wp-json\/wp\/v2\/comments?post=421238"}],"wp:featuredmedia":[{"embeddable":true,"href":"https:\/\/bogensportdiscount.ch\/fr\/wp-json\/wp\/v2\/media\/492715"}],"wp:attachment":[{"href":"https:\/\/bogensportdiscount.ch\/fr\/wp-json\/wp\/v2\/media?parent=421238"}],"wp:term":[{"taxonomy":"product_brand","embeddable":true,"href":"https:\/\/bogensportdiscount.ch\/fr\/wp-json\/wp\/v2\/product_brand?post=421238"},{"taxonomy":"product_cat","embeddable":true,"href":"https:\/\/bogensportdiscount.ch\/fr\/wp-json\/wp\/v2\/product_cat?post=421238"},{"taxonomy":"product_tag","embeddable":true,"href":"https:\/\/bogensportdiscount.ch\/fr\/wp-json\/wp\/v2\/product_tag?post=421238"}],"curies":[{"name":"wp","href":"https:\/\/api.w.org\/{rel}","templated":true}]}}