{"id":421201,"date":"2026-04-05T15:21:47","date_gmt":"2026-04-05T13:21:47","guid":{"rendered":"https:\/\/bogensportdiscount.ch\/produkt\/shafts-carbon-rip-gamer-v3-id-5-2-250-31-with-ip-nock-12-pk\/"},"modified":"2026-04-19T11:54:36","modified_gmt":"2026-04-19T09:54:36","slug":"victory-carbon-schaefte-rip-gamer-v3-id-5-2","status":"publish","type":"product","link":"https:\/\/bogensportdiscount.ch\/fr\/produit\/victory-carbon-schaefte-rip-gamer-v3-id-5-2\/","title":{"rendered":"VICTORY SCHAEFTE CARBON RIP GAMER\/V3 ID 5.2 12\/PK"},"content":{"rendered":"<p>Die VICTORY RIP Gamer\/V3 Sch\u00e4fte sind Carbon-Jagdsch\u00e4fte mit einem Innendurchmesser (ID) von 5.2 mm. Dank der breiten Auswahl an Spine-Werten von 250 bis 500 lassen sie sich auf verschiedene Zuggewichte und Zugl\u00e4gen abstimmen.<\/p>\n<p>Als Carbon-Sch\u00e4fte der Jagdkategorie sind sie f\u00fcr den praktischen Einsatz im Feld ausgelegt. Der kleine ID von 5.2 mm erm\u00f6glicht die Verwendung von Eins\u00e4tzen und Komponenten passend zu diesem Standard.<\/p>\n<ul>\n<li>Diam\u00e8tre int\u00e9rieur : 5.2 mm<\/li>\n<li>Erh\u00e4ltlich in Spine 250, 300, 350, 400 und 500<\/li>\n<li>Carbon-Konstruktion f\u00fcr Jagd und Feld<\/li>\n<li>Kompatibel mit ID 5.2 Komponenten<\/li>\n<\/ul>","protected":false},"excerpt":{"rendered":"<p>Die VICTORY RIP Gamer\/V3 Carbon-Sch\u00e4fte mit einem Innendurchmesser von 5.2 mm sind in den Spine-St\u00e4rken 250, 300, 350, 400 und 500 erh\u00e4ltlich. Sie eignen sich f\u00fcr den Jagdeinsatz und bieten eine solide Grundlage f\u00fcr pr\u00e4zise Pfeilkonfigurationen.<\/p>","protected":false},"featured_media":495119,"comment_status":"open","ping_status":"closed","template":"","meta":[],"product_brand":[547],"product_cat":[4503],"product_tag":[],"class_list":{"0":"post-421201","1":"product","2":"type-product","3":"status-publish","4":"has-post-thumbnail","6":"product_brand-victory","7":"product_cat-carbon-jagd-schaefte","9":"first","10":"outofstock","11":"shipping-taxable","12":"purchasable","13":"product-type-variable"},"_links":{"self":[{"href":"https:\/\/bogensportdiscount.ch\/fr\/wp-json\/wp\/v2\/product\/421201","targetHints":{"allow":["GET"]}}],"collection":[{"href":"https:\/\/bogensportdiscount.ch\/fr\/wp-json\/wp\/v2\/product"}],"about":[{"href":"https:\/\/bogensportdiscount.ch\/fr\/wp-json\/wp\/v2\/types\/product"}],"replies":[{"embeddable":true,"href":"https:\/\/bogensportdiscount.ch\/fr\/wp-json\/wp\/v2\/comments?post=421201"}],"wp:featuredmedia":[{"embeddable":true,"href":"https:\/\/bogensportdiscount.ch\/fr\/wp-json\/wp\/v2\/media\/495119"}],"wp:attachment":[{"href":"https:\/\/bogensportdiscount.ch\/fr\/wp-json\/wp\/v2\/media?parent=421201"}],"wp:term":[{"taxonomy":"product_brand","embeddable":true,"href":"https:\/\/bogensportdiscount.ch\/fr\/wp-json\/wp\/v2\/product_brand?post=421201"},{"taxonomy":"product_cat","embeddable":true,"href":"https:\/\/bogensportdiscount.ch\/fr\/wp-json\/wp\/v2\/product_cat?post=421201"},{"taxonomy":"product_tag","embeddable":true,"href":"https:\/\/bogensportdiscount.ch\/fr\/wp-json\/wp\/v2\/product_tag?post=421201"}],"curies":[{"name":"wp","href":"https:\/\/api.w.org\/{rel}","templated":true}]}}