{"id":420343,"date":"2026-04-05T15:19:43","date_gmt":"2026-04-05T13:19:43","guid":{"rendered":"https:\/\/bogensportdiscount.ch\/produkt\/3d-target-frutti-di-mare-beige\/"},"modified":"2026-04-15T13:53:31","modified_gmt":"2026-04-15T11:53:31","slug":"mmcrafts-3d-ziel-frutti-di-mare","status":"publish","type":"product","link":"https:\/\/bogensportdiscount.ch\/fr\/produit\/mmcrafts-3d-ziel-frutti-di-mare\/","title":{"rendered":"MMCRAFTS 3D TARGET FRUTTI DI MARE"},"content":{"rendered":"<p>Das 3D-Ziel \u00abFrutti di Mare\u00bb von MMCRAFTS ist ein fantasievolles Bogenschiessziel aus der Fun- und Fantasy-Kategorie. Solche Ziele werden typischerweise auf 3D-Parcours eingesetzt, um eine abwechslungsreiche und unterhaltsame Schiesssituation zu schaffen.<\/p>\n<p>Das Produkt wird in Deutschland hergestellt und eignet sich f\u00fcr Bogensch\u00fctzen, die ihren Parcours mit aussergew\u00f6hnlichen Zielen bereichern m\u00f6chten.<\/p>\n<ul>\n<li>Fantasy- und Fun-Ziel f\u00fcr den 3D-Bogensport<\/li>\n<li>Einsatz auf 3D-Parcours und beim Training<\/li>\n<li>Hergestellt in Deutschland<\/li>\n<\/ul>","protected":false},"excerpt":{"rendered":"<p>Das MMCRAFTS 3D-Ziel \u00abFrutti di Mare\u00bb ist ein Fantasy- und Fun-Ziel f\u00fcr den 3D-Bogensport. Es eignet sich f\u00fcr Trainings- und Wettkampfeinsatz und sorgt f\u00fcr Abwechslung auf dem Parcours.<\/p>","protected":false},"featured_media":450395,"comment_status":"open","ping_status":"closed","template":"","meta":[],"product_brand":[636],"product_cat":[4146],"product_tag":[],"class_list":{"0":"post-420343","1":"product","2":"type-product","3":"status-publish","4":"has-post-thumbnail","6":"product_brand-mmcrafts","7":"product_cat-fantasie-andere","9":"first","10":"instock","11":"shipping-taxable","12":"purchasable","13":"product-type-variable"},"_links":{"self":[{"href":"https:\/\/bogensportdiscount.ch\/fr\/wp-json\/wp\/v2\/product\/420343","targetHints":{"allow":["GET"]}}],"collection":[{"href":"https:\/\/bogensportdiscount.ch\/fr\/wp-json\/wp\/v2\/product"}],"about":[{"href":"https:\/\/bogensportdiscount.ch\/fr\/wp-json\/wp\/v2\/types\/product"}],"replies":[{"embeddable":true,"href":"https:\/\/bogensportdiscount.ch\/fr\/wp-json\/wp\/v2\/comments?post=420343"}],"wp:featuredmedia":[{"embeddable":true,"href":"https:\/\/bogensportdiscount.ch\/fr\/wp-json\/wp\/v2\/media\/450395"}],"wp:attachment":[{"href":"https:\/\/bogensportdiscount.ch\/fr\/wp-json\/wp\/v2\/media?parent=420343"}],"wp:term":[{"taxonomy":"product_brand","embeddable":true,"href":"https:\/\/bogensportdiscount.ch\/fr\/wp-json\/wp\/v2\/product_brand?post=420343"},{"taxonomy":"product_cat","embeddable":true,"href":"https:\/\/bogensportdiscount.ch\/fr\/wp-json\/wp\/v2\/product_cat?post=420343"},{"taxonomy":"product_tag","embeddable":true,"href":"https:\/\/bogensportdiscount.ch\/fr\/wp-json\/wp\/v2\/product_tag?post=420343"}],"curies":[{"name":"wp","href":"https:\/\/api.w.org\/{rel}","templated":true}]}}