{"id":420338,"date":"2026-04-05T15:19:43","date_gmt":"2026-04-05T13:19:43","guid":{"rendered":"https:\/\/bogensportdiscount.ch\/produkt\/lighted-nocks-id5-2-204-arrows-green-4-pk\/"},"modified":"2026-04-17T13:49:06","modified_gmt":"2026-04-17T11:49:06","slug":"skylon-leuchtnocken-id-5-2-204","status":"publish","type":"product","link":"https:\/\/bogensportdiscount.ch\/fr\/produit\/skylon-leuchtnocken-id-5-2-204\/","title":{"rendered":"SKYLON LIGHTED NOCKS ID5.2 \/ .204 ARROWS 4\/PK"},"content":{"rendered":"<p>Die SKYLON Leuchtnocken mit einem Innendurchmesser von 5,2 mm (.204&#8243;) sind passend f\u00fcr Pfeile und Sch\u00e4fte mit entsprechendem ID-Mass. Sie erm\u00f6glichen eine einfache Sichtkontrolle des Pfeils im Flug sowie nach dem Schuss.<\/p>\n<p>Die Nocken sind in drei Farben erh\u00e4ltlich \u2013 Blau, Gr\u00fcn und Rot \u2013 und lassen sich so individuell an eigene Pr\u00e4ferenzen oder Turniervorgaben anpassen.<\/p>\n<ul>\n<li>Innendurchmesser: 5,2 mm \/ .204&#8243;<\/li>\n<li>Erh\u00e4ltlich in Blau, Gr\u00fcn und Rot<\/li>\n<li>F\u00fcr Pfeile und Sch\u00e4fte mit passendem ID-Mass<\/li>\n<li>Verbesserte Pfeilsichtbarkeit nach dem Schuss<\/li>\n<\/ul>","protected":false},"excerpt":{"rendered":"<table>\n<tr>\n<th>Propri\u00e9t\u00e9<\/th>\n<th>Valeur<\/th>\n<\/tr>\n<tr>\n<td>Marque<\/td>\n<td>Skylon<\/td>\n<\/tr>\n<tr>\n<td>Innen-Durchmesser (ID)<\/td>\n<td>5,2 mm \/ .204&#8243;<\/td>\n<\/tr>\n<tr>\n<td>Farben<\/td>\n<td>Blau, Gr\u00fcn, Rot<\/td>\n<\/tr>\n<tr>\n<td>Origine<\/td>\n<td>China<\/td>\n<\/tr>\n<\/table>","protected":false},"featured_media":450392,"comment_status":"open","ping_status":"closed","template":"","meta":[],"product_brand":[457],"product_cat":[4254],"product_tag":[],"class_list":{"0":"post-420338","1":"product","2":"type-product","3":"status-publish","4":"has-post-thumbnail","6":"product_brand-skylon","7":"product_cat-leuchtnocken-vanes-nocks-wraps","9":"first","10":"instock","11":"shipping-taxable","12":"purchasable","13":"product-type-variable"},"_links":{"self":[{"href":"https:\/\/bogensportdiscount.ch\/fr\/wp-json\/wp\/v2\/product\/420338","targetHints":{"allow":["GET"]}}],"collection":[{"href":"https:\/\/bogensportdiscount.ch\/fr\/wp-json\/wp\/v2\/product"}],"about":[{"href":"https:\/\/bogensportdiscount.ch\/fr\/wp-json\/wp\/v2\/types\/product"}],"replies":[{"embeddable":true,"href":"https:\/\/bogensportdiscount.ch\/fr\/wp-json\/wp\/v2\/comments?post=420338"}],"wp:featuredmedia":[{"embeddable":true,"href":"https:\/\/bogensportdiscount.ch\/fr\/wp-json\/wp\/v2\/media\/450392"}],"wp:attachment":[{"href":"https:\/\/bogensportdiscount.ch\/fr\/wp-json\/wp\/v2\/media?parent=420338"}],"wp:term":[{"taxonomy":"product_brand","embeddable":true,"href":"https:\/\/bogensportdiscount.ch\/fr\/wp-json\/wp\/v2\/product_brand?post=420338"},{"taxonomy":"product_cat","embeddable":true,"href":"https:\/\/bogensportdiscount.ch\/fr\/wp-json\/wp\/v2\/product_cat?post=420338"},{"taxonomy":"product_tag","embeddable":true,"href":"https:\/\/bogensportdiscount.ch\/fr\/wp-json\/wp\/v2\/product_tag?post=420338"}],"curies":[{"name":"wp","href":"https:\/\/api.w.org\/{rel}","templated":true}]}}