{"id":420273,"date":"2026-04-05T15:19:38","date_gmt":"2026-04-05T13:19:38","guid":{"rendered":"https:\/\/bogensportdiscount.ch\/produkt\/vanes-atlas-compound-2-8-black-100-pk\/"},"modified":"2026-04-17T13:49:05","modified_gmt":"2026-04-17T11:49:05","slug":"bohning-vanes-atlas-compound-2-8","status":"publish","type":"product","link":"https:\/\/bogensportdiscount.ch\/fr\/produit\/bohning-vanes-atlas-compound-2-8\/","title":{"rendered":"BOHNING VANES ATLAS COMPOUND 2.8\u2033 100\/PK"},"content":{"rendered":"<p>Die Bohning Atlas Compound Vanes sind hochwertige Kunststoff-Befiederungen mit einer L\u00e4nge von 2.8 Zoll, speziell f\u00fcr Compound-B\u00f6gen entwickelt. Diese robusten Vanes bieten eine zuverl\u00e4ssige Flugstabilit\u00e4t und Pr\u00e4zision beim Schuss.<\/p>\n<p>Bohning Vanes zeichnen sich durch ihre konsistente Qualit\u00e4t und Langlebigkeit aus. Sie sind in den klassischen Farbt\u00f6nen Olive und Tan erh\u00e4ltlich, die sich bew\u00e4hrt haben und eine gute Sichtbarkeit bieten. Die Vanes sind einfach zu montieren und eignen sich perfekt f\u00fcr Anf\u00e4nger und erfahrene Sch\u00fctzen gleichermassen.<\/p>\n<p>Als amerikanisches Produkt garantieren die Bohning Atlas Vanes den hohen Standard, den Bogensch\u00fctzen weltweit sch\u00e4tzen.<\/p>","protected":false},"excerpt":{"rendered":"<table>\n<tr>\n<th>Propri\u00e9t\u00e9<\/th>\n<th>Valeur<\/th>\n<\/tr>\n<tr>\n<td>Marque<\/td>\n<td>Bohning<\/td>\n<\/tr>\n<tr>\n<td>Modell<\/td>\n<td>Atlas Compound<\/td>\n<\/tr>\n<tr>\n<td>Taille<\/td>\n<td>2.8&#8243;<\/td>\n<\/tr>\n<tr>\n<td>Verf\u00fcgbare Farben<\/td>\n<td>Olive, Tan<\/td>\n<\/tr>\n<tr>\n<td>Herkunftsland<\/td>\n<td>USA<\/td>\n<\/tr>\n<\/table>","protected":false},"featured_media":450403,"comment_status":"open","ping_status":"closed","template":"","meta":[],"product_brand":[444],"product_cat":[4552],"product_tag":[],"class_list":{"0":"post-420273","1":"product","2":"type-product","3":"status-publish","4":"has-post-thumbnail","6":"product_brand-bohning","7":"product_cat-plastik-vanes-vanes-nocks-wraps","9":"first","10":"instock","11":"shipping-taxable","12":"purchasable","13":"product-type-variable"},"_links":{"self":[{"href":"https:\/\/bogensportdiscount.ch\/fr\/wp-json\/wp\/v2\/product\/420273","targetHints":{"allow":["GET"]}}],"collection":[{"href":"https:\/\/bogensportdiscount.ch\/fr\/wp-json\/wp\/v2\/product"}],"about":[{"href":"https:\/\/bogensportdiscount.ch\/fr\/wp-json\/wp\/v2\/types\/product"}],"replies":[{"embeddable":true,"href":"https:\/\/bogensportdiscount.ch\/fr\/wp-json\/wp\/v2\/comments?post=420273"}],"wp:featuredmedia":[{"embeddable":true,"href":"https:\/\/bogensportdiscount.ch\/fr\/wp-json\/wp\/v2\/media\/450403"}],"wp:attachment":[{"href":"https:\/\/bogensportdiscount.ch\/fr\/wp-json\/wp\/v2\/media?parent=420273"}],"wp:term":[{"taxonomy":"product_brand","embeddable":true,"href":"https:\/\/bogensportdiscount.ch\/fr\/wp-json\/wp\/v2\/product_brand?post=420273"},{"taxonomy":"product_cat","embeddable":true,"href":"https:\/\/bogensportdiscount.ch\/fr\/wp-json\/wp\/v2\/product_cat?post=420273"},{"taxonomy":"product_tag","embeddable":true,"href":"https:\/\/bogensportdiscount.ch\/fr\/wp-json\/wp\/v2\/product_tag?post=420273"}],"curies":[{"name":"wp","href":"https:\/\/api.w.org\/{rel}","templated":true}]}}