{"id":420193,"date":"2026-04-05T15:19:32","date_gmt":"2026-04-05T13:19:32","guid":{"rendered":"https:\/\/bogensportdiscount.ch\/produkt\/riser-beginner-24-jet-v2-rh-black\/"},"modified":"2026-05-14T15:27:19","modified_gmt":"2026-05-14T13:27:19","slug":"core-recurvebogen-mittelstuck-beginner-24-jet-v2","status":"publish","type":"product","link":"https:\/\/bogensportdiscount.ch\/fr\/produit\/core-recurvebogen-mittelstuck-beginner-24-jet-v2\/","title":{"rendered":"CORE Poign\u00e9e D\u00e9butant 24&#8243; JET V2"},"content":{"rendered":"<p>Le CORE Jet V2 est une poign\u00e9e d'arc classique de 24&#8243; en alliage moul\u00e9 sous pression, sp\u00e9cialement con\u00e7ue pour les d\u00e9butants. Elle utilise le Beginner Limb Fitting, garantissant la compatibilit\u00e9 avec les branches d'initiation correspondantes.<\/p>\n<p>La poign\u00e9e est disponible en version droitier et gaucher, ainsi qu'en un grand choix de couleurs, permettant une personnalisation individuelle. Avec un poids d'environ 1150 g, elle offre une base solide pour d\u00e9buter dans la pratique de l'arc classique.<\/p>\n<ul>\n<li>Longueur : 24&#8243;<\/li>\n<li>Mat\u00e9riau : alliage moul\u00e9 sous pression<\/li>\n<li>Convient aux archers droitiers et gauchers<\/li>\n<li>Disponible en 12 couleurs diff\u00e9rentes<\/li>\n<\/ul>","protected":false},"excerpt":{"rendered":"<table>\n<tr>\n<th>Propri\u00e9t\u00e9<\/th>\n<th>Valeur<\/th>\n<\/tr>\n<tr>\n<td>Longueur<\/td>\n<td>24&#8243;<\/td>\n<\/tr>\n<tr>\n<td>Poids<\/td>\n<td>\u00b11150 g<\/td>\n<\/tr>\n<tr>\n<td>Mat\u00e9riau<\/td>\n<td>Alliage moul\u00e9 sous pression<\/td>\n<\/tr>\n<tr>\n<td>R\u00e9alisation<\/td>\n<td>Droitier (RH) \/ Gaucher (LH)<\/td>\n<\/tr>\n<tr>\n<td>Limb-Fitting<\/td>\n<td>Beginner Limb Fitting<\/td>\n<\/tr>\n<\/table>","protected":false},"featured_media":450567,"comment_status":"open","ping_status":"closed","template":"","meta":[],"product_brand":[423],"product_cat":[4519],"product_tag":[],"class_list":{"0":"post-420193","1":"product","2":"type-product","3":"status-publish","4":"has-post-thumbnail","6":"product_brand-core","7":"product_cat-recurve-mittelteile","8":"product_shipping_class-bsd-standard","10":"first","11":"instock","12":"shipping-taxable","13":"purchasable","14":"product-type-variable"},"yoast_head":"<!-- This site is optimized with the Yoast SEO plugin v27.6 - https:\/\/yoast.com\/product\/yoast-seo-wordpress\/ -->\n<title>CORE Partie centrale D\u00e9butant 24&quot; JET V2 - Bogensportdiscount \u2013 Arcs, fl\u00e8ches, cibles et accessoires<\/title>\n<meta name=\"description\" content=\"Achetez la partie centrale CORE pour d\u00e9butants 24&quot; JET V2 \u00e0 prix avantageux chez Bogensportdiscount \u2013 Les meilleures marques, livraison rapide depuis la Suisse.\" \/>\n<meta name=\"robots\" content=\"index, follow, max-snippet:-1, max-image-preview:large, max-video-preview:-1\" \/>\n<link rel=\"canonical\" href=\"https:\/\/bogensportdiscount.ch\/fr\/produit\/core-recurvebogen-mittelstuck-beginner-24-jet-v2\/\" \/>\n<meta property=\"og:locale\" content=\"fr_FR\" \/>\n<meta property=\"og:type\" content=\"article\" \/>\n<meta property=\"og:title\" content=\"CORE Partie centrale D\u00e9butant 24&quot; JET V2 - Bogensportdiscount \u2013 Arcs, fl\u00e8ches, cibles et accessoires\" \/>\n<meta property=\"og:description\" content=\"Achetez la partie centrale CORE pour d\u00e9butants 24&quot; JET V2 \u00e0 prix avantageux chez Bogensportdiscount \u2013 Les meilleures marques, livraison rapide depuis la Suisse.\" \/>\n<meta property=\"og:url\" content=\"https:\/\/bogensportdiscount.ch\/fr\/produit\/core-recurvebogen-mittelstuck-beginner-24-jet-v2\/\" \/>\n<meta property=\"og:site_name\" content=\"Bogensportdiscount \u2013 B\u00f6gen, Pfeile, Targets &amp; Zubeh\u00f6r\" \/>\n<meta property=\"article:modified_time\" content=\"2026-05-14T13:27:19+00:00\" \/>\n<meta property=\"og:image\" content=\"https:\/\/bogensportdiscount.ch\/wp-content\/uploads\/bsm-images\/A084845_1.png\" \/>\n\t<meta property=\"og:image:width\" content=\"860\" \/>\n\t<meta property=\"og:image:height\" content=\"4625\" \/>\n\t<meta property=\"og:image:type\" content=\"image\/png\" \/>\n<meta name=\"twitter:card\" content=\"summary_large_image\" \/>\n<script type=\"application\/ld+json\" class=\"yoast-schema-graph\">{\"@context\":\"https:\\\/\\\/schema.org\",\"@graph\":[{\"@type\":\"WebPage\",\"@id\":\"https:\\\/\\\/bogensportdiscount.ch\\\/produkt\\\/core-recurvebogen-mittelstuck-beginner-24-jet-v2\\\/\",\"url\":\"https:\\\/\\\/bogensportdiscount.ch\\\/produkt\\\/core-recurvebogen-mittelstuck-beginner-24-jet-v2\\\/\",\"name\":\"CORE Mittelteil Anf\u00e4nger 24\\\" JET V2 - Bogensportdiscount \u2013 B\u00f6gen, Pfeile, Targets &amp; Zubeh\u00f6r\",\"isPartOf\":{\"@id\":\"https:\\\/\\\/bogensportdiscount.ch\\\/#website\"},\"primaryImageOfPage\":{\"@id\":\"https:\\\/\\\/bogensportdiscount.ch\\\/produkt\\\/core-recurvebogen-mittelstuck-beginner-24-jet-v2\\\/#primaryimage\"},\"image\":{\"@id\":\"https:\\\/\\\/bogensportdiscount.ch\\\/produkt\\\/core-recurvebogen-mittelstuck-beginner-24-jet-v2\\\/#primaryimage\"},\"thumbnailUrl\":\"https:\\\/\\\/bogensportdiscount.ch\\\/wp-content\\\/uploads\\\/bsm-images\\\/A084845_1.png\",\"datePublished\":\"2026-04-05T13:19:32+00:00\",\"dateModified\":\"2026-05-14T13:27:19+00:00\",\"description\":\"CORE Mittelteil Anf\u00e4nger 24\\\" JET V2 g\u00fcnstig kaufen bei Bogensportdiscount \u2013 Top-Marken, schneller Versand aus der Schweiz.\",\"breadcrumb\":{\"@id\":\"https:\\\/\\\/bogensportdiscount.ch\\\/produkt\\\/core-recurvebogen-mittelstuck-beginner-24-jet-v2\\\/#breadcrumb\"},\"inLanguage\":\"fr-FR\",\"potentialAction\":[{\"@type\":\"ReadAction\",\"target\":[\"https:\\\/\\\/bogensportdiscount.ch\\\/produkt\\\/core-recurvebogen-mittelstuck-beginner-24-jet-v2\\\/\"]}]},{\"@type\":\"ImageObject\",\"inLanguage\":\"fr-FR\",\"@id\":\"https:\\\/\\\/bogensportdiscount.ch\\\/produkt\\\/core-recurvebogen-mittelstuck-beginner-24-jet-v2\\\/#primaryimage\",\"url\":\"https:\\\/\\\/bogensportdiscount.ch\\\/wp-content\\\/uploads\\\/bsm-images\\\/A084845_1.png\",\"contentUrl\":\"https:\\\/\\\/bogensportdiscount.ch\\\/wp-content\\\/uploads\\\/bsm-images\\\/A084845_1.png\",\"width\":860,\"height\":4625},{\"@type\":\"BreadcrumbList\",\"@id\":\"https:\\\/\\\/bogensportdiscount.ch\\\/produkt\\\/core-recurvebogen-mittelstuck-beginner-24-jet-v2\\\/#breadcrumb\",\"itemListElement\":[{\"@type\":\"ListItem\",\"position\":1,\"name\":\"Home\",\"item\":\"https:\\\/\\\/bogensportdiscount.ch\\\/\"},{\"@type\":\"ListItem\",\"position\":2,\"name\":\"Shop\",\"item\":\"https:\\\/\\\/bogensportdiscount.ch\\\/shop\\\/\"},{\"@type\":\"ListItem\",\"position\":3,\"name\":\"CORE Mittelteil Anf\u00e4nger 24&#8243; JET V2\"}]},{\"@type\":\"WebSite\",\"@id\":\"https:\\\/\\\/bogensportdiscount.ch\\\/#website\",\"url\":\"https:\\\/\\\/bogensportdiscount.ch\\\/\",\"name\":\"Bogensportdiscount\",\"description\":\"\",\"potentialAction\":[{\"@type\":\"SearchAction\",\"target\":{\"@type\":\"EntryPoint\",\"urlTemplate\":\"https:\\\/\\\/bogensportdiscount.ch\\\/?s={search_term_string}\"},\"query-input\":{\"@type\":\"PropertyValueSpecification\",\"valueRequired\":true,\"valueName\":\"search_term_string\"}}],\"inLanguage\":\"fr-FR\"}]}<\/script>\n<!-- \/ Yoast SEO plugin. -->","yoast_head_json":{"title":"CORE Partie centrale D\u00e9butant 24&quot; JET V2 - Bogensportdiscount \u2013 Arcs, fl\u00e8ches, cibles et accessoires","description":"Achetez la partie centrale CORE pour d\u00e9butants 24&quot; JET V2 \u00e0 prix avantageux chez Bogensportdiscount \u2013 Les meilleures marques, livraison rapide depuis la Suisse.","robots":{"index":"index","follow":"follow","max-snippet":"max-snippet:-1","max-image-preview":"max-image-preview:large","max-video-preview":"max-video-preview:-1"},"canonical":"https:\/\/bogensportdiscount.ch\/fr\/produit\/core-recurvebogen-mittelstuck-beginner-24-jet-v2\/","og_locale":"fr_FR","og_type":"article","og_title":"CORE Partie centrale D\u00e9butant 24&quot; JET V2 - Bogensportdiscount \u2013 Arcs, fl\u00e8ches, cibles et accessoires","og_description":"Achetez la partie centrale CORE pour d\u00e9butants 24&quot; JET V2 \u00e0 prix avantageux chez Bogensportdiscount \u2013 Les meilleures marques, livraison rapide depuis la Suisse.","og_url":"https:\/\/bogensportdiscount.ch\/fr\/produit\/core-recurvebogen-mittelstuck-beginner-24-jet-v2\/","og_site_name":"Bogensportdiscount \u2013 B\u00f6gen, Pfeile, Targets &amp; Zubeh\u00f6r","article_modified_time":"2026-05-14T13:27:19+00:00","og_image":[{"width":860,"height":4625,"url":"https:\/\/bogensportdiscount.ch\/wp-content\/uploads\/bsm-images\/A084845_1.png","type":"image\/png"}],"twitter_card":"summary_large_image","schema":{"@context":"https:\/\/schema.org","@graph":[{"@type":"WebPage","@id":"https:\/\/bogensportdiscount.ch\/produkt\/core-recurvebogen-mittelstuck-beginner-24-jet-v2\/","url":"https:\/\/bogensportdiscount.ch\/produkt\/core-recurvebogen-mittelstuck-beginner-24-jet-v2\/","name":"CORE Partie centrale D\u00e9butant 24&quot; JET V2 - Bogensportdiscount \u2013 Arcs, fl\u00e8ches, cibles et accessoires","isPartOf":{"@id":"https:\/\/bogensportdiscount.ch\/#website"},"primaryImageOfPage":{"@id":"https:\/\/bogensportdiscount.ch\/produkt\/core-recurvebogen-mittelstuck-beginner-24-jet-v2\/#primaryimage"},"image":{"@id":"https:\/\/bogensportdiscount.ch\/produkt\/core-recurvebogen-mittelstuck-beginner-24-jet-v2\/#primaryimage"},"thumbnailUrl":"https:\/\/bogensportdiscount.ch\/wp-content\/uploads\/bsm-images\/A084845_1.png","datePublished":"2026-04-05T13:19:32+00:00","dateModified":"2026-05-14T13:27:19+00:00","description":"Achetez la partie centrale CORE pour d\u00e9butants 24&quot; JET V2 \u00e0 prix avantageux chez Bogensportdiscount \u2013 Les meilleures marques, livraison rapide depuis la Suisse.","breadcrumb":{"@id":"https:\/\/bogensportdiscount.ch\/produkt\/core-recurvebogen-mittelstuck-beginner-24-jet-v2\/#breadcrumb"},"inLanguage":"fr-FR","potentialAction":[{"@type":"ReadAction","target":["https:\/\/bogensportdiscount.ch\/produkt\/core-recurvebogen-mittelstuck-beginner-24-jet-v2\/"]}]},{"@type":"ImageObject","inLanguage":"fr-FR","@id":"https:\/\/bogensportdiscount.ch\/produkt\/core-recurvebogen-mittelstuck-beginner-24-jet-v2\/#primaryimage","url":"https:\/\/bogensportdiscount.ch\/wp-content\/uploads\/bsm-images\/A084845_1.png","contentUrl":"https:\/\/bogensportdiscount.ch\/wp-content\/uploads\/bsm-images\/A084845_1.png","width":860,"height":4625},{"@type":"BreadcrumbList","@id":"https:\/\/bogensportdiscount.ch\/produkt\/core-recurvebogen-mittelstuck-beginner-24-jet-v2\/#breadcrumb","itemListElement":[{"@type":"ListItem","position":1,"name":"Home","item":"https:\/\/bogensportdiscount.ch\/"},{"@type":"ListItem","position":2,"name":"Shop","item":"https:\/\/bogensportdiscount.ch\/shop\/"},{"@type":"ListItem","position":3,"name":"CORE Mittelteil Anf\u00e4nger 24&#8243; JET V2"}]},{"@type":"WebSite","@id":"https:\/\/bogensportdiscount.ch\/#website","url":"https:\/\/bogensportdiscount.ch\/","name":"Bogensportdiscount","description":"","potentialAction":[{"@type":"SearchAction","target":{"@type":"EntryPoint","urlTemplate":"https:\/\/bogensportdiscount.ch\/?s={search_term_string}"},"query-input":{"@type":"PropertyValueSpecification","valueRequired":true,"valueName":"search_term_string"}}],"inLanguage":"fr-FR"}]}},"_links":{"self":[{"href":"https:\/\/bogensportdiscount.ch\/fr\/wp-json\/wp\/v2\/product\/420193","targetHints":{"allow":["GET"]}}],"collection":[{"href":"https:\/\/bogensportdiscount.ch\/fr\/wp-json\/wp\/v2\/product"}],"about":[{"href":"https:\/\/bogensportdiscount.ch\/fr\/wp-json\/wp\/v2\/types\/product"}],"replies":[{"embeddable":true,"href":"https:\/\/bogensportdiscount.ch\/fr\/wp-json\/wp\/v2\/comments?post=420193"}],"wp:featuredmedia":[{"embeddable":true,"href":"https:\/\/bogensportdiscount.ch\/fr\/wp-json\/wp\/v2\/media\/450567"}],"wp:attachment":[{"href":"https:\/\/bogensportdiscount.ch\/fr\/wp-json\/wp\/v2\/media?parent=420193"}],"wp:term":[{"taxonomy":"product_brand","embeddable":true,"href":"https:\/\/bogensportdiscount.ch\/fr\/wp-json\/wp\/v2\/product_brand?post=420193"},{"taxonomy":"product_cat","embeddable":true,"href":"https:\/\/bogensportdiscount.ch\/fr\/wp-json\/wp\/v2\/product_cat?post=420193"},{"taxonomy":"product_tag","embeddable":true,"href":"https:\/\/bogensportdiscount.ch\/fr\/wp-json\/wp\/v2\/product_tag?post=420193"}],"curies":[{"name":"wp","href":"https:\/\/api.w.org\/{rel}","templated":true}]}}