{"id":419406,"date":"2026-04-05T15:17:47","date_gmt":"2026-04-05T13:17:47","guid":{"rendered":"https:\/\/bogensportdiscount.ch\/produkt\/glue-in-points-for-arrows-23-id8-0-empros-bruxx-size-300-500-weight-120gr-12pk\/"},"modified":"2026-05-14T15:27:16","modified_gmt":"2026-05-14T13:27:16","slug":"skylon-einklebespitzen-pfeile-23-id8-0-empros-bruxx-groesse-300-500","status":"publish","type":"product","link":"https:\/\/bogensportdiscount.ch\/fr\/produit\/skylon-einklebespitzen-pfeile-23-id8-0-empros-bruxx-groesse-300-500\/","title":{"rendered":"SKYLON Klebefl\u00e4che f\u00fcr Pfeil 23 \/ ID8.0 EMPROS\/BRUXX, Gr\u00f6\u00dfe 300\u2013500, Gewicht 12\/PK"},"content":{"rendered":"<p>Les pointes \u00e0 coller SKYLON sont sp\u00e9cialement con\u00e7ues pour les fl\u00e8ches avec un diam\u00e8tre int\u00e9rieur de 8.0 mm (diam\u00e8tre de tube 23) et sont compatibles avec les gammes SKYLON Empros et Bruxx dans les tailles de tube 300 \u00e0 500.<\/p>\n<p>Les pointes sont coll\u00e9es solidement dans le tube de fl\u00e8che et offrent ainsi une connexion stable sans jeu. Elles sont disponibles en trois classes de poids diff\u00e9rentes, ce qui permet un r\u00e9glage cibl\u00e9 du poids de la fl\u00e8che en fonction de l'application souhait\u00e9e.<\/p>\n<ul>\n<li>Diam\u00e8tre int\u00e9rieur : ID 8.0 mm (diam\u00e8tre de tube 23)<\/li>\n<li>Compatible avec les tubes Empros et Bruxx (taille 300\u2013500)<\/li>\n<li>Disponible en 120, 150 et 180 grain<\/li>\n<li>Montage par collage pour une fixation solide<\/li>\n<\/ul>","protected":false},"excerpt":{"rendered":"<table>\n<tr>\n<th>Propri\u00e9t\u00e9<\/th>\n<th>Valeur<\/th>\n<\/tr>\n<tr>\n<td>Diam\u00e8tre int\u00e9rieur<\/td>\n<td>ID 8.0 mm<\/td>\n<\/tr>\n<tr>\n<td>Diam\u00e8tre du f\u00fbt<\/td>\n<td>23<\/td>\n<\/tr>\n<tr>\n<td>Compatible avec<\/td>\n<td>Empros \/ Bruxx<\/td>\n<\/tr>\n<tr>\n<td>Taille de tube<\/td>\n<td>300\u2013500<\/td>\n<\/tr>\n<tr>\n<td>Poids<\/td>\n<td>120 GR \/ 150 GR \/ 180 GR<\/td>\n<\/tr>\n<\/table>","protected":false},"featured_media":450686,"comment_status":"open","ping_status":"closed","template":"","meta":[],"product_brand":[457],"product_cat":[4543],"product_tag":[],"class_list":{"0":"post-419406","1":"product","2":"type-product","3":"status-publish","4":"has-post-thumbnail","6":"product_brand-skylon","7":"product_cat-einklebe-spitzen","8":"product_shipping_class-bsd-standard","10":"first","11":"instock","12":"shipping-taxable","13":"purchasable","14":"product-type-variable"},"yoast_head":"<!-- This site is optimized with the Yoast SEO plugin v27.6 - https:\/\/yoast.com\/product\/yoast-seo-wordpress\/ -->\n<title>SKYLON Klebefl\u00e4che f\u00fcr Pfeil 23 \/ ID8.0 EMPROS\/BRUXX, Gr\u00f6\u00dfe 300\u2013500, Gewicht 12\/PK - Bogensportdiscount \u2013 B\u00f6gen, Pfeile, Targets &amp; Zubeh\u00f6r<\/title>\n<meta name=\"description\" content=\"SKYLON Klebefl\u00e4che f\u00fcr Pfeil 23 \/ ID8.0 EMPROS\/BRUXX, Gr\u00f6\u00dfe 300\u2013500, Gewicht 12\/PK g\u00fcnstig kaufen bei Bogensportdiscount \u2013 Top-Marken, schneller Versand aus der Schweiz.\" \/>\n<meta name=\"robots\" content=\"index, follow, max-snippet:-1, max-image-preview:large, max-video-preview:-1\" \/>\n<link rel=\"canonical\" href=\"https:\/\/bogensportdiscount.ch\/fr\/produit\/skylon-einklebespitzen-pfeile-23-id8-0-empros-bruxx-groesse-300-500\/\" \/>\n<meta property=\"og:locale\" content=\"fr_FR\" \/>\n<meta property=\"og:type\" content=\"article\" \/>\n<meta property=\"og:title\" content=\"SKYLON Klebefl\u00e4che f\u00fcr Pfeil 23 \/ ID8.0 EMPROS\/BRUXX, Gr\u00f6\u00dfe 300\u2013500, Gewicht 12\/PK - Bogensportdiscount \u2013 B\u00f6gen, Pfeile, Targets &amp; Zubeh\u00f6r\" \/>\n<meta property=\"og:description\" content=\"SKYLON Klebefl\u00e4che f\u00fcr Pfeil 23 \/ ID8.0 EMPROS\/BRUXX, Gr\u00f6\u00dfe 300\u2013500, Gewicht 12\/PK g\u00fcnstig kaufen bei Bogensportdiscount \u2013 Top-Marken, schneller Versand aus der Schweiz.\" \/>\n<meta property=\"og:url\" content=\"https:\/\/bogensportdiscount.ch\/fr\/produit\/skylon-einklebespitzen-pfeile-23-id8-0-empros-bruxx-groesse-300-500\/\" \/>\n<meta property=\"og:site_name\" content=\"Bogensportdiscount \u2013 B\u00f6gen, Pfeile, Targets &amp; Zubeh\u00f6r\" \/>\n<meta property=\"article:modified_time\" content=\"2026-05-14T13:27:16+00:00\" \/>\n<meta property=\"og:image\" content=\"https:\/\/bogensportdiscount.ch\/wp-content\/uploads\/bsm-images\/A084523_1.png\" \/>\n\t<meta property=\"og:image:width\" content=\"2607\" \/>\n\t<meta property=\"og:image:height\" content=\"566\" \/>\n\t<meta property=\"og:image:type\" content=\"image\/png\" \/>\n<meta name=\"twitter:card\" content=\"summary_large_image\" \/>\n<script type=\"application\/ld+json\" class=\"yoast-schema-graph\">{\"@context\":\"https:\\\/\\\/schema.org\",\"@graph\":[{\"@type\":\"WebPage\",\"@id\":\"https:\\\/\\\/bogensportdiscount.ch\\\/produkt\\\/skylon-einklebespitzen-pfeile-23-id8-0-empros-bruxx-groesse-300-500\\\/\",\"url\":\"https:\\\/\\\/bogensportdiscount.ch\\\/produkt\\\/skylon-einklebespitzen-pfeile-23-id8-0-empros-bruxx-groesse-300-500\\\/\",\"name\":\"SKYLON Klebefl\u00e4che f\u00fcr Pfeil 23 \\\/ ID8.0 EMPROS\\\/BRUXX, Gr\u00f6\u00dfe 300\u2013500, Gewicht 12\\\/PK - Bogensportdiscount \u2013 B\u00f6gen, Pfeile, Targets &amp; Zubeh\u00f6r\",\"isPartOf\":{\"@id\":\"https:\\\/\\\/bogensportdiscount.ch\\\/#website\"},\"primaryImageOfPage\":{\"@id\":\"https:\\\/\\\/bogensportdiscount.ch\\\/produkt\\\/skylon-einklebespitzen-pfeile-23-id8-0-empros-bruxx-groesse-300-500\\\/#primaryimage\"},\"image\":{\"@id\":\"https:\\\/\\\/bogensportdiscount.ch\\\/produkt\\\/skylon-einklebespitzen-pfeile-23-id8-0-empros-bruxx-groesse-300-500\\\/#primaryimage\"},\"thumbnailUrl\":\"https:\\\/\\\/bogensportdiscount.ch\\\/wp-content\\\/uploads\\\/bsm-images\\\/A084523_1.png\",\"datePublished\":\"2026-04-05T13:17:47+00:00\",\"dateModified\":\"2026-05-14T13:27:16+00:00\",\"description\":\"SKYLON Klebefl\u00e4che f\u00fcr Pfeil 23 \\\/ ID8.0 EMPROS\\\/BRUXX, Gr\u00f6\u00dfe 300\u2013500, Gewicht 12\\\/PK g\u00fcnstig kaufen bei Bogensportdiscount \u2013 Top-Marken, schneller Versand aus der Schweiz.\",\"breadcrumb\":{\"@id\":\"https:\\\/\\\/bogensportdiscount.ch\\\/produkt\\\/skylon-einklebespitzen-pfeile-23-id8-0-empros-bruxx-groesse-300-500\\\/#breadcrumb\"},\"inLanguage\":\"fr-FR\",\"potentialAction\":[{\"@type\":\"ReadAction\",\"target\":[\"https:\\\/\\\/bogensportdiscount.ch\\\/produkt\\\/skylon-einklebespitzen-pfeile-23-id8-0-empros-bruxx-groesse-300-500\\\/\"]}]},{\"@type\":\"ImageObject\",\"inLanguage\":\"fr-FR\",\"@id\":\"https:\\\/\\\/bogensportdiscount.ch\\\/produkt\\\/skylon-einklebespitzen-pfeile-23-id8-0-empros-bruxx-groesse-300-500\\\/#primaryimage\",\"url\":\"https:\\\/\\\/bogensportdiscount.ch\\\/wp-content\\\/uploads\\\/bsm-images\\\/A084523_1.png\",\"contentUrl\":\"https:\\\/\\\/bogensportdiscount.ch\\\/wp-content\\\/uploads\\\/bsm-images\\\/A084523_1.png\",\"width\":2607,\"height\":566},{\"@type\":\"BreadcrumbList\",\"@id\":\"https:\\\/\\\/bogensportdiscount.ch\\\/produkt\\\/skylon-einklebespitzen-pfeile-23-id8-0-empros-bruxx-groesse-300-500\\\/#breadcrumb\",\"itemListElement\":[{\"@type\":\"ListItem\",\"position\":1,\"name\":\"Home\",\"item\":\"https:\\\/\\\/bogensportdiscount.ch\\\/\"},{\"@type\":\"ListItem\",\"position\":2,\"name\":\"Shop\",\"item\":\"https:\\\/\\\/bogensportdiscount.ch\\\/shop\\\/\"},{\"@type\":\"ListItem\",\"position\":3,\"name\":\"SKYLON Klebefl\u00e4che f\u00fcr Pfeil 23 \\\/ ID8.0 EMPROS\\\/BRUXX, Gr\u00f6\u00dfe 300\u2013500, Gewicht 12\\\/PK\"}]},{\"@type\":\"WebSite\",\"@id\":\"https:\\\/\\\/bogensportdiscount.ch\\\/#website\",\"url\":\"https:\\\/\\\/bogensportdiscount.ch\\\/\",\"name\":\"Bogensportdiscount\",\"description\":\"\",\"potentialAction\":[{\"@type\":\"SearchAction\",\"target\":{\"@type\":\"EntryPoint\",\"urlTemplate\":\"https:\\\/\\\/bogensportdiscount.ch\\\/?s={search_term_string}\"},\"query-input\":{\"@type\":\"PropertyValueSpecification\",\"valueRequired\":true,\"valueName\":\"search_term_string\"}}],\"inLanguage\":\"fr-FR\"}]}<\/script>\n<!-- \/ Yoast SEO plugin. -->","yoast_head_json":{"title":"SKYLON Klebefl\u00e4che f\u00fcr Pfeil 23 \/ ID8.0 EMPROS\/BRUXX, Gr\u00f6\u00dfe 300\u2013500, Gewicht 12\/PK - Bogensportdiscount \u2013 B\u00f6gen, Pfeile, Targets &amp; Zubeh\u00f6r","description":"SKYLON Klebefl\u00e4che f\u00fcr Pfeil 23 \/ ID8.0 EMPROS\/BRUXX, Gr\u00f6\u00dfe 300\u2013500, Gewicht 12\/PK g\u00fcnstig kaufen bei Bogensportdiscount \u2013 Top-Marken, schneller Versand aus der Schweiz.","robots":{"index":"index","follow":"follow","max-snippet":"max-snippet:-1","max-image-preview":"max-image-preview:large","max-video-preview":"max-video-preview:-1"},"canonical":"https:\/\/bogensportdiscount.ch\/fr\/produit\/skylon-einklebespitzen-pfeile-23-id8-0-empros-bruxx-groesse-300-500\/","og_locale":"fr_FR","og_type":"article","og_title":"SKYLON Klebefl\u00e4che f\u00fcr Pfeil 23 \/ ID8.0 EMPROS\/BRUXX, Gr\u00f6\u00dfe 300\u2013500, Gewicht 12\/PK - Bogensportdiscount \u2013 B\u00f6gen, Pfeile, Targets &amp; Zubeh\u00f6r","og_description":"SKYLON Klebefl\u00e4che f\u00fcr Pfeil 23 \/ ID8.0 EMPROS\/BRUXX, Gr\u00f6\u00dfe 300\u2013500, Gewicht 12\/PK g\u00fcnstig kaufen bei Bogensportdiscount \u2013 Top-Marken, schneller Versand aus der Schweiz.","og_url":"https:\/\/bogensportdiscount.ch\/fr\/produit\/skylon-einklebespitzen-pfeile-23-id8-0-empros-bruxx-groesse-300-500\/","og_site_name":"Bogensportdiscount \u2013 B\u00f6gen, Pfeile, Targets &amp; Zubeh\u00f6r","article_modified_time":"2026-05-14T13:27:16+00:00","og_image":[{"url":"https:\/\/bogensportdiscount.ch\/wp-content\/uploads\/bsm-images\/A084523_1.png","width":2607,"height":566,"type":"image\/png"}],"twitter_card":"summary_large_image","schema":{"@context":"https:\/\/schema.org","@graph":[{"@type":"WebPage","@id":"https:\/\/bogensportdiscount.ch\/produkt\/skylon-einklebespitzen-pfeile-23-id8-0-empros-bruxx-groesse-300-500\/","url":"https:\/\/bogensportdiscount.ch\/produkt\/skylon-einklebespitzen-pfeile-23-id8-0-empros-bruxx-groesse-300-500\/","name":"SKYLON Klebefl\u00e4che f\u00fcr Pfeil 23 \/ ID8.0 EMPROS\/BRUXX, Gr\u00f6\u00dfe 300\u2013500, Gewicht 12\/PK - Bogensportdiscount \u2013 B\u00f6gen, Pfeile, Targets &amp; Zubeh\u00f6r","isPartOf":{"@id":"https:\/\/bogensportdiscount.ch\/#website"},"primaryImageOfPage":{"@id":"https:\/\/bogensportdiscount.ch\/produkt\/skylon-einklebespitzen-pfeile-23-id8-0-empros-bruxx-groesse-300-500\/#primaryimage"},"image":{"@id":"https:\/\/bogensportdiscount.ch\/produkt\/skylon-einklebespitzen-pfeile-23-id8-0-empros-bruxx-groesse-300-500\/#primaryimage"},"thumbnailUrl":"https:\/\/bogensportdiscount.ch\/wp-content\/uploads\/bsm-images\/A084523_1.png","datePublished":"2026-04-05T13:17:47+00:00","dateModified":"2026-05-14T13:27:16+00:00","description":"SKYLON Klebefl\u00e4che f\u00fcr Pfeil 23 \/ ID8.0 EMPROS\/BRUXX, Gr\u00f6\u00dfe 300\u2013500, Gewicht 12\/PK g\u00fcnstig kaufen bei Bogensportdiscount \u2013 Top-Marken, schneller Versand aus der Schweiz.","breadcrumb":{"@id":"https:\/\/bogensportdiscount.ch\/produkt\/skylon-einklebespitzen-pfeile-23-id8-0-empros-bruxx-groesse-300-500\/#breadcrumb"},"inLanguage":"fr-FR","potentialAction":[{"@type":"ReadAction","target":["https:\/\/bogensportdiscount.ch\/produkt\/skylon-einklebespitzen-pfeile-23-id8-0-empros-bruxx-groesse-300-500\/"]}]},{"@type":"ImageObject","inLanguage":"fr-FR","@id":"https:\/\/bogensportdiscount.ch\/produkt\/skylon-einklebespitzen-pfeile-23-id8-0-empros-bruxx-groesse-300-500\/#primaryimage","url":"https:\/\/bogensportdiscount.ch\/wp-content\/uploads\/bsm-images\/A084523_1.png","contentUrl":"https:\/\/bogensportdiscount.ch\/wp-content\/uploads\/bsm-images\/A084523_1.png","width":2607,"height":566},{"@type":"BreadcrumbList","@id":"https:\/\/bogensportdiscount.ch\/produkt\/skylon-einklebespitzen-pfeile-23-id8-0-empros-bruxx-groesse-300-500\/#breadcrumb","itemListElement":[{"@type":"ListItem","position":1,"name":"Home","item":"https:\/\/bogensportdiscount.ch\/"},{"@type":"ListItem","position":2,"name":"Shop","item":"https:\/\/bogensportdiscount.ch\/shop\/"},{"@type":"ListItem","position":3,"name":"SKYLON Klebefl\u00e4che f\u00fcr Pfeil 23 \/ ID8.0 EMPROS\/BRUXX, Gr\u00f6\u00dfe 300\u2013500, Gewicht 12\/PK"}]},{"@type":"WebSite","@id":"https:\/\/bogensportdiscount.ch\/#website","url":"https:\/\/bogensportdiscount.ch\/","name":"Bogensportdiscount","description":"","potentialAction":[{"@type":"SearchAction","target":{"@type":"EntryPoint","urlTemplate":"https:\/\/bogensportdiscount.ch\/?s={search_term_string}"},"query-input":{"@type":"PropertyValueSpecification","valueRequired":true,"valueName":"search_term_string"}}],"inLanguage":"fr-FR"}]}},"_links":{"self":[{"href":"https:\/\/bogensportdiscount.ch\/fr\/wp-json\/wp\/v2\/product\/419406","targetHints":{"allow":["GET"]}}],"collection":[{"href":"https:\/\/bogensportdiscount.ch\/fr\/wp-json\/wp\/v2\/product"}],"about":[{"href":"https:\/\/bogensportdiscount.ch\/fr\/wp-json\/wp\/v2\/types\/product"}],"replies":[{"embeddable":true,"href":"https:\/\/bogensportdiscount.ch\/fr\/wp-json\/wp\/v2\/comments?post=419406"}],"wp:featuredmedia":[{"embeddable":true,"href":"https:\/\/bogensportdiscount.ch\/fr\/wp-json\/wp\/v2\/media\/450686"}],"wp:attachment":[{"href":"https:\/\/bogensportdiscount.ch\/fr\/wp-json\/wp\/v2\/media?parent=419406"}],"wp:term":[{"taxonomy":"product_brand","embeddable":true,"href":"https:\/\/bogensportdiscount.ch\/fr\/wp-json\/wp\/v2\/product_brand?post=419406"},{"taxonomy":"product_cat","embeddable":true,"href":"https:\/\/bogensportdiscount.ch\/fr\/wp-json\/wp\/v2\/product_cat?post=419406"},{"taxonomy":"product_tag","embeddable":true,"href":"https:\/\/bogensportdiscount.ch\/fr\/wp-json\/wp\/v2\/product_tag?post=419406"}],"curies":[{"name":"wp","href":"https:\/\/api.w.org\/{rel}","templated":true}]}}