{"id":418583,"date":"2026-04-05T15:16:03","date_gmt":"2026-04-05T13:16:03","guid":{"rendered":"https:\/\/bogensportdiscount.ch\/produkt\/tab-parts-ezr-cordovan-leather-rh-x-small\/"},"modified":"2026-05-14T15:27:14","modified_gmt":"2026-05-14T13:27:14","slug":"wiawis-tab-teil-ezr-cordovan-leder","status":"publish","type":"product","link":"https:\/\/bogensportdiscount.ch\/fr\/produit\/wiawis-tab-teil-ezr-cordovan-leder\/","title":{"rendered":"WIAWIS TAB PI\u00c8CES EZR CUIR CORDOVAN"},"content":{"rendered":"<p>La pi\u00e8ce de palette WIAWIS EZR est fabriqu\u00e9e en cuir Cordovan, un mat\u00e9riau particuli\u00e8rement r\u00e9sistant et d'une texture homog\u00e8ne, fr\u00e9quemment utilis\u00e9 pour les accessoires de protection des doigts haut de gamme. Elle sert de pi\u00e8ce de remplacement ou d'\u00e9change pour la palette WIAWIS EZR et permet de remplacer l'insert en cuir sans devoir remplacer l'ensemble de la palette.<\/p>\n<p>La pi\u00e8ce est disponible aussi bien pour les archers droitiers que gauchers et peut \u00eatre command\u00e9e en trois tailles (S, M, L) pour garantir un ajustement optimal. Fabriqu\u00e9 en Cor\u00e9e du Sud.<\/p>\n<ul>\n<li>Mati\u00e8re : cuir Cordovan<\/li>\n<li>Compatible avec la palette WIAWIS EZR<\/li>\n<li>Pour main droite et main gauche<\/li>\n<li>Tailles : S, M, L<\/li>\n<\/ul>","protected":false},"excerpt":{"rendered":"<table>\n<tr>\n<th>Propri\u00e9t\u00e9<\/th>\n<th>Valeur<\/th>\n<\/tr>\n<tr>\n<td>Marque<\/td>\n<td>Wiawis<\/td>\n<\/tr>\n<tr>\n<td>Pays d'origine<\/td>\n<td>Cor\u00e9e du Sud<\/td>\n<\/tr>\n<\/table>","protected":false},"featured_media":450821,"comment_status":"open","ping_status":"closed","template":"","meta":[],"product_brand":[473],"product_cat":[4252],"product_tag":[],"class_list":{"0":"post-418583","1":"product","2":"type-product","3":"status-publish","4":"has-post-thumbnail","6":"product_brand-wiawis","7":"product_cat-einzelteile-fuer-finger-tabs","8":"product_shipping_class-bsd-standard","10":"first","11":"instock","12":"shipping-taxable","13":"purchasable","14":"product-type-variable"},"yoast_head":"<!-- This site is optimized with the Yoast SEO plugin v27.6 - https:\/\/yoast.com\/product\/yoast-seo-wordpress\/ -->\n<title>WIAWIS TAB PI\u00c8CES EZR CORDOVAN CUIR - Bogensportdiscount \u2013 Arcs, fl\u00e8ches, cibles &amp; accessoires<\/title>\n<meta name=\"description\" content=\"Achetez les pi\u00e8ces WIAWIS TAB EZR CORDOVAN CUIR \u00e0 prix avantageux chez Bogensportdiscount \u2013 Les meilleures marques, livraison rapide depuis la Suisse.\" \/>\n<meta name=\"robots\" content=\"index, follow, max-snippet:-1, max-image-preview:large, max-video-preview:-1\" \/>\n<link rel=\"canonical\" href=\"https:\/\/bogensportdiscount.ch\/fr\/produit\/wiawis-tab-teil-ezr-cordovan-leder\/\" \/>\n<meta property=\"og:locale\" content=\"fr_FR\" \/>\n<meta property=\"og:type\" content=\"article\" \/>\n<meta property=\"og:title\" content=\"WIAWIS TAB PI\u00c8CES EZR CORDOVAN CUIR - Bogensportdiscount \u2013 Arcs, fl\u00e8ches, cibles &amp; accessoires\" \/>\n<meta property=\"og:description\" content=\"Achetez les pi\u00e8ces WIAWIS TAB EZR CORDOVAN CUIR \u00e0 prix avantageux chez Bogensportdiscount \u2013 Les meilleures marques, livraison rapide depuis la Suisse.\" \/>\n<meta property=\"og:url\" content=\"https:\/\/bogensportdiscount.ch\/fr\/produit\/wiawis-tab-teil-ezr-cordovan-leder\/\" \/>\n<meta property=\"og:site_name\" content=\"Bogensportdiscount \u2013 B\u00f6gen, Pfeile, Targets &amp; Zubeh\u00f6r\" \/>\n<meta property=\"article:modified_time\" content=\"2026-05-14T13:27:14+00:00\" \/>\n<meta property=\"og:image\" content=\"https:\/\/bogensportdiscount.ch\/wp-content\/uploads\/bsm-images\/A083861_1.png\" \/>\n\t<meta property=\"og:image:width\" content=\"3607\" \/>\n\t<meta property=\"og:image:height\" content=\"3199\" \/>\n\t<meta property=\"og:image:type\" content=\"image\/png\" \/>\n<meta name=\"twitter:card\" content=\"summary_large_image\" \/>\n<meta name=\"twitter:label1\" content=\"Dur\u00e9e de lecture estim\u00e9e\" \/>\n\t<meta name=\"twitter:data1\" content=\"1 minute\" \/>\n<script type=\"application\/ld+json\" class=\"yoast-schema-graph\">{\"@context\":\"https:\\\/\\\/schema.org\",\"@graph\":[{\"@type\":\"WebPage\",\"@id\":\"https:\\\/\\\/bogensportdiscount.ch\\\/produkt\\\/wiawis-tab-teil-ezr-cordovan-leder\\\/\",\"url\":\"https:\\\/\\\/bogensportdiscount.ch\\\/produkt\\\/wiawis-tab-teil-ezr-cordovan-leder\\\/\",\"name\":\"WIAWIS TAB TEILE EZR CORDOVAN LEDER - Bogensportdiscount \u2013 B\u00f6gen, Pfeile, Targets &amp; Zubeh\u00f6r\",\"isPartOf\":{\"@id\":\"https:\\\/\\\/bogensportdiscount.ch\\\/#website\"},\"primaryImageOfPage\":{\"@id\":\"https:\\\/\\\/bogensportdiscount.ch\\\/produkt\\\/wiawis-tab-teil-ezr-cordovan-leder\\\/#primaryimage\"},\"image\":{\"@id\":\"https:\\\/\\\/bogensportdiscount.ch\\\/produkt\\\/wiawis-tab-teil-ezr-cordovan-leder\\\/#primaryimage\"},\"thumbnailUrl\":\"https:\\\/\\\/bogensportdiscount.ch\\\/wp-content\\\/uploads\\\/bsm-images\\\/A083861_1.png\",\"datePublished\":\"2026-04-05T13:16:03+00:00\",\"dateModified\":\"2026-05-14T13:27:14+00:00\",\"description\":\"WIAWIS TAB TEILE EZR CORDOVAN LEDER g\u00fcnstig kaufen bei Bogensportdiscount \u2013 Top-Marken, schneller Versand aus der Schweiz.\",\"breadcrumb\":{\"@id\":\"https:\\\/\\\/bogensportdiscount.ch\\\/produkt\\\/wiawis-tab-teil-ezr-cordovan-leder\\\/#breadcrumb\"},\"inLanguage\":\"fr-FR\",\"potentialAction\":[{\"@type\":\"ReadAction\",\"target\":[\"https:\\\/\\\/bogensportdiscount.ch\\\/produkt\\\/wiawis-tab-teil-ezr-cordovan-leder\\\/\"]}]},{\"@type\":\"ImageObject\",\"inLanguage\":\"fr-FR\",\"@id\":\"https:\\\/\\\/bogensportdiscount.ch\\\/produkt\\\/wiawis-tab-teil-ezr-cordovan-leder\\\/#primaryimage\",\"url\":\"https:\\\/\\\/bogensportdiscount.ch\\\/wp-content\\\/uploads\\\/bsm-images\\\/A083861_1.png\",\"contentUrl\":\"https:\\\/\\\/bogensportdiscount.ch\\\/wp-content\\\/uploads\\\/bsm-images\\\/A083861_1.png\",\"width\":2500,\"height\":2217},{\"@type\":\"BreadcrumbList\",\"@id\":\"https:\\\/\\\/bogensportdiscount.ch\\\/produkt\\\/wiawis-tab-teil-ezr-cordovan-leder\\\/#breadcrumb\",\"itemListElement\":[{\"@type\":\"ListItem\",\"position\":1,\"name\":\"Home\",\"item\":\"https:\\\/\\\/bogensportdiscount.ch\\\/\"},{\"@type\":\"ListItem\",\"position\":2,\"name\":\"Shop\",\"item\":\"https:\\\/\\\/bogensportdiscount.ch\\\/shop\\\/\"},{\"@type\":\"ListItem\",\"position\":3,\"name\":\"WIAWIS TAB TEILE EZR CORDOVAN LEDER\"}]},{\"@type\":\"WebSite\",\"@id\":\"https:\\\/\\\/bogensportdiscount.ch\\\/#website\",\"url\":\"https:\\\/\\\/bogensportdiscount.ch\\\/\",\"name\":\"Bogensportdiscount\",\"description\":\"\",\"potentialAction\":[{\"@type\":\"SearchAction\",\"target\":{\"@type\":\"EntryPoint\",\"urlTemplate\":\"https:\\\/\\\/bogensportdiscount.ch\\\/?s={search_term_string}\"},\"query-input\":{\"@type\":\"PropertyValueSpecification\",\"valueRequired\":true,\"valueName\":\"search_term_string\"}}],\"inLanguage\":\"fr-FR\"}]}<\/script>\n<!-- \/ Yoast SEO plugin. -->","yoast_head_json":{"title":"WIAWIS TAB PI\u00c8CES EZR CORDOVAN CUIR - Bogensportdiscount \u2013 Arcs, fl\u00e8ches, cibles &amp; accessoires","description":"Achetez les pi\u00e8ces WIAWIS TAB EZR CORDOVAN CUIR \u00e0 prix avantageux chez Bogensportdiscount \u2013 Les meilleures marques, livraison rapide depuis la Suisse.","robots":{"index":"index","follow":"follow","max-snippet":"max-snippet:-1","max-image-preview":"max-image-preview:large","max-video-preview":"max-video-preview:-1"},"canonical":"https:\/\/bogensportdiscount.ch\/fr\/produit\/wiawis-tab-teil-ezr-cordovan-leder\/","og_locale":"fr_FR","og_type":"article","og_title":"WIAWIS TAB PI\u00c8CES EZR CORDOVAN CUIR - Bogensportdiscount \u2013 Arcs, fl\u00e8ches, cibles &amp; accessoires","og_description":"Achetez les pi\u00e8ces WIAWIS TAB EZR CORDOVAN CUIR \u00e0 prix avantageux chez Bogensportdiscount \u2013 Les meilleures marques, livraison rapide depuis la Suisse.","og_url":"https:\/\/bogensportdiscount.ch\/fr\/produit\/wiawis-tab-teil-ezr-cordovan-leder\/","og_site_name":"Bogensportdiscount \u2013 B\u00f6gen, Pfeile, Targets &amp; Zubeh\u00f6r","article_modified_time":"2026-05-14T13:27:14+00:00","og_image":[{"url":"https:\/\/bogensportdiscount.ch\/wp-content\/uploads\/bsm-images\/A083861_1.png","width":3607,"height":3199,"type":"image\/png"}],"twitter_card":"summary_large_image","twitter_misc":{"Dur\u00e9e de lecture estim\u00e9e":"1 minute"},"schema":{"@context":"https:\/\/schema.org","@graph":[{"@type":"WebPage","@id":"https:\/\/bogensportdiscount.ch\/produkt\/wiawis-tab-teil-ezr-cordovan-leder\/","url":"https:\/\/bogensportdiscount.ch\/produkt\/wiawis-tab-teil-ezr-cordovan-leder\/","name":"WIAWIS TAB PI\u00c8CES EZR CORDOVAN CUIR - Bogensportdiscount \u2013 Arcs, fl\u00e8ches, cibles &amp; accessoires","isPartOf":{"@id":"https:\/\/bogensportdiscount.ch\/#website"},"primaryImageOfPage":{"@id":"https:\/\/bogensportdiscount.ch\/produkt\/wiawis-tab-teil-ezr-cordovan-leder\/#primaryimage"},"image":{"@id":"https:\/\/bogensportdiscount.ch\/produkt\/wiawis-tab-teil-ezr-cordovan-leder\/#primaryimage"},"thumbnailUrl":"https:\/\/bogensportdiscount.ch\/wp-content\/uploads\/bsm-images\/A083861_1.png","datePublished":"2026-04-05T13:16:03+00:00","dateModified":"2026-05-14T13:27:14+00:00","description":"Achetez les pi\u00e8ces WIAWIS TAB EZR CORDOVAN CUIR \u00e0 prix avantageux chez Bogensportdiscount \u2013 Les meilleures marques, livraison rapide depuis la Suisse.","breadcrumb":{"@id":"https:\/\/bogensportdiscount.ch\/produkt\/wiawis-tab-teil-ezr-cordovan-leder\/#breadcrumb"},"inLanguage":"fr-FR","potentialAction":[{"@type":"ReadAction","target":["https:\/\/bogensportdiscount.ch\/produkt\/wiawis-tab-teil-ezr-cordovan-leder\/"]}]},{"@type":"ImageObject","inLanguage":"fr-FR","@id":"https:\/\/bogensportdiscount.ch\/produkt\/wiawis-tab-teil-ezr-cordovan-leder\/#primaryimage","url":"https:\/\/bogensportdiscount.ch\/wp-content\/uploads\/bsm-images\/A083861_1.png","contentUrl":"https:\/\/bogensportdiscount.ch\/wp-content\/uploads\/bsm-images\/A083861_1.png","width":2500,"height":2217},{"@type":"BreadcrumbList","@id":"https:\/\/bogensportdiscount.ch\/produkt\/wiawis-tab-teil-ezr-cordovan-leder\/#breadcrumb","itemListElement":[{"@type":"ListItem","position":1,"name":"Home","item":"https:\/\/bogensportdiscount.ch\/"},{"@type":"ListItem","position":2,"name":"Shop","item":"https:\/\/bogensportdiscount.ch\/shop\/"},{"@type":"ListItem","position":3,"name":"WIAWIS TAB TEILE EZR CORDOVAN LEDER"}]},{"@type":"WebSite","@id":"https:\/\/bogensportdiscount.ch\/#website","url":"https:\/\/bogensportdiscount.ch\/","name":"Bogensportdiscount","description":"","potentialAction":[{"@type":"SearchAction","target":{"@type":"EntryPoint","urlTemplate":"https:\/\/bogensportdiscount.ch\/?s={search_term_string}"},"query-input":{"@type":"PropertyValueSpecification","valueRequired":true,"valueName":"search_term_string"}}],"inLanguage":"fr-FR"}]}},"_links":{"self":[{"href":"https:\/\/bogensportdiscount.ch\/fr\/wp-json\/wp\/v2\/product\/418583","targetHints":{"allow":["GET"]}}],"collection":[{"href":"https:\/\/bogensportdiscount.ch\/fr\/wp-json\/wp\/v2\/product"}],"about":[{"href":"https:\/\/bogensportdiscount.ch\/fr\/wp-json\/wp\/v2\/types\/product"}],"replies":[{"embeddable":true,"href":"https:\/\/bogensportdiscount.ch\/fr\/wp-json\/wp\/v2\/comments?post=418583"}],"wp:featuredmedia":[{"embeddable":true,"href":"https:\/\/bogensportdiscount.ch\/fr\/wp-json\/wp\/v2\/media\/450821"}],"wp:attachment":[{"href":"https:\/\/bogensportdiscount.ch\/fr\/wp-json\/wp\/v2\/media?parent=418583"}],"wp:term":[{"taxonomy":"product_brand","embeddable":true,"href":"https:\/\/bogensportdiscount.ch\/fr\/wp-json\/wp\/v2\/product_brand?post=418583"},{"taxonomy":"product_cat","embeddable":true,"href":"https:\/\/bogensportdiscount.ch\/fr\/wp-json\/wp\/v2\/product_cat?post=418583"},{"taxonomy":"product_tag","embeddable":true,"href":"https:\/\/bogensportdiscount.ch\/fr\/wp-json\/wp\/v2\/product_tag?post=418583"}],"curies":[{"name":"wp","href":"https:\/\/api.w.org\/{rel}","templated":true}]}}