{"id":418547,"date":"2026-04-05T15:15:58","date_gmt":"2026-04-05T13:15:58","guid":{"rendered":"https:\/\/bogensportdiscount.ch\/produkt\/hand-style-wise-choice-24-thumb-3-finger-red\/"},"modified":"2026-05-14T15:27:14","modified_gmt":"2026-05-14T13:27:14","slug":"carter-hand-release-wise-choice-24-thumb","status":"publish","type":"product","link":"https:\/\/bogensportdiscount.ch\/fr\/produit\/carter-hand-release-wise-choice-24-thumb\/","title":{"rendered":"CARTER STYLE MAIN WISE CHOICE 24 POUCE"},"content":{"rendered":"<p>Le CARTER Wise Choice 24 Thumb est un d\u00e9cocheur tenu en main (Hand-Release) de la marque CARTER, un fabricant am\u00e9ricain avec une longue exp\u00e9rience dans le domaine des d\u00e9cocheurs pour le tir \u00e0 l'arc. Le mod\u00e8le appartient \u00e0 la cat\u00e9gorie des d\u00e9cocheurs \u00e0 pouce et se d\u00e9clenche via le pouce.<\/p>\n<p>Le mod\u00e8le est disponible en deux configurations de doigts \u2014 3 doigts et 4 doigts \u2014 et peut ainsi \u00eatre adapt\u00e9 \u00e0 diff\u00e9rentes tailles de mains et pr\u00e9f\u00e9rences. Les trois options de couleur noir, bleu et rouge permettent une s\u00e9lection personnalis\u00e9e.<\/p>\n<ul>\n<li>D\u00e9cocheur pouce pour un d\u00e9clenchement pr\u00e9cis et contr\u00f4l\u00e9<\/li>\n<li>Au choix en version 3 doigts ou 4 doigts<\/li>\n<li>Disponible en noir, bleu et rouge<\/li>\n<li>Fabriqu\u00e9 aux \u00c9tats-Unis<\/li>\n<\/ul>","protected":false},"excerpt":{"rendered":"<table>\n<tr>\n<th>Propri\u00e9t\u00e9<\/th>\n<th>Valeur<\/th>\n<\/tr>\n<tr>\n<td>Marque<\/td>\n<td>Carter<\/td>\n<\/tr>\n<tr>\n<td>Pays d'origine<\/td>\n<td>USA<\/td>\n<\/tr>\n<\/table>","protected":false},"featured_media":522865,"comment_status":"open","ping_status":"closed","template":"","meta":[],"product_brand":[469],"product_cat":[4209],"product_tag":[],"class_list":{"0":"post-418547","1":"product","2":"type-product","3":"status-publish","4":"has-post-thumbnail","6":"product_brand-carter","7":"product_cat-thumb-releases","8":"product_shipping_class-bsd-standard","10":"first","11":"instock","12":"shipping-taxable","13":"purchasable","14":"product-type-variable"},"yoast_head":"<!-- This site is optimized with the Yoast SEO plugin v27.6 - https:\/\/yoast.com\/product\/yoast-seo-wordpress\/ -->\n<title>CARTER HAND STYLE WISE CHOICE 24 POUCES - Bogensportdiscount \u2013 Arcs, fl\u00e8ches, cibles et accessoires<\/title>\n<meta name=\"description\" content=\"CARTER HAND STYLE WISE CHOICE 24 POUCES : achetez-le \u00e0 prix avantageux chez Bogensportdiscount \u2013 Les meilleures marques, livraison rapide depuis la Suisse.\" \/>\n<meta name=\"robots\" content=\"index, follow, max-snippet:-1, max-image-preview:large, max-video-preview:-1\" \/>\n<link rel=\"canonical\" href=\"https:\/\/bogensportdiscount.ch\/fr\/produit\/carter-hand-release-wise-choice-24-thumb\/\" \/>\n<meta property=\"og:locale\" content=\"fr_FR\" \/>\n<meta property=\"og:type\" content=\"article\" \/>\n<meta property=\"og:title\" content=\"CARTER HAND STYLE WISE CHOICE 24 POUCES - Bogensportdiscount \u2013 Arcs, fl\u00e8ches, cibles et accessoires\" \/>\n<meta property=\"og:description\" content=\"CARTER HAND STYLE WISE CHOICE 24 POUCES : achetez-le \u00e0 prix avantageux chez Bogensportdiscount \u2013 Les meilleures marques, livraison rapide depuis la Suisse.\" \/>\n<meta property=\"og:url\" content=\"https:\/\/bogensportdiscount.ch\/fr\/produit\/carter-hand-release-wise-choice-24-thumb\/\" \/>\n<meta property=\"og:site_name\" content=\"Bogensportdiscount \u2013 B\u00f6gen, Pfeile, Targets &amp; Zubeh\u00f6r\" \/>\n<meta property=\"article:modified_time\" content=\"2026-05-14T13:27:14+00:00\" \/>\n<meta property=\"og:image\" content=\"https:\/\/bogensportdiscount.ch\/wp-content\/uploads\/bsm-images\/A083828_1.png\" \/>\n\t<meta property=\"og:image:width\" content=\"3770\" \/>\n\t<meta property=\"og:image:height\" content=\"3196\" \/>\n\t<meta property=\"og:image:type\" content=\"image\/png\" \/>\n<meta name=\"twitter:card\" content=\"summary_large_image\" \/>\n<meta name=\"twitter:label1\" content=\"Dur\u00e9e de lecture estim\u00e9e\" \/>\n\t<meta name=\"twitter:data1\" content=\"1 minute\" \/>\n<script type=\"application\/ld+json\" class=\"yoast-schema-graph\">{\"@context\":\"https:\\\/\\\/schema.org\",\"@graph\":[{\"@type\":\"WebPage\",\"@id\":\"https:\\\/\\\/bogensportdiscount.ch\\\/produkt\\\/carter-hand-release-wise-choice-24-thumb\\\/\",\"url\":\"https:\\\/\\\/bogensportdiscount.ch\\\/produkt\\\/carter-hand-release-wise-choice-24-thumb\\\/\",\"name\":\"CARTER HAND STYLE WISE CHOICE 24 DAUMEN - Bogensportdiscount \u2013 B\u00f6gen, Pfeile, Targets &amp; Zubeh\u00f6r\",\"isPartOf\":{\"@id\":\"https:\\\/\\\/bogensportdiscount.ch\\\/#website\"},\"primaryImageOfPage\":{\"@id\":\"https:\\\/\\\/bogensportdiscount.ch\\\/produkt\\\/carter-hand-release-wise-choice-24-thumb\\\/#primaryimage\"},\"image\":{\"@id\":\"https:\\\/\\\/bogensportdiscount.ch\\\/produkt\\\/carter-hand-release-wise-choice-24-thumb\\\/#primaryimage\"},\"thumbnailUrl\":\"https:\\\/\\\/bogensportdiscount.ch\\\/wp-content\\\/uploads\\\/bsm-images\\\/A083825_1.jpg\",\"datePublished\":\"2026-04-05T13:15:58+00:00\",\"dateModified\":\"2026-05-14T13:27:14+00:00\",\"description\":\"CARTER HAND STYLE WISE CHOICE 24 DAUMEN g\u00fcnstig kaufen bei Bogensportdiscount \u2013 Top-Marken, schneller Versand aus der Schweiz.\",\"breadcrumb\":{\"@id\":\"https:\\\/\\\/bogensportdiscount.ch\\\/produkt\\\/carter-hand-release-wise-choice-24-thumb\\\/#breadcrumb\"},\"inLanguage\":\"fr-FR\",\"potentialAction\":[{\"@type\":\"ReadAction\",\"target\":[\"https:\\\/\\\/bogensportdiscount.ch\\\/produkt\\\/carter-hand-release-wise-choice-24-thumb\\\/\"]}]},{\"@type\":\"ImageObject\",\"inLanguage\":\"fr-FR\",\"@id\":\"https:\\\/\\\/bogensportdiscount.ch\\\/produkt\\\/carter-hand-release-wise-choice-24-thumb\\\/#primaryimage\",\"url\":\"https:\\\/\\\/bogensportdiscount.ch\\\/wp-content\\\/uploads\\\/bsm-images\\\/A083825_1.jpg\",\"contentUrl\":\"https:\\\/\\\/bogensportdiscount.ch\\\/wp-content\\\/uploads\\\/bsm-images\\\/A083825_1.jpg\",\"width\":1023,\"height\":868},{\"@type\":\"BreadcrumbList\",\"@id\":\"https:\\\/\\\/bogensportdiscount.ch\\\/produkt\\\/carter-hand-release-wise-choice-24-thumb\\\/#breadcrumb\",\"itemListElement\":[{\"@type\":\"ListItem\",\"position\":1,\"name\":\"Home\",\"item\":\"https:\\\/\\\/bogensportdiscount.ch\\\/\"},{\"@type\":\"ListItem\",\"position\":2,\"name\":\"Shop\",\"item\":\"https:\\\/\\\/bogensportdiscount.ch\\\/shop\\\/\"},{\"@type\":\"ListItem\",\"position\":3,\"name\":\"CARTER HAND STYLE WISE CHOICE 24 DAUMEN\"}]},{\"@type\":\"WebSite\",\"@id\":\"https:\\\/\\\/bogensportdiscount.ch\\\/#website\",\"url\":\"https:\\\/\\\/bogensportdiscount.ch\\\/\",\"name\":\"Bogensportdiscount\",\"description\":\"\",\"potentialAction\":[{\"@type\":\"SearchAction\",\"target\":{\"@type\":\"EntryPoint\",\"urlTemplate\":\"https:\\\/\\\/bogensportdiscount.ch\\\/?s={search_term_string}\"},\"query-input\":{\"@type\":\"PropertyValueSpecification\",\"valueRequired\":true,\"valueName\":\"search_term_string\"}}],\"inLanguage\":\"fr-FR\"}]}<\/script>\n<!-- \/ Yoast SEO plugin. -->","yoast_head_json":{"title":"CARTER HAND STYLE WISE CHOICE 24 POUCES - Bogensportdiscount \u2013 Arcs, fl\u00e8ches, cibles et accessoires","description":"CARTER HAND STYLE WISE CHOICE 24 POUCES : achetez-le \u00e0 prix avantageux chez Bogensportdiscount \u2013 Les meilleures marques, livraison rapide depuis la Suisse.","robots":{"index":"index","follow":"follow","max-snippet":"max-snippet:-1","max-image-preview":"max-image-preview:large","max-video-preview":"max-video-preview:-1"},"canonical":"https:\/\/bogensportdiscount.ch\/fr\/produit\/carter-hand-release-wise-choice-24-thumb\/","og_locale":"fr_FR","og_type":"article","og_title":"CARTER HAND STYLE WISE CHOICE 24 POUCES - Bogensportdiscount \u2013 Arcs, fl\u00e8ches, cibles et accessoires","og_description":"CARTER HAND STYLE WISE CHOICE 24 POUCES : achetez-le \u00e0 prix avantageux chez Bogensportdiscount \u2013 Les meilleures marques, livraison rapide depuis la Suisse.","og_url":"https:\/\/bogensportdiscount.ch\/fr\/produit\/carter-hand-release-wise-choice-24-thumb\/","og_site_name":"Bogensportdiscount \u2013 B\u00f6gen, Pfeile, Targets &amp; Zubeh\u00f6r","article_modified_time":"2026-05-14T13:27:14+00:00","og_image":[{"url":"https:\/\/bogensportdiscount.ch\/wp-content\/uploads\/bsm-images\/A083828_1.png","width":3770,"height":3196,"type":"image\/png"}],"twitter_card":"summary_large_image","twitter_misc":{"Dur\u00e9e de lecture estim\u00e9e":"1 minute"},"schema":{"@context":"https:\/\/schema.org","@graph":[{"@type":"WebPage","@id":"https:\/\/bogensportdiscount.ch\/produkt\/carter-hand-release-wise-choice-24-thumb\/","url":"https:\/\/bogensportdiscount.ch\/produkt\/carter-hand-release-wise-choice-24-thumb\/","name":"CARTER HAND STYLE WISE CHOICE 24 POUCES - Bogensportdiscount \u2013 Arcs, fl\u00e8ches, cibles et accessoires","isPartOf":{"@id":"https:\/\/bogensportdiscount.ch\/#website"},"primaryImageOfPage":{"@id":"https:\/\/bogensportdiscount.ch\/produkt\/carter-hand-release-wise-choice-24-thumb\/#primaryimage"},"image":{"@id":"https:\/\/bogensportdiscount.ch\/produkt\/carter-hand-release-wise-choice-24-thumb\/#primaryimage"},"thumbnailUrl":"https:\/\/bogensportdiscount.ch\/wp-content\/uploads\/bsm-images\/A083825_1.jpg","datePublished":"2026-04-05T13:15:58+00:00","dateModified":"2026-05-14T13:27:14+00:00","description":"CARTER HAND STYLE WISE CHOICE 24 POUCES : achetez-le \u00e0 prix avantageux chez Bogensportdiscount \u2013 Les meilleures marques, livraison rapide depuis la Suisse.","breadcrumb":{"@id":"https:\/\/bogensportdiscount.ch\/produkt\/carter-hand-release-wise-choice-24-thumb\/#breadcrumb"},"inLanguage":"fr-FR","potentialAction":[{"@type":"ReadAction","target":["https:\/\/bogensportdiscount.ch\/produkt\/carter-hand-release-wise-choice-24-thumb\/"]}]},{"@type":"ImageObject","inLanguage":"fr-FR","@id":"https:\/\/bogensportdiscount.ch\/produkt\/carter-hand-release-wise-choice-24-thumb\/#primaryimage","url":"https:\/\/bogensportdiscount.ch\/wp-content\/uploads\/bsm-images\/A083825_1.jpg","contentUrl":"https:\/\/bogensportdiscount.ch\/wp-content\/uploads\/bsm-images\/A083825_1.jpg","width":1023,"height":868},{"@type":"BreadcrumbList","@id":"https:\/\/bogensportdiscount.ch\/produkt\/carter-hand-release-wise-choice-24-thumb\/#breadcrumb","itemListElement":[{"@type":"ListItem","position":1,"name":"Home","item":"https:\/\/bogensportdiscount.ch\/"},{"@type":"ListItem","position":2,"name":"Shop","item":"https:\/\/bogensportdiscount.ch\/shop\/"},{"@type":"ListItem","position":3,"name":"CARTER HAND STYLE WISE CHOICE 24 DAUMEN"}]},{"@type":"WebSite","@id":"https:\/\/bogensportdiscount.ch\/#website","url":"https:\/\/bogensportdiscount.ch\/","name":"Bogensportdiscount","description":"","potentialAction":[{"@type":"SearchAction","target":{"@type":"EntryPoint","urlTemplate":"https:\/\/bogensportdiscount.ch\/?s={search_term_string}"},"query-input":{"@type":"PropertyValueSpecification","valueRequired":true,"valueName":"search_term_string"}}],"inLanguage":"fr-FR"}]}},"_links":{"self":[{"href":"https:\/\/bogensportdiscount.ch\/fr\/wp-json\/wp\/v2\/product\/418547","targetHints":{"allow":["GET"]}}],"collection":[{"href":"https:\/\/bogensportdiscount.ch\/fr\/wp-json\/wp\/v2\/product"}],"about":[{"href":"https:\/\/bogensportdiscount.ch\/fr\/wp-json\/wp\/v2\/types\/product"}],"replies":[{"embeddable":true,"href":"https:\/\/bogensportdiscount.ch\/fr\/wp-json\/wp\/v2\/comments?post=418547"}],"wp:featuredmedia":[{"embeddable":true,"href":"https:\/\/bogensportdiscount.ch\/fr\/wp-json\/wp\/v2\/media\/522865"}],"wp:attachment":[{"href":"https:\/\/bogensportdiscount.ch\/fr\/wp-json\/wp\/v2\/media?parent=418547"}],"wp:term":[{"taxonomy":"product_brand","embeddable":true,"href":"https:\/\/bogensportdiscount.ch\/fr\/wp-json\/wp\/v2\/product_brand?post=418547"},{"taxonomy":"product_cat","embeddable":true,"href":"https:\/\/bogensportdiscount.ch\/fr\/wp-json\/wp\/v2\/product_cat?post=418547"},{"taxonomy":"product_tag","embeddable":true,"href":"https:\/\/bogensportdiscount.ch\/fr\/wp-json\/wp\/v2\/product_tag?post=418547"}],"curies":[{"name":"wp","href":"https:\/\/api.w.org\/{rel}","templated":true}]}}