{"id":418540,"date":"2026-04-05T15:15:57","date_gmt":"2026-04-05T13:15:57","guid":{"rendered":"https:\/\/bogensportdiscount.ch\/produkt\/hand-style-1st-choice-24-thumb-3-finger-blue\/"},"modified":"2026-05-14T15:27:14","modified_gmt":"2026-05-14T13:27:14","slug":"carter-hand-release-1st-choice-24-thumb","status":"publish","type":"product","link":"https:\/\/bogensportdiscount.ch\/fr\/produit\/carter-hand-release-1st-choice-24-thumb\/","title":{"rendered":"CARTER HAND STYLE 1ST CHOICE 24 POUCE"},"content":{"rendered":"<p>Le CARTER 1st Choice 24 Thumb est un d\u00e9cocheur hand-style \u00e0 d\u00e9clenchement pouce de la marque CARTER, l'un des fabricants de d\u00e9cocheurs les plus connus dans le sport du tir \u00e0 l'arc. Le mod\u00e8le est con\u00e7u pour une utilisation avec des arcs \u00e0 poulies et se tient directement dans la main, sans sangle de poignet.<\/p>\n<p>Le d\u00e9cocheur est disponible en deux configurations de doigts \u2013 3 doigts et 4 doigts \u2013 et peut ainsi \u00eatre adapt\u00e9 \u00e0 diff\u00e9rentes tailles de main et pr\u00e9f\u00e9rences personnelles. Le choix de couleurs comprend le noir, le bleu et le rouge.<\/p>\n<ul>\n<li>D\u00e9cocheur hand-style \u00e0 d\u00e9clenchement pouce<\/li>\n<li>Disponible en version 3 doigts et 4 doigts<\/li>\n<li>Choix de couleurs : Noir, Bleu, Rouge<\/li>\n<li>Fabrication : USA (Carter Enterprises)<\/li>\n<\/ul>","protected":false},"excerpt":{"rendered":"<table>\n<tr>\n<th>Propri\u00e9t\u00e9<\/th>\n<th>Valeur<\/th>\n<\/tr>\n<tr>\n<td>Marque<\/td>\n<td>Carter<\/td>\n<\/tr>\n<tr>\n<td>Pays d'origine<\/td>\n<td>USA<\/td>\n<\/tr>\n<\/table>","protected":false},"featured_media":522866,"comment_status":"open","ping_status":"closed","template":"","meta":[],"product_brand":[469],"product_cat":[4209],"product_tag":[],"class_list":{"0":"post-418540","1":"product","2":"type-product","3":"status-publish","4":"has-post-thumbnail","6":"product_brand-carter","7":"product_cat-thumb-releases","8":"product_shipping_class-bsd-standard","10":"first","11":"instock","12":"shipping-taxable","13":"purchasable","14":"product-type-variable"},"yoast_head":"<!-- This site is optimized with the Yoast SEO plugin v27.6 - https:\/\/yoast.com\/product\/yoast-seo-wordpress\/ -->\n<title>CARTER HAND STYLE 1ST CHOICE 24 POUCES - Bogensportdiscount \u2013 Arcs, fl\u00e8ches, cibles et accessoires<\/title>\n<meta name=\"description\" content=\"CARTER HAND STYLE 1ST CHOICE 24 POUCES : achetez-le \u00e0 prix avantageux chez Bogensportdiscount \u2013 Les meilleures marques, livraison rapide depuis la Suisse.\" \/>\n<meta name=\"robots\" content=\"index, follow, max-snippet:-1, max-image-preview:large, max-video-preview:-1\" \/>\n<link rel=\"canonical\" href=\"https:\/\/bogensportdiscount.ch\/fr\/produit\/carter-hand-release-1st-choice-24-thumb\/\" \/>\n<meta property=\"og:locale\" content=\"fr_FR\" \/>\n<meta property=\"og:type\" content=\"article\" \/>\n<meta property=\"og:title\" content=\"CARTER HAND STYLE 1ST CHOICE 24 POUCES - Bogensportdiscount \u2013 Arcs, fl\u00e8ches, cibles et accessoires\" \/>\n<meta property=\"og:description\" content=\"CARTER HAND STYLE 1ST CHOICE 24 POUCES : achetez-le \u00e0 prix avantageux chez Bogensportdiscount \u2013 Les meilleures marques, livraison rapide depuis la Suisse.\" \/>\n<meta property=\"og:url\" content=\"https:\/\/bogensportdiscount.ch\/fr\/produit\/carter-hand-release-1st-choice-24-thumb\/\" \/>\n<meta property=\"og:site_name\" content=\"Bogensportdiscount \u2013 B\u00f6gen, Pfeile, Targets &amp; Zubeh\u00f6r\" \/>\n<meta property=\"article:modified_time\" content=\"2026-05-14T13:27:14+00:00\" \/>\n<meta property=\"og:image\" content=\"https:\/\/bogensportdiscount.ch\/wp-content\/uploads\/bsm-images\/A083819_1.png\" \/>\n\t<meta property=\"og:image:width\" content=\"3067\" \/>\n\t<meta property=\"og:image:height\" content=\"2091\" \/>\n\t<meta property=\"og:image:type\" content=\"image\/png\" \/>\n<meta name=\"twitter:card\" content=\"summary_large_image\" \/>\n<script type=\"application\/ld+json\" class=\"yoast-schema-graph\">{\"@context\":\"https:\\\/\\\/schema.org\",\"@graph\":[{\"@type\":\"WebPage\",\"@id\":\"https:\\\/\\\/bogensportdiscount.ch\\\/produkt\\\/carter-hand-release-1st-choice-24-thumb\\\/\",\"url\":\"https:\\\/\\\/bogensportdiscount.ch\\\/produkt\\\/carter-hand-release-1st-choice-24-thumb\\\/\",\"name\":\"CARTER HAND STYLE 1ST CHOICE 24 DAUMEN - Bogensportdiscount \u2013 B\u00f6gen, Pfeile, Targets &amp; Zubeh\u00f6r\",\"isPartOf\":{\"@id\":\"https:\\\/\\\/bogensportdiscount.ch\\\/#website\"},\"primaryImageOfPage\":{\"@id\":\"https:\\\/\\\/bogensportdiscount.ch\\\/produkt\\\/carter-hand-release-1st-choice-24-thumb\\\/#primaryimage\"},\"image\":{\"@id\":\"https:\\\/\\\/bogensportdiscount.ch\\\/produkt\\\/carter-hand-release-1st-choice-24-thumb\\\/#primaryimage\"},\"thumbnailUrl\":\"https:\\\/\\\/bogensportdiscount.ch\\\/wp-content\\\/uploads\\\/bsm-images\\\/A083818_1.jpg\",\"datePublished\":\"2026-04-05T13:15:57+00:00\",\"dateModified\":\"2026-05-14T13:27:14+00:00\",\"description\":\"CARTER HAND STYLE 1ST CHOICE 24 DAUMEN g\u00fcnstig kaufen bei Bogensportdiscount \u2013 Top-Marken, schneller Versand aus der Schweiz.\",\"breadcrumb\":{\"@id\":\"https:\\\/\\\/bogensportdiscount.ch\\\/produkt\\\/carter-hand-release-1st-choice-24-thumb\\\/#breadcrumb\"},\"inLanguage\":\"fr-FR\",\"potentialAction\":[{\"@type\":\"ReadAction\",\"target\":[\"https:\\\/\\\/bogensportdiscount.ch\\\/produkt\\\/carter-hand-release-1st-choice-24-thumb\\\/\"]}]},{\"@type\":\"ImageObject\",\"inLanguage\":\"fr-FR\",\"@id\":\"https:\\\/\\\/bogensportdiscount.ch\\\/produkt\\\/carter-hand-release-1st-choice-24-thumb\\\/#primaryimage\",\"url\":\"https:\\\/\\\/bogensportdiscount.ch\\\/wp-content\\\/uploads\\\/bsm-images\\\/A083818_1.jpg\",\"contentUrl\":\"https:\\\/\\\/bogensportdiscount.ch\\\/wp-content\\\/uploads\\\/bsm-images\\\/A083818_1.jpg\",\"width\":1024,\"height\":698},{\"@type\":\"BreadcrumbList\",\"@id\":\"https:\\\/\\\/bogensportdiscount.ch\\\/produkt\\\/carter-hand-release-1st-choice-24-thumb\\\/#breadcrumb\",\"itemListElement\":[{\"@type\":\"ListItem\",\"position\":1,\"name\":\"Home\",\"item\":\"https:\\\/\\\/bogensportdiscount.ch\\\/\"},{\"@type\":\"ListItem\",\"position\":2,\"name\":\"Shop\",\"item\":\"https:\\\/\\\/bogensportdiscount.ch\\\/shop\\\/\"},{\"@type\":\"ListItem\",\"position\":3,\"name\":\"CARTER HAND STYLE 1ST CHOICE 24 DAUMEN\"}]},{\"@type\":\"WebSite\",\"@id\":\"https:\\\/\\\/bogensportdiscount.ch\\\/#website\",\"url\":\"https:\\\/\\\/bogensportdiscount.ch\\\/\",\"name\":\"Bogensportdiscount\",\"description\":\"\",\"potentialAction\":[{\"@type\":\"SearchAction\",\"target\":{\"@type\":\"EntryPoint\",\"urlTemplate\":\"https:\\\/\\\/bogensportdiscount.ch\\\/?s={search_term_string}\"},\"query-input\":{\"@type\":\"PropertyValueSpecification\",\"valueRequired\":true,\"valueName\":\"search_term_string\"}}],\"inLanguage\":\"fr-FR\"}]}<\/script>\n<!-- \/ Yoast SEO plugin. -->","yoast_head_json":{"title":"CARTER HAND STYLE 1ST CHOICE 24 POUCES - Bogensportdiscount \u2013 Arcs, fl\u00e8ches, cibles et accessoires","description":"CARTER HAND STYLE 1ST CHOICE 24 POUCES : achetez-le \u00e0 prix avantageux chez Bogensportdiscount \u2013 Les meilleures marques, livraison rapide depuis la Suisse.","robots":{"index":"index","follow":"follow","max-snippet":"max-snippet:-1","max-image-preview":"max-image-preview:large","max-video-preview":"max-video-preview:-1"},"canonical":"https:\/\/bogensportdiscount.ch\/fr\/produit\/carter-hand-release-1st-choice-24-thumb\/","og_locale":"fr_FR","og_type":"article","og_title":"CARTER HAND STYLE 1ST CHOICE 24 POUCES - Bogensportdiscount \u2013 Arcs, fl\u00e8ches, cibles et accessoires","og_description":"CARTER HAND STYLE 1ST CHOICE 24 POUCES : achetez-le \u00e0 prix avantageux chez Bogensportdiscount \u2013 Les meilleures marques, livraison rapide depuis la Suisse.","og_url":"https:\/\/bogensportdiscount.ch\/fr\/produit\/carter-hand-release-1st-choice-24-thumb\/","og_site_name":"Bogensportdiscount \u2013 B\u00f6gen, Pfeile, Targets &amp; Zubeh\u00f6r","article_modified_time":"2026-05-14T13:27:14+00:00","og_image":[{"url":"https:\/\/bogensportdiscount.ch\/wp-content\/uploads\/bsm-images\/A083819_1.png","width":3067,"height":2091,"type":"image\/png"}],"twitter_card":"summary_large_image","schema":{"@context":"https:\/\/schema.org","@graph":[{"@type":"WebPage","@id":"https:\/\/bogensportdiscount.ch\/produkt\/carter-hand-release-1st-choice-24-thumb\/","url":"https:\/\/bogensportdiscount.ch\/produkt\/carter-hand-release-1st-choice-24-thumb\/","name":"CARTER HAND STYLE 1ST CHOICE 24 POUCES - Bogensportdiscount \u2013 Arcs, fl\u00e8ches, cibles et accessoires","isPartOf":{"@id":"https:\/\/bogensportdiscount.ch\/#website"},"primaryImageOfPage":{"@id":"https:\/\/bogensportdiscount.ch\/produkt\/carter-hand-release-1st-choice-24-thumb\/#primaryimage"},"image":{"@id":"https:\/\/bogensportdiscount.ch\/produkt\/carter-hand-release-1st-choice-24-thumb\/#primaryimage"},"thumbnailUrl":"https:\/\/bogensportdiscount.ch\/wp-content\/uploads\/bsm-images\/A083818_1.jpg","datePublished":"2026-04-05T13:15:57+00:00","dateModified":"2026-05-14T13:27:14+00:00","description":"CARTER HAND STYLE 1ST CHOICE 24 POUCES : achetez-le \u00e0 prix avantageux chez Bogensportdiscount \u2013 Les meilleures marques, livraison rapide depuis la Suisse.","breadcrumb":{"@id":"https:\/\/bogensportdiscount.ch\/produkt\/carter-hand-release-1st-choice-24-thumb\/#breadcrumb"},"inLanguage":"fr-FR","potentialAction":[{"@type":"ReadAction","target":["https:\/\/bogensportdiscount.ch\/produkt\/carter-hand-release-1st-choice-24-thumb\/"]}]},{"@type":"ImageObject","inLanguage":"fr-FR","@id":"https:\/\/bogensportdiscount.ch\/produkt\/carter-hand-release-1st-choice-24-thumb\/#primaryimage","url":"https:\/\/bogensportdiscount.ch\/wp-content\/uploads\/bsm-images\/A083818_1.jpg","contentUrl":"https:\/\/bogensportdiscount.ch\/wp-content\/uploads\/bsm-images\/A083818_1.jpg","width":1024,"height":698},{"@type":"BreadcrumbList","@id":"https:\/\/bogensportdiscount.ch\/produkt\/carter-hand-release-1st-choice-24-thumb\/#breadcrumb","itemListElement":[{"@type":"ListItem","position":1,"name":"Home","item":"https:\/\/bogensportdiscount.ch\/"},{"@type":"ListItem","position":2,"name":"Shop","item":"https:\/\/bogensportdiscount.ch\/shop\/"},{"@type":"ListItem","position":3,"name":"CARTER HAND STYLE 1ST CHOICE 24 DAUMEN"}]},{"@type":"WebSite","@id":"https:\/\/bogensportdiscount.ch\/#website","url":"https:\/\/bogensportdiscount.ch\/","name":"Bogensportdiscount","description":"","potentialAction":[{"@type":"SearchAction","target":{"@type":"EntryPoint","urlTemplate":"https:\/\/bogensportdiscount.ch\/?s={search_term_string}"},"query-input":{"@type":"PropertyValueSpecification","valueRequired":true,"valueName":"search_term_string"}}],"inLanguage":"fr-FR"}]}},"_links":{"self":[{"href":"https:\/\/bogensportdiscount.ch\/fr\/wp-json\/wp\/v2\/product\/418540","targetHints":{"allow":["GET"]}}],"collection":[{"href":"https:\/\/bogensportdiscount.ch\/fr\/wp-json\/wp\/v2\/product"}],"about":[{"href":"https:\/\/bogensportdiscount.ch\/fr\/wp-json\/wp\/v2\/types\/product"}],"replies":[{"embeddable":true,"href":"https:\/\/bogensportdiscount.ch\/fr\/wp-json\/wp\/v2\/comments?post=418540"}],"wp:featuredmedia":[{"embeddable":true,"href":"https:\/\/bogensportdiscount.ch\/fr\/wp-json\/wp\/v2\/media\/522866"}],"wp:attachment":[{"href":"https:\/\/bogensportdiscount.ch\/fr\/wp-json\/wp\/v2\/media?parent=418540"}],"wp:term":[{"taxonomy":"product_brand","embeddable":true,"href":"https:\/\/bogensportdiscount.ch\/fr\/wp-json\/wp\/v2\/product_brand?post=418540"},{"taxonomy":"product_cat","embeddable":true,"href":"https:\/\/bogensportdiscount.ch\/fr\/wp-json\/wp\/v2\/product_cat?post=418540"},{"taxonomy":"product_tag","embeddable":true,"href":"https:\/\/bogensportdiscount.ch\/fr\/wp-json\/wp\/v2\/product_tag?post=418540"}],"curies":[{"name":"wp","href":"https:\/\/api.w.org\/{rel}","templated":true}]}}