{"id":418184,"date":"2026-04-05T15:15:17","date_gmt":"2026-04-05T13:15:17","guid":{"rendered":"https:\/\/bogensportdiscount.ch\/produkt\/compound-exalt-35-spx-cam-rotating-mod-lh-30-40lbs-24-5-30-flat-black\/"},"modified":"2026-05-14T15:27:13","modified_gmt":"2026-05-14T13:27:13","slug":"elite-compound-bogen-exalt-35-spx-cam-rotating-mod","status":"publish","type":"product","link":"https:\/\/bogensportdiscount.ch\/fr\/produit\/elite-compound-bogen-exalt-35-spx-cam-rotating-mod\/","title":{"rendered":"ELITE ARC \u00c0 POULIES EXALT 35 SPX CAM ROTATING MOD"},"content":{"rendered":"<p>Le ELITE Exalt 35 SPX est un arc \u00e0 poulies avec un entraxe de 35 pouces et une brace height de 6,8125 pouces. Le syst\u00e8me Rotating Mod du SPX Cam permet un r\u00e9glage flexible de la courbe de traction et de la puissance, disponible en six niveaux de 30 \u00e0 75 lbs.<\/p>\n<p>L'arc est disponible en main droite et en main gauche et est propos\u00e9 dans de nombreuses couleurs, dont des teintes classiques telles que Black, Grey et White ainsi que des motifs camouflage comme Mossy Oak Bottomland. Le cadre est fabriqu\u00e9 en aluminium et produit aux \u00c9tats-Unis.<\/p>\n<ul>\n<li>Entraxe 35 pouces \u2013 \u00e9quilibre optimal entre compacit\u00e9 et stabilit\u00e9<\/li>\n<li>Rotating Mod sur le SPX Cam pour un r\u00e9glage flexible de la courbe de traction<\/li>\n<li>Let-Off r\u00e9glable<\/li>\n<li>Disponible en 9 couleurs et pour les deux mains<\/li>\n<\/ul>","protected":false},"excerpt":{"rendered":"<table>\n<tr>\n<th>Propri\u00e9t\u00e9<\/th>\n<th>Valeur<\/th>\n<\/tr>\n<tr>\n<td>Entre-axes<\/td>\n<td>35 pouces<\/td>\n<\/tr>\n<tr>\n<td>Brace height<\/td>\n<td>6,8125 pouces<\/td>\n<\/tr>\n<tr>\n<td>Module<\/td>\n<td>Rotating Mod<\/td>\n<\/tr>\n<tr>\n<td>Puissance<\/td>\n<td>30\u201375 lbs (r\u00e9glable)<\/td>\n<\/tr>\n<tr>\n<td>Let-Off<\/td>\n<td>R\u00e9glable<\/td>\n<\/tr>\n<tr>\n<td>Mat\u00e9riau<\/td>\n<td>Aluminium<\/td>\n<\/tr>\n<tr>\n<td>Pays d'origine<\/td>\n<td>USA<\/td>\n<\/tr>\n<\/table>","protected":false},"featured_media":522874,"comment_status":"open","ping_status":"closed","template":"","meta":[],"product_brand":[474],"product_cat":[4523],"product_tag":[],"class_list":{"0":"post-418184","1":"product","2":"type-product","3":"status-publish","4":"has-post-thumbnail","6":"product_brand-elite","7":"product_cat-compound-boegen--35","8":"product_shipping_class-bsd-sperrgut","10":"first","11":"instock","12":"shipping-taxable","13":"purchasable","14":"product-type-variable"},"yoast_head":"<!-- This site is optimized with the Yoast SEO plugin v27.6 - https:\/\/yoast.com\/product\/yoast-seo-wordpress\/ -->\n<title>ELITE COMPOUNDBOGEN EXALT 35 SPX CAM ROTATING MOD - Bogensportdiscount \u2013 B\u00f6gen, Pfeile, Targets &amp; Zubeh\u00f6r<\/title>\n<meta name=\"description\" content=\"ELITE COMPOUNDBOGEN EXALT 35 SPX CAM ROTATING MOD g\u00fcnstig kaufen bei Bogensportdiscount \u2013 Top-Marken, schneller Versand aus der Schweiz.\" \/>\n<meta name=\"robots\" content=\"index, follow, max-snippet:-1, max-image-preview:large, max-video-preview:-1\" \/>\n<link rel=\"canonical\" href=\"https:\/\/bogensportdiscount.ch\/fr\/produit\/elite-compound-bogen-exalt-35-spx-cam-rotating-mod\/\" \/>\n<meta property=\"og:locale\" content=\"fr_FR\" \/>\n<meta property=\"og:type\" content=\"article\" \/>\n<meta property=\"og:title\" content=\"ELITE COMPOUNDBOGEN EXALT 35 SPX CAM ROTATING MOD - Bogensportdiscount \u2013 B\u00f6gen, Pfeile, Targets &amp; Zubeh\u00f6r\" \/>\n<meta property=\"og:description\" content=\"ELITE COMPOUNDBOGEN EXALT 35 SPX CAM ROTATING MOD g\u00fcnstig kaufen bei Bogensportdiscount \u2013 Top-Marken, schneller Versand aus der Schweiz.\" \/>\n<meta property=\"og:url\" content=\"https:\/\/bogensportdiscount.ch\/fr\/produit\/elite-compound-bogen-exalt-35-spx-cam-rotating-mod\/\" \/>\n<meta property=\"og:site_name\" content=\"Bogensportdiscount \u2013 B\u00f6gen, Pfeile, Targets &amp; Zubeh\u00f6r\" \/>\n<meta property=\"article:modified_time\" content=\"2026-05-14T13:27:13+00:00\" \/>\n<meta property=\"og:image\" content=\"https:\/\/bogensportdiscount.ch\/wp-content\/uploads\/bsm-images\/A083362_1.jpg\" \/>\n\t<meta property=\"og:image:width\" content=\"325\" \/>\n\t<meta property=\"og:image:height\" content=\"1023\" \/>\n\t<meta property=\"og:image:type\" content=\"image\/jpeg\" \/>\n<meta name=\"twitter:card\" content=\"summary_large_image\" \/>\n<meta name=\"twitter:label1\" content=\"Dur\u00e9e de lecture estim\u00e9e\" \/>\n\t<meta name=\"twitter:data1\" content=\"1 minute\" \/>\n<script type=\"application\/ld+json\" class=\"yoast-schema-graph\">{\"@context\":\"https:\\\/\\\/schema.org\",\"@graph\":[{\"@type\":\"WebPage\",\"@id\":\"https:\\\/\\\/bogensportdiscount.ch\\\/produkt\\\/elite-compound-bogen-exalt-35-spx-cam-rotating-mod\\\/\",\"url\":\"https:\\\/\\\/bogensportdiscount.ch\\\/produkt\\\/elite-compound-bogen-exalt-35-spx-cam-rotating-mod\\\/\",\"name\":\"ELITE COMPOUNDBOGEN EXALT 35 SPX CAM ROTATING MOD - Bogensportdiscount \u2013 B\u00f6gen, Pfeile, Targets &amp; Zubeh\u00f6r\",\"isPartOf\":{\"@id\":\"https:\\\/\\\/bogensportdiscount.ch\\\/#website\"},\"primaryImageOfPage\":{\"@id\":\"https:\\\/\\\/bogensportdiscount.ch\\\/produkt\\\/elite-compound-bogen-exalt-35-spx-cam-rotating-mod\\\/#primaryimage\"},\"image\":{\"@id\":\"https:\\\/\\\/bogensportdiscount.ch\\\/produkt\\\/elite-compound-bogen-exalt-35-spx-cam-rotating-mod\\\/#primaryimage\"},\"thumbnailUrl\":\"https:\\\/\\\/bogensportdiscount.ch\\\/wp-content\\\/uploads\\\/bsm-images\\\/A083362_1.jpg\",\"datePublished\":\"2026-04-05T13:15:17+00:00\",\"dateModified\":\"2026-05-14T13:27:13+00:00\",\"description\":\"ELITE COMPOUNDBOGEN EXALT 35 SPX CAM ROTATING MOD g\u00fcnstig kaufen bei Bogensportdiscount \u2013 Top-Marken, schneller Versand aus der Schweiz.\",\"breadcrumb\":{\"@id\":\"https:\\\/\\\/bogensportdiscount.ch\\\/produkt\\\/elite-compound-bogen-exalt-35-spx-cam-rotating-mod\\\/#breadcrumb\"},\"inLanguage\":\"fr-FR\",\"potentialAction\":[{\"@type\":\"ReadAction\",\"target\":[\"https:\\\/\\\/bogensportdiscount.ch\\\/produkt\\\/elite-compound-bogen-exalt-35-spx-cam-rotating-mod\\\/\"]}]},{\"@type\":\"ImageObject\",\"inLanguage\":\"fr-FR\",\"@id\":\"https:\\\/\\\/bogensportdiscount.ch\\\/produkt\\\/elite-compound-bogen-exalt-35-spx-cam-rotating-mod\\\/#primaryimage\",\"url\":\"https:\\\/\\\/bogensportdiscount.ch\\\/wp-content\\\/uploads\\\/bsm-images\\\/A083362_1.jpg\",\"contentUrl\":\"https:\\\/\\\/bogensportdiscount.ch\\\/wp-content\\\/uploads\\\/bsm-images\\\/A083362_1.jpg\",\"width\":325,\"height\":1023},{\"@type\":\"BreadcrumbList\",\"@id\":\"https:\\\/\\\/bogensportdiscount.ch\\\/produkt\\\/elite-compound-bogen-exalt-35-spx-cam-rotating-mod\\\/#breadcrumb\",\"itemListElement\":[{\"@type\":\"ListItem\",\"position\":1,\"name\":\"Home\",\"item\":\"https:\\\/\\\/bogensportdiscount.ch\\\/\"},{\"@type\":\"ListItem\",\"position\":2,\"name\":\"Shop\",\"item\":\"https:\\\/\\\/bogensportdiscount.ch\\\/shop\\\/\"},{\"@type\":\"ListItem\",\"position\":3,\"name\":\"ELITE COMPOUND EXALT 35 SPX CAM ROTATING MOD\"}]},{\"@type\":\"WebSite\",\"@id\":\"https:\\\/\\\/bogensportdiscount.ch\\\/#website\",\"url\":\"https:\\\/\\\/bogensportdiscount.ch\\\/\",\"name\":\"Bogensportdiscount\",\"description\":\"\",\"potentialAction\":[{\"@type\":\"SearchAction\",\"target\":{\"@type\":\"EntryPoint\",\"urlTemplate\":\"https:\\\/\\\/bogensportdiscount.ch\\\/?s={search_term_string}\"},\"query-input\":{\"@type\":\"PropertyValueSpecification\",\"valueRequired\":true,\"valueName\":\"search_term_string\"}}],\"inLanguage\":\"fr-FR\"}]}<\/script>\n<!-- \/ Yoast SEO plugin. -->","yoast_head_json":{"title":"ELITE COMPOUNDBOGEN EXALT 35 SPX CAM ROTATING MOD - Bogensportdiscount \u2013 B\u00f6gen, Pfeile, Targets &amp; Zubeh\u00f6r","description":"ELITE COMPOUNDBOGEN EXALT 35 SPX CAM ROTATING MOD g\u00fcnstig kaufen bei Bogensportdiscount \u2013 Top-Marken, schneller Versand aus der Schweiz.","robots":{"index":"index","follow":"follow","max-snippet":"max-snippet:-1","max-image-preview":"max-image-preview:large","max-video-preview":"max-video-preview:-1"},"canonical":"https:\/\/bogensportdiscount.ch\/fr\/produit\/elite-compound-bogen-exalt-35-spx-cam-rotating-mod\/","og_locale":"fr_FR","og_type":"article","og_title":"ELITE COMPOUNDBOGEN EXALT 35 SPX CAM ROTATING MOD - Bogensportdiscount \u2013 B\u00f6gen, Pfeile, Targets &amp; Zubeh\u00f6r","og_description":"ELITE COMPOUNDBOGEN EXALT 35 SPX CAM ROTATING MOD g\u00fcnstig kaufen bei Bogensportdiscount \u2013 Top-Marken, schneller Versand aus der Schweiz.","og_url":"https:\/\/bogensportdiscount.ch\/fr\/produit\/elite-compound-bogen-exalt-35-spx-cam-rotating-mod\/","og_site_name":"Bogensportdiscount \u2013 B\u00f6gen, Pfeile, Targets &amp; Zubeh\u00f6r","article_modified_time":"2026-05-14T13:27:13+00:00","og_image":[{"width":325,"height":1023,"url":"https:\/\/bogensportdiscount.ch\/wp-content\/uploads\/bsm-images\/A083362_1.jpg","type":"image\/jpeg"}],"twitter_card":"summary_large_image","twitter_misc":{"Dur\u00e9e de lecture estim\u00e9e":"1 minute"},"schema":{"@context":"https:\/\/schema.org","@graph":[{"@type":"WebPage","@id":"https:\/\/bogensportdiscount.ch\/produkt\/elite-compound-bogen-exalt-35-spx-cam-rotating-mod\/","url":"https:\/\/bogensportdiscount.ch\/produkt\/elite-compound-bogen-exalt-35-spx-cam-rotating-mod\/","name":"ELITE COMPOUNDBOGEN EXALT 35 SPX CAM ROTATING MOD - Bogensportdiscount \u2013 B\u00f6gen, Pfeile, Targets &amp; Zubeh\u00f6r","isPartOf":{"@id":"https:\/\/bogensportdiscount.ch\/#website"},"primaryImageOfPage":{"@id":"https:\/\/bogensportdiscount.ch\/produkt\/elite-compound-bogen-exalt-35-spx-cam-rotating-mod\/#primaryimage"},"image":{"@id":"https:\/\/bogensportdiscount.ch\/produkt\/elite-compound-bogen-exalt-35-spx-cam-rotating-mod\/#primaryimage"},"thumbnailUrl":"https:\/\/bogensportdiscount.ch\/wp-content\/uploads\/bsm-images\/A083362_1.jpg","datePublished":"2026-04-05T13:15:17+00:00","dateModified":"2026-05-14T13:27:13+00:00","description":"ELITE COMPOUNDBOGEN EXALT 35 SPX CAM ROTATING MOD g\u00fcnstig kaufen bei Bogensportdiscount \u2013 Top-Marken, schneller Versand aus der Schweiz.","breadcrumb":{"@id":"https:\/\/bogensportdiscount.ch\/produkt\/elite-compound-bogen-exalt-35-spx-cam-rotating-mod\/#breadcrumb"},"inLanguage":"fr-FR","potentialAction":[{"@type":"ReadAction","target":["https:\/\/bogensportdiscount.ch\/produkt\/elite-compound-bogen-exalt-35-spx-cam-rotating-mod\/"]}]},{"@type":"ImageObject","inLanguage":"fr-FR","@id":"https:\/\/bogensportdiscount.ch\/produkt\/elite-compound-bogen-exalt-35-spx-cam-rotating-mod\/#primaryimage","url":"https:\/\/bogensportdiscount.ch\/wp-content\/uploads\/bsm-images\/A083362_1.jpg","contentUrl":"https:\/\/bogensportdiscount.ch\/wp-content\/uploads\/bsm-images\/A083362_1.jpg","width":325,"height":1023},{"@type":"BreadcrumbList","@id":"https:\/\/bogensportdiscount.ch\/produkt\/elite-compound-bogen-exalt-35-spx-cam-rotating-mod\/#breadcrumb","itemListElement":[{"@type":"ListItem","position":1,"name":"Home","item":"https:\/\/bogensportdiscount.ch\/"},{"@type":"ListItem","position":2,"name":"Shop","item":"https:\/\/bogensportdiscount.ch\/shop\/"},{"@type":"ListItem","position":3,"name":"ELITE COMPOUND EXALT 35 SPX CAM ROTATING MOD"}]},{"@type":"WebSite","@id":"https:\/\/bogensportdiscount.ch\/#website","url":"https:\/\/bogensportdiscount.ch\/","name":"Bogensportdiscount","description":"","potentialAction":[{"@type":"SearchAction","target":{"@type":"EntryPoint","urlTemplate":"https:\/\/bogensportdiscount.ch\/?s={search_term_string}"},"query-input":{"@type":"PropertyValueSpecification","valueRequired":true,"valueName":"search_term_string"}}],"inLanguage":"fr-FR"}]}},"_links":{"self":[{"href":"https:\/\/bogensportdiscount.ch\/fr\/wp-json\/wp\/v2\/product\/418184","targetHints":{"allow":["GET"]}}],"collection":[{"href":"https:\/\/bogensportdiscount.ch\/fr\/wp-json\/wp\/v2\/product"}],"about":[{"href":"https:\/\/bogensportdiscount.ch\/fr\/wp-json\/wp\/v2\/types\/product"}],"replies":[{"embeddable":true,"href":"https:\/\/bogensportdiscount.ch\/fr\/wp-json\/wp\/v2\/comments?post=418184"}],"wp:featuredmedia":[{"embeddable":true,"href":"https:\/\/bogensportdiscount.ch\/fr\/wp-json\/wp\/v2\/media\/522874"}],"wp:attachment":[{"href":"https:\/\/bogensportdiscount.ch\/fr\/wp-json\/wp\/v2\/media?parent=418184"}],"wp:term":[{"taxonomy":"product_brand","embeddable":true,"href":"https:\/\/bogensportdiscount.ch\/fr\/wp-json\/wp\/v2\/product_brand?post=418184"},{"taxonomy":"product_cat","embeddable":true,"href":"https:\/\/bogensportdiscount.ch\/fr\/wp-json\/wp\/v2\/product_cat?post=418184"},{"taxonomy":"product_tag","embeddable":true,"href":"https:\/\/bogensportdiscount.ch\/fr\/wp-json\/wp\/v2\/product_tag?post=418184"}],"curies":[{"name":"wp","href":"https:\/\/api.w.org\/{rel}","templated":true}]}}