{"id":417229,"date":"2026-04-05T15:13:47","date_gmt":"2026-04-05T13:13:47","guid":{"rendered":"https:\/\/bogensportdiscount.ch\/produkt\/expandable-broadheads-t2-2-blade-100-gr-3-pk\/"},"modified":"2026-04-20T13:36:01","modified_gmt":"2026-04-20T11:36:01","slug":"g5-expandable-broadhead-t2-2-blatt","status":"publish","type":"product","link":"https:\/\/bogensportdiscount.ch\/fr\/produit\/g5-expandable-broadhead-t2-2-blatt\/","title":{"rendered":"G5 POINTES DE CHASSE PLIABLES T2 \u00c0 2 LAMES TAILLE 3\/PAQUET"},"content":{"rendered":"<p>Der G5 T2 ist ein mechanischer Broadhead mit 2-Blatt-Konfiguration, der f\u00fcr pr\u00e4zise und zuverl\u00e4ssige Ergebnisse im Jagdeinsatz ausgelegt ist. Als expandierender Broadhead \u00f6ffnen sich die Klingen beim Aufprall, was einen grossen Wundkanal erzeugt.<\/p>\n<p>Das Modell ist in zwei Gewichtsklassen erh\u00e4ltlich \u2013 100 Grain und 125 Grain \u2013 und l\u00e4sst sich so an unterschiedliche Pfeilkonfigurationen und Zuggewichte anpassen. Die Herstellung erfolgt in den USA unter der bekannten Marke G5, die f\u00fcr solide Verarbeitungsqualit\u00e4t im Bogenjagdbereich steht.<\/p>\n<ul>\n<li>Mechanischer 2-Blatt-Broadhead<\/li>\n<li>Expandierende Klingen f\u00fcr grossen Wundkanal<\/li>\n<li>Disponible en 100 GR et 125 GR<\/li>\n<li>Fabriqu\u00e9 aux \u00c9tats-Unis<\/li>\n<\/ul>","protected":false},"excerpt":{"rendered":"<p>Der G5 Expandable Broadhead T2 ist ein mechanischer 2-Blatt-Jagdbroadhead aus US-amerikanischer Fertigung. Erh\u00e4ltlich in den Gewichtsvarianten 100 GR und 125 GR, eignet er sich f\u00fcr den Jagdeinsatz mit Compound- und Recurvebogen.<\/p>","protected":false},"featured_media":507706,"comment_status":"open","ping_status":"closed","template":"","meta":[],"product_brand":[583],"product_cat":[4212],"product_tag":[],"class_list":{"0":"post-417229","1":"product","2":"type-product","3":"status-publish","4":"has-post-thumbnail","6":"product_brand-g5","7":"product_cat-mechanische-jagdspitzen","9":"first","10":"instock","11":"shipping-taxable","12":"purchasable","13":"product-type-variable"},"yoast_head":"<!-- This site is optimized with the Yoast SEO plugin v27.4 - https:\/\/yoast.com\/product\/yoast-seo-wordpress\/ -->\n<title>G5 AUFKLAPPBARE JAGDSPITZEN T2 2-KLINGEN GR 3\/PK - Bogensportdiscount \u2013 B\u00f6gen, Pfeile, Targets &amp; Zubeh\u00f6r<\/title>\n<meta name=\"robots\" content=\"noindex, follow, max-snippet:-1, max-image-preview:large, max-video-preview:-1\" \/>\n<meta property=\"og:locale\" content=\"fr_FR\" \/>\n<meta property=\"og:type\" content=\"article\" \/>\n<meta property=\"og:title\" content=\"G5 AUFKLAPPBARE JAGDSPITZEN T2 2-KLINGEN GR 3\/PK - Bogensportdiscount \u2013 B\u00f6gen, Pfeile, Targets &amp; Zubeh\u00f6r\" \/>\n<meta property=\"og:description\" content=\"Der G5 Expandable Broadhead T2 ist ein mechanischer 2-Blatt-Jagdbroadhead aus US-amerikanischer Fertigung. Erh\u00e4ltlich in den Gewichtsvarianten 100 GR und 125 GR, eignet er sich f\u00fcr den Jagdeinsatz mit Compound- und Recurvebogen.\" \/>\n<meta property=\"og:url\" content=\"https:\/\/bogensportdiscount.ch\/fr\/produit\/g5-expandable-broadhead-t2-2-blatt\/\" \/>\n<meta property=\"og:site_name\" content=\"Bogensportdiscount \u2013 B\u00f6gen, Pfeile, Targets &amp; Zubeh\u00f6r\" \/>\n<meta property=\"article:modified_time\" content=\"2026-04-20T11:36:01+00:00\" \/>\n<meta property=\"og:image\" content=\"https:\/\/bogensportdiscount.ch\/wp-content\/uploads\/bsm-images\/A082306_1.jpg\" \/>\n\t<meta property=\"og:image:width\" content=\"1280\" \/>\n\t<meta property=\"og:image:height\" content=\"720\" \/>\n\t<meta property=\"og:image:type\" content=\"image\/jpeg\" \/>\n<meta name=\"twitter:card\" content=\"summary_large_image\" \/>\n<script type=\"application\/ld+json\" class=\"yoast-schema-graph\">{\"@context\":\"https:\\\/\\\/schema.org\",\"@graph\":[{\"@type\":\"WebPage\",\"@id\":\"https:\\\/\\\/bogensportdiscount.ch\\\/fr\\\/produit\\\/g5-expandable-broadhead-t2-2-blatt\\\/\",\"url\":\"https:\\\/\\\/bogensportdiscount.ch\\\/fr\\\/produit\\\/g5-expandable-broadhead-t2-2-blatt\\\/\",\"name\":\"G5 AUFKLAPPBARE JAGDSPITZEN T2 2-KLINGEN GR 3\\\/PK - Bogensportdiscount \u2013 B\u00f6gen, Pfeile, Targets &amp; Zubeh\u00f6r\",\"isPartOf\":{\"@id\":\"https:\\\/\\\/bogensportdiscount.ch\\\/#website\"},\"primaryImageOfPage\":{\"@id\":\"https:\\\/\\\/bogensportdiscount.ch\\\/fr\\\/produit\\\/g5-expandable-broadhead-t2-2-blatt\\\/#primaryimage\"},\"image\":{\"@id\":\"https:\\\/\\\/bogensportdiscount.ch\\\/fr\\\/produit\\\/g5-expandable-broadhead-t2-2-blatt\\\/#primaryimage\"},\"thumbnailUrl\":\"https:\\\/\\\/bogensportdiscount.ch\\\/wp-content\\\/uploads\\\/bsm-images\\\/A082306_1.jpg\",\"datePublished\":\"2026-04-05T13:13:47+00:00\",\"dateModified\":\"2026-04-20T11:36:01+00:00\",\"breadcrumb\":{\"@id\":\"https:\\\/\\\/bogensportdiscount.ch\\\/fr\\\/produit\\\/g5-expandable-broadhead-t2-2-blatt\\\/#breadcrumb\"},\"inLanguage\":\"fr-FR\",\"potentialAction\":[{\"@type\":\"ReadAction\",\"target\":[\"https:\\\/\\\/bogensportdiscount.ch\\\/fr\\\/produit\\\/g5-expandable-broadhead-t2-2-blatt\\\/\"]}]},{\"@type\":\"ImageObject\",\"inLanguage\":\"fr-FR\",\"@id\":\"https:\\\/\\\/bogensportdiscount.ch\\\/fr\\\/produit\\\/g5-expandable-broadhead-t2-2-blatt\\\/#primaryimage\",\"url\":\"https:\\\/\\\/bogensportdiscount.ch\\\/wp-content\\\/uploads\\\/bsm-images\\\/A082306_1.jpg\",\"contentUrl\":\"https:\\\/\\\/bogensportdiscount.ch\\\/wp-content\\\/uploads\\\/bsm-images\\\/A082306_1.jpg\",\"width\":1280,\"height\":720},{\"@type\":\"BreadcrumbList\",\"@id\":\"https:\\\/\\\/bogensportdiscount.ch\\\/fr\\\/produit\\\/g5-expandable-broadhead-t2-2-blatt\\\/#breadcrumb\",\"itemListElement\":[{\"@type\":\"ListItem\",\"position\":1,\"name\":\"Home\",\"item\":\"https:\\\/\\\/bogensportdiscount.ch\\\/\"},{\"@type\":\"ListItem\",\"position\":2,\"name\":\"Shop\",\"item\":\"https:\\\/\\\/bogensportdiscount.ch\\\/shop\\\/\"},{\"@type\":\"ListItem\",\"position\":3,\"name\":\"G5 AUFKLAPPBARE JAGDSPITZEN T2 2-KLINGEN GR 3\\\/PK\"}]},{\"@type\":\"WebSite\",\"@id\":\"https:\\\/\\\/bogensportdiscount.ch\\\/#website\",\"url\":\"https:\\\/\\\/bogensportdiscount.ch\\\/\",\"name\":\"Bogensportdiscount\",\"description\":\"\",\"potentialAction\":[{\"@type\":\"SearchAction\",\"target\":{\"@type\":\"EntryPoint\",\"urlTemplate\":\"https:\\\/\\\/bogensportdiscount.ch\\\/?s={search_term_string}\"},\"query-input\":{\"@type\":\"PropertyValueSpecification\",\"valueRequired\":true,\"valueName\":\"search_term_string\"}}],\"inLanguage\":\"fr-FR\"}]}<\/script>\n<!-- \/ Yoast SEO plugin. -->","yoast_head_json":{"title":"G5 AUFKLAPPBARE JAGDSPITZEN T2 2-KLINGEN GR 3\/PK - Bogensportdiscount \u2013 B\u00f6gen, Pfeile, Targets &amp; Zubeh\u00f6r","robots":{"index":"noindex","follow":"follow","max-snippet":"max-snippet:-1","max-image-preview":"max-image-preview:large","max-video-preview":"max-video-preview:-1"},"og_locale":"fr_FR","og_type":"article","og_title":"G5 AUFKLAPPBARE JAGDSPITZEN T2 2-KLINGEN GR 3\/PK - Bogensportdiscount \u2013 B\u00f6gen, Pfeile, Targets &amp; Zubeh\u00f6r","og_description":"Der G5 Expandable Broadhead T2 ist ein mechanischer 2-Blatt-Jagdbroadhead aus US-amerikanischer Fertigung. Erh\u00e4ltlich in den Gewichtsvarianten 100 GR und 125 GR, eignet er sich f\u00fcr den Jagdeinsatz mit Compound- und Recurvebogen.","og_url":"https:\/\/bogensportdiscount.ch\/fr\/produit\/g5-expandable-broadhead-t2-2-blatt\/","og_site_name":"Bogensportdiscount \u2013 B\u00f6gen, Pfeile, Targets &amp; Zubeh\u00f6r","article_modified_time":"2026-04-20T11:36:01+00:00","og_image":[{"width":1280,"height":720,"url":"https:\/\/bogensportdiscount.ch\/wp-content\/uploads\/bsm-images\/A082306_1.jpg","type":"image\/jpeg"}],"twitter_card":"summary_large_image","schema":{"@context":"https:\/\/schema.org","@graph":[{"@type":"WebPage","@id":"https:\/\/bogensportdiscount.ch\/fr\/produit\/g5-expandable-broadhead-t2-2-blatt\/","url":"https:\/\/bogensportdiscount.ch\/fr\/produit\/g5-expandable-broadhead-t2-2-blatt\/","name":"G5 AUFKLAPPBARE JAGDSPITZEN T2 2-KLINGEN GR 3\/PK - Bogensportdiscount \u2013 B\u00f6gen, Pfeile, Targets &amp; Zubeh\u00f6r","isPartOf":{"@id":"https:\/\/bogensportdiscount.ch\/#website"},"primaryImageOfPage":{"@id":"https:\/\/bogensportdiscount.ch\/fr\/produit\/g5-expandable-broadhead-t2-2-blatt\/#primaryimage"},"image":{"@id":"https:\/\/bogensportdiscount.ch\/fr\/produit\/g5-expandable-broadhead-t2-2-blatt\/#primaryimage"},"thumbnailUrl":"https:\/\/bogensportdiscount.ch\/wp-content\/uploads\/bsm-images\/A082306_1.jpg","datePublished":"2026-04-05T13:13:47+00:00","dateModified":"2026-04-20T11:36:01+00:00","breadcrumb":{"@id":"https:\/\/bogensportdiscount.ch\/fr\/produit\/g5-expandable-broadhead-t2-2-blatt\/#breadcrumb"},"inLanguage":"fr-FR","potentialAction":[{"@type":"ReadAction","target":["https:\/\/bogensportdiscount.ch\/fr\/produit\/g5-expandable-broadhead-t2-2-blatt\/"]}]},{"@type":"ImageObject","inLanguage":"fr-FR","@id":"https:\/\/bogensportdiscount.ch\/fr\/produit\/g5-expandable-broadhead-t2-2-blatt\/#primaryimage","url":"https:\/\/bogensportdiscount.ch\/wp-content\/uploads\/bsm-images\/A082306_1.jpg","contentUrl":"https:\/\/bogensportdiscount.ch\/wp-content\/uploads\/bsm-images\/A082306_1.jpg","width":1280,"height":720},{"@type":"BreadcrumbList","@id":"https:\/\/bogensportdiscount.ch\/fr\/produit\/g5-expandable-broadhead-t2-2-blatt\/#breadcrumb","itemListElement":[{"@type":"ListItem","position":1,"name":"Home","item":"https:\/\/bogensportdiscount.ch\/"},{"@type":"ListItem","position":2,"name":"Shop","item":"https:\/\/bogensportdiscount.ch\/shop\/"},{"@type":"ListItem","position":3,"name":"G5 AUFKLAPPBARE JAGDSPITZEN T2 2-KLINGEN GR 3\/PK"}]},{"@type":"WebSite","@id":"https:\/\/bogensportdiscount.ch\/#website","url":"https:\/\/bogensportdiscount.ch\/","name":"Bogensportdiscount","description":"","potentialAction":[{"@type":"SearchAction","target":{"@type":"EntryPoint","urlTemplate":"https:\/\/bogensportdiscount.ch\/?s={search_term_string}"},"query-input":{"@type":"PropertyValueSpecification","valueRequired":true,"valueName":"search_term_string"}}],"inLanguage":"fr-FR"}]}},"_links":{"self":[{"href":"https:\/\/bogensportdiscount.ch\/fr\/wp-json\/wp\/v2\/product\/417229","targetHints":{"allow":["GET"]}}],"collection":[{"href":"https:\/\/bogensportdiscount.ch\/fr\/wp-json\/wp\/v2\/product"}],"about":[{"href":"https:\/\/bogensportdiscount.ch\/fr\/wp-json\/wp\/v2\/types\/product"}],"replies":[{"embeddable":true,"href":"https:\/\/bogensportdiscount.ch\/fr\/wp-json\/wp\/v2\/comments?post=417229"}],"wp:featuredmedia":[{"embeddable":true,"href":"https:\/\/bogensportdiscount.ch\/fr\/wp-json\/wp\/v2\/media\/507706"}],"wp:attachment":[{"href":"https:\/\/bogensportdiscount.ch\/fr\/wp-json\/wp\/v2\/media?parent=417229"}],"wp:term":[{"taxonomy":"product_brand","embeddable":true,"href":"https:\/\/bogensportdiscount.ch\/fr\/wp-json\/wp\/v2\/product_brand?post=417229"},{"taxonomy":"product_cat","embeddable":true,"href":"https:\/\/bogensportdiscount.ch\/fr\/wp-json\/wp\/v2\/product_cat?post=417229"},{"taxonomy":"product_tag","embeddable":true,"href":"https:\/\/bogensportdiscount.ch\/fr\/wp-json\/wp\/v2\/product_tag?post=417229"}],"curies":[{"name":"wp","href":"https:\/\/api.w.org\/{rel}","templated":true}]}}