{"id":417166,"date":"2026-04-05T15:13:40","date_gmt":"2026-04-05T13:13:40","guid":{"rendered":"https:\/\/bogensportdiscount.ch\/produkt\/accessories-bamboo-cones-id-3-10mm-fluo-yellow-50-pk\/"},"modified":"2026-04-17T13:48:53","modified_gmt":"2026-04-17T11:48:53","slug":"alexbow-blasrohr-kegel-bamboo-cones-id-310mm","status":"publish","type":"product","link":"https:\/\/bogensportdiscount.ch\/fr\/produit\/alexbow-blasrohr-kegel-bamboo-cones-id-310mm\/","title":{"rendered":"ALEXBOW ACCESSORIES BAMBOO CONES ID 3.10MM 50\/PK"},"content":{"rendered":"<p>Die ALEXBOW Bamboo Cones sind Kegelaufs\u00e4tze f\u00fcr Blasrohrmunition mit einem Innendurchmesser von 3.10 mm. Sie werden auf Blasrohr-Pfeile (Darts) aufgesetzt und sorgen f\u00fcr eine saubere F\u00fchrung und Abdichtung im Blasrohrkanal, was eine gleichm\u00e4ssige Schussleistung erm\u00f6glicht.<\/p>\n<p>Die Kegel sind in sechs verschiedenen Farben verf\u00fcgbar \u2013 Schwarz, Blau, Orange, Pink, Rot und Gelb \u2013 und erm\u00f6glichen so eine einfache Unterscheidung verschiedener Munitionstypen oder Benutzer. Sie eignen sich f\u00fcr den Einsatz mit g\u00e4ngigen Blasrohr-Systemen im ID-3.10-mm-Bereich.<\/p>\n<ul>\n<li>Innendurchmesser 3.10 mm<\/li>\n<li>Sechs Farben zur Auswahl<\/li>\n<li>Kompatibel mit Blasrohr-Darts f\u00fcr den Sport- und Outdooreinsatz<\/li>\n<li>Hergestellt in Tschechien<\/li>\n<\/ul>","protected":false},"excerpt":{"rendered":"<p>Die ALEXBOW Bamboo Cones mit einem Innendurchmesser von 3.10 mm sind Kegelaufs\u00e4tze f\u00fcr Blasrohr-Munition. Sie sind in sechs Farben erh\u00e4ltlich: Schwarz, Blau, Orange, Pink, Rot und Gelb. Hergestellt in Tschechien.<\/p>","protected":false},"featured_media":452029,"comment_status":"open","ping_status":"closed","template":"","meta":[],"product_brand":[455],"product_cat":[4580],"product_tag":[],"class_list":{"0":"post-417166","1":"product","2":"type-product","3":"status-publish","4":"has-post-thumbnail","6":"product_brand-alexbow","7":"product_cat-zubehoer-einzelteile-blasrohre-zubehoer","9":"first","10":"instock","11":"shipping-taxable","12":"purchasable","13":"product-type-variable"},"_links":{"self":[{"href":"https:\/\/bogensportdiscount.ch\/fr\/wp-json\/wp\/v2\/product\/417166","targetHints":{"allow":["GET"]}}],"collection":[{"href":"https:\/\/bogensportdiscount.ch\/fr\/wp-json\/wp\/v2\/product"}],"about":[{"href":"https:\/\/bogensportdiscount.ch\/fr\/wp-json\/wp\/v2\/types\/product"}],"replies":[{"embeddable":true,"href":"https:\/\/bogensportdiscount.ch\/fr\/wp-json\/wp\/v2\/comments?post=417166"}],"wp:featuredmedia":[{"embeddable":true,"href":"https:\/\/bogensportdiscount.ch\/fr\/wp-json\/wp\/v2\/media\/452029"}],"wp:attachment":[{"href":"https:\/\/bogensportdiscount.ch\/fr\/wp-json\/wp\/v2\/media?parent=417166"}],"wp:term":[{"taxonomy":"product_brand","embeddable":true,"href":"https:\/\/bogensportdiscount.ch\/fr\/wp-json\/wp\/v2\/product_brand?post=417166"},{"taxonomy":"product_cat","embeddable":true,"href":"https:\/\/bogensportdiscount.ch\/fr\/wp-json\/wp\/v2\/product_cat?post=417166"},{"taxonomy":"product_tag","embeddable":true,"href":"https:\/\/bogensportdiscount.ch\/fr\/wp-json\/wp\/v2\/product_tag?post=417166"}],"curies":[{"name":"wp","href":"https:\/\/api.w.org\/{rel}","templated":true}]}}