{"id":416955,"date":"2026-04-05T15:13:20","date_gmt":"2026-04-05T13:13:20","guid":{"rendered":"https:\/\/bogensportdiscount.ch\/produkt\/nock-point-peep-thread-bobbin-w-clip-black-10-pk\/"},"modified":"2026-05-14T15:27:09","modified_gmt":"2026-05-14T13:27:09","slug":"reign-nockpunkt-peep-faden-spule-mit-clip","status":"publish","type":"product","link":"https:\/\/bogensportdiscount.ch\/fr\/produit\/reign-nockpunkt-peep-faden-spule-mit-clip\/","title":{"rendered":"REIGN FIL POUR POINT D'ENCOCHAGE \/ PEEP BOBINE AVEC CLIP 10\/PK"},"content":{"rendered":"<p>La bobine de fil avec clip REIGN est un outil pour la fabrication de cordes et est utilis\u00e9e pour la pose de points d'encoche ainsi que pour la fixation des peep sights sur la corde de l'arc. Le clip int\u00e9gr\u00e9 permet de tendre et de guider le fil en toute s\u00e9curit\u00e9 lors de l'enroulement.<\/p>\n<p>Cet outil convient aux archers qui souhaitent fabriquer ou ajuster eux-m\u00eames leurs cordes. Il est disponible en neuf couleurs, permettant une distinction par couleur des diff\u00e9rents mat\u00e9riaux de fil.<\/p>\n<ul>\n<li>Convient pour les enroulements de points d'encoche et la fixation du fil de peep<\/li>\n<li>Clip int\u00e9gr\u00e9 pour un travail s\u00e9curis\u00e9<\/li>\n<li>Disponible en 9 couleurs (noir, bleu, vert, orange, rose, violet, rouge, blanc, jaune)<\/li>\n<li>Fabriqu\u00e9 en Grande-Bretagne<\/li>\n<\/ul>","protected":false},"excerpt":{"rendered":"<table>\n<tr>\n<th>Propri\u00e9t\u00e9<\/th>\n<th>Valeur<\/th>\n<\/tr>\n<tr>\n<td>Marque<\/td>\n<td>Reign<\/td>\n<\/tr>\n<tr>\n<td>Pays d'origine<\/td>\n<td>Vereinigtes K\u00f6nigreich<\/td>\n<\/tr>\n<\/table>","protected":false},"featured_media":452011,"comment_status":"open","ping_status":"closed","template":"","meta":[],"product_brand":[571],"product_cat":[4167],"product_tag":[],"class_list":{"0":"post-416955","1":"product","2":"type-product","3":"status-publish","4":"has-post-thumbnail","6":"product_brand-reign","7":"product_cat-sehnen-wickelmaterial","8":"product_shipping_class-bsd-standard","10":"first","11":"instock","12":"shipping-taxable","13":"purchasable","14":"product-type-variable"},"yoast_head":"<!-- This site is optimized with the Yoast SEO plugin v27.6 - https:\/\/yoast.com\/product\/yoast-seo-wordpress\/ -->\n<title>REIGN NOCKPUNKT \/ Bobine de fil PEEP avec clip, lot de 10 - Bogensportdiscount \u2013 Arcs, fl\u00e8ches, cibles et accessoires<\/title>\n<meta name=\"description\" content=\"REIGN NOCKPUNKT \/ Bobine de fil PEEP avec clip, lot de 10 \u2013 Achetez \u00e0 prix avantageux chez Bogensportdiscount \u2013 Grandes marques, livraison rapide depuis la Suisse.\" \/>\n<meta name=\"robots\" content=\"index, follow, max-snippet:-1, max-image-preview:large, max-video-preview:-1\" \/>\n<link rel=\"canonical\" href=\"https:\/\/bogensportdiscount.ch\/fr\/produit\/reign-nockpunkt-peep-faden-spule-mit-clip\/\" \/>\n<meta property=\"og:locale\" content=\"fr_FR\" \/>\n<meta property=\"og:type\" content=\"article\" \/>\n<meta property=\"og:title\" content=\"REIGN NOCKPUNKT \/ Bobine de fil PEEP avec clip, lot de 10 - Bogensportdiscount \u2013 Arcs, fl\u00e8ches, cibles et accessoires\" \/>\n<meta property=\"og:description\" content=\"REIGN NOCKPUNKT \/ Bobine de fil PEEP avec clip, lot de 10 \u2013 Achetez \u00e0 prix avantageux chez Bogensportdiscount \u2013 Grandes marques, livraison rapide depuis la Suisse.\" \/>\n<meta property=\"og:url\" content=\"https:\/\/bogensportdiscount.ch\/fr\/produit\/reign-nockpunkt-peep-faden-spule-mit-clip\/\" \/>\n<meta property=\"og:site_name\" content=\"Bogensportdiscount \u2013 B\u00f6gen, Pfeile, Targets &amp; Zubeh\u00f6r\" \/>\n<meta property=\"article:modified_time\" content=\"2026-05-14T13:27:09+00:00\" \/>\n<meta property=\"og:image\" content=\"https:\/\/bogensportdiscount.ch\/wp-content\/uploads\/bsm-images\/A081812_1.png\" \/>\n\t<meta property=\"og:image:width\" content=\"929\" \/>\n\t<meta property=\"og:image:height\" content=\"936\" \/>\n\t<meta property=\"og:image:type\" content=\"image\/png\" \/>\n<meta name=\"twitter:card\" content=\"summary_large_image\" \/>\n<meta name=\"twitter:label1\" content=\"Dur\u00e9e de lecture estim\u00e9e\" \/>\n\t<meta name=\"twitter:data1\" content=\"1 minute\" \/>\n<script type=\"application\/ld+json\" class=\"yoast-schema-graph\">{\"@context\":\"https:\\\/\\\/schema.org\",\"@graph\":[{\"@type\":\"WebPage\",\"@id\":\"https:\\\/\\\/bogensportdiscount.ch\\\/produkt\\\/reign-nockpunkt-peep-faden-spule-mit-clip\\\/\",\"url\":\"https:\\\/\\\/bogensportdiscount.ch\\\/produkt\\\/reign-nockpunkt-peep-faden-spule-mit-clip\\\/\",\"name\":\"REIGN NOCKPUNKT \\\/ PEEP GARN SPULE MIT CLIP 10\\\/PK - Bogensportdiscount \u2013 B\u00f6gen, Pfeile, Targets &amp; Zubeh\u00f6r\",\"isPartOf\":{\"@id\":\"https:\\\/\\\/bogensportdiscount.ch\\\/#website\"},\"primaryImageOfPage\":{\"@id\":\"https:\\\/\\\/bogensportdiscount.ch\\\/produkt\\\/reign-nockpunkt-peep-faden-spule-mit-clip\\\/#primaryimage\"},\"image\":{\"@id\":\"https:\\\/\\\/bogensportdiscount.ch\\\/produkt\\\/reign-nockpunkt-peep-faden-spule-mit-clip\\\/#primaryimage\"},\"thumbnailUrl\":\"https:\\\/\\\/bogensportdiscount.ch\\\/wp-content\\\/uploads\\\/bsm-images\\\/A081812_1.png\",\"datePublished\":\"2026-04-05T13:13:20+00:00\",\"dateModified\":\"2026-05-14T13:27:09+00:00\",\"description\":\"REIGN NOCKPUNKT \\\/ PEEP GARN SPULE MIT CLIP 10\\\/PK g\u00fcnstig kaufen bei Bogensportdiscount \u2013 Top-Marken, schneller Versand aus der Schweiz.\",\"breadcrumb\":{\"@id\":\"https:\\\/\\\/bogensportdiscount.ch\\\/produkt\\\/reign-nockpunkt-peep-faden-spule-mit-clip\\\/#breadcrumb\"},\"inLanguage\":\"fr-FR\",\"potentialAction\":[{\"@type\":\"ReadAction\",\"target\":[\"https:\\\/\\\/bogensportdiscount.ch\\\/produkt\\\/reign-nockpunkt-peep-faden-spule-mit-clip\\\/\"]}]},{\"@type\":\"ImageObject\",\"inLanguage\":\"fr-FR\",\"@id\":\"https:\\\/\\\/bogensportdiscount.ch\\\/produkt\\\/reign-nockpunkt-peep-faden-spule-mit-clip\\\/#primaryimage\",\"url\":\"https:\\\/\\\/bogensportdiscount.ch\\\/wp-content\\\/uploads\\\/bsm-images\\\/A081812_1.png\",\"contentUrl\":\"https:\\\/\\\/bogensportdiscount.ch\\\/wp-content\\\/uploads\\\/bsm-images\\\/A081812_1.png\",\"width\":929,\"height\":936},{\"@type\":\"BreadcrumbList\",\"@id\":\"https:\\\/\\\/bogensportdiscount.ch\\\/produkt\\\/reign-nockpunkt-peep-faden-spule-mit-clip\\\/#breadcrumb\",\"itemListElement\":[{\"@type\":\"ListItem\",\"position\":1,\"name\":\"Home\",\"item\":\"https:\\\/\\\/bogensportdiscount.ch\\\/\"},{\"@type\":\"ListItem\",\"position\":2,\"name\":\"Shop\",\"item\":\"https:\\\/\\\/bogensportdiscount.ch\\\/shop\\\/\"},{\"@type\":\"ListItem\",\"position\":3,\"name\":\"REIGN NOCKPUNKT \\\/ PEEP GARN SPULE MIT CLIP 10\\\/PK\"}]},{\"@type\":\"WebSite\",\"@id\":\"https:\\\/\\\/bogensportdiscount.ch\\\/#website\",\"url\":\"https:\\\/\\\/bogensportdiscount.ch\\\/\",\"name\":\"Bogensportdiscount\",\"description\":\"\",\"potentialAction\":[{\"@type\":\"SearchAction\",\"target\":{\"@type\":\"EntryPoint\",\"urlTemplate\":\"https:\\\/\\\/bogensportdiscount.ch\\\/?s={search_term_string}\"},\"query-input\":{\"@type\":\"PropertyValueSpecification\",\"valueRequired\":true,\"valueName\":\"search_term_string\"}}],\"inLanguage\":\"fr-FR\"}]}<\/script>\n<!-- \/ Yoast SEO plugin. -->","yoast_head_json":{"title":"REIGN NOCKPUNKT \/ Bobine de fil PEEP avec clip, lot de 10 - Bogensportdiscount \u2013 Arcs, fl\u00e8ches, cibles et accessoires","description":"REIGN NOCKPUNKT \/ Bobine de fil PEEP avec clip, lot de 10 \u2013 Achetez \u00e0 prix avantageux chez Bogensportdiscount \u2013 Grandes marques, livraison rapide depuis la Suisse.","robots":{"index":"index","follow":"follow","max-snippet":"max-snippet:-1","max-image-preview":"max-image-preview:large","max-video-preview":"max-video-preview:-1"},"canonical":"https:\/\/bogensportdiscount.ch\/fr\/produit\/reign-nockpunkt-peep-faden-spule-mit-clip\/","og_locale":"fr_FR","og_type":"article","og_title":"REIGN NOCKPUNKT \/ Bobine de fil PEEP avec clip, lot de 10 - Bogensportdiscount \u2013 Arcs, fl\u00e8ches, cibles et accessoires","og_description":"REIGN NOCKPUNKT \/ Bobine de fil PEEP avec clip, lot de 10 \u2013 Achetez \u00e0 prix avantageux chez Bogensportdiscount \u2013 Grandes marques, livraison rapide depuis la Suisse.","og_url":"https:\/\/bogensportdiscount.ch\/fr\/produit\/reign-nockpunkt-peep-faden-spule-mit-clip\/","og_site_name":"Bogensportdiscount \u2013 B\u00f6gen, Pfeile, Targets &amp; Zubeh\u00f6r","article_modified_time":"2026-05-14T13:27:09+00:00","og_image":[{"width":929,"height":936,"url":"https:\/\/bogensportdiscount.ch\/wp-content\/uploads\/bsm-images\/A081812_1.png","type":"image\/png"}],"twitter_card":"summary_large_image","twitter_misc":{"Dur\u00e9e de lecture estim\u00e9e":"1 minute"},"schema":{"@context":"https:\/\/schema.org","@graph":[{"@type":"WebPage","@id":"https:\/\/bogensportdiscount.ch\/produkt\/reign-nockpunkt-peep-faden-spule-mit-clip\/","url":"https:\/\/bogensportdiscount.ch\/produkt\/reign-nockpunkt-peep-faden-spule-mit-clip\/","name":"REIGN NOCKPUNKT \/ Bobine de fil PEEP avec clip, lot de 10 - Bogensportdiscount \u2013 Arcs, fl\u00e8ches, cibles et accessoires","isPartOf":{"@id":"https:\/\/bogensportdiscount.ch\/#website"},"primaryImageOfPage":{"@id":"https:\/\/bogensportdiscount.ch\/produkt\/reign-nockpunkt-peep-faden-spule-mit-clip\/#primaryimage"},"image":{"@id":"https:\/\/bogensportdiscount.ch\/produkt\/reign-nockpunkt-peep-faden-spule-mit-clip\/#primaryimage"},"thumbnailUrl":"https:\/\/bogensportdiscount.ch\/wp-content\/uploads\/bsm-images\/A081812_1.png","datePublished":"2026-04-05T13:13:20+00:00","dateModified":"2026-05-14T13:27:09+00:00","description":"REIGN NOCKPUNKT \/ Bobine de fil PEEP avec clip, lot de 10 \u2013 Achetez \u00e0 prix avantageux chez Bogensportdiscount \u2013 Grandes marques, livraison rapide depuis la Suisse.","breadcrumb":{"@id":"https:\/\/bogensportdiscount.ch\/produkt\/reign-nockpunkt-peep-faden-spule-mit-clip\/#breadcrumb"},"inLanguage":"fr-FR","potentialAction":[{"@type":"ReadAction","target":["https:\/\/bogensportdiscount.ch\/produkt\/reign-nockpunkt-peep-faden-spule-mit-clip\/"]}]},{"@type":"ImageObject","inLanguage":"fr-FR","@id":"https:\/\/bogensportdiscount.ch\/produkt\/reign-nockpunkt-peep-faden-spule-mit-clip\/#primaryimage","url":"https:\/\/bogensportdiscount.ch\/wp-content\/uploads\/bsm-images\/A081812_1.png","contentUrl":"https:\/\/bogensportdiscount.ch\/wp-content\/uploads\/bsm-images\/A081812_1.png","width":929,"height":936},{"@type":"BreadcrumbList","@id":"https:\/\/bogensportdiscount.ch\/produkt\/reign-nockpunkt-peep-faden-spule-mit-clip\/#breadcrumb","itemListElement":[{"@type":"ListItem","position":1,"name":"Home","item":"https:\/\/bogensportdiscount.ch\/"},{"@type":"ListItem","position":2,"name":"Shop","item":"https:\/\/bogensportdiscount.ch\/shop\/"},{"@type":"ListItem","position":3,"name":"REIGN NOCKPUNKT \/ PEEP GARN SPULE MIT CLIP 10\/PK"}]},{"@type":"WebSite","@id":"https:\/\/bogensportdiscount.ch\/#website","url":"https:\/\/bogensportdiscount.ch\/","name":"Bogensportdiscount","description":"","potentialAction":[{"@type":"SearchAction","target":{"@type":"EntryPoint","urlTemplate":"https:\/\/bogensportdiscount.ch\/?s={search_term_string}"},"query-input":{"@type":"PropertyValueSpecification","valueRequired":true,"valueName":"search_term_string"}}],"inLanguage":"fr-FR"}]}},"_links":{"self":[{"href":"https:\/\/bogensportdiscount.ch\/fr\/wp-json\/wp\/v2\/product\/416955","targetHints":{"allow":["GET"]}}],"collection":[{"href":"https:\/\/bogensportdiscount.ch\/fr\/wp-json\/wp\/v2\/product"}],"about":[{"href":"https:\/\/bogensportdiscount.ch\/fr\/wp-json\/wp\/v2\/types\/product"}],"replies":[{"embeddable":true,"href":"https:\/\/bogensportdiscount.ch\/fr\/wp-json\/wp\/v2\/comments?post=416955"}],"wp:featuredmedia":[{"embeddable":true,"href":"https:\/\/bogensportdiscount.ch\/fr\/wp-json\/wp\/v2\/media\/452011"}],"wp:attachment":[{"href":"https:\/\/bogensportdiscount.ch\/fr\/wp-json\/wp\/v2\/media?parent=416955"}],"wp:term":[{"taxonomy":"product_brand","embeddable":true,"href":"https:\/\/bogensportdiscount.ch\/fr\/wp-json\/wp\/v2\/product_brand?post=416955"},{"taxonomy":"product_cat","embeddable":true,"href":"https:\/\/bogensportdiscount.ch\/fr\/wp-json\/wp\/v2\/product_cat?post=416955"},{"taxonomy":"product_tag","embeddable":true,"href":"https:\/\/bogensportdiscount.ch\/fr\/wp-json\/wp\/v2\/product_tag?post=416955"}],"curies":[{"name":"wp","href":"https:\/\/api.w.org\/{rel}","templated":true}]}}