{"id":416699,"date":"2026-04-05T15:13:00","date_gmt":"2026-04-05T13:13:00","guid":{"rendered":"https:\/\/bogensportdiscount.ch\/produkt\/risers-cnc-sovren-27-rh-plated-spectra\/"},"modified":"2026-05-14T15:27:08","modified_gmt":"2026-05-14T13:27:08","slug":"kinetic-recurvebogen-mittelstuck-sovren-27","status":"publish","type":"product","link":"https:\/\/bogensportdiscount.ch\/fr\/produit\/kinetic-recurvebogen-mittelstuck-sovren-27\/","title":{"rendered":"KINETIC Poign\u00e9es CNC SOVREN 27&#8243; CHROM\u00c9 SPECTRA"},"content":{"rendered":"<p>Le KINETIC Sovren est une poign\u00e9e pour arc classique usin\u00e9e CNC d'une longueur de 27 pouces. Elle est en aluminium et dispose d'un logement ILF (International Limb Fitting), garantissant une large compatibilit\u00e9 avec les branches ILF courantes.<\/p>\n<p>La poign\u00e9e convient \u00e0 toutes les puissances et est propos\u00e9e aussi bien pour gauchers que pour droitiers. L'usinage CNC garantit des dimensions pr\u00e9cises et une qualit\u00e9 de fabrication homog\u00e8ne.<\/p>\n<ul>\n<li>Fabrication enti\u00e8rement CNC en aluminium<\/li>\n<li>Syst\u00e8me de logement ILF pour une large compatibilit\u00e9 de branches<\/li>\n<li>Convient \u00e0 tous les poids de tirage<\/li>\n<li>Disponible pour gauchers et droitiers<\/li>\n<\/ul>","protected":false},"excerpt":{"rendered":"<table>\n<tr>\n<th>Propri\u00e9t\u00e9<\/th>\n<th>Valeur<\/th>\n<\/tr>\n<tr>\n<td>Type<\/td>\n<td>Full CNC<\/td>\n<\/tr>\n<tr>\n<td>Recommandation<\/td>\n<td>Tous les poids de tirage<\/td>\n<\/tr>\n<tr>\n<td>Mat\u00e9riau<\/td>\n<td>Aluminium<\/td>\n<\/tr>\n<tr>\n<td>Ajustement repose-fl\u00e8che<\/td>\n<td>ILF<\/td>\n<\/tr>\n<tr>\n<td>Origine<\/td>\n<td>Chine<\/td>\n<\/tr>\n<\/table>","protected":false},"featured_media":452001,"comment_status":"open","ping_status":"closed","template":"","meta":[],"product_brand":[439],"product_cat":[4519],"product_tag":[],"class_list":{"0":"post-416699","1":"product","2":"type-product","3":"status-publish","4":"has-post-thumbnail","6":"product_brand-kinetic","7":"product_cat-recurve-mittelteile","8":"product_shipping_class-bsd-standard","10":"first","11":"instock","12":"shipping-taxable","13":"purchasable","14":"product-type-variable"},"yoast_head":"<!-- This site is optimized with the Yoast SEO plugin v27.6 - https:\/\/yoast.com\/product\/yoast-seo-wordpress\/ -->\n<title>Pi\u00e8ces centrales KINETIC CNC SOVREN 27&quot; CHROM\u00c9ES SPECTRA - Bogensportdiscount \u2013 Arcs, fl\u00e8ches, cibles et accessoires<\/title>\n<meta name=\"description\" content=\"Achetez les pi\u00e8ces centrales KINETIC CNC SOVREN 27&quot; CHROM\u00c9ES SPECTRA \u00e0 prix avantageux chez Bogensportdiscount \u2013 Les meilleures marques, livraison rapide depuis la Suisse.\" \/>\n<meta name=\"robots\" content=\"index, follow, max-snippet:-1, max-image-preview:large, max-video-preview:-1\" \/>\n<link rel=\"canonical\" href=\"https:\/\/bogensportdiscount.ch\/fr\/produit\/kinetic-recurvebogen-mittelstuck-sovren-27\/\" \/>\n<meta property=\"og:locale\" content=\"fr_FR\" \/>\n<meta property=\"og:type\" content=\"article\" \/>\n<meta property=\"og:title\" content=\"Pi\u00e8ces centrales KINETIC CNC SOVREN 27&quot; CHROM\u00c9ES SPECTRA - Bogensportdiscount \u2013 Arcs, fl\u00e8ches, cibles et accessoires\" \/>\n<meta property=\"og:description\" content=\"Achetez les pi\u00e8ces centrales KINETIC CNC SOVREN 27&quot; CHROM\u00c9ES SPECTRA \u00e0 prix avantageux chez Bogensportdiscount \u2013 Les meilleures marques, livraison rapide depuis la Suisse.\" \/>\n<meta property=\"og:url\" content=\"https:\/\/bogensportdiscount.ch\/fr\/produit\/kinetic-recurvebogen-mittelstuck-sovren-27\/\" \/>\n<meta property=\"og:site_name\" content=\"Bogensportdiscount \u2013 B\u00f6gen, Pfeile, Targets &amp; Zubeh\u00f6r\" \/>\n<meta property=\"article:modified_time\" content=\"2026-05-14T13:27:08+00:00\" \/>\n<meta property=\"og:image\" content=\"https:\/\/bogensportdiscount.ch\/wp-content\/uploads\/bsm-images\/A081640_1.png\" \/>\n\t<meta property=\"og:image:width\" content=\"1995\" \/>\n\t<meta property=\"og:image:height\" content=\"4311\" \/>\n\t<meta property=\"og:image:type\" content=\"image\/png\" \/>\n<meta name=\"twitter:card\" content=\"summary_large_image\" \/>\n<script type=\"application\/ld+json\" class=\"yoast-schema-graph\">{\"@context\":\"https:\\\/\\\/schema.org\",\"@graph\":[{\"@type\":\"WebPage\",\"@id\":\"https:\\\/\\\/bogensportdiscount.ch\\\/produkt\\\/kinetic-recurvebogen-mittelstuck-sovren-27\\\/\",\"url\":\"https:\\\/\\\/bogensportdiscount.ch\\\/produkt\\\/kinetic-recurvebogen-mittelstuck-sovren-27\\\/\",\"name\":\"KINETIC Mittelteile CNC SOVREN 27\\\" VERCHROMT SPECTRA - Bogensportdiscount \u2013 B\u00f6gen, Pfeile, Targets &amp; Zubeh\u00f6r\",\"isPartOf\":{\"@id\":\"https:\\\/\\\/bogensportdiscount.ch\\\/#website\"},\"primaryImageOfPage\":{\"@id\":\"https:\\\/\\\/bogensportdiscount.ch\\\/produkt\\\/kinetic-recurvebogen-mittelstuck-sovren-27\\\/#primaryimage\"},\"image\":{\"@id\":\"https:\\\/\\\/bogensportdiscount.ch\\\/produkt\\\/kinetic-recurvebogen-mittelstuck-sovren-27\\\/#primaryimage\"},\"thumbnailUrl\":\"https:\\\/\\\/bogensportdiscount.ch\\\/wp-content\\\/uploads\\\/bsm-images\\\/A081640_1.png\",\"datePublished\":\"2026-04-05T13:13:00+00:00\",\"dateModified\":\"2026-05-14T13:27:08+00:00\",\"description\":\"KINETIC Mittelteile CNC SOVREN 27\\\" VERCHROMT SPECTRA g\u00fcnstig kaufen bei Bogensportdiscount \u2013 Top-Marken, schneller Versand aus der Schweiz.\",\"breadcrumb\":{\"@id\":\"https:\\\/\\\/bogensportdiscount.ch\\\/produkt\\\/kinetic-recurvebogen-mittelstuck-sovren-27\\\/#breadcrumb\"},\"inLanguage\":\"fr-FR\",\"potentialAction\":[{\"@type\":\"ReadAction\",\"target\":[\"https:\\\/\\\/bogensportdiscount.ch\\\/produkt\\\/kinetic-recurvebogen-mittelstuck-sovren-27\\\/\"]}]},{\"@type\":\"ImageObject\",\"inLanguage\":\"fr-FR\",\"@id\":\"https:\\\/\\\/bogensportdiscount.ch\\\/produkt\\\/kinetic-recurvebogen-mittelstuck-sovren-27\\\/#primaryimage\",\"url\":\"https:\\\/\\\/bogensportdiscount.ch\\\/wp-content\\\/uploads\\\/bsm-images\\\/A081640_1.png\",\"contentUrl\":\"https:\\\/\\\/bogensportdiscount.ch\\\/wp-content\\\/uploads\\\/bsm-images\\\/A081640_1.png\",\"width\":1995,\"height\":4311},{\"@type\":\"BreadcrumbList\",\"@id\":\"https:\\\/\\\/bogensportdiscount.ch\\\/produkt\\\/kinetic-recurvebogen-mittelstuck-sovren-27\\\/#breadcrumb\",\"itemListElement\":[{\"@type\":\"ListItem\",\"position\":1,\"name\":\"Home\",\"item\":\"https:\\\/\\\/bogensportdiscount.ch\\\/\"},{\"@type\":\"ListItem\",\"position\":2,\"name\":\"Shop\",\"item\":\"https:\\\/\\\/bogensportdiscount.ch\\\/shop\\\/\"},{\"@type\":\"ListItem\",\"position\":3,\"name\":\"KINETIC Mittelteile CNC SOVREN 27&#8243; VERCHROMT SPECTRA\"}]},{\"@type\":\"WebSite\",\"@id\":\"https:\\\/\\\/bogensportdiscount.ch\\\/#website\",\"url\":\"https:\\\/\\\/bogensportdiscount.ch\\\/\",\"name\":\"Bogensportdiscount\",\"description\":\"\",\"potentialAction\":[{\"@type\":\"SearchAction\",\"target\":{\"@type\":\"EntryPoint\",\"urlTemplate\":\"https:\\\/\\\/bogensportdiscount.ch\\\/?s={search_term_string}\"},\"query-input\":{\"@type\":\"PropertyValueSpecification\",\"valueRequired\":true,\"valueName\":\"search_term_string\"}}],\"inLanguage\":\"fr-FR\"}]}<\/script>\n<!-- \/ Yoast SEO plugin. -->","yoast_head_json":{"title":"Pi\u00e8ces centrales KINETIC CNC SOVREN 27&quot; CHROM\u00c9ES SPECTRA - Bogensportdiscount \u2013 Arcs, fl\u00e8ches, cibles et accessoires","description":"Achetez les pi\u00e8ces centrales KINETIC CNC SOVREN 27&quot; CHROM\u00c9ES SPECTRA \u00e0 prix avantageux chez Bogensportdiscount \u2013 Les meilleures marques, livraison rapide depuis la Suisse.","robots":{"index":"index","follow":"follow","max-snippet":"max-snippet:-1","max-image-preview":"max-image-preview:large","max-video-preview":"max-video-preview:-1"},"canonical":"https:\/\/bogensportdiscount.ch\/fr\/produit\/kinetic-recurvebogen-mittelstuck-sovren-27\/","og_locale":"fr_FR","og_type":"article","og_title":"Pi\u00e8ces centrales KINETIC CNC SOVREN 27&quot; CHROM\u00c9ES SPECTRA - Bogensportdiscount \u2013 Arcs, fl\u00e8ches, cibles et accessoires","og_description":"Achetez les pi\u00e8ces centrales KINETIC CNC SOVREN 27&quot; CHROM\u00c9ES SPECTRA \u00e0 prix avantageux chez Bogensportdiscount \u2013 Les meilleures marques, livraison rapide depuis la Suisse.","og_url":"https:\/\/bogensportdiscount.ch\/fr\/produit\/kinetic-recurvebogen-mittelstuck-sovren-27\/","og_site_name":"Bogensportdiscount \u2013 B\u00f6gen, Pfeile, Targets &amp; Zubeh\u00f6r","article_modified_time":"2026-05-14T13:27:08+00:00","og_image":[{"url":"https:\/\/bogensportdiscount.ch\/wp-content\/uploads\/bsm-images\/A081640_1.png","width":1995,"height":4311,"type":"image\/png"}],"twitter_card":"summary_large_image","schema":{"@context":"https:\/\/schema.org","@graph":[{"@type":"WebPage","@id":"https:\/\/bogensportdiscount.ch\/produkt\/kinetic-recurvebogen-mittelstuck-sovren-27\/","url":"https:\/\/bogensportdiscount.ch\/produkt\/kinetic-recurvebogen-mittelstuck-sovren-27\/","name":"Pi\u00e8ces centrales KINETIC CNC SOVREN 27&quot; CHROM\u00c9ES SPECTRA - Bogensportdiscount \u2013 Arcs, fl\u00e8ches, cibles et accessoires","isPartOf":{"@id":"https:\/\/bogensportdiscount.ch\/#website"},"primaryImageOfPage":{"@id":"https:\/\/bogensportdiscount.ch\/produkt\/kinetic-recurvebogen-mittelstuck-sovren-27\/#primaryimage"},"image":{"@id":"https:\/\/bogensportdiscount.ch\/produkt\/kinetic-recurvebogen-mittelstuck-sovren-27\/#primaryimage"},"thumbnailUrl":"https:\/\/bogensportdiscount.ch\/wp-content\/uploads\/bsm-images\/A081640_1.png","datePublished":"2026-04-05T13:13:00+00:00","dateModified":"2026-05-14T13:27:08+00:00","description":"Achetez les pi\u00e8ces centrales KINETIC CNC SOVREN 27&quot; CHROM\u00c9ES SPECTRA \u00e0 prix avantageux chez Bogensportdiscount \u2013 Les meilleures marques, livraison rapide depuis la Suisse.","breadcrumb":{"@id":"https:\/\/bogensportdiscount.ch\/produkt\/kinetic-recurvebogen-mittelstuck-sovren-27\/#breadcrumb"},"inLanguage":"fr-FR","potentialAction":[{"@type":"ReadAction","target":["https:\/\/bogensportdiscount.ch\/produkt\/kinetic-recurvebogen-mittelstuck-sovren-27\/"]}]},{"@type":"ImageObject","inLanguage":"fr-FR","@id":"https:\/\/bogensportdiscount.ch\/produkt\/kinetic-recurvebogen-mittelstuck-sovren-27\/#primaryimage","url":"https:\/\/bogensportdiscount.ch\/wp-content\/uploads\/bsm-images\/A081640_1.png","contentUrl":"https:\/\/bogensportdiscount.ch\/wp-content\/uploads\/bsm-images\/A081640_1.png","width":1995,"height":4311},{"@type":"BreadcrumbList","@id":"https:\/\/bogensportdiscount.ch\/produkt\/kinetic-recurvebogen-mittelstuck-sovren-27\/#breadcrumb","itemListElement":[{"@type":"ListItem","position":1,"name":"Home","item":"https:\/\/bogensportdiscount.ch\/"},{"@type":"ListItem","position":2,"name":"Shop","item":"https:\/\/bogensportdiscount.ch\/shop\/"},{"@type":"ListItem","position":3,"name":"KINETIC Mittelteile CNC SOVREN 27&#8243; VERCHROMT SPECTRA"}]},{"@type":"WebSite","@id":"https:\/\/bogensportdiscount.ch\/#website","url":"https:\/\/bogensportdiscount.ch\/","name":"Bogensportdiscount","description":"","potentialAction":[{"@type":"SearchAction","target":{"@type":"EntryPoint","urlTemplate":"https:\/\/bogensportdiscount.ch\/?s={search_term_string}"},"query-input":{"@type":"PropertyValueSpecification","valueRequired":true,"valueName":"search_term_string"}}],"inLanguage":"fr-FR"}]}},"_links":{"self":[{"href":"https:\/\/bogensportdiscount.ch\/fr\/wp-json\/wp\/v2\/product\/416699","targetHints":{"allow":["GET"]}}],"collection":[{"href":"https:\/\/bogensportdiscount.ch\/fr\/wp-json\/wp\/v2\/product"}],"about":[{"href":"https:\/\/bogensportdiscount.ch\/fr\/wp-json\/wp\/v2\/types\/product"}],"replies":[{"embeddable":true,"href":"https:\/\/bogensportdiscount.ch\/fr\/wp-json\/wp\/v2\/comments?post=416699"}],"wp:featuredmedia":[{"embeddable":true,"href":"https:\/\/bogensportdiscount.ch\/fr\/wp-json\/wp\/v2\/media\/452001"}],"wp:attachment":[{"href":"https:\/\/bogensportdiscount.ch\/fr\/wp-json\/wp\/v2\/media?parent=416699"}],"wp:term":[{"taxonomy":"product_brand","embeddable":true,"href":"https:\/\/bogensportdiscount.ch\/fr\/wp-json\/wp\/v2\/product_brand?post=416699"},{"taxonomy":"product_cat","embeddable":true,"href":"https:\/\/bogensportdiscount.ch\/fr\/wp-json\/wp\/v2\/product_cat?post=416699"},{"taxonomy":"product_tag","embeddable":true,"href":"https:\/\/bogensportdiscount.ch\/fr\/wp-json\/wp\/v2\/product_tag?post=416699"}],"curies":[{"name":"wp","href":"https:\/\/api.w.org\/{rel}","templated":true}]}}