{"id":416537,"date":"2026-04-05T15:12:37","date_gmt":"2026-04-05T13:12:37","guid":{"rendered":"https:\/\/bogensportdiscount.ch\/produkt\/shafts-carbon-vxt-gamer-v3-taper-id-4-2-300-31-with-pin-nock-12-pk\/"},"modified":"2026-04-19T11:54:28","modified_gmt":"2026-04-19T09:54:28","slug":"victory-carbon-zielschaft-vxt-gamer-v3-taper-id-4-2","status":"publish","type":"product","link":"https:\/\/bogensportdiscount.ch\/fr\/produit\/victory-carbon-zielschaft-vxt-gamer-v3-taper-id-4-2\/","title":{"rendered":"VICTORY SCHAEFTE CARBON VXT GAMER\/V3 ID 4.2 12\/PK"},"content":{"rendered":"<p>Die Victory VXT Gamer\/V3 Taper Carbon-Zielsch\u00e4fte mit einem Innendurchmesser von 4.2 mm sind f\u00fcr den Einsatz im Zielschiesssport ausgelegt. Sie sind in verschiedenen Spine-Werten (300, 355, 450, 550, 630) erh\u00e4ltlich, sodass sie sich f\u00fcr unterschiedliche Zuggewichte und Bogenkonfigurationen eignen.<\/p>\n<p>Die Taper-Bauweise (V3 Taper) erm\u00f6glicht die Kombination mit passenden Eins\u00e4tzen und Spitzen f\u00fcr pr\u00e4zise Abstimmung. Der ID 4.2-Standard erlaubt die Verwendung von Zubeh\u00f6r, das auf diesen Innendurchmesser ausgelegt ist.<\/p>\n<ul>\n<li>Carbon-Schaft f\u00fcr Zielschiesssport<\/li>\n<li>Erh\u00e4ltlich in 5 Spine-Varianten: 300, 355, 450, 550, 630<\/li>\n<li>Innendurchmesser ID 4.2 mm<\/li>\n<li>V3 Taper-Konstruktion f\u00fcr kompatibles Zubeh\u00f6r<\/li>\n<\/ul>","protected":false},"excerpt":{"rendered":"<table>\n<tr>\n<th>Propri\u00e9t\u00e9<\/th>\n<th>Valeur<\/th>\n<\/tr>\n<tr>\n<td>Marque<\/td>\n<td>Victory<\/td>\n<\/tr>\n<tr>\n<td>Mod\u00e8le<\/td>\n<td>VXT Gamer\/V3 Taper<\/td>\n<\/tr>\n<tr>\n<td>Diam\u00e8tre int\u00e9rieur<\/td>\n<td>ID 4.2<\/td>\n<\/tr>\n<tr>\n<td>Colonne vert\u00e9brale<\/td>\n<td>300, 355, 450, 550, 630<\/td>\n<\/tr>\n<tr>\n<td>Mat\u00e9riau<\/td>\n<td>Carbone<\/td>\n<\/tr>\n<tr>\n<td>Origine<\/td>\n<td>USA<\/td>\n<\/tr>\n<\/table>","protected":false},"featured_media":493337,"comment_status":"open","ping_status":"closed","template":"","meta":[],"product_brand":[547],"product_cat":[4236],"product_tag":[],"class_list":{"0":"post-416537","1":"product","2":"type-product","3":"status-publish","4":"has-post-thumbnail","6":"product_brand-victory","7":"product_cat-carbon-schaefte","9":"first","10":"instock","11":"shipping-taxable","12":"purchasable","13":"product-type-variable"},"_links":{"self":[{"href":"https:\/\/bogensportdiscount.ch\/fr\/wp-json\/wp\/v2\/product\/416537","targetHints":{"allow":["GET"]}}],"collection":[{"href":"https:\/\/bogensportdiscount.ch\/fr\/wp-json\/wp\/v2\/product"}],"about":[{"href":"https:\/\/bogensportdiscount.ch\/fr\/wp-json\/wp\/v2\/types\/product"}],"replies":[{"embeddable":true,"href":"https:\/\/bogensportdiscount.ch\/fr\/wp-json\/wp\/v2\/comments?post=416537"}],"wp:featuredmedia":[{"embeddable":true,"href":"https:\/\/bogensportdiscount.ch\/fr\/wp-json\/wp\/v2\/media\/493337"}],"wp:attachment":[{"href":"https:\/\/bogensportdiscount.ch\/fr\/wp-json\/wp\/v2\/media?parent=416537"}],"wp:term":[{"taxonomy":"product_brand","embeddable":true,"href":"https:\/\/bogensportdiscount.ch\/fr\/wp-json\/wp\/v2\/product_brand?post=416537"},{"taxonomy":"product_cat","embeddable":true,"href":"https:\/\/bogensportdiscount.ch\/fr\/wp-json\/wp\/v2\/product_cat?post=416537"},{"taxonomy":"product_tag","embeddable":true,"href":"https:\/\/bogensportdiscount.ch\/fr\/wp-json\/wp\/v2\/product_tag?post=416537"}],"curies":[{"name":"wp","href":"https:\/\/api.w.org\/{rel}","templated":true}]}}