{"id":416338,"date":"2026-04-05T15:12:04","date_gmt":"2026-04-05T13:12:04","guid":{"rendered":"https:\/\/bogensportdiscount.ch\/produkt\/compound-drop-away-rests-rak-cable-driven-rh-black\/"},"modified":"2026-04-17T13:48:43","modified_gmt":"2026-04-17T11:48:43","slug":"ripcord-compound-fallaway-auflage-rak-cable-driven","status":"publish","type":"product","link":"https:\/\/bogensportdiscount.ch\/fr\/produit\/ripcord-compound-fallaway-auflage-rak-cable-driven\/","title":{"rendered":"RIPCORD COMPOUND DROP AWAY RESTS RAK CABLE DRIVEN"},"content":{"rendered":"<p>Die Ripcord RAK Cable Driven ist eine kabelgesteuerte Fallaway-Auflage (Drop-Away-Rest) f\u00fcr den Einsatz an Compoundb\u00f6gen. Bei kabelgesteuerten Fallaway-Auflagen wird die Auflage direkt \u00fcber das Kabel des Bogens angesteuert, sodass sie beim Durchzug zuverl\u00e4ssig angehoben wird und beim Abschuss vollst\u00e4ndig abf\u00e4llt.<\/p>\n<p>Dieses Modell ist sowohl f\u00fcr Rechtshandbogensch\u00fctzen als auch f\u00fcr Linksh\u00e4nder erh\u00e4ltlich, was eine flexible Nutzung erm\u00f6glicht.<\/p>\n<ul>\n<li>Kabelgesteuerte Fallaway-Mechanik (Cable Driven)<\/li>\n<li>Geeignet f\u00fcr Compoundb\u00f6gen<\/li>\n<li>Erh\u00e4ltlich f\u00fcr Rechtshand (RH) und Linkshand (LH)<\/li>\n<li>Fabriqu\u00e9 aux \u00c9tats-Unis<\/li>\n<\/ul>","protected":false},"excerpt":{"rendered":"<p>Die Ripcord RAK Cable Driven ist eine kabelgesteuerte Fallaway-Pfeilauflage f\u00fcr Compoundb\u00f6gen. Erh\u00e4ltlich f\u00fcr Rechts- und Linkshandbogensch\u00fctzen. Hergestellt in den USA.<\/p>","protected":false},"featured_media":438546,"comment_status":"open","ping_status":"closed","template":"","meta":[],"product_brand":[536],"product_cat":[4233],"product_tag":[],"class_list":{"0":"post-416338","1":"product","2":"type-product","3":"status-publish","4":"has-post-thumbnail","6":"product_brand-ripcord","7":"product_cat-compound-drop-away-pfeilauflage","9":"first","10":"instock","11":"shipping-taxable","12":"purchasable","13":"product-type-variable"},"_links":{"self":[{"href":"https:\/\/bogensportdiscount.ch\/fr\/wp-json\/wp\/v2\/product\/416338","targetHints":{"allow":["GET"]}}],"collection":[{"href":"https:\/\/bogensportdiscount.ch\/fr\/wp-json\/wp\/v2\/product"}],"about":[{"href":"https:\/\/bogensportdiscount.ch\/fr\/wp-json\/wp\/v2\/types\/product"}],"replies":[{"embeddable":true,"href":"https:\/\/bogensportdiscount.ch\/fr\/wp-json\/wp\/v2\/comments?post=416338"}],"wp:featuredmedia":[{"embeddable":true,"href":"https:\/\/bogensportdiscount.ch\/fr\/wp-json\/wp\/v2\/media\/438546"}],"wp:attachment":[{"href":"https:\/\/bogensportdiscount.ch\/fr\/wp-json\/wp\/v2\/media?parent=416338"}],"wp:term":[{"taxonomy":"product_brand","embeddable":true,"href":"https:\/\/bogensportdiscount.ch\/fr\/wp-json\/wp\/v2\/product_brand?post=416338"},{"taxonomy":"product_cat","embeddable":true,"href":"https:\/\/bogensportdiscount.ch\/fr\/wp-json\/wp\/v2\/product_cat?post=416338"},{"taxonomy":"product_tag","embeddable":true,"href":"https:\/\/bogensportdiscount.ch\/fr\/wp-json\/wp\/v2\/product_tag?post=416338"}],"curies":[{"name":"wp","href":"https:\/\/api.w.org\/{rel}","templated":true}]}}