{"id":416314,"date":"2026-04-05T15:11:58","date_gmt":"2026-04-05T13:11:58","guid":{"rendered":"https:\/\/bogensportdiscount.ch\/produkt\/compound-drop-away-rests-ratchet-ims-cable-driven-rh-black\/"},"modified":"2026-04-19T11:54:28","modified_gmt":"2026-04-19T09:54:28","slug":"ripcord-compound-fallaway-auflage-ratchet-ims-cable-driven","status":"publish","type":"product","link":"https:\/\/bogensportdiscount.ch\/fr\/produit\/ripcord-compound-fallaway-auflage-ratchet-ims-cable-driven\/","title":{"rendered":"RIPCORD COMPOUND DROP-AWAY-AUFLAGEN RATCHET IMS CABLE DRIVEN"},"content":{"rendered":"<p>La Ripcord Ratchet IMS Cable Driven est un repose-fl\u00e8che chute libre pour arc compound \u00e0 commande par c\u00e2ble, activ\u00e9 lors du tirage via le c\u00e2ble de l'arc. Le principe du drop away garantit que le repose-fl\u00e8che tombe compl\u00e8tement vers le bas au moment du l\u00e2cher sans toucher la fl\u00e8che \u2013 pour un guidage maximal de la fl\u00e8che et une influence minimale sur le vol.<\/p>\n<p>Le repose-fl\u00e8che est disponible en version droitier et gaucher et convient \u00e0 une utilisation sur arc de chasse ainsi que sur arc de comp\u00e9tition.<\/p>\n<ul>\n<li>M\u00e9canique drop away \u00e0 commande par c\u00e2ble (Cable Driven)<\/li>\n<li>Syst\u00e8me Ratchet IMS pour un r\u00e9glage pr\u00e9cis<\/li>\n<li>Disponible pour arc droitier et gaucher<\/li>\n<li>Fabriqu\u00e9 aux \u00c9tats-Unis<\/li>\n<\/ul>","protected":false},"excerpt":{"rendered":"<p>La Ripcord Ratchet IMS Cable Driven est un repose-fl\u00e8che drop away \u00e0 commande par c\u00e2ble pour arcs compound. Elle est disponible pour les archers droitiers et gauchers et garantit un d\u00e9part de fl\u00e8che propre gr\u00e2ce au principe drop away.<\/p>","protected":false},"featured_media":484761,"comment_status":"open","ping_status":"closed","template":"","meta":[],"product_brand":[536],"product_cat":[4233],"product_tag":[],"class_list":{"0":"post-416314","1":"product","2":"type-product","3":"status-publish","4":"has-post-thumbnail","6":"product_brand-ripcord","7":"product_cat-compound-drop-away-pfeilauflage","9":"first","10":"instock","11":"shipping-taxable","12":"purchasable","13":"product-type-variable"},"_links":{"self":[{"href":"https:\/\/bogensportdiscount.ch\/fr\/wp-json\/wp\/v2\/product\/416314","targetHints":{"allow":["GET"]}}],"collection":[{"href":"https:\/\/bogensportdiscount.ch\/fr\/wp-json\/wp\/v2\/product"}],"about":[{"href":"https:\/\/bogensportdiscount.ch\/fr\/wp-json\/wp\/v2\/types\/product"}],"replies":[{"embeddable":true,"href":"https:\/\/bogensportdiscount.ch\/fr\/wp-json\/wp\/v2\/comments?post=416314"}],"wp:featuredmedia":[{"embeddable":true,"href":"https:\/\/bogensportdiscount.ch\/fr\/wp-json\/wp\/v2\/media\/484761"}],"wp:attachment":[{"href":"https:\/\/bogensportdiscount.ch\/fr\/wp-json\/wp\/v2\/media?parent=416314"}],"wp:term":[{"taxonomy":"product_brand","embeddable":true,"href":"https:\/\/bogensportdiscount.ch\/fr\/wp-json\/wp\/v2\/product_brand?post=416314"},{"taxonomy":"product_cat","embeddable":true,"href":"https:\/\/bogensportdiscount.ch\/fr\/wp-json\/wp\/v2\/product_cat?post=416314"},{"taxonomy":"product_tag","embeddable":true,"href":"https:\/\/bogensportdiscount.ch\/fr\/wp-json\/wp\/v2\/product_tag?post=416314"}],"curies":[{"name":"wp","href":"https:\/\/api.w.org\/{rel}","templated":true}]}}