{"id":415870,"date":"2026-04-05T15:11:06","date_gmt":"2026-04-05T13:11:06","guid":{"rendered":"https:\/\/bogensportdiscount.ch\/produkt\/bow-quiver-airlock-4-arrow-black\/"},"modified":"2026-05-14T15:27:03","modified_gmt":"2026-05-14T13:27:03","slug":"tightspot-bogenkoecher-airlock-4-pfeil","status":"publish","type":"product","link":"https:\/\/bogensportdiscount.ch\/fr\/produit\/tightspot-bogenkoecher-airlock-4-pfeil\/","title":{"rendered":"TIGHTSPOT CARQUOIS ARC AIRLOCK 4 FL\u00c8CHES"},"content":{"rendered":"<p>Le Tightspot Airlock est un carquois d'arc pour 4 fl\u00e8ches, qui se monte directement sur l'arc. Il convient aux chasseurs \u00e0 l'arc et aux archers qui pr\u00e9f\u00e8rent une fixation compacte et fiable des fl\u00e8ches sur l'arc.<\/p>\n<p>Le carquois est disponible dans un large choix de couleurs et de motifs camouflage, notamment le classique Noir, Granite, Moss Green, MOSSY OAK, OD Green, OPTIFADE, Saddle Tan et Subalpine \u2013 adapt\u00e9s \u00e0 diff\u00e9rentes utilisations et pr\u00e9f\u00e9rences personnelles.<\/p>\n<ul>\n<li>Capacit\u00e9 : 4 fl\u00e8ches<\/li>\n<li>Montage direct sur l'arc<\/li>\n<li>Fabriqu\u00e9 aux \u00c9tats-Unis<\/li>\n<li>Disponible en 8 variantes de couleurs et de camouflages<\/li>\n<\/ul>","protected":false},"excerpt":{"rendered":"<table>\n<tr>\n<th>Propri\u00e9t\u00e9<\/th>\n<th>Valeur<\/th>\n<\/tr>\n<tr>\n<td>Marque<\/td>\n<td>Tight Spot<\/td>\n<\/tr>\n<tr>\n<td>Pays d'origine<\/td>\n<td>USA<\/td>\n<\/tr>\n<\/table>","protected":false},"featured_media":451978,"comment_status":"open","ping_status":"closed","template":"","meta":[],"product_brand":[483],"product_cat":[4163],"product_tag":[],"class_list":{"0":"post-415870","1":"product","2":"type-product","3":"status-publish","4":"has-post-thumbnail","6":"product_brand-tightspot","7":"product_cat-anbaukoecher","8":"product_shipping_class-bsd-standard","10":"first","11":"instock","12":"shipping-taxable","13":"purchasable","14":"product-type-variable"},"yoast_head":"<!-- This site is optimized with the Yoast SEO plugin v27.6 - https:\/\/yoast.com\/product\/yoast-seo-wordpress\/ -->\n<title>TIGHTSPOT \u00c9TUI POUR FL\u00c8CHES AIRLOCK 4 FL\u00c8CHES - Bogensportdiscount \u2013 Arcs, fl\u00e8ches, cibles et accessoires<\/title>\n<meta name=\"description\" content=\"Achetez l&#x27;\u00e9tui \u00e0 fl\u00e8ches TIGHTSPOT AIRLOCK 4 FL\u00c8CHES \u00e0 prix avantageux chez Bogensportdiscount \u2013 Grandes marques, livraison rapide depuis la Suisse.\" \/>\n<meta name=\"robots\" content=\"index, follow, max-snippet:-1, max-image-preview:large, max-video-preview:-1\" \/>\n<link rel=\"canonical\" href=\"https:\/\/bogensportdiscount.ch\/fr\/produit\/tightspot-bogenkoecher-airlock-4-pfeil\/\" \/>\n<meta property=\"og:locale\" content=\"fr_FR\" \/>\n<meta property=\"og:type\" content=\"article\" \/>\n<meta property=\"og:title\" content=\"TIGHTSPOT \u00c9TUI POUR FL\u00c8CHES AIRLOCK 4 FL\u00c8CHES - Bogensportdiscount \u2013 Arcs, fl\u00e8ches, cibles et accessoires\" \/>\n<meta property=\"og:description\" content=\"Achetez l&#x27;\u00e9tui \u00e0 fl\u00e8ches TIGHTSPOT AIRLOCK 4 FL\u00c8CHES \u00e0 prix avantageux chez Bogensportdiscount \u2013 Grandes marques, livraison rapide depuis la Suisse.\" \/>\n<meta property=\"og:url\" content=\"https:\/\/bogensportdiscount.ch\/fr\/produit\/tightspot-bogenkoecher-airlock-4-pfeil\/\" \/>\n<meta property=\"og:site_name\" content=\"Bogensportdiscount \u2013 B\u00f6gen, Pfeile, Targets &amp; Zubeh\u00f6r\" \/>\n<meta property=\"article:modified_time\" content=\"2026-05-14T13:27:03+00:00\" \/>\n<meta property=\"og:image\" content=\"https:\/\/bogensportdiscount.ch\/wp-content\/uploads\/bsm-images\/A079950_1.png\" \/>\n\t<meta property=\"og:image:width\" content=\"1724\" \/>\n\t<meta property=\"og:image:height\" content=\"4267\" \/>\n\t<meta property=\"og:image:type\" content=\"image\/png\" \/>\n<meta name=\"twitter:card\" content=\"summary_large_image\" \/>\n<script type=\"application\/ld+json\" class=\"yoast-schema-graph\">{\"@context\":\"https:\\\/\\\/schema.org\",\"@graph\":[{\"@type\":\"WebPage\",\"@id\":\"https:\\\/\\\/bogensportdiscount.ch\\\/produkt\\\/tightspot-bogenkoecher-airlock-4-pfeil\\\/\",\"url\":\"https:\\\/\\\/bogensportdiscount.ch\\\/produkt\\\/tightspot-bogenkoecher-airlock-4-pfeil\\\/\",\"name\":\"TIGHTSPOT BOGENK\u00d6CHER AIRLOCK 4 PFEILE - Bogensportdiscount \u2013 B\u00f6gen, Pfeile, Targets &amp; Zubeh\u00f6r\",\"isPartOf\":{\"@id\":\"https:\\\/\\\/bogensportdiscount.ch\\\/#website\"},\"primaryImageOfPage\":{\"@id\":\"https:\\\/\\\/bogensportdiscount.ch\\\/produkt\\\/tightspot-bogenkoecher-airlock-4-pfeil\\\/#primaryimage\"},\"image\":{\"@id\":\"https:\\\/\\\/bogensportdiscount.ch\\\/produkt\\\/tightspot-bogenkoecher-airlock-4-pfeil\\\/#primaryimage\"},\"thumbnailUrl\":\"https:\\\/\\\/bogensportdiscount.ch\\\/wp-content\\\/uploads\\\/bsm-images\\\/A079950_1.png\",\"datePublished\":\"2026-04-05T13:11:06+00:00\",\"dateModified\":\"2026-05-14T13:27:03+00:00\",\"description\":\"TIGHTSPOT BOGENK\u00d6CHER AIRLOCK 4 PFEILE g\u00fcnstig kaufen bei Bogensportdiscount \u2013 Top-Marken, schneller Versand aus der Schweiz.\",\"breadcrumb\":{\"@id\":\"https:\\\/\\\/bogensportdiscount.ch\\\/produkt\\\/tightspot-bogenkoecher-airlock-4-pfeil\\\/#breadcrumb\"},\"inLanguage\":\"fr-FR\",\"potentialAction\":[{\"@type\":\"ReadAction\",\"target\":[\"https:\\\/\\\/bogensportdiscount.ch\\\/produkt\\\/tightspot-bogenkoecher-airlock-4-pfeil\\\/\"]}]},{\"@type\":\"ImageObject\",\"inLanguage\":\"fr-FR\",\"@id\":\"https:\\\/\\\/bogensportdiscount.ch\\\/produkt\\\/tightspot-bogenkoecher-airlock-4-pfeil\\\/#primaryimage\",\"url\":\"https:\\\/\\\/bogensportdiscount.ch\\\/wp-content\\\/uploads\\\/bsm-images\\\/A079950_1.png\",\"contentUrl\":\"https:\\\/\\\/bogensportdiscount.ch\\\/wp-content\\\/uploads\\\/bsm-images\\\/A079950_1.png\",\"width\":1724,\"height\":4267},{\"@type\":\"BreadcrumbList\",\"@id\":\"https:\\\/\\\/bogensportdiscount.ch\\\/produkt\\\/tightspot-bogenkoecher-airlock-4-pfeil\\\/#breadcrumb\",\"itemListElement\":[{\"@type\":\"ListItem\",\"position\":1,\"name\":\"Home\",\"item\":\"https:\\\/\\\/bogensportdiscount.ch\\\/\"},{\"@type\":\"ListItem\",\"position\":2,\"name\":\"Shop\",\"item\":\"https:\\\/\\\/bogensportdiscount.ch\\\/shop\\\/\"},{\"@type\":\"ListItem\",\"position\":3,\"name\":\"TIGHTSPOT BOGENKOECHER AIRLOCK 4 PFEILE\"}]},{\"@type\":\"WebSite\",\"@id\":\"https:\\\/\\\/bogensportdiscount.ch\\\/#website\",\"url\":\"https:\\\/\\\/bogensportdiscount.ch\\\/\",\"name\":\"Bogensportdiscount\",\"description\":\"\",\"potentialAction\":[{\"@type\":\"SearchAction\",\"target\":{\"@type\":\"EntryPoint\",\"urlTemplate\":\"https:\\\/\\\/bogensportdiscount.ch\\\/?s={search_term_string}\"},\"query-input\":{\"@type\":\"PropertyValueSpecification\",\"valueRequired\":true,\"valueName\":\"search_term_string\"}}],\"inLanguage\":\"fr-FR\"}]}<\/script>\n<!-- \/ Yoast SEO plugin. -->","yoast_head_json":{"title":"TIGHTSPOT \u00c9TUI POUR FL\u00c8CHES AIRLOCK 4 FL\u00c8CHES - Bogensportdiscount \u2013 Arcs, fl\u00e8ches, cibles et accessoires","description":"Achetez l&#x27;\u00e9tui \u00e0 fl\u00e8ches TIGHTSPOT AIRLOCK 4 FL\u00c8CHES \u00e0 prix avantageux chez Bogensportdiscount \u2013 Grandes marques, livraison rapide depuis la Suisse.","robots":{"index":"index","follow":"follow","max-snippet":"max-snippet:-1","max-image-preview":"max-image-preview:large","max-video-preview":"max-video-preview:-1"},"canonical":"https:\/\/bogensportdiscount.ch\/fr\/produit\/tightspot-bogenkoecher-airlock-4-pfeil\/","og_locale":"fr_FR","og_type":"article","og_title":"TIGHTSPOT \u00c9TUI POUR FL\u00c8CHES AIRLOCK 4 FL\u00c8CHES - Bogensportdiscount \u2013 Arcs, fl\u00e8ches, cibles et accessoires","og_description":"Achetez l&#x27;\u00e9tui \u00e0 fl\u00e8ches TIGHTSPOT AIRLOCK 4 FL\u00c8CHES \u00e0 prix avantageux chez Bogensportdiscount \u2013 Grandes marques, livraison rapide depuis la Suisse.","og_url":"https:\/\/bogensportdiscount.ch\/fr\/produit\/tightspot-bogenkoecher-airlock-4-pfeil\/","og_site_name":"Bogensportdiscount \u2013 B\u00f6gen, Pfeile, Targets &amp; Zubeh\u00f6r","article_modified_time":"2026-05-14T13:27:03+00:00","og_image":[{"url":"https:\/\/bogensportdiscount.ch\/wp-content\/uploads\/bsm-images\/A079950_1.png","width":1724,"height":4267,"type":"image\/png"}],"twitter_card":"summary_large_image","schema":{"@context":"https:\/\/schema.org","@graph":[{"@type":"WebPage","@id":"https:\/\/bogensportdiscount.ch\/produkt\/tightspot-bogenkoecher-airlock-4-pfeil\/","url":"https:\/\/bogensportdiscount.ch\/produkt\/tightspot-bogenkoecher-airlock-4-pfeil\/","name":"TIGHTSPOT \u00c9TUI POUR FL\u00c8CHES AIRLOCK 4 FL\u00c8CHES - Bogensportdiscount \u2013 Arcs, fl\u00e8ches, cibles et accessoires","isPartOf":{"@id":"https:\/\/bogensportdiscount.ch\/#website"},"primaryImageOfPage":{"@id":"https:\/\/bogensportdiscount.ch\/produkt\/tightspot-bogenkoecher-airlock-4-pfeil\/#primaryimage"},"image":{"@id":"https:\/\/bogensportdiscount.ch\/produkt\/tightspot-bogenkoecher-airlock-4-pfeil\/#primaryimage"},"thumbnailUrl":"https:\/\/bogensportdiscount.ch\/wp-content\/uploads\/bsm-images\/A079950_1.png","datePublished":"2026-04-05T13:11:06+00:00","dateModified":"2026-05-14T13:27:03+00:00","description":"Achetez l&#x27;\u00e9tui \u00e0 fl\u00e8ches TIGHTSPOT AIRLOCK 4 FL\u00c8CHES \u00e0 prix avantageux chez Bogensportdiscount \u2013 Grandes marques, livraison rapide depuis la Suisse.","breadcrumb":{"@id":"https:\/\/bogensportdiscount.ch\/produkt\/tightspot-bogenkoecher-airlock-4-pfeil\/#breadcrumb"},"inLanguage":"fr-FR","potentialAction":[{"@type":"ReadAction","target":["https:\/\/bogensportdiscount.ch\/produkt\/tightspot-bogenkoecher-airlock-4-pfeil\/"]}]},{"@type":"ImageObject","inLanguage":"fr-FR","@id":"https:\/\/bogensportdiscount.ch\/produkt\/tightspot-bogenkoecher-airlock-4-pfeil\/#primaryimage","url":"https:\/\/bogensportdiscount.ch\/wp-content\/uploads\/bsm-images\/A079950_1.png","contentUrl":"https:\/\/bogensportdiscount.ch\/wp-content\/uploads\/bsm-images\/A079950_1.png","width":1724,"height":4267},{"@type":"BreadcrumbList","@id":"https:\/\/bogensportdiscount.ch\/produkt\/tightspot-bogenkoecher-airlock-4-pfeil\/#breadcrumb","itemListElement":[{"@type":"ListItem","position":1,"name":"Home","item":"https:\/\/bogensportdiscount.ch\/"},{"@type":"ListItem","position":2,"name":"Shop","item":"https:\/\/bogensportdiscount.ch\/shop\/"},{"@type":"ListItem","position":3,"name":"TIGHTSPOT BOGENKOECHER AIRLOCK 4 PFEILE"}]},{"@type":"WebSite","@id":"https:\/\/bogensportdiscount.ch\/#website","url":"https:\/\/bogensportdiscount.ch\/","name":"Bogensportdiscount","description":"","potentialAction":[{"@type":"SearchAction","target":{"@type":"EntryPoint","urlTemplate":"https:\/\/bogensportdiscount.ch\/?s={search_term_string}"},"query-input":{"@type":"PropertyValueSpecification","valueRequired":true,"valueName":"search_term_string"}}],"inLanguage":"fr-FR"}]}},"_links":{"self":[{"href":"https:\/\/bogensportdiscount.ch\/fr\/wp-json\/wp\/v2\/product\/415870","targetHints":{"allow":["GET"]}}],"collection":[{"href":"https:\/\/bogensportdiscount.ch\/fr\/wp-json\/wp\/v2\/product"}],"about":[{"href":"https:\/\/bogensportdiscount.ch\/fr\/wp-json\/wp\/v2\/types\/product"}],"replies":[{"embeddable":true,"href":"https:\/\/bogensportdiscount.ch\/fr\/wp-json\/wp\/v2\/comments?post=415870"}],"wp:featuredmedia":[{"embeddable":true,"href":"https:\/\/bogensportdiscount.ch\/fr\/wp-json\/wp\/v2\/media\/451978"}],"wp:attachment":[{"href":"https:\/\/bogensportdiscount.ch\/fr\/wp-json\/wp\/v2\/media?parent=415870"}],"wp:term":[{"taxonomy":"product_brand","embeddable":true,"href":"https:\/\/bogensportdiscount.ch\/fr\/wp-json\/wp\/v2\/product_brand?post=415870"},{"taxonomy":"product_cat","embeddable":true,"href":"https:\/\/bogensportdiscount.ch\/fr\/wp-json\/wp\/v2\/product_cat?post=415870"},{"taxonomy":"product_tag","embeddable":true,"href":"https:\/\/bogensportdiscount.ch\/fr\/wp-json\/wp\/v2\/product_tag?post=415870"}],"curies":[{"name":"wp","href":"https:\/\/api.w.org\/{rel}","templated":true}]}}