{"id":415853,"date":"2026-04-05T15:11:04","date_gmt":"2026-04-05T13:11:04","guid":{"rendered":"https:\/\/bogensportdiscount.ch\/produkt\/spin-vanes-round-100mm-lp-rh-matt-black-50pack\/"},"modified":"2026-04-17T13:48:37","modified_gmt":"2026-04-17T11:48:37","slug":"xswings-spin-vanes-round-100mm-lp","status":"publish","type":"product","link":"https:\/\/bogensportdiscount.ch\/fr\/produit\/xswings-spin-vanes-round-100mm-lp\/","title":{"rendered":"XS WINGS 100MM LP SPIN VANE"},"content":{"rendered":"<p>Die XSWINGS Spin Vanes Round 100mm LP sind Spin-Wings aus Slowenien, konzipiert f\u00fcr den Einsatz in der Pfeilbefiederung. Die runde Form und die Low-Profile-Konstruktion sorgen f\u00fcr eine stabile Flugbahn durch gleichm\u00e4ssige Rotation des Pfeils.<\/p>\n<p>Die Spin Vanes sind in einer L\u00e4nge von 100mm erh\u00e4ltlich und passen zu g\u00e4ngigen Befiederungsmaschinen. Sie sind sowohl f\u00fcr Rechts- als auch f\u00fcr Linkshandbogensch\u00fctzen geeignet und werden in sechs Farben angeboten.<\/p>\n<ul>\n<li>L\u00e4nge: 100mm, Low-Profile (LP)<\/li>\n<li>Runde Form f\u00fcr gleichm\u00e4ssige Spin-Stabilisierung<\/li>\n<li>F\u00fcr Links- und Rechtshand verf\u00fcgbar<\/li>\n<li>Erh\u00e4ltlich in Schwarz, Blau, Gold, Lila, Rot und Silber<\/li>\n<\/ul>","protected":false},"excerpt":{"rendered":"<p>Die XSWINGS Spin Vanes Round 100mm LP sind runde Spin-Wings zur Befiederung von Pfeilen. Erh\u00e4ltlich f\u00fcr Links- und Rechtshand in den Farben Schwarz, Blau, Gold, Lila, Rot und Silber. L\u00e4nge: 100mm, Low-Profile-Ausf\u00fchrung (LP).<\/p>","protected":false},"featured_media":453182,"comment_status":"open","ping_status":"closed","template":"","meta":[],"product_brand":[434],"product_cat":[4257],"product_tag":[],"class_list":{"0":"post-415853","1":"product","2":"type-product","3":"status-publish","4":"has-post-thumbnail","6":"product_brand-xswings","7":"product_cat-spin-vanes","9":"first","10":"instock","11":"shipping-taxable","12":"purchasable","13":"product-type-variable"},"_links":{"self":[{"href":"https:\/\/bogensportdiscount.ch\/fr\/wp-json\/wp\/v2\/product\/415853","targetHints":{"allow":["GET"]}}],"collection":[{"href":"https:\/\/bogensportdiscount.ch\/fr\/wp-json\/wp\/v2\/product"}],"about":[{"href":"https:\/\/bogensportdiscount.ch\/fr\/wp-json\/wp\/v2\/types\/product"}],"replies":[{"embeddable":true,"href":"https:\/\/bogensportdiscount.ch\/fr\/wp-json\/wp\/v2\/comments?post=415853"}],"wp:featuredmedia":[{"embeddable":true,"href":"https:\/\/bogensportdiscount.ch\/fr\/wp-json\/wp\/v2\/media\/453182"}],"wp:attachment":[{"href":"https:\/\/bogensportdiscount.ch\/fr\/wp-json\/wp\/v2\/media?parent=415853"}],"wp:term":[{"taxonomy":"product_brand","embeddable":true,"href":"https:\/\/bogensportdiscount.ch\/fr\/wp-json\/wp\/v2\/product_brand?post=415853"},{"taxonomy":"product_cat","embeddable":true,"href":"https:\/\/bogensportdiscount.ch\/fr\/wp-json\/wp\/v2\/product_cat?post=415853"},{"taxonomy":"product_tag","embeddable":true,"href":"https:\/\/bogensportdiscount.ch\/fr\/wp-json\/wp\/v2\/product_tag?post=415853"}],"curies":[{"name":"wp","href":"https:\/\/api.w.org\/{rel}","templated":true}]}}