{"id":415832,"date":"2026-04-05T15:11:02","date_gmt":"2026-04-05T13:11:02","guid":{"rendered":"https:\/\/bogensportdiscount.ch\/produkt\/limbs-ilf-t-d-hunting-bows-chiron-58-25lbs-17-riser\/"},"modified":"2026-05-14T15:27:02","modified_gmt":"2026-05-14T13:27:02","slug":"old-mountain-ilf-wurfarme-take-down-jagdbogen-chiron","status":"publish","type":"product","link":"https:\/\/bogensportdiscount.ch\/fr\/produit\/old-mountain-ilf-wurfarme-take-down-jagdbogen-chiron\/","title":{"rendered":"OLD MOUNTAIN BRANCHES ILF T\/D ARCS DE CHASSE CHIRON POIGN\u00c9E 17&#8243;"},"content":{"rendered":"<p>Les branches OLD MOUNTAIN Chiron sont con\u00e7ues pour une utilisation sur des arcs classiques d\u00e9montables compatibles ILF et s'adressent aux archers traditionnels ax\u00e9s sur la chasse. Le syst\u00e8me ILF (International Limb Fitting) permet un montage simple et le remplacement des branches sur des poign\u00e9es compatibles.<\/p>\n<p>Les branches Chiron sont disponibles en trois longueurs (58&#8243;, 60&#8243;, 62&#8243;) et sept puissances de 25 \u00e0 55 lbs, permettant ainsi une adaptation individuelle \u00e0 diff\u00e9rents styles de tir et exigences.<\/p>\n<ul>\n<li>Syst\u00e8me de branches compatible ILF<\/li>\n<li>Adapt\u00e9 aux arcs classiques d\u00e9montables pour la chasse<\/li>\n<li>Disponible en longueurs 58&#8243;, 60&#8243; et 62&#8243;<\/li>\n<li>Puissances s\u00e9lectionnables de 25 \u00e0 55 lbs<\/li>\n<\/ul>","protected":false},"excerpt":{"rendered":"<table>\n<tr>\n<th>Propri\u00e9t\u00e9<\/th>\n<th>Valeur<\/th>\n<\/tr>\n<tr>\n<td>Marque<\/td>\n<td>Old Mountain<\/td>\n<\/tr>\n<tr>\n<td>Pays d'origine<\/td>\n<td>Chine<\/td>\n<\/tr>\n<\/table>","protected":false},"featured_media":523463,"comment_status":"open","ping_status":"closed","template":"","meta":[],"product_brand":[481],"product_cat":[4529],"product_tag":[],"class_list":{"0":"post-415832","1":"product","2":"type-product","3":"status-publish","4":"has-post-thumbnail","6":"product_brand-old-mountain","7":"product_cat-traditionelle-boegen-wurfarme","8":"product_shipping_class-bsd-standard","10":"first","11":"instock","12":"shipping-taxable","13":"purchasable","14":"product-type-variable"},"yoast_head":"<!-- This site is optimized with the Yoast SEO plugin v27.6 - https:\/\/yoast.com\/product\/yoast-seo-wordpress\/ -->\n<title>OLD MOUNTAIN WURFARME ILF T\/D JAGDB\u00d6GEN CHIRON 17&quot; MITTELTEIL - Bogensportdiscount \u2013 B\u00f6gen, Pfeile, Targets &amp; Zubeh\u00f6r<\/title>\n<meta name=\"description\" content=\"OLD MOUNTAIN WURFARME ILF T\/D JAGDB\u00d6GEN CHIRON 17&quot; MITTELTEIL g\u00fcnstig kaufen bei Bogensportdiscount \u2013 Top-Marken, schneller Versand aus der Schweiz.\" \/>\n<meta name=\"robots\" content=\"index, follow, max-snippet:-1, max-image-preview:large, max-video-preview:-1\" \/>\n<link rel=\"canonical\" href=\"https:\/\/bogensportdiscount.ch\/fr\/produit\/old-mountain-ilf-wurfarme-take-down-jagdbogen-chiron\/\" \/>\n<meta property=\"og:locale\" content=\"fr_FR\" \/>\n<meta property=\"og:type\" content=\"article\" \/>\n<meta property=\"og:title\" content=\"OLD MOUNTAIN WURFARME ILF T\/D JAGDB\u00d6GEN CHIRON 17&quot; MITTELTEIL - Bogensportdiscount \u2013 B\u00f6gen, Pfeile, Targets &amp; Zubeh\u00f6r\" \/>\n<meta property=\"og:description\" content=\"OLD MOUNTAIN WURFARME ILF T\/D JAGDB\u00d6GEN CHIRON 17&quot; MITTELTEIL g\u00fcnstig kaufen bei Bogensportdiscount \u2013 Top-Marken, schneller Versand aus der Schweiz.\" \/>\n<meta property=\"og:url\" content=\"https:\/\/bogensportdiscount.ch\/fr\/produit\/old-mountain-ilf-wurfarme-take-down-jagdbogen-chiron\/\" \/>\n<meta property=\"og:site_name\" content=\"Bogensportdiscount \u2013 B\u00f6gen, Pfeile, Targets &amp; Zubeh\u00f6r\" \/>\n<meta property=\"article:modified_time\" content=\"2026-05-14T13:27:02+00:00\" \/>\n<meta property=\"og:image\" content=\"https:\/\/bogensportdiscount.ch\/wp-content\/uploads\/bsm-images\/A079498_1.png\" \/>\n\t<meta property=\"og:image:width\" content=\"1000\" \/>\n\t<meta property=\"og:image:height\" content=\"1000\" \/>\n\t<meta property=\"og:image:type\" content=\"image\/png\" \/>\n<meta name=\"twitter:card\" content=\"summary_large_image\" \/>\n<script type=\"application\/ld+json\" class=\"yoast-schema-graph\">{\"@context\":\"https:\\\/\\\/schema.org\",\"@graph\":[{\"@type\":\"WebPage\",\"@id\":\"https:\\\/\\\/bogensportdiscount.ch\\\/produkt\\\/old-mountain-ilf-wurfarme-take-down-jagdbogen-chiron\\\/\",\"url\":\"https:\\\/\\\/bogensportdiscount.ch\\\/produkt\\\/old-mountain-ilf-wurfarme-take-down-jagdbogen-chiron\\\/\",\"name\":\"OLD MOUNTAIN WURFARME ILF T\\\/D JAGDB\u00d6GEN CHIRON 17\\\" MITTELTEIL - Bogensportdiscount \u2013 B\u00f6gen, Pfeile, Targets &amp; Zubeh\u00f6r\",\"isPartOf\":{\"@id\":\"https:\\\/\\\/bogensportdiscount.ch\\\/#website\"},\"primaryImageOfPage\":{\"@id\":\"https:\\\/\\\/bogensportdiscount.ch\\\/produkt\\\/old-mountain-ilf-wurfarme-take-down-jagdbogen-chiron\\\/#primaryimage\"},\"image\":{\"@id\":\"https:\\\/\\\/bogensportdiscount.ch\\\/produkt\\\/old-mountain-ilf-wurfarme-take-down-jagdbogen-chiron\\\/#primaryimage\"},\"thumbnailUrl\":\"https:\\\/\\\/bogensportdiscount.ch\\\/wp-content\\\/uploads\\\/bsm-images\\\/A079498_1.png\",\"datePublished\":\"2026-04-05T13:11:02+00:00\",\"dateModified\":\"2026-05-14T13:27:02+00:00\",\"description\":\"OLD MOUNTAIN WURFARME ILF T\\\/D JAGDB\u00d6GEN CHIRON 17\\\" MITTELTEIL g\u00fcnstig kaufen bei Bogensportdiscount \u2013 Top-Marken, schneller Versand aus der Schweiz.\",\"breadcrumb\":{\"@id\":\"https:\\\/\\\/bogensportdiscount.ch\\\/produkt\\\/old-mountain-ilf-wurfarme-take-down-jagdbogen-chiron\\\/#breadcrumb\"},\"inLanguage\":\"fr-FR\",\"potentialAction\":[{\"@type\":\"ReadAction\",\"target\":[\"https:\\\/\\\/bogensportdiscount.ch\\\/produkt\\\/old-mountain-ilf-wurfarme-take-down-jagdbogen-chiron\\\/\"]}]},{\"@type\":\"ImageObject\",\"inLanguage\":\"fr-FR\",\"@id\":\"https:\\\/\\\/bogensportdiscount.ch\\\/produkt\\\/old-mountain-ilf-wurfarme-take-down-jagdbogen-chiron\\\/#primaryimage\",\"url\":\"https:\\\/\\\/bogensportdiscount.ch\\\/wp-content\\\/uploads\\\/bsm-images\\\/A079498_1.png\",\"contentUrl\":\"https:\\\/\\\/bogensportdiscount.ch\\\/wp-content\\\/uploads\\\/bsm-images\\\/A079498_1.png\",\"width\":1000,\"height\":1000},{\"@type\":\"BreadcrumbList\",\"@id\":\"https:\\\/\\\/bogensportdiscount.ch\\\/produkt\\\/old-mountain-ilf-wurfarme-take-down-jagdbogen-chiron\\\/#breadcrumb\",\"itemListElement\":[{\"@type\":\"ListItem\",\"position\":1,\"name\":\"Home\",\"item\":\"https:\\\/\\\/bogensportdiscount.ch\\\/\"},{\"@type\":\"ListItem\",\"position\":2,\"name\":\"Shop\",\"item\":\"https:\\\/\\\/bogensportdiscount.ch\\\/shop\\\/\"},{\"@type\":\"ListItem\",\"position\":3,\"name\":\"OLD MOUNTAIN WURFARME ILF T\\\/D JAGDBOEGEN CHIRON 17&#8243; RISER\"}]},{\"@type\":\"WebSite\",\"@id\":\"https:\\\/\\\/bogensportdiscount.ch\\\/#website\",\"url\":\"https:\\\/\\\/bogensportdiscount.ch\\\/\",\"name\":\"Bogensportdiscount\",\"description\":\"\",\"potentialAction\":[{\"@type\":\"SearchAction\",\"target\":{\"@type\":\"EntryPoint\",\"urlTemplate\":\"https:\\\/\\\/bogensportdiscount.ch\\\/?s={search_term_string}\"},\"query-input\":{\"@type\":\"PropertyValueSpecification\",\"valueRequired\":true,\"valueName\":\"search_term_string\"}}],\"inLanguage\":\"fr-FR\"}]}<\/script>\n<!-- \/ Yoast SEO plugin. -->","yoast_head_json":{"title":"OLD MOUNTAIN WURFARME ILF T\/D JAGDB\u00d6GEN CHIRON 17\" MITTELTEIL - Bogensportdiscount \u2013 B\u00f6gen, Pfeile, Targets &amp; Zubeh\u00f6r","description":"OLD MOUNTAIN WURFARME ILF T\/D JAGDB\u00d6GEN CHIRON 17\" MITTELTEIL g\u00fcnstig kaufen bei Bogensportdiscount \u2013 Top-Marken, schneller Versand aus der Schweiz.","robots":{"index":"index","follow":"follow","max-snippet":"max-snippet:-1","max-image-preview":"max-image-preview:large","max-video-preview":"max-video-preview:-1"},"canonical":"https:\/\/bogensportdiscount.ch\/fr\/produit\/old-mountain-ilf-wurfarme-take-down-jagdbogen-chiron\/","og_locale":"fr_FR","og_type":"article","og_title":"OLD MOUNTAIN WURFARME ILF T\/D JAGDB\u00d6GEN CHIRON 17\" MITTELTEIL - Bogensportdiscount \u2013 B\u00f6gen, Pfeile, Targets &amp; Zubeh\u00f6r","og_description":"OLD MOUNTAIN WURFARME ILF T\/D JAGDB\u00d6GEN CHIRON 17\" MITTELTEIL g\u00fcnstig kaufen bei Bogensportdiscount \u2013 Top-Marken, schneller Versand aus der Schweiz.","og_url":"https:\/\/bogensportdiscount.ch\/fr\/produit\/old-mountain-ilf-wurfarme-take-down-jagdbogen-chiron\/","og_site_name":"Bogensportdiscount \u2013 B\u00f6gen, Pfeile, Targets &amp; Zubeh\u00f6r","article_modified_time":"2026-05-14T13:27:02+00:00","og_image":[{"width":1000,"height":1000,"url":"https:\/\/bogensportdiscount.ch\/wp-content\/uploads\/bsm-images\/A079498_1.png","type":"image\/png"}],"twitter_card":"summary_large_image","schema":{"@context":"https:\/\/schema.org","@graph":[{"@type":"WebPage","@id":"https:\/\/bogensportdiscount.ch\/produkt\/old-mountain-ilf-wurfarme-take-down-jagdbogen-chiron\/","url":"https:\/\/bogensportdiscount.ch\/produkt\/old-mountain-ilf-wurfarme-take-down-jagdbogen-chiron\/","name":"OLD MOUNTAIN WURFARME ILF T\/D JAGDB\u00d6GEN CHIRON 17\" MITTELTEIL - Bogensportdiscount \u2013 B\u00f6gen, Pfeile, Targets &amp; Zubeh\u00f6r","isPartOf":{"@id":"https:\/\/bogensportdiscount.ch\/#website"},"primaryImageOfPage":{"@id":"https:\/\/bogensportdiscount.ch\/produkt\/old-mountain-ilf-wurfarme-take-down-jagdbogen-chiron\/#primaryimage"},"image":{"@id":"https:\/\/bogensportdiscount.ch\/produkt\/old-mountain-ilf-wurfarme-take-down-jagdbogen-chiron\/#primaryimage"},"thumbnailUrl":"https:\/\/bogensportdiscount.ch\/wp-content\/uploads\/bsm-images\/A079498_1.png","datePublished":"2026-04-05T13:11:02+00:00","dateModified":"2026-05-14T13:27:02+00:00","description":"OLD MOUNTAIN WURFARME ILF T\/D JAGDB\u00d6GEN CHIRON 17\" MITTELTEIL g\u00fcnstig kaufen bei Bogensportdiscount \u2013 Top-Marken, schneller Versand aus der Schweiz.","breadcrumb":{"@id":"https:\/\/bogensportdiscount.ch\/produkt\/old-mountain-ilf-wurfarme-take-down-jagdbogen-chiron\/#breadcrumb"},"inLanguage":"fr-FR","potentialAction":[{"@type":"ReadAction","target":["https:\/\/bogensportdiscount.ch\/produkt\/old-mountain-ilf-wurfarme-take-down-jagdbogen-chiron\/"]}]},{"@type":"ImageObject","inLanguage":"fr-FR","@id":"https:\/\/bogensportdiscount.ch\/produkt\/old-mountain-ilf-wurfarme-take-down-jagdbogen-chiron\/#primaryimage","url":"https:\/\/bogensportdiscount.ch\/wp-content\/uploads\/bsm-images\/A079498_1.png","contentUrl":"https:\/\/bogensportdiscount.ch\/wp-content\/uploads\/bsm-images\/A079498_1.png","width":1000,"height":1000},{"@type":"BreadcrumbList","@id":"https:\/\/bogensportdiscount.ch\/produkt\/old-mountain-ilf-wurfarme-take-down-jagdbogen-chiron\/#breadcrumb","itemListElement":[{"@type":"ListItem","position":1,"name":"Home","item":"https:\/\/bogensportdiscount.ch\/"},{"@type":"ListItem","position":2,"name":"Shop","item":"https:\/\/bogensportdiscount.ch\/shop\/"},{"@type":"ListItem","position":3,"name":"OLD MOUNTAIN WURFARME ILF T\/D JAGDBOEGEN CHIRON 17&#8243; RISER"}]},{"@type":"WebSite","@id":"https:\/\/bogensportdiscount.ch\/#website","url":"https:\/\/bogensportdiscount.ch\/","name":"Bogensportdiscount","description":"","potentialAction":[{"@type":"SearchAction","target":{"@type":"EntryPoint","urlTemplate":"https:\/\/bogensportdiscount.ch\/?s={search_term_string}"},"query-input":{"@type":"PropertyValueSpecification","valueRequired":true,"valueName":"search_term_string"}}],"inLanguage":"fr-FR"}]}},"_links":{"self":[{"href":"https:\/\/bogensportdiscount.ch\/fr\/wp-json\/wp\/v2\/product\/415832","targetHints":{"allow":["GET"]}}],"collection":[{"href":"https:\/\/bogensportdiscount.ch\/fr\/wp-json\/wp\/v2\/product"}],"about":[{"href":"https:\/\/bogensportdiscount.ch\/fr\/wp-json\/wp\/v2\/types\/product"}],"replies":[{"embeddable":true,"href":"https:\/\/bogensportdiscount.ch\/fr\/wp-json\/wp\/v2\/comments?post=415832"}],"wp:featuredmedia":[{"embeddable":true,"href":"https:\/\/bogensportdiscount.ch\/fr\/wp-json\/wp\/v2\/media\/523463"}],"wp:attachment":[{"href":"https:\/\/bogensportdiscount.ch\/fr\/wp-json\/wp\/v2\/media?parent=415832"}],"wp:term":[{"taxonomy":"product_brand","embeddable":true,"href":"https:\/\/bogensportdiscount.ch\/fr\/wp-json\/wp\/v2\/product_brand?post=415832"},{"taxonomy":"product_cat","embeddable":true,"href":"https:\/\/bogensportdiscount.ch\/fr\/wp-json\/wp\/v2\/product_cat?post=415832"},{"taxonomy":"product_tag","embeddable":true,"href":"https:\/\/bogensportdiscount.ch\/fr\/wp-json\/wp\/v2\/product_tag?post=415832"}],"curies":[{"name":"wp","href":"https:\/\/api.w.org\/{rel}","templated":true}]}}