{"id":415745,"date":"2026-04-05T15:10:55","date_gmt":"2026-04-05T13:10:55","guid":{"rendered":"https:\/\/bogensportdiscount.ch\/produkt\/compound-x38-large-cam-rotating-mod-25-40lbs-26-5-30-5-lh-anodized-black-red\/"},"modified":"2026-05-14T15:27:02","modified_gmt":"2026-05-14T13:27:02","slug":"topoint-compound-x38-large-cam-rotating-mod","status":"publish","type":"product","link":"https:\/\/bogensportdiscount.ch\/fr\/produit\/topoint-compound-x38-large-cam-rotating-mod\/","title":{"rendered":"TOPOINT ARC \u00c0 POULIES X38 LARGE CAM ROTATING MOD"},"content":{"rendered":"<p>Le TOPOINT Compound X38 Large Cam Rotating Mod fait partie de la s\u00e9rie X38 de TOPOINT et est con\u00e7u comme un arc \u00e0 poulies de plus de 35&#8243;. Le module rotatif sur le Large Cam permet un r\u00e9glage flexible de la puissance et de l'allonge, sans n\u00e9cessiter de modifications importantes sur l'arc.<\/p>\n<p>L'arc est disponible pour les archers gauchers et droitiers et couvre, avec trois plages de puissance au choix (25\u201340 lbs, 35\u201350 lbs, 45\u201360 lbs), un large spectre d'archers \u2013 du d\u00e9butant \u00e0 l'archer confirm\u00e9.<\/p>\n<ul>\n<li>Module rotatif sur le Large Cam pour un r\u00e9glage flexible<\/li>\n<li>Disponible pour gaucher et droitier<\/li>\n<li>Trois plages de puissance : 25\u201340, 35\u201350 et 45\u201360 lbs<\/li>\n<li>Arc \u00e0 poulies avec une longueur d'axe en axe sup\u00e9rieure \u00e0 35&#8243;<\/li>\n<\/ul>","protected":false},"excerpt":{"rendered":"<table>\n<tr>\n<th>Propri\u00e9t\u00e9<\/th>\n<th>Valeur<\/th>\n<\/tr>\n<tr>\n<td>Marque<\/td>\n<td>Topoint<\/td>\n<\/tr>\n<tr>\n<td>Mat\u00e9riau<\/td>\n<td>Aluminum<\/td>\n<\/tr>\n<tr>\n<td>Entre-axes (pouces)<\/td>\n<td>38<\/td>\n<\/tr>\n<tr>\n<td>Hauteur d'encoche (pouces)<\/td>\n<td>7,15<\/td>\n<\/tr>\n<tr>\n<td>Let-Off %<\/td>\n<td>66\/70\/75<\/td>\n<\/tr>\n<tr>\n<td>Module<\/td>\n<td>Rotating mod<\/td>\n<\/tr>\n<tr>\n<td>Pays d'origine<\/td>\n<td>Chine<\/td>\n<\/tr>\n<\/table>","protected":false},"featured_media":523109,"comment_status":"open","ping_status":"closed","template":"","meta":[],"product_brand":[436],"product_cat":[4523],"product_tag":[],"class_list":{"0":"post-415745","1":"product","2":"type-product","3":"status-publish","4":"has-post-thumbnail","6":"product_brand-topoint","7":"product_cat-compound-boegen--35","8":"product_shipping_class-bsd-standard","10":"first","11":"instock","12":"shipping-taxable","13":"purchasable","14":"product-type-variable"},"yoast_head":"<!-- This site is optimized with the Yoast SEO plugin v27.6 - https:\/\/yoast.com\/product\/yoast-seo-wordpress\/ -->\n<title>TOPOINT COMPOUNDBOGEN X38 LARGE CAM ROTATING MOD - Bogensportdiscount \u2013 B\u00f6gen, Pfeile, Targets &amp; Zubeh\u00f6r<\/title>\n<meta name=\"description\" content=\"TOPOINT COMPOUNDBOGEN X38 LARGE CAM ROTATING MOD g\u00fcnstig kaufen bei Bogensportdiscount \u2013 Top-Marken, schneller Versand aus der Schweiz.\" \/>\n<meta name=\"robots\" content=\"index, follow, max-snippet:-1, max-image-preview:large, max-video-preview:-1\" \/>\n<link rel=\"canonical\" href=\"https:\/\/bogensportdiscount.ch\/fr\/produit\/topoint-compound-x38-large-cam-rotating-mod\/\" \/>\n<meta property=\"og:locale\" content=\"fr_FR\" \/>\n<meta property=\"og:type\" content=\"article\" \/>\n<meta property=\"og:title\" content=\"TOPOINT COMPOUNDBOGEN X38 LARGE CAM ROTATING MOD - Bogensportdiscount \u2013 B\u00f6gen, Pfeile, Targets &amp; Zubeh\u00f6r\" \/>\n<meta property=\"og:description\" content=\"TOPOINT COMPOUNDBOGEN X38 LARGE CAM ROTATING MOD g\u00fcnstig kaufen bei Bogensportdiscount \u2013 Top-Marken, schneller Versand aus der Schweiz.\" \/>\n<meta property=\"og:url\" content=\"https:\/\/bogensportdiscount.ch\/fr\/produit\/topoint-compound-x38-large-cam-rotating-mod\/\" \/>\n<meta property=\"og:site_name\" content=\"Bogensportdiscount \u2013 B\u00f6gen, Pfeile, Targets &amp; Zubeh\u00f6r\" \/>\n<meta property=\"article:modified_time\" content=\"2026-05-14T13:27:02+00:00\" \/>\n<meta property=\"og:image\" content=\"https:\/\/bogensportdiscount.ch\/wp-content\/uploads\/bsm-images\/A079083_1.jpg\" \/>\n\t<meta property=\"og:image:width\" content=\"270\" \/>\n\t<meta property=\"og:image:height\" content=\"1024\" \/>\n\t<meta property=\"og:image:type\" content=\"image\/jpeg\" \/>\n<meta name=\"twitter:card\" content=\"summary_large_image\" \/>\n<meta name=\"twitter:label1\" content=\"Dur\u00e9e de lecture estim\u00e9e\" \/>\n\t<meta name=\"twitter:data1\" content=\"1 minute\" \/>\n<script type=\"application\/ld+json\" class=\"yoast-schema-graph\">{\"@context\":\"https:\\\/\\\/schema.org\",\"@graph\":[{\"@type\":\"WebPage\",\"@id\":\"https:\\\/\\\/bogensportdiscount.ch\\\/produkt\\\/topoint-compound-x38-large-cam-rotating-mod\\\/\",\"url\":\"https:\\\/\\\/bogensportdiscount.ch\\\/produkt\\\/topoint-compound-x38-large-cam-rotating-mod\\\/\",\"name\":\"TOPOINT COMPOUNDBOGEN X38 LARGE CAM ROTATING MOD - Bogensportdiscount \u2013 B\u00f6gen, Pfeile, Targets &amp; Zubeh\u00f6r\",\"isPartOf\":{\"@id\":\"https:\\\/\\\/bogensportdiscount.ch\\\/#website\"},\"primaryImageOfPage\":{\"@id\":\"https:\\\/\\\/bogensportdiscount.ch\\\/produkt\\\/topoint-compound-x38-large-cam-rotating-mod\\\/#primaryimage\"},\"image\":{\"@id\":\"https:\\\/\\\/bogensportdiscount.ch\\\/produkt\\\/topoint-compound-x38-large-cam-rotating-mod\\\/#primaryimage\"},\"thumbnailUrl\":\"https:\\\/\\\/bogensportdiscount.ch\\\/wp-content\\\/uploads\\\/bsm-images\\\/A079083_1.jpg\",\"datePublished\":\"2026-04-05T13:10:55+00:00\",\"dateModified\":\"2026-05-14T13:27:02+00:00\",\"description\":\"TOPOINT COMPOUNDBOGEN X38 LARGE CAM ROTATING MOD g\u00fcnstig kaufen bei Bogensportdiscount \u2013 Top-Marken, schneller Versand aus der Schweiz.\",\"breadcrumb\":{\"@id\":\"https:\\\/\\\/bogensportdiscount.ch\\\/produkt\\\/topoint-compound-x38-large-cam-rotating-mod\\\/#breadcrumb\"},\"inLanguage\":\"fr-FR\",\"potentialAction\":[{\"@type\":\"ReadAction\",\"target\":[\"https:\\\/\\\/bogensportdiscount.ch\\\/produkt\\\/topoint-compound-x38-large-cam-rotating-mod\\\/\"]}]},{\"@type\":\"ImageObject\",\"inLanguage\":\"fr-FR\",\"@id\":\"https:\\\/\\\/bogensportdiscount.ch\\\/produkt\\\/topoint-compound-x38-large-cam-rotating-mod\\\/#primaryimage\",\"url\":\"https:\\\/\\\/bogensportdiscount.ch\\\/wp-content\\\/uploads\\\/bsm-images\\\/A079083_1.jpg\",\"contentUrl\":\"https:\\\/\\\/bogensportdiscount.ch\\\/wp-content\\\/uploads\\\/bsm-images\\\/A079083_1.jpg\",\"width\":270,\"height\":1024},{\"@type\":\"BreadcrumbList\",\"@id\":\"https:\\\/\\\/bogensportdiscount.ch\\\/produkt\\\/topoint-compound-x38-large-cam-rotating-mod\\\/#breadcrumb\",\"itemListElement\":[{\"@type\":\"ListItem\",\"position\":1,\"name\":\"Home\",\"item\":\"https:\\\/\\\/bogensportdiscount.ch\\\/\"},{\"@type\":\"ListItem\",\"position\":2,\"name\":\"Shop\",\"item\":\"https:\\\/\\\/bogensportdiscount.ch\\\/shop\\\/\"},{\"@type\":\"ListItem\",\"position\":3,\"name\":\"TOPOINT COMPOUND X38 LARGE CAM ROTATING MOD\"}]},{\"@type\":\"WebSite\",\"@id\":\"https:\\\/\\\/bogensportdiscount.ch\\\/#website\",\"url\":\"https:\\\/\\\/bogensportdiscount.ch\\\/\",\"name\":\"Bogensportdiscount\",\"description\":\"\",\"potentialAction\":[{\"@type\":\"SearchAction\",\"target\":{\"@type\":\"EntryPoint\",\"urlTemplate\":\"https:\\\/\\\/bogensportdiscount.ch\\\/?s={search_term_string}\"},\"query-input\":{\"@type\":\"PropertyValueSpecification\",\"valueRequired\":true,\"valueName\":\"search_term_string\"}}],\"inLanguage\":\"fr-FR\"}]}<\/script>\n<!-- \/ Yoast SEO plugin. -->","yoast_head_json":{"title":"TOPOINT COMPOUNDBOGEN X38 LARGE CAM ROTATING MOD - Bogensportdiscount \u2013 B\u00f6gen, Pfeile, Targets &amp; Zubeh\u00f6r","description":"TOPOINT COMPOUNDBOGEN X38 LARGE CAM ROTATING MOD g\u00fcnstig kaufen bei Bogensportdiscount \u2013 Top-Marken, schneller Versand aus der Schweiz.","robots":{"index":"index","follow":"follow","max-snippet":"max-snippet:-1","max-image-preview":"max-image-preview:large","max-video-preview":"max-video-preview:-1"},"canonical":"https:\/\/bogensportdiscount.ch\/fr\/produit\/topoint-compound-x38-large-cam-rotating-mod\/","og_locale":"fr_FR","og_type":"article","og_title":"TOPOINT COMPOUNDBOGEN X38 LARGE CAM ROTATING MOD - Bogensportdiscount \u2013 B\u00f6gen, Pfeile, Targets &amp; Zubeh\u00f6r","og_description":"TOPOINT COMPOUNDBOGEN X38 LARGE CAM ROTATING MOD g\u00fcnstig kaufen bei Bogensportdiscount \u2013 Top-Marken, schneller Versand aus der Schweiz.","og_url":"https:\/\/bogensportdiscount.ch\/fr\/produit\/topoint-compound-x38-large-cam-rotating-mod\/","og_site_name":"Bogensportdiscount \u2013 B\u00f6gen, Pfeile, Targets &amp; Zubeh\u00f6r","article_modified_time":"2026-05-14T13:27:02+00:00","og_image":[{"width":270,"height":1024,"url":"https:\/\/bogensportdiscount.ch\/wp-content\/uploads\/bsm-images\/A079083_1.jpg","type":"image\/jpeg"}],"twitter_card":"summary_large_image","twitter_misc":{"Dur\u00e9e de lecture estim\u00e9e":"1 minute"},"schema":{"@context":"https:\/\/schema.org","@graph":[{"@type":"WebPage","@id":"https:\/\/bogensportdiscount.ch\/produkt\/topoint-compound-x38-large-cam-rotating-mod\/","url":"https:\/\/bogensportdiscount.ch\/produkt\/topoint-compound-x38-large-cam-rotating-mod\/","name":"TOPOINT COMPOUNDBOGEN X38 LARGE CAM ROTATING MOD - Bogensportdiscount \u2013 B\u00f6gen, Pfeile, Targets &amp; Zubeh\u00f6r","isPartOf":{"@id":"https:\/\/bogensportdiscount.ch\/#website"},"primaryImageOfPage":{"@id":"https:\/\/bogensportdiscount.ch\/produkt\/topoint-compound-x38-large-cam-rotating-mod\/#primaryimage"},"image":{"@id":"https:\/\/bogensportdiscount.ch\/produkt\/topoint-compound-x38-large-cam-rotating-mod\/#primaryimage"},"thumbnailUrl":"https:\/\/bogensportdiscount.ch\/wp-content\/uploads\/bsm-images\/A079083_1.jpg","datePublished":"2026-04-05T13:10:55+00:00","dateModified":"2026-05-14T13:27:02+00:00","description":"TOPOINT COMPOUNDBOGEN X38 LARGE CAM ROTATING MOD g\u00fcnstig kaufen bei Bogensportdiscount \u2013 Top-Marken, schneller Versand aus der Schweiz.","breadcrumb":{"@id":"https:\/\/bogensportdiscount.ch\/produkt\/topoint-compound-x38-large-cam-rotating-mod\/#breadcrumb"},"inLanguage":"fr-FR","potentialAction":[{"@type":"ReadAction","target":["https:\/\/bogensportdiscount.ch\/produkt\/topoint-compound-x38-large-cam-rotating-mod\/"]}]},{"@type":"ImageObject","inLanguage":"fr-FR","@id":"https:\/\/bogensportdiscount.ch\/produkt\/topoint-compound-x38-large-cam-rotating-mod\/#primaryimage","url":"https:\/\/bogensportdiscount.ch\/wp-content\/uploads\/bsm-images\/A079083_1.jpg","contentUrl":"https:\/\/bogensportdiscount.ch\/wp-content\/uploads\/bsm-images\/A079083_1.jpg","width":270,"height":1024},{"@type":"BreadcrumbList","@id":"https:\/\/bogensportdiscount.ch\/produkt\/topoint-compound-x38-large-cam-rotating-mod\/#breadcrumb","itemListElement":[{"@type":"ListItem","position":1,"name":"Home","item":"https:\/\/bogensportdiscount.ch\/"},{"@type":"ListItem","position":2,"name":"Shop","item":"https:\/\/bogensportdiscount.ch\/shop\/"},{"@type":"ListItem","position":3,"name":"TOPOINT COMPOUND X38 LARGE CAM ROTATING MOD"}]},{"@type":"WebSite","@id":"https:\/\/bogensportdiscount.ch\/#website","url":"https:\/\/bogensportdiscount.ch\/","name":"Bogensportdiscount","description":"","potentialAction":[{"@type":"SearchAction","target":{"@type":"EntryPoint","urlTemplate":"https:\/\/bogensportdiscount.ch\/?s={search_term_string}"},"query-input":{"@type":"PropertyValueSpecification","valueRequired":true,"valueName":"search_term_string"}}],"inLanguage":"fr-FR"}]}},"_links":{"self":[{"href":"https:\/\/bogensportdiscount.ch\/fr\/wp-json\/wp\/v2\/product\/415745","targetHints":{"allow":["GET"]}}],"collection":[{"href":"https:\/\/bogensportdiscount.ch\/fr\/wp-json\/wp\/v2\/product"}],"about":[{"href":"https:\/\/bogensportdiscount.ch\/fr\/wp-json\/wp\/v2\/types\/product"}],"replies":[{"embeddable":true,"href":"https:\/\/bogensportdiscount.ch\/fr\/wp-json\/wp\/v2\/comments?post=415745"}],"wp:featuredmedia":[{"embeddable":true,"href":"https:\/\/bogensportdiscount.ch\/fr\/wp-json\/wp\/v2\/media\/523109"}],"wp:attachment":[{"href":"https:\/\/bogensportdiscount.ch\/fr\/wp-json\/wp\/v2\/media?parent=415745"}],"wp:term":[{"taxonomy":"product_brand","embeddable":true,"href":"https:\/\/bogensportdiscount.ch\/fr\/wp-json\/wp\/v2\/product_brand?post=415745"},{"taxonomy":"product_cat","embeddable":true,"href":"https:\/\/bogensportdiscount.ch\/fr\/wp-json\/wp\/v2\/product_cat?post=415745"},{"taxonomy":"product_tag","embeddable":true,"href":"https:\/\/bogensportdiscount.ch\/fr\/wp-json\/wp\/v2\/product_tag?post=415745"}],"curies":[{"name":"wp","href":"https:\/\/api.w.org\/{rel}","templated":true}]}}