{"id":415572,"date":"2026-04-05T15:10:39","date_gmt":"2026-04-05T13:10:39","guid":{"rendered":"https:\/\/bogensportdiscount.ch\/produkt\/hunting-bows-black-nyala-60-lh-25-lbs-fastflight-string-incl\/"},"modified":"2026-04-17T15:42:27","modified_gmt":"2026-04-17T13:42:27","slug":"bucktrail-jagdbogen-black-nyala-60","status":"publish","type":"product","link":"https:\/\/bogensportdiscount.ch\/fr\/produit\/bucktrail-jagdbogen-black-nyala-60\/","title":{"rendered":"BUCKTRAIL BLACK NYALA ONE-PIECE RECURVE BOW"},"content":{"rendered":"<p>Der Bucktrail Black Nyala ist ein einteiliger traditioneller Jagdbogen, der f\u00fcr den Einsatz auf der Jagd konzipiert wurde. Mit einer Bogenl\u00e4nge von 60 Zoll bietet er eine gute Balance zwischen Handlichkeit und stabiler Schussleistung im Gel\u00e4nde.<\/p>\n<p>Der Bogen ist sowohl f\u00fcr Rechts- als auch f\u00fcr Linkshandbogen erh\u00e4ltlich und deckt mit Zuggewichten von 25 bis 60 lbs eine breite Auswahl f\u00fcr unterschiedliche Anwendungen und Sch\u00fctzenniveaus ab.<\/p>\n<ul>\n<li>Einteiliger traditioneller Jagdbogen<\/li>\n<li>Bogenl\u00e4nge: 60 Zoll<\/li>\n<li>Zuggewichte: 25, 30, 35, 40, 45, 50, 55 oder 60 lbs<\/li>\n<li>Erh\u00e4ltlich f\u00fcr Rechts- und Linkshand<\/li>\n<\/ul>","protected":false},"excerpt":{"rendered":"<p>Der Bucktrail Black Nyala ist ein einteiliger traditioneller Jagdbogen mit einer L\u00e4nge von 60 Zoll. Er ist in verschiedenen Zuggewichten von 25 bis 60 lbs sowie f\u00fcr Rechts- und Linkshandbogen erh\u00e4ltlich.<\/p>","protected":false},"featured_media":438663,"comment_status":"open","ping_status":"closed","template":"","meta":[],"product_brand":[432],"product_cat":[4274],"product_tag":[],"class_list":{"0":"post-415572","1":"product","2":"type-product","3":"status-publish","4":"has-post-thumbnail","6":"product_brand-bucktrail","7":"product_cat-jagdboegen","9":"first","10":"instock","11":"shipping-taxable","12":"purchasable","13":"product-type-variable"},"_links":{"self":[{"href":"https:\/\/bogensportdiscount.ch\/fr\/wp-json\/wp\/v2\/product\/415572","targetHints":{"allow":["GET"]}}],"collection":[{"href":"https:\/\/bogensportdiscount.ch\/fr\/wp-json\/wp\/v2\/product"}],"about":[{"href":"https:\/\/bogensportdiscount.ch\/fr\/wp-json\/wp\/v2\/types\/product"}],"replies":[{"embeddable":true,"href":"https:\/\/bogensportdiscount.ch\/fr\/wp-json\/wp\/v2\/comments?post=415572"}],"wp:featuredmedia":[{"embeddable":true,"href":"https:\/\/bogensportdiscount.ch\/fr\/wp-json\/wp\/v2\/media\/438663"}],"wp:attachment":[{"href":"https:\/\/bogensportdiscount.ch\/fr\/wp-json\/wp\/v2\/media?parent=415572"}],"wp:term":[{"taxonomy":"product_brand","embeddable":true,"href":"https:\/\/bogensportdiscount.ch\/fr\/wp-json\/wp\/v2\/product_brand?post=415572"},{"taxonomy":"product_cat","embeddable":true,"href":"https:\/\/bogensportdiscount.ch\/fr\/wp-json\/wp\/v2\/product_cat?post=415572"},{"taxonomy":"product_tag","embeddable":true,"href":"https:\/\/bogensportdiscount.ch\/fr\/wp-json\/wp\/v2\/product_tag?post=415572"}],"curies":[{"name":"wp","href":"https:\/\/api.w.org\/{rel}","templated":true}]}}