{"id":415413,"date":"2026-04-05T15:10:21","date_gmt":"2026-04-05T13:10:21","guid":{"rendered":"https:\/\/bogensportdiscount.ch\/produkt\/shafts-carbon-goldro-800-2912-pk\/"},"modified":"2026-04-19T11:54:26","modified_gmt":"2026-04-19T09:54:26","slug":"fivics-carbon-schaft-goldro","status":"publish","type":"product","link":"https:\/\/bogensportdiscount.ch\/fr\/produit\/fivics-carbon-schaft-goldro\/","title":{"rendered":"FIVICS SCHAEFTE CARBON GOLDRO 12\/PK"},"content":{"rendered":"<p>Die FIVICS Goldro sind Carbon-Zielsch\u00e4fte, die speziell f\u00fcr den Einsatz im Bogensport auf der Zielscheibe konzipiert wurden. Dank der breiten Auswahl an Spine-Werten von 600 bis 1200 lassen sie sich auf unterschiedliche Zuggewichte und Zugweiten abstimmen.<\/p>\n<p>Die Sch\u00e4fte sind in zwei L\u00e4ngen (28&#8243; und 29&#8243;) verf\u00fcgbar, was eine flexible Anpassung an verschiedene K\u00f6rpermasse und Zugweiten erm\u00f6glicht. Die Carbon-Konstruktion sorgt f\u00fcr ein geringes Gewicht bei gleichzeitig stabiler Flugeigenschaft.<\/p>\n<ul>\n<li>Mat\u00e9riau : carbone<\/li>\n<li>Verf\u00fcgbare L\u00e4ngen: 28&#8243; und 29&#8243;<\/li>\n<li>Spine-Werte: 600, 700, 800, 900, 1000, 1100, 1200<\/li>\n<li>Geeignet f\u00fcr den Zielscheibensport<\/li>\n<\/ul>","protected":false},"excerpt":{"rendered":"<p><strong>Marque :<\/strong> Fivics<\/p>","protected":false},"featured_media":494046,"comment_status":"open","ping_status":"closed","template":"","meta":[],"product_brand":[429],"product_cat":[4236],"product_tag":[],"class_list":{"0":"post-415413","1":"product","2":"type-product","3":"status-publish","4":"has-post-thumbnail","6":"product_brand-fivics","7":"product_cat-carbon-schaefte","9":"first","10":"outofstock","11":"shipping-taxable","12":"purchasable","13":"product-type-variable"},"_links":{"self":[{"href":"https:\/\/bogensportdiscount.ch\/fr\/wp-json\/wp\/v2\/product\/415413","targetHints":{"allow":["GET"]}}],"collection":[{"href":"https:\/\/bogensportdiscount.ch\/fr\/wp-json\/wp\/v2\/product"}],"about":[{"href":"https:\/\/bogensportdiscount.ch\/fr\/wp-json\/wp\/v2\/types\/product"}],"replies":[{"embeddable":true,"href":"https:\/\/bogensportdiscount.ch\/fr\/wp-json\/wp\/v2\/comments?post=415413"}],"wp:featuredmedia":[{"embeddable":true,"href":"https:\/\/bogensportdiscount.ch\/fr\/wp-json\/wp\/v2\/media\/494046"}],"wp:attachment":[{"href":"https:\/\/bogensportdiscount.ch\/fr\/wp-json\/wp\/v2\/media?parent=415413"}],"wp:term":[{"taxonomy":"product_brand","embeddable":true,"href":"https:\/\/bogensportdiscount.ch\/fr\/wp-json\/wp\/v2\/product_brand?post=415413"},{"taxonomy":"product_cat","embeddable":true,"href":"https:\/\/bogensportdiscount.ch\/fr\/wp-json\/wp\/v2\/product_cat?post=415413"},{"taxonomy":"product_tag","embeddable":true,"href":"https:\/\/bogensportdiscount.ch\/fr\/wp-json\/wp\/v2\/product_tag?post=415413"}],"curies":[{"name":"wp","href":"https:\/\/api.w.org\/{rel}","templated":true}]}}