{"id":415390,"date":"2026-04-05T15:10:17","date_gmt":"2026-04-05T13:10:17","guid":{"rendered":"https:\/\/bogensportdiscount.ch\/produkt\/kickout-super-uni-bushings-6-5mm-sd-23-12-pk\/"},"modified":"2026-04-17T18:41:37","modified_gmt":"2026-04-17T16:41:37","slug":"easton-uni-bushing-kickout-super-6-5mm-sd","status":"publish","type":"product","link":"https:\/\/bogensportdiscount.ch\/fr\/produit\/easton-uni-bushing-kickout-super-6-5mm-sd\/","title":{"rendered":"EASTON KICKOUT SUPER UNI BUSHINGS 6.5MM 12\/PK"},"content":{"rendered":"<p>Das Easton Kickout Super Uni-Bushing 6.5mm SD ist ein Nock-Bushing f\u00fcr Easton Pfeilsch\u00e4fte mit 6.5mm Innendurchmesser. Uni-Bushings werden in den Pfeilschaft eingesetzt und erm\u00f6glichen die Verwendung von Universal-Nocken (Uni-Nocks), was den Nockenwechsel vereinfacht.<\/p>\n<p>Das Bushing wird fest im Pfeilschaft verankert und bietet einen stabilen Sitz f\u00fcr die Nocke. Durch die Verwendung von Uni-Bushings k\u00f6nnen verschiedene Nocktypen und -farben einfach gewechselt werden, ohne den Pfeilschaft zu besch\u00e4digen.<\/p>\n<ul>\n<li>Passend f\u00fcr Easton Pfeilsch\u00e4fte mit 6.5mm Innendurchmesser<\/li>\n<li>SD-Ausf\u00fchrung (Super Uni)<\/li>\n<li>Erm\u00f6glicht einfachen Nockenwechsel<\/li>\n<li>Stabiler Sitz im Pfeilschaft<\/li>\n<\/ul>","protected":false},"excerpt":{"rendered":"<p><strong>Marque :<\/strong> Easton<\/p>","protected":false},"featured_media":453165,"comment_status":"open","ping_status":"closed","template":"","meta":[],"product_brand":[417],"product_cat":[4550],"product_tag":[],"class_list":{"0":"post-415390","1":"product","2":"type-product","3":"status-publish","4":"has-post-thumbnail","6":"product_brand-easton","7":"product_cat-uni-bushings-pfeil-komponenten","9":"first","10":"instock","11":"shipping-taxable","12":"purchasable","13":"product-type-variable"},"_links":{"self":[{"href":"https:\/\/bogensportdiscount.ch\/fr\/wp-json\/wp\/v2\/product\/415390","targetHints":{"allow":["GET"]}}],"collection":[{"href":"https:\/\/bogensportdiscount.ch\/fr\/wp-json\/wp\/v2\/product"}],"about":[{"href":"https:\/\/bogensportdiscount.ch\/fr\/wp-json\/wp\/v2\/types\/product"}],"replies":[{"embeddable":true,"href":"https:\/\/bogensportdiscount.ch\/fr\/wp-json\/wp\/v2\/comments?post=415390"}],"wp:featuredmedia":[{"embeddable":true,"href":"https:\/\/bogensportdiscount.ch\/fr\/wp-json\/wp\/v2\/media\/453165"}],"wp:attachment":[{"href":"https:\/\/bogensportdiscount.ch\/fr\/wp-json\/wp\/v2\/media?parent=415390"}],"wp:term":[{"taxonomy":"product_brand","embeddable":true,"href":"https:\/\/bogensportdiscount.ch\/fr\/wp-json\/wp\/v2\/product_brand?post=415390"},{"taxonomy":"product_cat","embeddable":true,"href":"https:\/\/bogensportdiscount.ch\/fr\/wp-json\/wp\/v2\/product_cat?post=415390"},{"taxonomy":"product_tag","embeddable":true,"href":"https:\/\/bogensportdiscount.ch\/fr\/wp-json\/wp\/v2\/product_tag?post=415390"}],"curies":[{"name":"wp","href":"https:\/\/api.w.org\/{rel}","templated":true}]}}