{"id":415381,"date":"2026-04-05T15:10:16","date_gmt":"2026-04-05T13:10:16","guid":{"rendered":"https:\/\/bogensportdiscount.ch\/produkt\/compound-drop-away-rests-everest-black-rh\/"},"modified":"2026-04-17T13:48:33","modified_gmt":"2026-04-17T11:48:33","slug":"hamskea-compound-fallaway-auflage-everest-schwarz","status":"publish","type":"product","link":"https:\/\/bogensportdiscount.ch\/fr\/produit\/hamskea-compound-fallaway-auflage-everest-schwarz\/","title":{"rendered":"HAMSKEA COMPOUND DROP AWAY RESTS EVEREST"},"content":{"rendered":"<p>Die HAMSKEA Everest ist eine Fallaway-Pfeilauflage (Drop Away Rest) f\u00fcr Compound-B\u00f6gen. Fallaway-Auflagen zeichnen sich dadurch aus, dass sie beim Schuss nach unten wegfallen und so den Pfeil nach dem L\u00f6sen unbeeinflusst freigeben \u2014 ein klarer Vorteil f\u00fcr Pr\u00e4zision und Konstanz.<\/p>\n<p>Die Everest ist in Schwarz erh\u00e4ltlich und kann sowohl von Rechts- als auch von Linkshandbogensch\u00fctzen verwendet werden. HAMSKEA ist bekannt f\u00fcr durchdachte Auflagen-Konstruktionen, die im Turnier- und Jagdbogensport eingesetzt werden.<\/p>\n<ul>\n<li>Fallaway-Mechanismus f\u00fcr st\u00f6rungsfreie Pfeilfreigabe<\/li>\n<li>Geeignet f\u00fcr Rechtshand und Linkshand<\/li>\n<li>Ausf\u00fchrung in Schwarz<\/li>\n<li>Kompatibel mit Compound-B\u00f6gen<\/li>\n<\/ul>","protected":false},"excerpt":{"rendered":"<p><strong>Marque :<\/strong> Hamskea<\/p>","protected":false},"featured_media":451968,"comment_status":"open","ping_status":"closed","template":"","meta":[],"product_brand":[465],"product_cat":[4233],"product_tag":[],"class_list":{"0":"post-415381","1":"product","2":"type-product","3":"status-publish","4":"has-post-thumbnail","6":"product_brand-hamskea","7":"product_cat-compound-drop-away-pfeilauflage","9":"first","10":"instock","11":"shipping-taxable","12":"purchasable","13":"product-type-variable"},"_links":{"self":[{"href":"https:\/\/bogensportdiscount.ch\/fr\/wp-json\/wp\/v2\/product\/415381","targetHints":{"allow":["GET"]}}],"collection":[{"href":"https:\/\/bogensportdiscount.ch\/fr\/wp-json\/wp\/v2\/product"}],"about":[{"href":"https:\/\/bogensportdiscount.ch\/fr\/wp-json\/wp\/v2\/types\/product"}],"replies":[{"embeddable":true,"href":"https:\/\/bogensportdiscount.ch\/fr\/wp-json\/wp\/v2\/comments?post=415381"}],"wp:featuredmedia":[{"embeddable":true,"href":"https:\/\/bogensportdiscount.ch\/fr\/wp-json\/wp\/v2\/media\/451968"}],"wp:attachment":[{"href":"https:\/\/bogensportdiscount.ch\/fr\/wp-json\/wp\/v2\/media?parent=415381"}],"wp:term":[{"taxonomy":"product_brand","embeddable":true,"href":"https:\/\/bogensportdiscount.ch\/fr\/wp-json\/wp\/v2\/product_brand?post=415381"},{"taxonomy":"product_cat","embeddable":true,"href":"https:\/\/bogensportdiscount.ch\/fr\/wp-json\/wp\/v2\/product_cat?post=415381"},{"taxonomy":"product_tag","embeddable":true,"href":"https:\/\/bogensportdiscount.ch\/fr\/wp-json\/wp\/v2\/product_tag?post=415381"}],"curies":[{"name":"wp","href":"https:\/\/api.w.org\/{rel}","templated":true}]}}