{"id":415281,"date":"2026-04-05T15:10:01","date_gmt":"2026-04-05T13:10:01","guid":{"rendered":"https:\/\/bogensportdiscount.ch\/produkt\/back-tension-releases-lynx-heavy-metal-small\/"},"modified":"2026-04-17T13:48:31","modified_gmt":"2026-04-17T11:48:31","slug":"stan-back-tension-release-lynx-heavy-metal","status":"publish","type":"product","link":"https:\/\/bogensportdiscount.ch\/fr\/produit\/stan-back-tension-release-lynx-heavy-metal\/","title":{"rendered":"STAN BACK TENSION RELEASES LYNX HEAVY METAL"},"content":{"rendered":"<p>Der STAN Lynx Heavy Metal ist ein Back Tension Release aus dem Hause STAN, einem amerikanischen Hersteller der auf Releases f\u00fcr den Compoundbogensport spezialisiert ist. Back Tension Releases l\u00f6sen durch Muskelspannung im R\u00fccken aus, was einen ruhigeren und reproduzierbaren Schussablauf unterst\u00fctzt.<\/p>\n<p>Das Modell Lynx Heavy Metal ist in vier Gr\u00f6ssen erh\u00e4ltlich (S, M, L, XL) und passt sich damit unterschiedlichen Handgr\u00f6ssen an. Die Ausf\u00fchrung \u00abHeavy Metal\u00bb deutet auf ein schwereres Geh\u00e4use hin, das f\u00fcr mehr Stabilit\u00e4t und ein gleichm\u00e4ssiges Ausl\u00f6sen sorgt.<\/p>\n<ul>\n<li>Back Tension Ausl\u00f6sung f\u00fcr reproduzierbare Schussabl\u00e4ufe<\/li>\n<li>Vier Gr\u00f6ssen: S, M, L, XL<\/li>\n<li>Fabriqu\u00e9 aux \u00c9tats-Unis<\/li>\n<li>Geeignet f\u00fcr Compound-Bogensch\u00fctzen<\/li>\n<\/ul>","protected":false},"excerpt":{"rendered":"<p>Der STAN Lynx Heavy Metal ist ein Back Tension Release f\u00fcr Compoundsch\u00fctzen. Verf\u00fcgbar in den Gr\u00f6ssen S, M, L und XL. Hergestellt in den USA.<\/p>","protected":false},"featured_media":438706,"comment_status":"open","ping_status":"closed","template":"","meta":[],"product_brand":[844],"product_cat":[4348],"product_tag":[],"class_list":{"0":"post-415281","1":"product","2":"type-product","3":"status-publish","4":"has-post-thumbnail","6":"product_brand-stan","7":"product_cat-back-tension-releases","9":"first","10":"instock","11":"shipping-taxable","12":"purchasable","13":"product-type-variable"},"_links":{"self":[{"href":"https:\/\/bogensportdiscount.ch\/fr\/wp-json\/wp\/v2\/product\/415281","targetHints":{"allow":["GET"]}}],"collection":[{"href":"https:\/\/bogensportdiscount.ch\/fr\/wp-json\/wp\/v2\/product"}],"about":[{"href":"https:\/\/bogensportdiscount.ch\/fr\/wp-json\/wp\/v2\/types\/product"}],"replies":[{"embeddable":true,"href":"https:\/\/bogensportdiscount.ch\/fr\/wp-json\/wp\/v2\/comments?post=415281"}],"wp:featuredmedia":[{"embeddable":true,"href":"https:\/\/bogensportdiscount.ch\/fr\/wp-json\/wp\/v2\/media\/438706"}],"wp:attachment":[{"href":"https:\/\/bogensportdiscount.ch\/fr\/wp-json\/wp\/v2\/media?parent=415281"}],"wp:term":[{"taxonomy":"product_brand","embeddable":true,"href":"https:\/\/bogensportdiscount.ch\/fr\/wp-json\/wp\/v2\/product_brand?post=415281"},{"taxonomy":"product_cat","embeddable":true,"href":"https:\/\/bogensportdiscount.ch\/fr\/wp-json\/wp\/v2\/product_cat?post=415281"},{"taxonomy":"product_tag","embeddable":true,"href":"https:\/\/bogensportdiscount.ch\/fr\/wp-json\/wp\/v2\/product_tag?post=415281"}],"curies":[{"name":"wp","href":"https:\/\/api.w.org\/{rel}","templated":true}]}}