{"id":415158,"date":"2026-04-05T15:09:50","date_gmt":"2026-04-05T13:09:50","guid":{"rendered":"https:\/\/bogensportdiscount.ch\/produkt\/limbs-wiawis-ns-xp-graphene-wood-core-25-66-24-lbs\/"},"modified":"2026-04-17T13:48:30","modified_gmt":"2026-04-17T11:48:30","slug":"wiawis-recurve-wurfarme-ns-xp-graphene-wood-core-25","status":"publish","type":"product","link":"https:\/\/bogensportdiscount.ch\/fr\/produit\/wiawis-recurve-wurfarme-ns-xp-graphene-wood-core-25\/","title":{"rendered":"LIMBS WIAWIS NS-XP GRAPHENE WOOD CORE 25\u2033 LBS"},"content":{"rendered":"<p>Die WIAWIS NS-XP Graphene Wood Core Wurfarme in 25&#8243; sind hochwertige Recurve-Wurfarme aus s\u00fcdkoreanischer Fertigung. Sie kombinieren einen Holzkern mit Graphen-Verst\u00e4rkung, was eine stabile Energie\u00fcbertragung und ein ausgewogenes Schwingungsverhalten erm\u00f6glicht.<\/p>\n<p>Die Wurfarme sind in verschiedenen Zuggewichten von 38 bis 50 lbs (jeweils im 70&#8243;-Format) erh\u00e4ltlich und eignen sich f\u00fcr Wettkampf- und Trainingsb\u00f6gen im Recurve-Bereich.<\/p>\n<ul>\n<li>Holzkern mit Graphen-Verst\u00e4rkung<\/li>\n<li>Verf\u00fcgbar in 38, 40, 42, 44, 46, 48 und 50 lbs<\/li>\n<li>Wurfarm-L\u00e4nge 25&#8243;<\/li>\n<li>Hergestellt in S\u00fcdkorea<\/li>\n<\/ul>","protected":false},"excerpt":{"rendered":"<table>\n<tr>\n<th>Propri\u00e9t\u00e9<\/th>\n<th>Valeur<\/th>\n<\/tr>\n<tr>\n<td>Marque<\/td>\n<td>WIAWIS<\/td>\n<\/tr>\n<tr>\n<td>Modell<\/td>\n<td>NS-XP Graphene Wood Core<\/td>\n<\/tr>\n<tr>\n<td>Longueur<\/td>\n<td>25&#8243;<\/td>\n<\/tr>\n<tr>\n<td>Poids de traction<\/td>\n<td>38\u201350 lbs (70&#8243;)<\/td>\n<\/tr>\n<tr>\n<td>Herkunftsland<\/td>\n<td>S\u00fcdkorea<\/td>\n<\/tr>\n<\/table>","protected":false},"featured_media":438734,"comment_status":"open","ping_status":"closed","template":"","meta":[],"product_brand":[473],"product_cat":[4520],"product_tag":[],"class_list":{"0":"post-415158","1":"product","2":"type-product","3":"status-publish","4":"has-post-thumbnail","6":"product_brand-wiawis","7":"product_cat-recurve-wurfarme-recurve-boegen","9":"first","10":"instock","11":"shipping-taxable","12":"purchasable","13":"product-type-variable"},"_links":{"self":[{"href":"https:\/\/bogensportdiscount.ch\/fr\/wp-json\/wp\/v2\/product\/415158","targetHints":{"allow":["GET"]}}],"collection":[{"href":"https:\/\/bogensportdiscount.ch\/fr\/wp-json\/wp\/v2\/product"}],"about":[{"href":"https:\/\/bogensportdiscount.ch\/fr\/wp-json\/wp\/v2\/types\/product"}],"replies":[{"embeddable":true,"href":"https:\/\/bogensportdiscount.ch\/fr\/wp-json\/wp\/v2\/comments?post=415158"}],"wp:featuredmedia":[{"embeddable":true,"href":"https:\/\/bogensportdiscount.ch\/fr\/wp-json\/wp\/v2\/media\/438734"}],"wp:attachment":[{"href":"https:\/\/bogensportdiscount.ch\/fr\/wp-json\/wp\/v2\/media?parent=415158"}],"wp:term":[{"taxonomy":"product_brand","embeddable":true,"href":"https:\/\/bogensportdiscount.ch\/fr\/wp-json\/wp\/v2\/product_brand?post=415158"},{"taxonomy":"product_cat","embeddable":true,"href":"https:\/\/bogensportdiscount.ch\/fr\/wp-json\/wp\/v2\/product_cat?post=415158"},{"taxonomy":"product_tag","embeddable":true,"href":"https:\/\/bogensportdiscount.ch\/fr\/wp-json\/wp\/v2\/product_tag?post=415158"}],"curies":[{"name":"wp","href":"https:\/\/api.w.org\/{rel}","templated":true}]}}