{"id":415107,"date":"2026-04-05T15:09:45","date_gmt":"2026-04-05T13:09:45","guid":{"rendered":"https:\/\/bogensportdiscount.ch\/produkt\/sight-parts-uhm-diamond-weave-carbon-bar-9-extension-bar-rh-black\/"},"modified":"2026-04-21T09:09:15","modified_gmt":"2026-04-21T07:09:15","slug":"axcel-visier-verlaengerungsstange-uhm-diamond-weave-carbon-bar-9-zoll","status":"publish","type":"product","link":"https:\/\/bogensportdiscount.ch\/fr\/produit\/axcel-visier-verlaengerungsstange-uhm-diamond-weave-carbon-bar-9-zoll\/","title":{"rendered":"AXCEL VISIER TEILE UHM DIAMOND WEAVE CARBON BAR &#8211; 9&#8243; VERLAENGERUNG"},"content":{"rendered":"<p>Die Axcel UHM Diamond Weave Carbon Bar ist eine Verl\u00e4ngerungsstange f\u00fcr Compound-Visiere und bietet eine L\u00e4nge von 9 Zoll (ca. 22,9 cm). Das Ultra-High-Modulus-Carbon (UHM) mit Diamond-Weave-Geflecht sorgt f\u00fcr eine hohe Steifigkeit bei geringem Gewicht.<\/p>\n<p>Die Stange ist kompatibel mit g\u00e4ngigen Axcel-Visiersystemen und kann von Links- wie Rechtsh\u00e4ndern verwendet werden. Sie eignet sich als Ersatz- oder Upgradeteil f\u00fcr bestehende Visier-Setups.<\/p>\n<ul>\n<li>Material: UHM Diamond Weave Carbon<\/li>\n<li>Longueur : 9 pouces<\/li>\n<li>Convient aux archers gauchers et droitiers<\/li>\n<li>Fabriqu\u00e9 aux \u00c9tats-Unis<\/li>\n<\/ul>","protected":false},"excerpt":{"rendered":"<p>Die Axcel UHM Diamond Weave Carbon Bar ist eine 9-Zoll-Verl\u00e4ngerungsstange f\u00fcr Compound-Visiere. Sie besteht aus hochmodularem Carbon mit Diamond-Weave-Geflecht und ist sowohl f\u00fcr Links- als auch Rechtshandbogensch\u00fctzen geeignet.<\/p>","protected":false},"featured_media":451712,"comment_status":"open","ping_status":"closed","template":"","meta":[],"product_brand":[467],"product_cat":[4258],"product_tag":[],"class_list":{"0":"post-415107","1":"product","2":"type-product","3":"status-publish","4":"has-post-thumbnail","6":"product_brand-axcel","7":"product_cat-einzelteile-fuer-compound-visier","8":"product_shipping_class-bsd-standard","10":"first","11":"onbackorder","12":"shipping-taxable","13":"purchasable","14":"product-type-variable"},"yoast_head":"<!-- This site is optimized with the Yoast SEO plugin v27.4 - https:\/\/yoast.com\/product\/yoast-seo-wordpress\/ -->\n<title>Pi\u00e8ces de vis\u00e9e AXCEL - Barre en carbone UHM Diamond Weave - Rallonge de 9 pouces - Bogensportdiscount \u2013 Arcs, fl\u00e8ches, cibles et accessoires<\/title>\n<meta name=\"description\" content=\"Pi\u00e8ces de guidon AXCEL VISIER en carbone UHM Diamond Weave - Rallonge de 9&quot; : achetez-les \u00e0 prix avantageux chez Bogensportdiscount \u2013 Les meilleures marques, livraison rapide depuis la Suisse.\" \/>\n<meta name=\"robots\" content=\"index, follow, max-snippet:-1, max-image-preview:large, max-video-preview:-1\" \/>\n<link rel=\"canonical\" href=\"https:\/\/bogensportdiscount.ch\/fr\/produit\/axcel-visier-verlaengerungsstange-uhm-diamond-weave-carbon-bar-9-zoll\/\" \/>\n<meta property=\"og:locale\" content=\"fr_FR\" \/>\n<meta property=\"og:type\" content=\"article\" \/>\n<meta property=\"og:title\" content=\"Pi\u00e8ces de vis\u00e9e AXCEL - Barre en carbone UHM Diamond Weave - Rallonge de 9 pouces - Bogensportdiscount \u2013 Arcs, fl\u00e8ches, cibles et accessoires\" \/>\n<meta property=\"og:description\" content=\"Pi\u00e8ces de guidon AXCEL VISIER en carbone UHM Diamond Weave - Rallonge de 9&quot; : achetez-les \u00e0 prix avantageux chez Bogensportdiscount \u2013 Les meilleures marques, livraison rapide depuis la Suisse.\" \/>\n<meta property=\"og:url\" content=\"https:\/\/bogensportdiscount.ch\/fr\/produit\/axcel-visier-verlaengerungsstange-uhm-diamond-weave-carbon-bar-9-zoll\/\" \/>\n<meta property=\"og:site_name\" content=\"Bogensportdiscount \u2013 B\u00f6gen, Pfeile, Targets &amp; Zubeh\u00f6r\" \/>\n<meta property=\"article:modified_time\" content=\"2026-04-21T07:09:15+00:00\" \/>\n<meta property=\"og:image\" content=\"https:\/\/bogensportdiscount.ch\/wp-content\/uploads\/bsm-images\/A077362_1.png\" \/>\n\t<meta property=\"og:image:width\" content=\"3704\" \/>\n\t<meta property=\"og:image:height\" content=\"811\" \/>\n\t<meta property=\"og:image:type\" content=\"image\/png\" \/>\n<meta name=\"twitter:card\" content=\"summary_large_image\" \/>\n<script type=\"application\/ld+json\" class=\"yoast-schema-graph\">{\"@context\":\"https:\\\/\\\/schema.org\",\"@graph\":[{\"@type\":\"WebPage\",\"@id\":\"https:\\\/\\\/bogensportdiscount.ch\\\/produkt\\\/axcel-visier-verlaengerungsstange-uhm-diamond-weave-carbon-bar-9-zoll\\\/\",\"url\":\"https:\\\/\\\/bogensportdiscount.ch\\\/produkt\\\/axcel-visier-verlaengerungsstange-uhm-diamond-weave-carbon-bar-9-zoll\\\/\",\"name\":\"AXCEL VISIER TEILE UHM DIAMOND WEAVE CARBON BAR - 9\\\" VERLAENGERUNG - Bogensportdiscount \u2013 B\u00f6gen, Pfeile, Targets &amp; Zubeh\u00f6r\",\"isPartOf\":{\"@id\":\"https:\\\/\\\/bogensportdiscount.ch\\\/#website\"},\"primaryImageOfPage\":{\"@id\":\"https:\\\/\\\/bogensportdiscount.ch\\\/produkt\\\/axcel-visier-verlaengerungsstange-uhm-diamond-weave-carbon-bar-9-zoll\\\/#primaryimage\"},\"image\":{\"@id\":\"https:\\\/\\\/bogensportdiscount.ch\\\/produkt\\\/axcel-visier-verlaengerungsstange-uhm-diamond-weave-carbon-bar-9-zoll\\\/#primaryimage\"},\"thumbnailUrl\":\"https:\\\/\\\/bogensportdiscount.ch\\\/wp-content\\\/uploads\\\/bsm-images\\\/A077362_1.png\",\"datePublished\":\"2026-04-05T13:09:45+00:00\",\"dateModified\":\"2026-04-21T07:09:15+00:00\",\"description\":\"AXCEL VISIER TEILE UHM DIAMOND WEAVE CARBON BAR - 9\\\" VERLAENGERUNG g\u00fcnstig kaufen bei Bogensportdiscount \u2013 Top-Marken, schneller Versand aus der Schweiz.\",\"breadcrumb\":{\"@id\":\"https:\\\/\\\/bogensportdiscount.ch\\\/produkt\\\/axcel-visier-verlaengerungsstange-uhm-diamond-weave-carbon-bar-9-zoll\\\/#breadcrumb\"},\"inLanguage\":\"fr-FR\",\"potentialAction\":[{\"@type\":\"ReadAction\",\"target\":[\"https:\\\/\\\/bogensportdiscount.ch\\\/produkt\\\/axcel-visier-verlaengerungsstange-uhm-diamond-weave-carbon-bar-9-zoll\\\/\"]}]},{\"@type\":\"ImageObject\",\"inLanguage\":\"fr-FR\",\"@id\":\"https:\\\/\\\/bogensportdiscount.ch\\\/produkt\\\/axcel-visier-verlaengerungsstange-uhm-diamond-weave-carbon-bar-9-zoll\\\/#primaryimage\",\"url\":\"https:\\\/\\\/bogensportdiscount.ch\\\/wp-content\\\/uploads\\\/bsm-images\\\/A077362_1.png\",\"contentUrl\":\"https:\\\/\\\/bogensportdiscount.ch\\\/wp-content\\\/uploads\\\/bsm-images\\\/A077362_1.png\",\"width\":3704,\"height\":811},{\"@type\":\"BreadcrumbList\",\"@id\":\"https:\\\/\\\/bogensportdiscount.ch\\\/produkt\\\/axcel-visier-verlaengerungsstange-uhm-diamond-weave-carbon-bar-9-zoll\\\/#breadcrumb\",\"itemListElement\":[{\"@type\":\"ListItem\",\"position\":1,\"name\":\"Home\",\"item\":\"https:\\\/\\\/bogensportdiscount.ch\\\/\"},{\"@type\":\"ListItem\",\"position\":2,\"name\":\"Shop\",\"item\":\"https:\\\/\\\/bogensportdiscount.ch\\\/shop\\\/\"},{\"@type\":\"ListItem\",\"position\":3,\"name\":\"AXCEL VISIER TEILE UHM DIAMOND WEAVE CARBON BAR &#8211; 9&#8243; VERLAENGERUNG\"}]},{\"@type\":\"WebSite\",\"@id\":\"https:\\\/\\\/bogensportdiscount.ch\\\/#website\",\"url\":\"https:\\\/\\\/bogensportdiscount.ch\\\/\",\"name\":\"Bogensportdiscount\",\"description\":\"\",\"potentialAction\":[{\"@type\":\"SearchAction\",\"target\":{\"@type\":\"EntryPoint\",\"urlTemplate\":\"https:\\\/\\\/bogensportdiscount.ch\\\/?s={search_term_string}\"},\"query-input\":{\"@type\":\"PropertyValueSpecification\",\"valueRequired\":true,\"valueName\":\"search_term_string\"}}],\"inLanguage\":\"fr-FR\"}]}<\/script>\n<!-- \/ Yoast SEO plugin. -->","yoast_head_json":{"title":"Pi\u00e8ces de vis\u00e9e AXCEL - Barre en carbone UHM Diamond Weave - Rallonge de 9 pouces - Bogensportdiscount \u2013 Arcs, fl\u00e8ches, cibles et accessoires","description":"Pi\u00e8ces de guidon AXCEL VISIER en carbone UHM Diamond Weave - Rallonge de 9&quot; : achetez-les \u00e0 prix avantageux chez Bogensportdiscount \u2013 Les meilleures marques, livraison rapide depuis la Suisse.","robots":{"index":"index","follow":"follow","max-snippet":"max-snippet:-1","max-image-preview":"max-image-preview:large","max-video-preview":"max-video-preview:-1"},"canonical":"https:\/\/bogensportdiscount.ch\/fr\/produit\/axcel-visier-verlaengerungsstange-uhm-diamond-weave-carbon-bar-9-zoll\/","og_locale":"fr_FR","og_type":"article","og_title":"Pi\u00e8ces de vis\u00e9e AXCEL - Barre en carbone UHM Diamond Weave - Rallonge de 9 pouces - Bogensportdiscount \u2013 Arcs, fl\u00e8ches, cibles et accessoires","og_description":"Pi\u00e8ces de guidon AXCEL VISIER en carbone UHM Diamond Weave - Rallonge de 9&quot; : achetez-les \u00e0 prix avantageux chez Bogensportdiscount \u2013 Les meilleures marques, livraison rapide depuis la Suisse.","og_url":"https:\/\/bogensportdiscount.ch\/fr\/produit\/axcel-visier-verlaengerungsstange-uhm-diamond-weave-carbon-bar-9-zoll\/","og_site_name":"Bogensportdiscount \u2013 B\u00f6gen, Pfeile, Targets &amp; Zubeh\u00f6r","article_modified_time":"2026-04-21T07:09:15+00:00","og_image":[{"url":"https:\/\/bogensportdiscount.ch\/wp-content\/uploads\/bsm-images\/A077362_1.png","width":3704,"height":811,"type":"image\/png"}],"twitter_card":"summary_large_image","schema":{"@context":"https:\/\/schema.org","@graph":[{"@type":"WebPage","@id":"https:\/\/bogensportdiscount.ch\/produkt\/axcel-visier-verlaengerungsstange-uhm-diamond-weave-carbon-bar-9-zoll\/","url":"https:\/\/bogensportdiscount.ch\/produkt\/axcel-visier-verlaengerungsstange-uhm-diamond-weave-carbon-bar-9-zoll\/","name":"Pi\u00e8ces de vis\u00e9e AXCEL - Barre en carbone UHM Diamond Weave - Rallonge de 9 pouces - Bogensportdiscount \u2013 Arcs, fl\u00e8ches, cibles et accessoires","isPartOf":{"@id":"https:\/\/bogensportdiscount.ch\/#website"},"primaryImageOfPage":{"@id":"https:\/\/bogensportdiscount.ch\/produkt\/axcel-visier-verlaengerungsstange-uhm-diamond-weave-carbon-bar-9-zoll\/#primaryimage"},"image":{"@id":"https:\/\/bogensportdiscount.ch\/produkt\/axcel-visier-verlaengerungsstange-uhm-diamond-weave-carbon-bar-9-zoll\/#primaryimage"},"thumbnailUrl":"https:\/\/bogensportdiscount.ch\/wp-content\/uploads\/bsm-images\/A077362_1.png","datePublished":"2026-04-05T13:09:45+00:00","dateModified":"2026-04-21T07:09:15+00:00","description":"Pi\u00e8ces de guidon AXCEL VISIER en carbone UHM Diamond Weave - Rallonge de 9&quot; : achetez-les \u00e0 prix avantageux chez Bogensportdiscount \u2013 Les meilleures marques, livraison rapide depuis la Suisse.","breadcrumb":{"@id":"https:\/\/bogensportdiscount.ch\/produkt\/axcel-visier-verlaengerungsstange-uhm-diamond-weave-carbon-bar-9-zoll\/#breadcrumb"},"inLanguage":"fr-FR","potentialAction":[{"@type":"ReadAction","target":["https:\/\/bogensportdiscount.ch\/produkt\/axcel-visier-verlaengerungsstange-uhm-diamond-weave-carbon-bar-9-zoll\/"]}]},{"@type":"ImageObject","inLanguage":"fr-FR","@id":"https:\/\/bogensportdiscount.ch\/produkt\/axcel-visier-verlaengerungsstange-uhm-diamond-weave-carbon-bar-9-zoll\/#primaryimage","url":"https:\/\/bogensportdiscount.ch\/wp-content\/uploads\/bsm-images\/A077362_1.png","contentUrl":"https:\/\/bogensportdiscount.ch\/wp-content\/uploads\/bsm-images\/A077362_1.png","width":3704,"height":811},{"@type":"BreadcrumbList","@id":"https:\/\/bogensportdiscount.ch\/produkt\/axcel-visier-verlaengerungsstange-uhm-diamond-weave-carbon-bar-9-zoll\/#breadcrumb","itemListElement":[{"@type":"ListItem","position":1,"name":"Home","item":"https:\/\/bogensportdiscount.ch\/"},{"@type":"ListItem","position":2,"name":"Shop","item":"https:\/\/bogensportdiscount.ch\/shop\/"},{"@type":"ListItem","position":3,"name":"AXCEL VISIER TEILE UHM DIAMOND WEAVE CARBON BAR &#8211; 9&#8243; VERLAENGERUNG"}]},{"@type":"WebSite","@id":"https:\/\/bogensportdiscount.ch\/#website","url":"https:\/\/bogensportdiscount.ch\/","name":"Bogensportdiscount","description":"","potentialAction":[{"@type":"SearchAction","target":{"@type":"EntryPoint","urlTemplate":"https:\/\/bogensportdiscount.ch\/?s={search_term_string}"},"query-input":{"@type":"PropertyValueSpecification","valueRequired":true,"valueName":"search_term_string"}}],"inLanguage":"fr-FR"}]}},"_links":{"self":[{"href":"https:\/\/bogensportdiscount.ch\/fr\/wp-json\/wp\/v2\/product\/415107","targetHints":{"allow":["GET"]}}],"collection":[{"href":"https:\/\/bogensportdiscount.ch\/fr\/wp-json\/wp\/v2\/product"}],"about":[{"href":"https:\/\/bogensportdiscount.ch\/fr\/wp-json\/wp\/v2\/types\/product"}],"replies":[{"embeddable":true,"href":"https:\/\/bogensportdiscount.ch\/fr\/wp-json\/wp\/v2\/comments?post=415107"}],"wp:featuredmedia":[{"embeddable":true,"href":"https:\/\/bogensportdiscount.ch\/fr\/wp-json\/wp\/v2\/media\/451712"}],"wp:attachment":[{"href":"https:\/\/bogensportdiscount.ch\/fr\/wp-json\/wp\/v2\/media?parent=415107"}],"wp:term":[{"taxonomy":"product_brand","embeddable":true,"href":"https:\/\/bogensportdiscount.ch\/fr\/wp-json\/wp\/v2\/product_brand?post=415107"},{"taxonomy":"product_cat","embeddable":true,"href":"https:\/\/bogensportdiscount.ch\/fr\/wp-json\/wp\/v2\/product_cat?post=415107"},{"taxonomy":"product_tag","embeddable":true,"href":"https:\/\/bogensportdiscount.ch\/fr\/wp-json\/wp\/v2\/product_tag?post=415107"}],"curies":[{"name":"wp","href":"https:\/\/api.w.org\/{rel}","templated":true}]}}