{"id":415032,"date":"2026-04-05T15:09:37","date_gmt":"2026-04-05T13:09:37","guid":{"rendered":"https:\/\/bogensportdiscount.ch\/produkt\/compound-sights-achieve-xp-pro-uhm-diamond-weave-carbon-bar-ext-9-rh-black-black\/"},"modified":"2026-04-16T12:28:47","modified_gmt":"2026-04-16T10:28:47","slug":"axcel-compound-visier-achieve-xp-pro-uhm-diamond-weave-carbon-bar-ext-9-zoll","status":"publish","type":"product","link":"https:\/\/bogensportdiscount.ch\/fr\/produit\/axcel-compound-visier-achieve-xp-pro-uhm-diamond-weave-carbon-bar-ext-9-zoll\/","title":{"rendered":"AXCEL COMPOUND SIGHTS ACHIEVE XP PRO UHM DIAMOND WEAVE CARBON BAR \/ EXT 9\u2033"},"content":{"rendered":"<p>Das AXCEL Achieve XP Pro UHM Diamond Weave Carbon Bar \/ Ext 9&#8243; ist ein Compound-Visier aus dem Target-Bereich, konzipiert f\u00fcr anspruchsvolle Bogensportler im Wettkampf- und Trainingsbereich. Der Verl\u00e4ngerungsarm aus UHM Diamond Weave Carbon sorgt f\u00fcr hohe Steifigkeit bei geringem Gewicht und minimiert Vibrationen f\u00fcr ein stabiles Zielbild.<\/p>\n<p>Das Visier ist sowohl f\u00fcr Rechts- als auch Linkshandsch\u00fctzen erh\u00e4ltlich und l\u00e4sst sich in drei Farbkombinationen w\u00e4hlen: Black, Blue\/Black sowie Red\/Black.<\/p>\n<ul>\n<li>UHM Diamond Weave Carbon-Verl\u00e4ngerungsarm (9 Zoll) f\u00fcr hohe Steifigkeit<\/li>\n<li>Geringes Gewicht durch Carbon-Bauweise<\/li>\n<li>Verf\u00fcgbar f\u00fcr Rechts- und Linkshand<\/li>\n<li>Drei Farbvarianten: Black, Blue\/Black, Red\/Black<\/li>\n<\/ul>","protected":false},"excerpt":{"rendered":"<p><strong>Length:<\/strong> 9&quot;<br \/><strong>mat\u00e9riel :<\/strong> Carbon &amp; aluminium<br \/><strong>Type:<\/strong> Compound sight<br \/><strong>Orientation:<\/strong> RH \/ LH variants<\/p>","protected":false},"featured_media":451811,"comment_status":"open","ping_status":"closed","template":"","meta":[],"product_brand":[467],"product_cat":[4261],"product_tag":[],"class_list":{"0":"post-415032","1":"product","2":"type-product","3":"status-publish","4":"has-post-thumbnail","6":"product_brand-axcel","7":"product_cat-compound-visiere","9":"first","10":"instock","11":"shipping-taxable","12":"purchasable","13":"product-type-variable"},"_links":{"self":[{"href":"https:\/\/bogensportdiscount.ch\/fr\/wp-json\/wp\/v2\/product\/415032","targetHints":{"allow":["GET"]}}],"collection":[{"href":"https:\/\/bogensportdiscount.ch\/fr\/wp-json\/wp\/v2\/product"}],"about":[{"href":"https:\/\/bogensportdiscount.ch\/fr\/wp-json\/wp\/v2\/types\/product"}],"replies":[{"embeddable":true,"href":"https:\/\/bogensportdiscount.ch\/fr\/wp-json\/wp\/v2\/comments?post=415032"}],"wp:featuredmedia":[{"embeddable":true,"href":"https:\/\/bogensportdiscount.ch\/fr\/wp-json\/wp\/v2\/media\/451811"}],"wp:attachment":[{"href":"https:\/\/bogensportdiscount.ch\/fr\/wp-json\/wp\/v2\/media?parent=415032"}],"wp:term":[{"taxonomy":"product_brand","embeddable":true,"href":"https:\/\/bogensportdiscount.ch\/fr\/wp-json\/wp\/v2\/product_brand?post=415032"},{"taxonomy":"product_cat","embeddable":true,"href":"https:\/\/bogensportdiscount.ch\/fr\/wp-json\/wp\/v2\/product_cat?post=415032"},{"taxonomy":"product_tag","embeddable":true,"href":"https:\/\/bogensportdiscount.ch\/fr\/wp-json\/wp\/v2\/product_tag?post=415032"}],"curies":[{"name":"wp","href":"https:\/\/api.w.org\/{rel}","templated":true}]}}