{"id":414864,"date":"2026-04-05T15:09:19","date_gmt":"2026-04-05T13:09:19","guid":{"rendered":"https:\/\/bogensportdiscount.ch\/produkt\/compound-eva-shockey-gen-3-deadlock-cam-rot-mod-lh-30-40lbs-24-29-country\/"},"modified":"2026-04-16T13:41:55","modified_gmt":"2026-04-16T11:41:55","slug":"bowtech-compound-eva-shockey-gen-3-deadlock-cam-rotationsmodul","status":"publish","type":"product","link":"https:\/\/bogensportdiscount.ch\/fr\/produit\/bowtech-compound-eva-shockey-gen-3-deadlock-cam-rotationsmodul\/","title":{"rendered":"BOWTECH COMPOUND EVA SHOCKEY GEN 3 DEADLOCK CAM ROUGE. MOD"},"content":{"rendered":"<p>Das BOWTECH Deadlock Cam Rotationsmodul ist ein Ersatz- bzw. Austauschteil speziell f\u00fcr den Eva Shockey Gen 3 Compoundbogen. Das Modul erm\u00f6glicht die Anpassung des Zuggewichts und ist kompatibel mit dem Deadlock-Cam-System von BOWTECH.<\/p>\n<p>Das Rotationsmodul ist in drei Zuggewichtsbereichen erh\u00e4ltlich und l\u00e4sst sich sowohl f\u00fcr Links- als auch f\u00fcr Rechtshandbogensch\u00fctzen einsetzen. Die Farbvarianten Black und Forest erm\u00f6glichen eine optische Abstimmung auf den jeweiligen Bogen.<\/p>\n<ul>\n<li>Kompatibel mit BOWTECH Eva Shockey Gen 3<\/li>\n<li>F\u00fcr Links- und Rechtshand verf\u00fcgbar<\/li>\n<li>Zuggewichtsbereiche: 30\u201340 lbs, 40\u201350 lbs, 50\u201360 lbs<\/li>\n<li>Farben: Black und Forest<\/li>\n<\/ul>","protected":false},"excerpt":{"rendered":"<p><strong>Marque :<\/strong> Bowtech<br \/><strong>Axle-to-axle (inch):<\/strong> 28<br \/><strong>Brace height (inch):<\/strong> 6,125<br \/><strong>Module:<\/strong> Rotating mod<br \/><strong>mat\u00e9riel :<\/strong> Aluminum<\/p>","protected":false},"featured_media":452020,"comment_status":"open","ping_status":"closed","template":"","meta":[],"product_brand":[451],"product_cat":[4524],"product_tag":[],"class_list":{"0":"post-414864","1":"product","2":"type-product","3":"status-publish","4":"has-post-thumbnail","6":"product_brand-bowtech","7":"product_cat-jagdboegen-compound-boegen-boegen","9":"first","10":"instock","11":"shipping-taxable","12":"purchasable","13":"product-type-variable"},"_links":{"self":[{"href":"https:\/\/bogensportdiscount.ch\/fr\/wp-json\/wp\/v2\/product\/414864","targetHints":{"allow":["GET"]}}],"collection":[{"href":"https:\/\/bogensportdiscount.ch\/fr\/wp-json\/wp\/v2\/product"}],"about":[{"href":"https:\/\/bogensportdiscount.ch\/fr\/wp-json\/wp\/v2\/types\/product"}],"replies":[{"embeddable":true,"href":"https:\/\/bogensportdiscount.ch\/fr\/wp-json\/wp\/v2\/comments?post=414864"}],"wp:featuredmedia":[{"embeddable":true,"href":"https:\/\/bogensportdiscount.ch\/fr\/wp-json\/wp\/v2\/media\/452020"}],"wp:attachment":[{"href":"https:\/\/bogensportdiscount.ch\/fr\/wp-json\/wp\/v2\/media?parent=414864"}],"wp:term":[{"taxonomy":"product_brand","embeddable":true,"href":"https:\/\/bogensportdiscount.ch\/fr\/wp-json\/wp\/v2\/product_brand?post=414864"},{"taxonomy":"product_cat","embeddable":true,"href":"https:\/\/bogensportdiscount.ch\/fr\/wp-json\/wp\/v2\/product_cat?post=414864"},{"taxonomy":"product_tag","embeddable":true,"href":"https:\/\/bogensportdiscount.ch\/fr\/wp-json\/wp\/v2\/product_tag?post=414864"}],"curies":[{"name":"wp","href":"https:\/\/api.w.org\/{rel}","templated":true}]}}