{"id":414853,"date":"2026-04-05T15:09:17","date_gmt":"2026-04-05T13:09:17","guid":{"rendered":"https:\/\/bogensportdiscount.ch\/produkt\/compound-sights-powr-carbon-bar-ext-9-rh-black\/"},"modified":"2026-04-17T13:48:27","modified_gmt":"2026-04-17T11:48:27","slug":"avalon-compound-visier-powr-carbon-bar-ext-9-zoll","status":"publish","type":"product","link":"https:\/\/bogensportdiscount.ch\/fr\/produit\/avalon-compound-visier-powr-carbon-bar-ext-9-zoll\/","title":{"rendered":"AVALON COMPOUND SIGHTS POWR CARBON BAR \/ EXT 9\u2033"},"content":{"rendered":"<p>Die Avalon Powr Carbon Bar \/ Ext 9&#8243; ist eine 9 Zoll lange Verl\u00e4ngerungsstange aus Carbon, die f\u00fcr den Einsatz mit Compound-Target-Visiersystemen konzipiert ist. Der Carbonstab erm\u00f6glicht eine stabile und vibrationsd\u00e4mpfende Positionierung des Visiers vor dem Bogen.<\/p>\n<p>Das Produkt ist in einer Linkshand- und einer Rechtshand-Variante erh\u00e4ltlich und eignet sich f\u00fcr Compound-Sch\u00fctzen im Target-Bereich, die eine pr\u00e4zise und schwingungsarme Visieraufnahme suchen.<\/p>\n<ul>\n<li>Mat\u00e9riau : carbone<\/li>\n<li>L\u00e4nge: 9 Zoll<\/li>\n<li>F\u00fcr Links- und Rechtshand-Sch\u00fctzen<\/li>\n<li>Kompatibel mit Compound-Target-Visiersystemen<\/li>\n<\/ul>","protected":false},"excerpt":{"rendered":"<p>Das Avalon Powr Carbon Bar \/ Ext 9&#8243; ist eine Verl\u00e4ngerungsstange aus Carbon f\u00fcr Compound-Target-Visiere. Erh\u00e4ltlich f\u00fcr Links- und Rechtshand-Sch\u00fctzen.<\/p>","protected":false},"featured_media":452044,"comment_status":"open","ping_status":"closed","template":"","meta":[],"product_brand":[449],"product_cat":[4261],"product_tag":[],"class_list":{"0":"post-414853","1":"product","2":"type-product","3":"status-publish","4":"has-post-thumbnail","6":"product_brand-avalon","7":"product_cat-compound-visiere","9":"first","10":"instock","11":"shipping-taxable","12":"purchasable","13":"product-type-variable"},"_links":{"self":[{"href":"https:\/\/bogensportdiscount.ch\/fr\/wp-json\/wp\/v2\/product\/414853","targetHints":{"allow":["GET"]}}],"collection":[{"href":"https:\/\/bogensportdiscount.ch\/fr\/wp-json\/wp\/v2\/product"}],"about":[{"href":"https:\/\/bogensportdiscount.ch\/fr\/wp-json\/wp\/v2\/types\/product"}],"replies":[{"embeddable":true,"href":"https:\/\/bogensportdiscount.ch\/fr\/wp-json\/wp\/v2\/comments?post=414853"}],"wp:featuredmedia":[{"embeddable":true,"href":"https:\/\/bogensportdiscount.ch\/fr\/wp-json\/wp\/v2\/media\/452044"}],"wp:attachment":[{"href":"https:\/\/bogensportdiscount.ch\/fr\/wp-json\/wp\/v2\/media?parent=414853"}],"wp:term":[{"taxonomy":"product_brand","embeddable":true,"href":"https:\/\/bogensportdiscount.ch\/fr\/wp-json\/wp\/v2\/product_brand?post=414853"},{"taxonomy":"product_cat","embeddable":true,"href":"https:\/\/bogensportdiscount.ch\/fr\/wp-json\/wp\/v2\/product_cat?post=414853"},{"taxonomy":"product_tag","embeddable":true,"href":"https:\/\/bogensportdiscount.ch\/fr\/wp-json\/wp\/v2\/product_tag?post=414853"}],"curies":[{"name":"wp","href":"https:\/\/api.w.org\/{rel}","templated":true}]}}