{"id":414483,"date":"2026-04-05T15:08:43","date_gmt":"2026-04-05T13:08:43","guid":{"rendered":"https:\/\/bogensportdiscount.ch\/produkt\/risers-mykan-ilf-25-rh-titanium\/"},"modified":"2026-05-14T15:26:58","modified_gmt":"2026-05-14T13:26:58","slug":"mybo-recurvebogen-mittelstuck-mykan-ilf-25","status":"publish","type":"product","link":"https:\/\/bogensportdiscount.ch\/fr\/produit\/mybo-recurvebogen-mittelstuck-mykan-ilf-25\/","title":{"rendered":"MYBO PI\u00c8CES CENTRALES MYKAN ILF 25\u2033"},"content":{"rendered":"<p>Le MYBO Mykan est une poign\u00e9e d'arc classique avec interface ILF (International Limb Fitting) d'une longueur de 25 pouces. Gr\u00e2ce \u00e0 la norme ILF, des branches compatibles de diff\u00e9rents fabricants peuvent \u00eatre mont\u00e9es sans difficult\u00e9, ce qui rend la poign\u00e9e tr\u00e8s polyvalente.<\/p>\n<p>La poign\u00e9e est disponible aussi bien pour droitiers que pour gauchers et se d\u00e9cline en neuf coloris diff\u00e9rents, permettant une personnalisation individuelle de l'arc.<\/p>\n<ul>\n<li>Interface ILF pour une large compatibilit\u00e9 de branches<\/li>\n<li>Longueur de poign\u00e9e 25 pouces<\/li>\n<li>Disponible en version droitier et gaucher<\/li>\n<li>Neuf variantes de couleurs disponibles<\/li>\n<\/ul>","protected":false},"excerpt":{"rendered":"<p><strong>Length:<\/strong> 25\"<br \/><strong>Poids:<\/strong> 1650 g (excluding master weight)<br \/><strong>mat\u00e9riel :<\/strong> Aluminium alloy<br \/><strong>Type:<\/strong> Barebow riser<br \/><strong>Grip Angle:<\/strong> Ergonomic soft touch grip<br \/><strong>Pocket Fitting :<\/strong> ILF<br \/><strong>Limb Alignment:<\/strong> Fully adjustable for tiller and limb alignment<br \/><strong>Master Weight:<\/strong> Integrated 350 g (available separately)<br \/><strong>Weight System:<\/strong> Multipoint stainless steel mounting system<br \/><strong>Additional Weights:<\/strong> 5\/16&quot; UNF \u00d7 50 mm stainless steel weights (available separately)<br \/><strong>Finish:<\/strong> Cerakote polymer-ceramic coating<br \/><strong>Hardware:<\/strong> Solid stainless steel limb bolts and stabiliser bushings<\/p>","protected":false},"featured_media":524427,"comment_status":"open","ping_status":"closed","template":"","meta":[],"product_brand":[430],"product_cat":[4519],"product_tag":[],"class_list":{"0":"post-414483","1":"product","2":"type-product","3":"status-publish","4":"has-post-thumbnail","6":"product_brand-mybo","7":"product_cat-recurve-mittelteile","8":"product_shipping_class-bsd-standard","10":"first","11":"instock","12":"shipping-taxable","13":"purchasable","14":"product-type-variable"},"yoast_head":"<!-- This site is optimized with the Yoast SEO plugin v27.6 - https:\/\/yoast.com\/product\/yoast-seo-wordpress\/ -->\n<title>MYBO MITTELTEILE MYKAN ILF 25&quot; - Bogensportdiscount \u2013 B\u00f6gen, Pfeile, Targets &amp; Zubeh\u00f6r<\/title>\n<meta name=\"description\" content=\"MYBO MITTELTEILE MYKAN ILF 25&quot; g\u00fcnstig kaufen bei Bogensportdiscount \u2013 Top-Marken, schneller Versand aus der Schweiz.\" \/>\n<meta name=\"robots\" content=\"index, follow, max-snippet:-1, max-image-preview:large, max-video-preview:-1\" \/>\n<link rel=\"canonical\" href=\"https:\/\/bogensportdiscount.ch\/fr\/produit\/mybo-recurvebogen-mittelstuck-mykan-ilf-25\/\" \/>\n<meta property=\"og:locale\" content=\"fr_FR\" \/>\n<meta property=\"og:type\" content=\"article\" \/>\n<meta property=\"og:title\" content=\"MYBO MITTELTEILE MYKAN ILF 25&quot; - Bogensportdiscount \u2013 B\u00f6gen, Pfeile, Targets &amp; Zubeh\u00f6r\" \/>\n<meta property=\"og:description\" content=\"MYBO MITTELTEILE MYKAN ILF 25&quot; g\u00fcnstig kaufen bei Bogensportdiscount \u2013 Top-Marken, schneller Versand aus der Schweiz.\" \/>\n<meta property=\"og:url\" content=\"https:\/\/bogensportdiscount.ch\/fr\/produit\/mybo-recurvebogen-mittelstuck-mykan-ilf-25\/\" \/>\n<meta property=\"og:site_name\" content=\"Bogensportdiscount \u2013 B\u00f6gen, Pfeile, Targets &amp; Zubeh\u00f6r\" \/>\n<meta property=\"article:modified_time\" content=\"2026-05-14T13:26:58+00:00\" \/>\n<meta property=\"og:image\" content=\"https:\/\/bogensportdiscount.ch\/wp-content\/uploads\/bsm-images\/A076565_1.png\" \/>\n\t<meta property=\"og:image:width\" content=\"2500\" \/>\n\t<meta property=\"og:image:height\" content=\"2500\" \/>\n\t<meta property=\"og:image:type\" content=\"image\/png\" \/>\n<meta name=\"twitter:card\" content=\"summary_large_image\" \/>\n<script type=\"application\/ld+json\" class=\"yoast-schema-graph\">{\"@context\":\"https:\\\/\\\/schema.org\",\"@graph\":[{\"@type\":\"WebPage\",\"@id\":\"https:\\\/\\\/bogensportdiscount.ch\\\/produkt\\\/mybo-recurvebogen-mittelstuck-mykan-ilf-25\\\/\",\"url\":\"https:\\\/\\\/bogensportdiscount.ch\\\/produkt\\\/mybo-recurvebogen-mittelstuck-mykan-ilf-25\\\/\",\"name\":\"MYBO MITTELTEILE MYKAN ILF 25\\\" - Bogensportdiscount \u2013 B\u00f6gen, Pfeile, Targets &amp; Zubeh\u00f6r\",\"isPartOf\":{\"@id\":\"https:\\\/\\\/bogensportdiscount.ch\\\/#website\"},\"primaryImageOfPage\":{\"@id\":\"https:\\\/\\\/bogensportdiscount.ch\\\/produkt\\\/mybo-recurvebogen-mittelstuck-mykan-ilf-25\\\/#primaryimage\"},\"image\":{\"@id\":\"https:\\\/\\\/bogensportdiscount.ch\\\/produkt\\\/mybo-recurvebogen-mittelstuck-mykan-ilf-25\\\/#primaryimage\"},\"thumbnailUrl\":\"https:\\\/\\\/bogensportdiscount.ch\\\/wp-content\\\/uploads\\\/bsm-images\\\/A076565_1.png\",\"datePublished\":\"2026-04-05T13:08:43+00:00\",\"dateModified\":\"2026-05-14T13:26:58+00:00\",\"description\":\"MYBO MITTELTEILE MYKAN ILF 25\\\" g\u00fcnstig kaufen bei Bogensportdiscount \u2013 Top-Marken, schneller Versand aus der Schweiz.\",\"breadcrumb\":{\"@id\":\"https:\\\/\\\/bogensportdiscount.ch\\\/produkt\\\/mybo-recurvebogen-mittelstuck-mykan-ilf-25\\\/#breadcrumb\"},\"inLanguage\":\"fr-FR\",\"potentialAction\":[{\"@type\":\"ReadAction\",\"target\":[\"https:\\\/\\\/bogensportdiscount.ch\\\/produkt\\\/mybo-recurvebogen-mittelstuck-mykan-ilf-25\\\/\"]}]},{\"@type\":\"ImageObject\",\"inLanguage\":\"fr-FR\",\"@id\":\"https:\\\/\\\/bogensportdiscount.ch\\\/produkt\\\/mybo-recurvebogen-mittelstuck-mykan-ilf-25\\\/#primaryimage\",\"url\":\"https:\\\/\\\/bogensportdiscount.ch\\\/wp-content\\\/uploads\\\/bsm-images\\\/A076565_1.png\",\"contentUrl\":\"https:\\\/\\\/bogensportdiscount.ch\\\/wp-content\\\/uploads\\\/bsm-images\\\/A076565_1.png\",\"width\":2500,\"height\":2500},{\"@type\":\"BreadcrumbList\",\"@id\":\"https:\\\/\\\/bogensportdiscount.ch\\\/produkt\\\/mybo-recurvebogen-mittelstuck-mykan-ilf-25\\\/#breadcrumb\",\"itemListElement\":[{\"@type\":\"ListItem\",\"position\":1,\"name\":\"Home\",\"item\":\"https:\\\/\\\/bogensportdiscount.ch\\\/\"},{\"@type\":\"ListItem\",\"position\":2,\"name\":\"Shop\",\"item\":\"https:\\\/\\\/bogensportdiscount.ch\\\/shop\\\/\"},{\"@type\":\"ListItem\",\"position\":3,\"name\":\"MYBO Erh\u00f6hungsringe MYKAN ILF 25&#8243;\"}]},{\"@type\":\"WebSite\",\"@id\":\"https:\\\/\\\/bogensportdiscount.ch\\\/#website\",\"url\":\"https:\\\/\\\/bogensportdiscount.ch\\\/\",\"name\":\"Bogensportdiscount\",\"description\":\"\",\"potentialAction\":[{\"@type\":\"SearchAction\",\"target\":{\"@type\":\"EntryPoint\",\"urlTemplate\":\"https:\\\/\\\/bogensportdiscount.ch\\\/?s={search_term_string}\"},\"query-input\":{\"@type\":\"PropertyValueSpecification\",\"valueRequired\":true,\"valueName\":\"search_term_string\"}}],\"inLanguage\":\"fr-FR\"}]}<\/script>\n<!-- \/ Yoast SEO plugin. -->","yoast_head_json":{"title":"MYBO MITTELTEILE MYKAN ILF 25\" - Bogensportdiscount \u2013 B\u00f6gen, Pfeile, Targets &amp; Zubeh\u00f6r","description":"MYBO MITTELTEILE MYKAN ILF 25\" g\u00fcnstig kaufen bei Bogensportdiscount \u2013 Top-Marken, schneller Versand aus der Schweiz.","robots":{"index":"index","follow":"follow","max-snippet":"max-snippet:-1","max-image-preview":"max-image-preview:large","max-video-preview":"max-video-preview:-1"},"canonical":"https:\/\/bogensportdiscount.ch\/fr\/produit\/mybo-recurvebogen-mittelstuck-mykan-ilf-25\/","og_locale":"fr_FR","og_type":"article","og_title":"MYBO MITTELTEILE MYKAN ILF 25\" - Bogensportdiscount \u2013 B\u00f6gen, Pfeile, Targets &amp; Zubeh\u00f6r","og_description":"MYBO MITTELTEILE MYKAN ILF 25\" g\u00fcnstig kaufen bei Bogensportdiscount \u2013 Top-Marken, schneller Versand aus der Schweiz.","og_url":"https:\/\/bogensportdiscount.ch\/fr\/produit\/mybo-recurvebogen-mittelstuck-mykan-ilf-25\/","og_site_name":"Bogensportdiscount \u2013 B\u00f6gen, Pfeile, Targets &amp; Zubeh\u00f6r","article_modified_time":"2026-05-14T13:26:58+00:00","og_image":[{"url":"https:\/\/bogensportdiscount.ch\/wp-content\/uploads\/bsm-images\/A076565_1.png","width":2500,"height":2500,"type":"image\/png"}],"twitter_card":"summary_large_image","schema":{"@context":"https:\/\/schema.org","@graph":[{"@type":"WebPage","@id":"https:\/\/bogensportdiscount.ch\/produkt\/mybo-recurvebogen-mittelstuck-mykan-ilf-25\/","url":"https:\/\/bogensportdiscount.ch\/produkt\/mybo-recurvebogen-mittelstuck-mykan-ilf-25\/","name":"MYBO MITTELTEILE MYKAN ILF 25\" - Bogensportdiscount \u2013 B\u00f6gen, Pfeile, Targets &amp; Zubeh\u00f6r","isPartOf":{"@id":"https:\/\/bogensportdiscount.ch\/#website"},"primaryImageOfPage":{"@id":"https:\/\/bogensportdiscount.ch\/produkt\/mybo-recurvebogen-mittelstuck-mykan-ilf-25\/#primaryimage"},"image":{"@id":"https:\/\/bogensportdiscount.ch\/produkt\/mybo-recurvebogen-mittelstuck-mykan-ilf-25\/#primaryimage"},"thumbnailUrl":"https:\/\/bogensportdiscount.ch\/wp-content\/uploads\/bsm-images\/A076565_1.png","datePublished":"2026-04-05T13:08:43+00:00","dateModified":"2026-05-14T13:26:58+00:00","description":"MYBO MITTELTEILE MYKAN ILF 25\" g\u00fcnstig kaufen bei Bogensportdiscount \u2013 Top-Marken, schneller Versand aus der Schweiz.","breadcrumb":{"@id":"https:\/\/bogensportdiscount.ch\/produkt\/mybo-recurvebogen-mittelstuck-mykan-ilf-25\/#breadcrumb"},"inLanguage":"fr-FR","potentialAction":[{"@type":"ReadAction","target":["https:\/\/bogensportdiscount.ch\/produkt\/mybo-recurvebogen-mittelstuck-mykan-ilf-25\/"]}]},{"@type":"ImageObject","inLanguage":"fr-FR","@id":"https:\/\/bogensportdiscount.ch\/produkt\/mybo-recurvebogen-mittelstuck-mykan-ilf-25\/#primaryimage","url":"https:\/\/bogensportdiscount.ch\/wp-content\/uploads\/bsm-images\/A076565_1.png","contentUrl":"https:\/\/bogensportdiscount.ch\/wp-content\/uploads\/bsm-images\/A076565_1.png","width":2500,"height":2500},{"@type":"BreadcrumbList","@id":"https:\/\/bogensportdiscount.ch\/produkt\/mybo-recurvebogen-mittelstuck-mykan-ilf-25\/#breadcrumb","itemListElement":[{"@type":"ListItem","position":1,"name":"Home","item":"https:\/\/bogensportdiscount.ch\/"},{"@type":"ListItem","position":2,"name":"Shop","item":"https:\/\/bogensportdiscount.ch\/shop\/"},{"@type":"ListItem","position":3,"name":"MYBO Erh\u00f6hungsringe MYKAN ILF 25&#8243;"}]},{"@type":"WebSite","@id":"https:\/\/bogensportdiscount.ch\/#website","url":"https:\/\/bogensportdiscount.ch\/","name":"Bogensportdiscount","description":"","potentialAction":[{"@type":"SearchAction","target":{"@type":"EntryPoint","urlTemplate":"https:\/\/bogensportdiscount.ch\/?s={search_term_string}"},"query-input":{"@type":"PropertyValueSpecification","valueRequired":true,"valueName":"search_term_string"}}],"inLanguage":"fr-FR"}]}},"_links":{"self":[{"href":"https:\/\/bogensportdiscount.ch\/fr\/wp-json\/wp\/v2\/product\/414483","targetHints":{"allow":["GET"]}}],"collection":[{"href":"https:\/\/bogensportdiscount.ch\/fr\/wp-json\/wp\/v2\/product"}],"about":[{"href":"https:\/\/bogensportdiscount.ch\/fr\/wp-json\/wp\/v2\/types\/product"}],"replies":[{"embeddable":true,"href":"https:\/\/bogensportdiscount.ch\/fr\/wp-json\/wp\/v2\/comments?post=414483"}],"wp:featuredmedia":[{"embeddable":true,"href":"https:\/\/bogensportdiscount.ch\/fr\/wp-json\/wp\/v2\/media\/524427"}],"wp:attachment":[{"href":"https:\/\/bogensportdiscount.ch\/fr\/wp-json\/wp\/v2\/media?parent=414483"}],"wp:term":[{"taxonomy":"product_brand","embeddable":true,"href":"https:\/\/bogensportdiscount.ch\/fr\/wp-json\/wp\/v2\/product_brand?post=414483"},{"taxonomy":"product_cat","embeddable":true,"href":"https:\/\/bogensportdiscount.ch\/fr\/wp-json\/wp\/v2\/product_cat?post=414483"},{"taxonomy":"product_tag","embeddable":true,"href":"https:\/\/bogensportdiscount.ch\/fr\/wp-json\/wp\/v2\/product_tag?post=414483"}],"curies":[{"name":"wp","href":"https:\/\/api.w.org\/{rel}","templated":true}]}}