{"id":414430,"date":"2026-04-05T15:08:38","date_gmt":"2026-04-05T13:08:38","guid":{"rendered":"https:\/\/bogensportdiscount.ch\/produkt\/risers-wave-xl-ilf-27-rh-desert-sand\/"},"modified":"2026-05-14T15:26:58","modified_gmt":"2026-05-14T13:26:58","slug":"mybo-recurvebogen-mittelstuck-wave-xl-ilf-27-zoll","status":"publish","type":"product","link":"https:\/\/bogensportdiscount.ch\/fr\/produit\/mybo-recurvebogen-mittelstuck-wave-xl-ilf-27-zoll\/","title":{"rendered":"MYBO Mittelteile WAVE XL ILF 27&#8243;"},"content":{"rendered":"<p>Le MYBO Wave XL ILF est une poign\u00e9e d'arc classique de 27&#8243; conforme \u00e0 la norme ILF (International Limb Fitting). Gr\u00e2ce \u00e0 sa compatibilit\u00e9 ILF, il est possible de monter sans difficult\u00e9 des branches ILF standard de diff\u00e9rents fabricants.<\/p>\n<p>La poign\u00e9e est disponible aussi bien pour droitiers que pour gauchers, et propos\u00e9e en sept variantes de couleurs, permettant ainsi une configuration personnalis\u00e9e. Elle convient aux tireurs \u00e0 l'arc classique qui recherchent un setup polyvalent et adaptable.<\/p>\n<ul>\n<li>Compatible ILF \u2013 s'adapte \u00e0 un grand nombre de branches ILF<\/li>\n<li>Disponible en version droitier et gaucher<\/li>\n<li>Sept options de couleurs : Black, Blue, Green, Grey, Orange, Pink, Sand<\/li>\n<li>Longueur : 27&#8243;<\/li>\n<\/ul>","protected":false},"excerpt":{"rendered":"<table>\n<tr>\n<th>Propri\u00e9t\u00e9<\/th>\n<th>Valeur<\/th>\n<\/tr>\n<tr>\n<td>Marque<\/td>\n<td>Mybo<\/td>\n<\/tr>\n<tr>\n<td>Type<\/td>\n<td>Full CNC<\/td>\n<\/tr>\n<tr>\n<td>Mat\u00e9riau<\/td>\n<td>Aluminum<\/td>\n<\/tr>\n<tr>\n<td>L\u00e4nge (Zoll)<\/td>\n<td>27<\/td>\n<\/tr>\n<tr>\n<td>Halter-Passung<\/td>\n<td>ILF<\/td>\n<\/tr>\n<tr>\n<td>Recommandation<\/td>\n<td>All poundages<\/td>\n<\/tr>\n<tr>\n<td>Pays d'origine<\/td>\n<td>Vereinigtes K\u00f6nigreich<\/td>\n<\/tr>\n<\/table>","protected":false},"featured_media":523482,"comment_status":"open","ping_status":"closed","template":"","meta":[],"product_brand":[430],"product_cat":[4519],"product_tag":[],"class_list":{"0":"post-414430","1":"product","2":"type-product","3":"status-publish","4":"has-post-thumbnail","6":"product_brand-mybo","7":"product_cat-recurve-mittelteile","8":"product_shipping_class-bsd-standard","10":"first","11":"instock","12":"shipping-taxable","13":"purchasable","14":"product-type-variable"},"yoast_head":"<!-- This site is optimized with the Yoast SEO plugin v27.6 - https:\/\/yoast.com\/product\/yoast-seo-wordpress\/ -->\n<title>Poign\u00e9es MYBO WAVE XL ILF 27&quot; - Bogensportdiscount \u2013 Arcs, fl\u00e8ches, cibles &amp; accessoires<\/title>\n<meta name=\"description\" content=\"Achetez les poign\u00e9es MYBO WAVE XL ILF 27&quot; \u00e0 prix avantageux chez Bogensportdiscount \u2013 Top-marques, livraison rapide depuis la Suisse.\" \/>\n<meta name=\"robots\" content=\"index, follow, max-snippet:-1, max-image-preview:large, max-video-preview:-1\" \/>\n<link rel=\"canonical\" href=\"https:\/\/bogensportdiscount.ch\/fr\/produit\/mybo-recurvebogen-mittelstuck-wave-xl-ilf-27-zoll\/\" \/>\n<meta property=\"og:locale\" content=\"fr_FR\" \/>\n<meta property=\"og:type\" content=\"article\" \/>\n<meta property=\"og:title\" content=\"Poign\u00e9es MYBO WAVE XL ILF 27&quot; - Bogensportdiscount \u2013 Arcs, fl\u00e8ches, cibles &amp; accessoires\" \/>\n<meta property=\"og:description\" content=\"Achetez les poign\u00e9es MYBO WAVE XL ILF 27&quot; \u00e0 prix avantageux chez Bogensportdiscount \u2013 Top-marques, livraison rapide depuis la Suisse.\" \/>\n<meta property=\"og:url\" content=\"https:\/\/bogensportdiscount.ch\/fr\/produit\/mybo-recurvebogen-mittelstuck-wave-xl-ilf-27-zoll\/\" \/>\n<meta property=\"og:site_name\" content=\"Bogensportdiscount \u2013 B\u00f6gen, Pfeile, Targets &amp; Zubeh\u00f6r\" \/>\n<meta property=\"article:modified_time\" content=\"2026-05-14T13:26:58+00:00\" \/>\n<meta property=\"og:image\" content=\"https:\/\/bogensportdiscount.ch\/wp-content\/uploads\/bsm-images\/A076522_1.png\" \/>\n\t<meta property=\"og:image:width\" content=\"2500\" \/>\n\t<meta property=\"og:image:height\" content=\"2500\" \/>\n\t<meta property=\"og:image:type\" content=\"image\/png\" \/>\n<meta name=\"twitter:card\" content=\"summary_large_image\" \/>\n<script type=\"application\/ld+json\" class=\"yoast-schema-graph\">{\"@context\":\"https:\\\/\\\/schema.org\",\"@graph\":[{\"@type\":\"WebPage\",\"@id\":\"https:\\\/\\\/bogensportdiscount.ch\\\/produkt\\\/mybo-recurvebogen-mittelstuck-wave-xl-ilf-27-zoll\\\/\",\"url\":\"https:\\\/\\\/bogensportdiscount.ch\\\/produkt\\\/mybo-recurvebogen-mittelstuck-wave-xl-ilf-27-zoll\\\/\",\"name\":\"MYBO Mittelteile WAVE XL ILF 27\\\" - Bogensportdiscount \u2013 B\u00f6gen, Pfeile, Targets &amp; Zubeh\u00f6r\",\"isPartOf\":{\"@id\":\"https:\\\/\\\/bogensportdiscount.ch\\\/#website\"},\"primaryImageOfPage\":{\"@id\":\"https:\\\/\\\/bogensportdiscount.ch\\\/produkt\\\/mybo-recurvebogen-mittelstuck-wave-xl-ilf-27-zoll\\\/#primaryimage\"},\"image\":{\"@id\":\"https:\\\/\\\/bogensportdiscount.ch\\\/produkt\\\/mybo-recurvebogen-mittelstuck-wave-xl-ilf-27-zoll\\\/#primaryimage\"},\"thumbnailUrl\":\"https:\\\/\\\/bogensportdiscount.ch\\\/wp-content\\\/uploads\\\/bsm-images\\\/A076522_1.png\",\"datePublished\":\"2026-04-05T13:08:38+00:00\",\"dateModified\":\"2026-05-14T13:26:58+00:00\",\"description\":\"MYBO Mittelteile WAVE XL ILF 27\\\" g\u00fcnstig kaufen bei Bogensportdiscount \u2013 Top-Marken, schneller Versand aus der Schweiz.\",\"breadcrumb\":{\"@id\":\"https:\\\/\\\/bogensportdiscount.ch\\\/produkt\\\/mybo-recurvebogen-mittelstuck-wave-xl-ilf-27-zoll\\\/#breadcrumb\"},\"inLanguage\":\"fr-FR\",\"potentialAction\":[{\"@type\":\"ReadAction\",\"target\":[\"https:\\\/\\\/bogensportdiscount.ch\\\/produkt\\\/mybo-recurvebogen-mittelstuck-wave-xl-ilf-27-zoll\\\/\"]}]},{\"@type\":\"ImageObject\",\"inLanguage\":\"fr-FR\",\"@id\":\"https:\\\/\\\/bogensportdiscount.ch\\\/produkt\\\/mybo-recurvebogen-mittelstuck-wave-xl-ilf-27-zoll\\\/#primaryimage\",\"url\":\"https:\\\/\\\/bogensportdiscount.ch\\\/wp-content\\\/uploads\\\/bsm-images\\\/A076522_1.png\",\"contentUrl\":\"https:\\\/\\\/bogensportdiscount.ch\\\/wp-content\\\/uploads\\\/bsm-images\\\/A076522_1.png\",\"width\":2500,\"height\":2500},{\"@type\":\"BreadcrumbList\",\"@id\":\"https:\\\/\\\/bogensportdiscount.ch\\\/produkt\\\/mybo-recurvebogen-mittelstuck-wave-xl-ilf-27-zoll\\\/#breadcrumb\",\"itemListElement\":[{\"@type\":\"ListItem\",\"position\":1,\"name\":\"Home\",\"item\":\"https:\\\/\\\/bogensportdiscount.ch\\\/\"},{\"@type\":\"ListItem\",\"position\":2,\"name\":\"Shop\",\"item\":\"https:\\\/\\\/bogensportdiscount.ch\\\/shop\\\/\"},{\"@type\":\"ListItem\",\"position\":3,\"name\":\"MYBO Mittelteile WAVE XL ILF 27&#8243;\"}]},{\"@type\":\"WebSite\",\"@id\":\"https:\\\/\\\/bogensportdiscount.ch\\\/#website\",\"url\":\"https:\\\/\\\/bogensportdiscount.ch\\\/\",\"name\":\"Bogensportdiscount\",\"description\":\"\",\"potentialAction\":[{\"@type\":\"SearchAction\",\"target\":{\"@type\":\"EntryPoint\",\"urlTemplate\":\"https:\\\/\\\/bogensportdiscount.ch\\\/?s={search_term_string}\"},\"query-input\":{\"@type\":\"PropertyValueSpecification\",\"valueRequired\":true,\"valueName\":\"search_term_string\"}}],\"inLanguage\":\"fr-FR\"}]}<\/script>\n<!-- \/ Yoast SEO plugin. -->","yoast_head_json":{"title":"Poign\u00e9es MYBO WAVE XL ILF 27\" - Bogensportdiscount \u2013 Arcs, fl\u00e8ches, cibles &amp; accessoires","description":"Achetez les poign\u00e9es MYBO WAVE XL ILF 27\" \u00e0 prix avantageux chez Bogensportdiscount \u2013 Top-marques, livraison rapide depuis la Suisse.","robots":{"index":"index","follow":"follow","max-snippet":"max-snippet:-1","max-image-preview":"max-image-preview:large","max-video-preview":"max-video-preview:-1"},"canonical":"https:\/\/bogensportdiscount.ch\/fr\/produit\/mybo-recurvebogen-mittelstuck-wave-xl-ilf-27-zoll\/","og_locale":"fr_FR","og_type":"article","og_title":"Poign\u00e9es MYBO WAVE XL ILF 27\" - Bogensportdiscount \u2013 Arcs, fl\u00e8ches, cibles &amp; accessoires","og_description":"Achetez les poign\u00e9es MYBO WAVE XL ILF 27\" \u00e0 prix avantageux chez Bogensportdiscount \u2013 Top-marques, livraison rapide depuis la Suisse.","og_url":"https:\/\/bogensportdiscount.ch\/fr\/produit\/mybo-recurvebogen-mittelstuck-wave-xl-ilf-27-zoll\/","og_site_name":"Bogensportdiscount \u2013 B\u00f6gen, Pfeile, Targets &amp; Zubeh\u00f6r","article_modified_time":"2026-05-14T13:26:58+00:00","og_image":[{"width":2500,"height":2500,"url":"https:\/\/bogensportdiscount.ch\/wp-content\/uploads\/bsm-images\/A076522_1.png","type":"image\/png"}],"twitter_card":"summary_large_image","schema":{"@context":"https:\/\/schema.org","@graph":[{"@type":"WebPage","@id":"https:\/\/bogensportdiscount.ch\/produkt\/mybo-recurvebogen-mittelstuck-wave-xl-ilf-27-zoll\/","url":"https:\/\/bogensportdiscount.ch\/produkt\/mybo-recurvebogen-mittelstuck-wave-xl-ilf-27-zoll\/","name":"Poign\u00e9es MYBO WAVE XL ILF 27\" - Bogensportdiscount \u2013 Arcs, fl\u00e8ches, cibles &amp; accessoires","isPartOf":{"@id":"https:\/\/bogensportdiscount.ch\/#website"},"primaryImageOfPage":{"@id":"https:\/\/bogensportdiscount.ch\/produkt\/mybo-recurvebogen-mittelstuck-wave-xl-ilf-27-zoll\/#primaryimage"},"image":{"@id":"https:\/\/bogensportdiscount.ch\/produkt\/mybo-recurvebogen-mittelstuck-wave-xl-ilf-27-zoll\/#primaryimage"},"thumbnailUrl":"https:\/\/bogensportdiscount.ch\/wp-content\/uploads\/bsm-images\/A076522_1.png","datePublished":"2026-04-05T13:08:38+00:00","dateModified":"2026-05-14T13:26:58+00:00","description":"Achetez les poign\u00e9es MYBO WAVE XL ILF 27\" \u00e0 prix avantageux chez Bogensportdiscount \u2013 Top-marques, livraison rapide depuis la Suisse.","breadcrumb":{"@id":"https:\/\/bogensportdiscount.ch\/produkt\/mybo-recurvebogen-mittelstuck-wave-xl-ilf-27-zoll\/#breadcrumb"},"inLanguage":"fr-FR","potentialAction":[{"@type":"ReadAction","target":["https:\/\/bogensportdiscount.ch\/produkt\/mybo-recurvebogen-mittelstuck-wave-xl-ilf-27-zoll\/"]}]},{"@type":"ImageObject","inLanguage":"fr-FR","@id":"https:\/\/bogensportdiscount.ch\/produkt\/mybo-recurvebogen-mittelstuck-wave-xl-ilf-27-zoll\/#primaryimage","url":"https:\/\/bogensportdiscount.ch\/wp-content\/uploads\/bsm-images\/A076522_1.png","contentUrl":"https:\/\/bogensportdiscount.ch\/wp-content\/uploads\/bsm-images\/A076522_1.png","width":2500,"height":2500},{"@type":"BreadcrumbList","@id":"https:\/\/bogensportdiscount.ch\/produkt\/mybo-recurvebogen-mittelstuck-wave-xl-ilf-27-zoll\/#breadcrumb","itemListElement":[{"@type":"ListItem","position":1,"name":"Home","item":"https:\/\/bogensportdiscount.ch\/"},{"@type":"ListItem","position":2,"name":"Shop","item":"https:\/\/bogensportdiscount.ch\/shop\/"},{"@type":"ListItem","position":3,"name":"MYBO Mittelteile WAVE XL ILF 27&#8243;"}]},{"@type":"WebSite","@id":"https:\/\/bogensportdiscount.ch\/#website","url":"https:\/\/bogensportdiscount.ch\/","name":"Bogensportdiscount","description":"","potentialAction":[{"@type":"SearchAction","target":{"@type":"EntryPoint","urlTemplate":"https:\/\/bogensportdiscount.ch\/?s={search_term_string}"},"query-input":{"@type":"PropertyValueSpecification","valueRequired":true,"valueName":"search_term_string"}}],"inLanguage":"fr-FR"}]}},"_links":{"self":[{"href":"https:\/\/bogensportdiscount.ch\/fr\/wp-json\/wp\/v2\/product\/414430","targetHints":{"allow":["GET"]}}],"collection":[{"href":"https:\/\/bogensportdiscount.ch\/fr\/wp-json\/wp\/v2\/product"}],"about":[{"href":"https:\/\/bogensportdiscount.ch\/fr\/wp-json\/wp\/v2\/types\/product"}],"replies":[{"embeddable":true,"href":"https:\/\/bogensportdiscount.ch\/fr\/wp-json\/wp\/v2\/comments?post=414430"}],"wp:featuredmedia":[{"embeddable":true,"href":"https:\/\/bogensportdiscount.ch\/fr\/wp-json\/wp\/v2\/media\/523482"}],"wp:attachment":[{"href":"https:\/\/bogensportdiscount.ch\/fr\/wp-json\/wp\/v2\/media?parent=414430"}],"wp:term":[{"taxonomy":"product_brand","embeddable":true,"href":"https:\/\/bogensportdiscount.ch\/fr\/wp-json\/wp\/v2\/product_brand?post=414430"},{"taxonomy":"product_cat","embeddable":true,"href":"https:\/\/bogensportdiscount.ch\/fr\/wp-json\/wp\/v2\/product_cat?post=414430"},{"taxonomy":"product_tag","embeddable":true,"href":"https:\/\/bogensportdiscount.ch\/fr\/wp-json\/wp\/v2\/product_tag?post=414430"}],"curies":[{"name":"wp","href":"https:\/\/api.w.org\/{rel}","templated":true}]}}