{"id":414405,"date":"2026-04-05T15:08:37","date_gmt":"2026-04-05T13:08:37","guid":{"rendered":"https:\/\/bogensportdiscount.ch\/produkt\/risers-wave-xr-ilf-25-rh-desert-sand\/"},"modified":"2026-05-14T15:26:58","modified_gmt":"2026-05-14T13:26:58","slug":"mybo-recurvebogen-mittelstuck-wave-xr-ilf-25","status":"publish","type":"product","link":"https:\/\/bogensportdiscount.ch\/fr\/produit\/mybo-recurvebogen-mittelstuck-wave-xr-ilf-25\/","title":{"rendered":"MYBO Poign\u00e9es WAVE XR ILF 25&#8243;"},"content":{"rendered":"<p>Le MYBO Wave XR est une poign\u00e9e d'arc classique enti\u00e8rement frais\u00e9e CNC en aluminium d'une longueur de 25 pouces. Le raccord ILF permet la combinaison avec un grand nombre de branches ILF compatibles de diff\u00e9rents fabricants.<\/p>\n<p>La poign\u00e9e convient \u00e0 toutes les puissances de tir et s'adresse aussi bien aux d\u00e9butants qu'aux archers confirm\u00e9s. Elle est disponible en huit couleurs ainsi qu'en version droitier et gaucher.<\/p>\n<ul>\n<li>Enti\u00e8rement frais\u00e9e CNC pour une haute pr\u00e9cision dimensionnelle<\/li>\n<li>Mat\u00e9riau : Aluminium<\/li>\n<li>Connexion ILF pour une large compatibilit\u00e9<\/li>\n<li>Disponible en 8 couleurs et pour les deux mains<\/li>\n<\/ul>","protected":false},"excerpt":{"rendered":"<table>\n<tr>\n<th>Propri\u00e9t\u00e9<\/th>\n<th>Valeur<\/th>\n<\/tr>\n<tr>\n<td>Type<\/td>\n<td>Full CNC<\/td>\n<\/tr>\n<tr>\n<td>Mat\u00e9riau<\/td>\n<td>Aluminium<\/td>\n<\/tr>\n<tr>\n<td>Longueur<\/td>\n<td>25 Zoll<\/td>\n<\/tr>\n<tr>\n<td>Connexion<\/td>\n<td>ILF<\/td>\n<\/tr>\n<tr>\n<td>Recommandation<\/td>\n<td>Tous les poids de tirage<\/td>\n<\/tr>\n<tr>\n<td>Mains disponibles<\/td>\n<td>main gauche \/ main droite<\/td>\n<\/tr>\n<tr>\n<td>Couleurs<\/td>\n<td>Black, Blue, Green, Grey, Orange, Pink, Red, Sand<\/td>\n<\/tr>\n<\/table>","protected":false},"featured_media":523483,"comment_status":"open","ping_status":"closed","template":"","meta":[],"product_brand":[430],"product_cat":[4519],"product_tag":[],"class_list":{"0":"post-414405","1":"product","2":"type-product","3":"status-publish","4":"has-post-thumbnail","6":"product_brand-mybo","7":"product_cat-recurve-mittelteile","8":"product_shipping_class-bsd-standard","10":"first","11":"instock","12":"shipping-taxable","13":"purchasable","14":"product-type-variable"},"yoast_head":"<!-- This site is optimized with the Yoast SEO plugin v27.6 - https:\/\/yoast.com\/product\/yoast-seo-wordpress\/ -->\n<title>Poign\u00e9es MYBO WAVE XR ILF 25&quot; - Bogensportdiscount \u2013 Arcs, fl\u00e8ches, cibles et accessoires<\/title>\n<meta name=\"description\" content=\"Achetez les poign\u00e9es MYBO WAVE XR ILF 25&quot; \u00e0 prix avantageux chez Bogensportdiscount \u2013 Top-marques, livraison rapide depuis la Suisse.\" \/>\n<meta name=\"robots\" content=\"index, follow, max-snippet:-1, max-image-preview:large, max-video-preview:-1\" \/>\n<link rel=\"canonical\" href=\"https:\/\/bogensportdiscount.ch\/fr\/produit\/mybo-recurvebogen-mittelstuck-wave-xr-ilf-25\/\" \/>\n<meta property=\"og:locale\" content=\"fr_FR\" \/>\n<meta property=\"og:type\" content=\"article\" \/>\n<meta property=\"og:title\" content=\"Poign\u00e9es MYBO WAVE XR ILF 25&quot; - Bogensportdiscount \u2013 Arcs, fl\u00e8ches, cibles et accessoires\" \/>\n<meta property=\"og:description\" content=\"Achetez les poign\u00e9es MYBO WAVE XR ILF 25&quot; \u00e0 prix avantageux chez Bogensportdiscount \u2013 Top-marques, livraison rapide depuis la Suisse.\" \/>\n<meta property=\"og:url\" content=\"https:\/\/bogensportdiscount.ch\/fr\/produit\/mybo-recurvebogen-mittelstuck-wave-xr-ilf-25\/\" \/>\n<meta property=\"og:site_name\" content=\"Bogensportdiscount \u2013 B\u00f6gen, Pfeile, Targets &amp; Zubeh\u00f6r\" \/>\n<meta property=\"article:modified_time\" content=\"2026-05-14T13:26:58+00:00\" \/>\n<meta property=\"og:image\" content=\"https:\/\/bogensportdiscount.ch\/wp-content\/uploads\/bsm-images\/A076501_1.png\" \/>\n\t<meta property=\"og:image:width\" content=\"2500\" \/>\n\t<meta property=\"og:image:height\" content=\"2500\" \/>\n\t<meta property=\"og:image:type\" content=\"image\/png\" \/>\n<meta name=\"twitter:card\" content=\"summary_large_image\" \/>\n<script type=\"application\/ld+json\" class=\"yoast-schema-graph\">{\"@context\":\"https:\\\/\\\/schema.org\",\"@graph\":[{\"@type\":\"WebPage\",\"@id\":\"https:\\\/\\\/bogensportdiscount.ch\\\/produkt\\\/mybo-recurvebogen-mittelstuck-wave-xr-ilf-25\\\/\",\"url\":\"https:\\\/\\\/bogensportdiscount.ch\\\/produkt\\\/mybo-recurvebogen-mittelstuck-wave-xr-ilf-25\\\/\",\"name\":\"MYBO Mittelteile WAVE XR ILF 25\\\" - Bogensportdiscount \u2013 B\u00f6gen, Pfeile, Targets &amp; Zubeh\u00f6r\",\"isPartOf\":{\"@id\":\"https:\\\/\\\/bogensportdiscount.ch\\\/#website\"},\"primaryImageOfPage\":{\"@id\":\"https:\\\/\\\/bogensportdiscount.ch\\\/produkt\\\/mybo-recurvebogen-mittelstuck-wave-xr-ilf-25\\\/#primaryimage\"},\"image\":{\"@id\":\"https:\\\/\\\/bogensportdiscount.ch\\\/produkt\\\/mybo-recurvebogen-mittelstuck-wave-xr-ilf-25\\\/#primaryimage\"},\"thumbnailUrl\":\"https:\\\/\\\/bogensportdiscount.ch\\\/wp-content\\\/uploads\\\/bsm-images\\\/A076501_1.png\",\"datePublished\":\"2026-04-05T13:08:37+00:00\",\"dateModified\":\"2026-05-14T13:26:58+00:00\",\"description\":\"MYBO Mittelteile WAVE XR ILF 25\\\" g\u00fcnstig kaufen bei Bogensportdiscount \u2013 Top-Marken, schneller Versand aus der Schweiz.\",\"breadcrumb\":{\"@id\":\"https:\\\/\\\/bogensportdiscount.ch\\\/produkt\\\/mybo-recurvebogen-mittelstuck-wave-xr-ilf-25\\\/#breadcrumb\"},\"inLanguage\":\"fr-FR\",\"potentialAction\":[{\"@type\":\"ReadAction\",\"target\":[\"https:\\\/\\\/bogensportdiscount.ch\\\/produkt\\\/mybo-recurvebogen-mittelstuck-wave-xr-ilf-25\\\/\"]}]},{\"@type\":\"ImageObject\",\"inLanguage\":\"fr-FR\",\"@id\":\"https:\\\/\\\/bogensportdiscount.ch\\\/produkt\\\/mybo-recurvebogen-mittelstuck-wave-xr-ilf-25\\\/#primaryimage\",\"url\":\"https:\\\/\\\/bogensportdiscount.ch\\\/wp-content\\\/uploads\\\/bsm-images\\\/A076501_1.png\",\"contentUrl\":\"https:\\\/\\\/bogensportdiscount.ch\\\/wp-content\\\/uploads\\\/bsm-images\\\/A076501_1.png\",\"width\":2500,\"height\":2500},{\"@type\":\"BreadcrumbList\",\"@id\":\"https:\\\/\\\/bogensportdiscount.ch\\\/produkt\\\/mybo-recurvebogen-mittelstuck-wave-xr-ilf-25\\\/#breadcrumb\",\"itemListElement\":[{\"@type\":\"ListItem\",\"position\":1,\"name\":\"Home\",\"item\":\"https:\\\/\\\/bogensportdiscount.ch\\\/\"},{\"@type\":\"ListItem\",\"position\":2,\"name\":\"Shop\",\"item\":\"https:\\\/\\\/bogensportdiscount.ch\\\/shop\\\/\"},{\"@type\":\"ListItem\",\"position\":3,\"name\":\"MYBO Mittelteile WAVE XR ILF 25&#8243;\"}]},{\"@type\":\"WebSite\",\"@id\":\"https:\\\/\\\/bogensportdiscount.ch\\\/#website\",\"url\":\"https:\\\/\\\/bogensportdiscount.ch\\\/\",\"name\":\"Bogensportdiscount\",\"description\":\"\",\"potentialAction\":[{\"@type\":\"SearchAction\",\"target\":{\"@type\":\"EntryPoint\",\"urlTemplate\":\"https:\\\/\\\/bogensportdiscount.ch\\\/?s={search_term_string}\"},\"query-input\":{\"@type\":\"PropertyValueSpecification\",\"valueRequired\":true,\"valueName\":\"search_term_string\"}}],\"inLanguage\":\"fr-FR\"}]}<\/script>\n<!-- \/ Yoast SEO plugin. -->","yoast_head_json":{"title":"Poign\u00e9es MYBO WAVE XR ILF 25\" - Bogensportdiscount \u2013 Arcs, fl\u00e8ches, cibles et accessoires","description":"Achetez les poign\u00e9es MYBO WAVE XR ILF 25\" \u00e0 prix avantageux chez Bogensportdiscount \u2013 Top-marques, livraison rapide depuis la Suisse.","robots":{"index":"index","follow":"follow","max-snippet":"max-snippet:-1","max-image-preview":"max-image-preview:large","max-video-preview":"max-video-preview:-1"},"canonical":"https:\/\/bogensportdiscount.ch\/fr\/produit\/mybo-recurvebogen-mittelstuck-wave-xr-ilf-25\/","og_locale":"fr_FR","og_type":"article","og_title":"Poign\u00e9es MYBO WAVE XR ILF 25\" - Bogensportdiscount \u2013 Arcs, fl\u00e8ches, cibles et accessoires","og_description":"Achetez les poign\u00e9es MYBO WAVE XR ILF 25\" \u00e0 prix avantageux chez Bogensportdiscount \u2013 Top-marques, livraison rapide depuis la Suisse.","og_url":"https:\/\/bogensportdiscount.ch\/fr\/produit\/mybo-recurvebogen-mittelstuck-wave-xr-ilf-25\/","og_site_name":"Bogensportdiscount \u2013 B\u00f6gen, Pfeile, Targets &amp; Zubeh\u00f6r","article_modified_time":"2026-05-14T13:26:58+00:00","og_image":[{"url":"https:\/\/bogensportdiscount.ch\/wp-content\/uploads\/bsm-images\/A076501_1.png","width":2500,"height":2500,"type":"image\/png"}],"twitter_card":"summary_large_image","schema":{"@context":"https:\/\/schema.org","@graph":[{"@type":"WebPage","@id":"https:\/\/bogensportdiscount.ch\/produkt\/mybo-recurvebogen-mittelstuck-wave-xr-ilf-25\/","url":"https:\/\/bogensportdiscount.ch\/produkt\/mybo-recurvebogen-mittelstuck-wave-xr-ilf-25\/","name":"Poign\u00e9es MYBO WAVE XR ILF 25\" - Bogensportdiscount \u2013 Arcs, fl\u00e8ches, cibles et accessoires","isPartOf":{"@id":"https:\/\/bogensportdiscount.ch\/#website"},"primaryImageOfPage":{"@id":"https:\/\/bogensportdiscount.ch\/produkt\/mybo-recurvebogen-mittelstuck-wave-xr-ilf-25\/#primaryimage"},"image":{"@id":"https:\/\/bogensportdiscount.ch\/produkt\/mybo-recurvebogen-mittelstuck-wave-xr-ilf-25\/#primaryimage"},"thumbnailUrl":"https:\/\/bogensportdiscount.ch\/wp-content\/uploads\/bsm-images\/A076501_1.png","datePublished":"2026-04-05T13:08:37+00:00","dateModified":"2026-05-14T13:26:58+00:00","description":"Achetez les poign\u00e9es MYBO WAVE XR ILF 25\" \u00e0 prix avantageux chez Bogensportdiscount \u2013 Top-marques, livraison rapide depuis la Suisse.","breadcrumb":{"@id":"https:\/\/bogensportdiscount.ch\/produkt\/mybo-recurvebogen-mittelstuck-wave-xr-ilf-25\/#breadcrumb"},"inLanguage":"fr-FR","potentialAction":[{"@type":"ReadAction","target":["https:\/\/bogensportdiscount.ch\/produkt\/mybo-recurvebogen-mittelstuck-wave-xr-ilf-25\/"]}]},{"@type":"ImageObject","inLanguage":"fr-FR","@id":"https:\/\/bogensportdiscount.ch\/produkt\/mybo-recurvebogen-mittelstuck-wave-xr-ilf-25\/#primaryimage","url":"https:\/\/bogensportdiscount.ch\/wp-content\/uploads\/bsm-images\/A076501_1.png","contentUrl":"https:\/\/bogensportdiscount.ch\/wp-content\/uploads\/bsm-images\/A076501_1.png","width":2500,"height":2500},{"@type":"BreadcrumbList","@id":"https:\/\/bogensportdiscount.ch\/produkt\/mybo-recurvebogen-mittelstuck-wave-xr-ilf-25\/#breadcrumb","itemListElement":[{"@type":"ListItem","position":1,"name":"Home","item":"https:\/\/bogensportdiscount.ch\/"},{"@type":"ListItem","position":2,"name":"Shop","item":"https:\/\/bogensportdiscount.ch\/shop\/"},{"@type":"ListItem","position":3,"name":"MYBO Mittelteile WAVE XR ILF 25&#8243;"}]},{"@type":"WebSite","@id":"https:\/\/bogensportdiscount.ch\/#website","url":"https:\/\/bogensportdiscount.ch\/","name":"Bogensportdiscount","description":"","potentialAction":[{"@type":"SearchAction","target":{"@type":"EntryPoint","urlTemplate":"https:\/\/bogensportdiscount.ch\/?s={search_term_string}"},"query-input":{"@type":"PropertyValueSpecification","valueRequired":true,"valueName":"search_term_string"}}],"inLanguage":"fr-FR"}]}},"_links":{"self":[{"href":"https:\/\/bogensportdiscount.ch\/fr\/wp-json\/wp\/v2\/product\/414405","targetHints":{"allow":["GET"]}}],"collection":[{"href":"https:\/\/bogensportdiscount.ch\/fr\/wp-json\/wp\/v2\/product"}],"about":[{"href":"https:\/\/bogensportdiscount.ch\/fr\/wp-json\/wp\/v2\/types\/product"}],"replies":[{"embeddable":true,"href":"https:\/\/bogensportdiscount.ch\/fr\/wp-json\/wp\/v2\/comments?post=414405"}],"wp:featuredmedia":[{"embeddable":true,"href":"https:\/\/bogensportdiscount.ch\/fr\/wp-json\/wp\/v2\/media\/523483"}],"wp:attachment":[{"href":"https:\/\/bogensportdiscount.ch\/fr\/wp-json\/wp\/v2\/media?parent=414405"}],"wp:term":[{"taxonomy":"product_brand","embeddable":true,"href":"https:\/\/bogensportdiscount.ch\/fr\/wp-json\/wp\/v2\/product_brand?post=414405"},{"taxonomy":"product_cat","embeddable":true,"href":"https:\/\/bogensportdiscount.ch\/fr\/wp-json\/wp\/v2\/product_cat?post=414405"},{"taxonomy":"product_tag","embeddable":true,"href":"https:\/\/bogensportdiscount.ch\/fr\/wp-json\/wp\/v2\/product_tag?post=414405"}],"curies":[{"name":"wp","href":"https:\/\/api.w.org\/{rel}","templated":true}]}}