{"id":414253,"date":"2026-04-05T15:08:23","date_gmt":"2026-04-05T13:08:23","guid":{"rendered":"https:\/\/bogensportdiscount.ch\/produkt\/compound-acuity-33-rotating-mod-35-50lbs-26-5-30-5-rh-black\/"},"modified":"2026-04-15T13:33:02","modified_gmt":"2026-04-15T11:33:02","slug":"topoint-compoundbogen-acuity-33-rotating-mod","status":"publish","type":"product","link":"https:\/\/bogensportdiscount.ch\/fr\/produit\/topoint-compoundbogen-acuity-33-rotating-mod\/","title":{"rendered":"TOPOINT COMPOUND ACUITY 33 ROTATING MOD"},"content":{"rendered":"<p>Der TOPOINT Acuity 33 ist ein Compoundbogen mit einem Achsabstand von 33 Zoll und einer Brace Height von 6 Zoll. Dank des Rotating-Mod-Systems l\u00e4sst sich der Bogen flexibel auf verschiedene Zuggewichtsbereiche einstellen, was ihn sowohl f\u00fcr Einsteiger als auch f\u00fcr fortgeschrittene Sch\u00fctzinnen und Sch\u00fctzen geeignet macht.<\/p>\n<p>Mit einem Let-Off von 75 % und einem Rahmen aus Aluminium bietet der Acuity 33 ein gutes Verh\u00e4ltnis aus Gewicht und Stabilit\u00e4t. Er ist in mehreren Zuggewichtsstufen von 35 bis 80 lbs sowie in den Ausf\u00fchrungen Rechtshand und Linkshand erh\u00e4ltlich.<\/p>\n<ul>\n<li>Achsabstand: 33 Zoll \u2013 kompakt und man\u00f6vrierf\u00e4hig<\/li>\n<li>Rotating Mod f\u00fcr flexible Zuggewichtsanpassung<\/li>\n<li>75 % Let-Off f\u00fcr entspanntes Halten im Vollauszug<\/li>\n<li>Erh\u00e4ltlich in 5 Farben und verschiedenen Zuggewichtsbereichen<\/li>\n<\/ul>","protected":false},"excerpt":{"rendered":"<table>\n<tr>\n<th>Propri\u00e9t\u00e9<\/th>\n<th>Valeur<\/th>\n<\/tr>\n<tr>\n<td>Achsabstand<\/td>\n<td>33 Zoll<\/td>\n<\/tr>\n<tr>\n<td>Brace Height<\/td>\n<td>6 Zoll<\/td>\n<\/tr>\n<tr>\n<td>Modul<\/td>\n<td>Rotating Mod<\/td>\n<\/tr>\n<tr>\n<td>Let-Off<\/td>\n<td>75 %<\/td>\n<\/tr>\n<tr>\n<td>Mat\u00e9riau<\/td>\n<td>Aluminium<\/td>\n<\/tr>\n<tr>\n<td>Poids de traction<\/td>\n<td>35\u201350 lbs \/ 45\u201360 lbs \/ 55\u201370 lbs \/ 65\u201380 lbs<\/td>\n<\/tr>\n<\/table>","protected":false},"featured_media":451925,"comment_status":"open","ping_status":"closed","template":"","meta":[],"product_brand":[436],"product_cat":[4524],"product_tag":[],"class_list":{"0":"post-414253","1":"product","2":"type-product","3":"status-publish","4":"has-post-thumbnail","6":"product_brand-topoint","7":"product_cat-jagdboegen-compound-boegen-boegen","9":"first","10":"instock","11":"shipping-taxable","12":"purchasable","13":"product-type-variable"},"_links":{"self":[{"href":"https:\/\/bogensportdiscount.ch\/fr\/wp-json\/wp\/v2\/product\/414253","targetHints":{"allow":["GET"]}}],"collection":[{"href":"https:\/\/bogensportdiscount.ch\/fr\/wp-json\/wp\/v2\/product"}],"about":[{"href":"https:\/\/bogensportdiscount.ch\/fr\/wp-json\/wp\/v2\/types\/product"}],"replies":[{"embeddable":true,"href":"https:\/\/bogensportdiscount.ch\/fr\/wp-json\/wp\/v2\/comments?post=414253"}],"wp:featuredmedia":[{"embeddable":true,"href":"https:\/\/bogensportdiscount.ch\/fr\/wp-json\/wp\/v2\/media\/451925"}],"wp:attachment":[{"href":"https:\/\/bogensportdiscount.ch\/fr\/wp-json\/wp\/v2\/media?parent=414253"}],"wp:term":[{"taxonomy":"product_brand","embeddable":true,"href":"https:\/\/bogensportdiscount.ch\/fr\/wp-json\/wp\/v2\/product_brand?post=414253"},{"taxonomy":"product_cat","embeddable":true,"href":"https:\/\/bogensportdiscount.ch\/fr\/wp-json\/wp\/v2\/product_cat?post=414253"},{"taxonomy":"product_tag","embeddable":true,"href":"https:\/\/bogensportdiscount.ch\/fr\/wp-json\/wp\/v2\/product_tag?post=414253"}],"curies":[{"name":"wp","href":"https:\/\/api.w.org\/{rel}","templated":true}]}}