{"id":413892,"date":"2026-04-05T15:07:43","date_gmt":"2026-04-05T13:07:43","guid":{"rendered":"https:\/\/bogensportdiscount.ch\/produkt\/modules-swt-80-a-50lbs-title-36-30-5-38-31-5\/"},"modified":"2026-05-14T15:26:55","modified_gmt":"2026-05-14T13:26:55","slug":"mathews-modul-swt-80-b-50lbs-36-30-38-31","status":"publish","type":"product","link":"https:\/\/bogensportdiscount.ch\/fr\/produit\/mathews-modul-swt-80-b-50lbs-36-30-38-31\/","title":{"rendered":"MATHEWS MODUL &#8222;SWT&#8220; 80% A 50lbs TITLE 36 = 30.5 \/ 38 = 31.5"},"content":{"rendered":"<p>Le module MATHEWS SWT est un module de remplacement et de r\u00e9glage pour les arcs \u00e0 poulies MATHEWS de la s\u00e9rie SWT. Les modules d\u00e9terminent l'allonge disponible d'un arc \u00e0 poulies et constituent un \u00e9l\u00e9ment essentiel du contr\u00f4le du point d'encochage.<\/p>\n<p>Ce module est con\u00e7u pour une puissance de 50 lbs et un let-off de 80%. Selon la configuration de l'arc (36 ou 38), il permet des allonges de 30 ou 31 pouces.<\/p>\n<ul>\n<li>Compatible avec les arcs \u00e0 poulies MATHEWS SWT<\/li>\n<li>80% Let-off<\/li>\n<li>Puissance 50 lbs<\/li>\n<li>Deux configurations : 36=30&#8243; \/ 38=31&#8243;<\/li>\n<\/ul>","protected":false},"excerpt":{"rendered":"<table>\n<tr>\n<th>Propri\u00e9t\u00e9<\/th>\n<th>Valeur<\/th>\n<\/tr>\n<tr>\n<td>Marque<\/td>\n<td>Mathews<\/td>\n<\/tr>\n<tr>\n<td>Type<\/td>\n<td>Module<\/td>\n<\/tr>\n<tr>\n<td>Mod\u00e8le<\/td>\n<td>SWT<\/td>\n<\/tr>\n<tr>\n<td>Let-off<\/td>\n<td>80%<\/td>\n<\/tr>\n<tr>\n<td>Poids de traction<\/td>\n<td>50 lbs<\/td>\n<\/tr>\n<tr>\n<td>Allonge (36)<\/td>\n<td>30&#8243;<\/td>\n<\/tr>\n<tr>\n<td>Allonge (38)<\/td>\n<td>31&#8243;<\/td>\n<\/tr>\n<tr>\n<td>Origine<\/td>\n<td>USA<\/td>\n<\/tr>\n<\/table>","protected":false},"featured_media":523087,"comment_status":"open","ping_status":"closed","template":"","meta":[],"product_brand":[427],"product_cat":[4526],"product_tag":[],"class_list":{"0":"post-413892","1":"product","2":"type-product","3":"status-publish","4":"has-post-thumbnail","6":"product_brand-mathews","7":"product_cat-einzelteile-fuer-compound-boegen","8":"product_shipping_class-bsd-standard","10":"first","11":"instock","12":"shipping-taxable","13":"purchasable","14":"product-type-variable"},"yoast_head":"<!-- This site is optimized with the Yoast SEO plugin v27.6 - https:\/\/yoast.com\/product\/yoast-seo-wordpress\/ -->\n<title>MATHEWS MODUL &quot;SWT&quot; 80% A 50lbs TITLE 36 = 30.5 \/ 38 = 31.5 - Bogensportdiscount \u2013 B\u00f6gen, Pfeile, Targets &amp; Zubeh\u00f6r<\/title>\n<meta name=\"description\" content=\"MATHEWS MODUL &quot;SWT&quot; 80% A 50lbs TITLE 36 = 30.5 \/ 38 = 31.5 g\u00fcnstig kaufen bei Bogensportdiscount \u2013 Top-Marken, schneller Versand aus der Schweiz.\" \/>\n<meta name=\"robots\" content=\"index, follow, max-snippet:-1, max-image-preview:large, max-video-preview:-1\" \/>\n<link rel=\"canonical\" href=\"https:\/\/bogensportdiscount.ch\/fr\/produit\/mathews-modul-swt-80-b-50lbs-36-30-38-31\/\" \/>\n<meta property=\"og:locale\" content=\"fr_FR\" \/>\n<meta property=\"og:type\" content=\"article\" \/>\n<meta property=\"og:title\" content=\"MATHEWS MODUL &quot;SWT&quot; 80% A 50lbs TITLE 36 = 30.5 \/ 38 = 31.5 - Bogensportdiscount \u2013 B\u00f6gen, Pfeile, Targets &amp; Zubeh\u00f6r\" \/>\n<meta property=\"og:description\" content=\"MATHEWS MODUL &quot;SWT&quot; 80% A 50lbs TITLE 36 = 30.5 \/ 38 = 31.5 g\u00fcnstig kaufen bei Bogensportdiscount \u2013 Top-Marken, schneller Versand aus der Schweiz.\" \/>\n<meta property=\"og:url\" content=\"https:\/\/bogensportdiscount.ch\/fr\/produit\/mathews-modul-swt-80-b-50lbs-36-30-38-31\/\" \/>\n<meta property=\"og:site_name\" content=\"Bogensportdiscount \u2013 B\u00f6gen, Pfeile, Targets &amp; Zubeh\u00f6r\" \/>\n<meta property=\"article:modified_time\" content=\"2026-05-14T13:26:55+00:00\" \/>\n<meta property=\"og:image\" content=\"https:\/\/bogensportdiscount.ch\/wp-content\/uploads\/bsm-images\/a072631_1.jpg\" \/>\n\t<meta property=\"og:image:width\" content=\"400\" \/>\n\t<meta property=\"og:image:height\" content=\"217\" \/>\n\t<meta property=\"og:image:type\" content=\"image\/jpeg\" \/>\n<meta name=\"twitter:card\" content=\"summary_large_image\" \/>\n<script type=\"application\/ld+json\" class=\"yoast-schema-graph\">{\"@context\":\"https:\\\/\\\/schema.org\",\"@graph\":[{\"@type\":\"WebPage\",\"@id\":\"https:\\\/\\\/bogensportdiscount.ch\\\/produkt\\\/mathews-modul-swt-80-b-50lbs-36-30-38-31\\\/\",\"url\":\"https:\\\/\\\/bogensportdiscount.ch\\\/produkt\\\/mathews-modul-swt-80-b-50lbs-36-30-38-31\\\/\",\"name\":\"MATHEWS MODUL \\\"SWT\\\" 80% A 50lbs TITLE 36 = 30.5 \\\/ 38 = 31.5 - Bogensportdiscount \u2013 B\u00f6gen, Pfeile, Targets &amp; Zubeh\u00f6r\",\"isPartOf\":{\"@id\":\"https:\\\/\\\/bogensportdiscount.ch\\\/#website\"},\"primaryImageOfPage\":{\"@id\":\"https:\\\/\\\/bogensportdiscount.ch\\\/produkt\\\/mathews-modul-swt-80-b-50lbs-36-30-38-31\\\/#primaryimage\"},\"image\":{\"@id\":\"https:\\\/\\\/bogensportdiscount.ch\\\/produkt\\\/mathews-modul-swt-80-b-50lbs-36-30-38-31\\\/#primaryimage\"},\"thumbnailUrl\":\"https:\\\/\\\/bogensportdiscount.ch\\\/wp-content\\\/uploads\\\/bsm-images\\\/A072631_1.jpg\",\"datePublished\":\"2026-04-05T13:07:43+00:00\",\"dateModified\":\"2026-05-14T13:26:55+00:00\",\"description\":\"MATHEWS MODUL \\\"SWT\\\" 80% A 50lbs TITLE 36 = 30.5 \\\/ 38 = 31.5 g\u00fcnstig kaufen bei Bogensportdiscount \u2013 Top-Marken, schneller Versand aus der Schweiz.\",\"breadcrumb\":{\"@id\":\"https:\\\/\\\/bogensportdiscount.ch\\\/produkt\\\/mathews-modul-swt-80-b-50lbs-36-30-38-31\\\/#breadcrumb\"},\"inLanguage\":\"fr-FR\",\"potentialAction\":[{\"@type\":\"ReadAction\",\"target\":[\"https:\\\/\\\/bogensportdiscount.ch\\\/produkt\\\/mathews-modul-swt-80-b-50lbs-36-30-38-31\\\/\"]}]},{\"@type\":\"ImageObject\",\"inLanguage\":\"fr-FR\",\"@id\":\"https:\\\/\\\/bogensportdiscount.ch\\\/produkt\\\/mathews-modul-swt-80-b-50lbs-36-30-38-31\\\/#primaryimage\",\"url\":\"https:\\\/\\\/bogensportdiscount.ch\\\/wp-content\\\/uploads\\\/bsm-images\\\/A072631_1.jpg\",\"contentUrl\":\"https:\\\/\\\/bogensportdiscount.ch\\\/wp-content\\\/uploads\\\/bsm-images\\\/A072631_1.jpg\",\"width\":1024,\"height\":556},{\"@type\":\"BreadcrumbList\",\"@id\":\"https:\\\/\\\/bogensportdiscount.ch\\\/produkt\\\/mathews-modul-swt-80-b-50lbs-36-30-38-31\\\/#breadcrumb\",\"itemListElement\":[{\"@type\":\"ListItem\",\"position\":1,\"name\":\"Home\",\"item\":\"https:\\\/\\\/bogensportdiscount.ch\\\/\"},{\"@type\":\"ListItem\",\"position\":2,\"name\":\"Shop\",\"item\":\"https:\\\/\\\/bogensportdiscount.ch\\\/shop\\\/\"},{\"@type\":\"ListItem\",\"position\":3,\"name\":\"MATHEWS MODULE &#8222;SWT&#8220; 80% A 50lbs TITLE 36 = 30.5 \\\/ 38 = 31.5\"}]},{\"@type\":\"WebSite\",\"@id\":\"https:\\\/\\\/bogensportdiscount.ch\\\/#website\",\"url\":\"https:\\\/\\\/bogensportdiscount.ch\\\/\",\"name\":\"Bogensportdiscount\",\"description\":\"\",\"potentialAction\":[{\"@type\":\"SearchAction\",\"target\":{\"@type\":\"EntryPoint\",\"urlTemplate\":\"https:\\\/\\\/bogensportdiscount.ch\\\/?s={search_term_string}\"},\"query-input\":{\"@type\":\"PropertyValueSpecification\",\"valueRequired\":true,\"valueName\":\"search_term_string\"}}],\"inLanguage\":\"fr-FR\"}]}<\/script>\n<!-- \/ Yoast SEO plugin. -->","yoast_head_json":{"title":"MATHEWS MODUL \"SWT\" 80% A 50lbs TITLE 36 = 30.5 \/ 38 = 31.5 - Bogensportdiscount \u2013 B\u00f6gen, Pfeile, Targets &amp; Zubeh\u00f6r","description":"MATHEWS MODUL \"SWT\" 80% A 50lbs TITLE 36 = 30.5 \/ 38 = 31.5 g\u00fcnstig kaufen bei Bogensportdiscount \u2013 Top-Marken, schneller Versand aus der Schweiz.","robots":{"index":"index","follow":"follow","max-snippet":"max-snippet:-1","max-image-preview":"max-image-preview:large","max-video-preview":"max-video-preview:-1"},"canonical":"https:\/\/bogensportdiscount.ch\/fr\/produit\/mathews-modul-swt-80-b-50lbs-36-30-38-31\/","og_locale":"fr_FR","og_type":"article","og_title":"MATHEWS MODUL \"SWT\" 80% A 50lbs TITLE 36 = 30.5 \/ 38 = 31.5 - Bogensportdiscount \u2013 B\u00f6gen, Pfeile, Targets &amp; Zubeh\u00f6r","og_description":"MATHEWS MODUL \"SWT\" 80% A 50lbs TITLE 36 = 30.5 \/ 38 = 31.5 g\u00fcnstig kaufen bei Bogensportdiscount \u2013 Top-Marken, schneller Versand aus der Schweiz.","og_url":"https:\/\/bogensportdiscount.ch\/fr\/produit\/mathews-modul-swt-80-b-50lbs-36-30-38-31\/","og_site_name":"Bogensportdiscount \u2013 B\u00f6gen, Pfeile, Targets &amp; Zubeh\u00f6r","article_modified_time":"2026-05-14T13:26:55+00:00","og_image":[{"width":400,"height":217,"url":"https:\/\/bogensportdiscount.ch\/wp-content\/uploads\/bsm-images\/a072631_1.jpg","type":"image\/jpeg"}],"twitter_card":"summary_large_image","schema":{"@context":"https:\/\/schema.org","@graph":[{"@type":"WebPage","@id":"https:\/\/bogensportdiscount.ch\/produkt\/mathews-modul-swt-80-b-50lbs-36-30-38-31\/","url":"https:\/\/bogensportdiscount.ch\/produkt\/mathews-modul-swt-80-b-50lbs-36-30-38-31\/","name":"MATHEWS MODUL \"SWT\" 80% A 50lbs TITLE 36 = 30.5 \/ 38 = 31.5 - Bogensportdiscount \u2013 B\u00f6gen, Pfeile, Targets &amp; Zubeh\u00f6r","isPartOf":{"@id":"https:\/\/bogensportdiscount.ch\/#website"},"primaryImageOfPage":{"@id":"https:\/\/bogensportdiscount.ch\/produkt\/mathews-modul-swt-80-b-50lbs-36-30-38-31\/#primaryimage"},"image":{"@id":"https:\/\/bogensportdiscount.ch\/produkt\/mathews-modul-swt-80-b-50lbs-36-30-38-31\/#primaryimage"},"thumbnailUrl":"https:\/\/bogensportdiscount.ch\/wp-content\/uploads\/bsm-images\/A072631_1.jpg","datePublished":"2026-04-05T13:07:43+00:00","dateModified":"2026-05-14T13:26:55+00:00","description":"MATHEWS MODUL \"SWT\" 80% A 50lbs TITLE 36 = 30.5 \/ 38 = 31.5 g\u00fcnstig kaufen bei Bogensportdiscount \u2013 Top-Marken, schneller Versand aus der Schweiz.","breadcrumb":{"@id":"https:\/\/bogensportdiscount.ch\/produkt\/mathews-modul-swt-80-b-50lbs-36-30-38-31\/#breadcrumb"},"inLanguage":"fr-FR","potentialAction":[{"@type":"ReadAction","target":["https:\/\/bogensportdiscount.ch\/produkt\/mathews-modul-swt-80-b-50lbs-36-30-38-31\/"]}]},{"@type":"ImageObject","inLanguage":"fr-FR","@id":"https:\/\/bogensportdiscount.ch\/produkt\/mathews-modul-swt-80-b-50lbs-36-30-38-31\/#primaryimage","url":"https:\/\/bogensportdiscount.ch\/wp-content\/uploads\/bsm-images\/A072631_1.jpg","contentUrl":"https:\/\/bogensportdiscount.ch\/wp-content\/uploads\/bsm-images\/A072631_1.jpg","width":1024,"height":556},{"@type":"BreadcrumbList","@id":"https:\/\/bogensportdiscount.ch\/produkt\/mathews-modul-swt-80-b-50lbs-36-30-38-31\/#breadcrumb","itemListElement":[{"@type":"ListItem","position":1,"name":"Home","item":"https:\/\/bogensportdiscount.ch\/"},{"@type":"ListItem","position":2,"name":"Shop","item":"https:\/\/bogensportdiscount.ch\/shop\/"},{"@type":"ListItem","position":3,"name":"MATHEWS MODULE &#8222;SWT&#8220; 80% A 50lbs TITLE 36 = 30.5 \/ 38 = 31.5"}]},{"@type":"WebSite","@id":"https:\/\/bogensportdiscount.ch\/#website","url":"https:\/\/bogensportdiscount.ch\/","name":"Bogensportdiscount","description":"","potentialAction":[{"@type":"SearchAction","target":{"@type":"EntryPoint","urlTemplate":"https:\/\/bogensportdiscount.ch\/?s={search_term_string}"},"query-input":{"@type":"PropertyValueSpecification","valueRequired":true,"valueName":"search_term_string"}}],"inLanguage":"fr-FR"}]}},"_links":{"self":[{"href":"https:\/\/bogensportdiscount.ch\/fr\/wp-json\/wp\/v2\/product\/413892","targetHints":{"allow":["GET"]}}],"collection":[{"href":"https:\/\/bogensportdiscount.ch\/fr\/wp-json\/wp\/v2\/product"}],"about":[{"href":"https:\/\/bogensportdiscount.ch\/fr\/wp-json\/wp\/v2\/types\/product"}],"replies":[{"embeddable":true,"href":"https:\/\/bogensportdiscount.ch\/fr\/wp-json\/wp\/v2\/comments?post=413892"}],"wp:featuredmedia":[{"embeddable":true,"href":"https:\/\/bogensportdiscount.ch\/fr\/wp-json\/wp\/v2\/media\/523087"}],"wp:attachment":[{"href":"https:\/\/bogensportdiscount.ch\/fr\/wp-json\/wp\/v2\/media?parent=413892"}],"wp:term":[{"taxonomy":"product_brand","embeddable":true,"href":"https:\/\/bogensportdiscount.ch\/fr\/wp-json\/wp\/v2\/product_brand?post=413892"},{"taxonomy":"product_cat","embeddable":true,"href":"https:\/\/bogensportdiscount.ch\/fr\/wp-json\/wp\/v2\/product_cat?post=413892"},{"taxonomy":"product_tag","embeddable":true,"href":"https:\/\/bogensportdiscount.ch\/fr\/wp-json\/wp\/v2\/product_tag?post=413892"}],"curies":[{"name":"wp","href":"https:\/\/api.w.org\/{rel}","templated":true}]}}