{"id":413154,"date":"2026-04-05T15:06:41","date_gmt":"2026-04-05T13:06:41","guid":{"rendered":"https:\/\/bogensportdiscount.ch\/produkt\/compound-x40-small-cam-rotating-mod-25-40lbs-25-28-rh-anodized-black\/"},"modified":"2026-04-17T15:42:26","modified_gmt":"2026-04-17T13:42:26","slug":"topoint-compoundbogen-x40-small-cam-rotating-mod-45-60lbs-25-28-linkshand-anodized-blue","status":"publish","type":"product","link":"https:\/\/bogensportdiscount.ch\/fr\/produit\/topoint-compoundbogen-x40-small-cam-rotating-mod-45-60lbs-25-28-linkshand-anodized-blue\/","title":{"rendered":"TOPOINT X40 PETIT CAM COMPOUND BOW"},"content":{"rendered":"<p>Der TOPOINT X40 ist ein Compoundbogen mit einem Achsabstand von 40 Zoll und einer Brace Height von 6,75 Zoll. Das Rotating-Mod-System erm\u00f6glicht eine flexible Anpassung der Zugl\u00e4nge im Bereich von 25 bis 28 Zoll, ohne dass der Bogen zur Einstellung einer Fachperson bedarf. Der Rahmen besteht aus Aluminium und ist in einer anodisierten blauen Ausf\u00fchrung erh\u00e4ltlich.<\/p>\n<p>Mit einem Zuggewicht von 45\u201360 lbs und einem Let-Off von wahlweise 66, 70 oder 75 Prozent eignet sich der X40 sowohl f\u00fcr den Einstieg als auch f\u00fcr den fortgeschrittenen Bogensport. Die Linkshand-Ausf\u00fchrung ist speziell f\u00fcr Sch\u00fctzen konzipiert, die mit der rechten Hand ziehen und mit der linken Hand halten.<\/p>\n<ul>\n<li>Achsabstand 40 Zoll \u2013 ausgewogene Balance zwischen Handlichkeit und Stabilit\u00e4t<\/li>\n<li>Rotating Mod f\u00fcr einfache Zugl\u00e4ngenanpassung ohne Pressen<\/li>\n<li>Let-Off dreifach w\u00e4hlbar: 66 \/ 70 \/ 75 %<\/li>\n<li>Aluminiumrahmen in anodisierter Ausf\u00fchrung<\/li>\n<\/ul>","protected":false},"excerpt":{"rendered":"<table>\n<tr>\n<th>Propri\u00e9t\u00e9<\/th>\n<th>Valeur<\/th>\n<\/tr>\n<tr>\n<td>Marque<\/td>\n<td>Topoint<\/td>\n<\/tr>\n<tr>\n<td>Achsabstand (inch)<\/td>\n<td>40<\/td>\n<\/tr>\n<tr>\n<td>Brace Height (inch)<\/td>\n<td>6,75<\/td>\n<\/tr>\n<tr>\n<td>Modul<\/td>\n<td>Rotating Mod<\/td>\n<\/tr>\n<tr>\n<td>Let-Off<\/td>\n<td>66 \/ 70 \/ 75 %<\/td>\n<\/tr>\n<tr>\n<td>Mat\u00e9riau<\/td>\n<td>Aluminium<\/td>\n<\/tr>\n<tr>\n<td>Poids de traction<\/td>\n<td>45\u201360 lbs<\/td>\n<\/tr>\n<tr>\n<td>Zugl\u00e4nge<\/td>\n<td>25&#8243;\u201328&#8243;<\/td>\n<\/tr>\n<tr>\n<td>Main<\/td>\n<td>Linkshand<\/td>\n<\/tr>\n<tr>\n<td>Couleur<\/td>\n<td>Bleu anodis\u00e9<\/td>\n<\/tr>\n<\/table>","protected":false},"featured_media":453070,"comment_status":"open","ping_status":"closed","template":"","meta":[],"product_brand":[436],"product_cat":[4523],"product_tag":[],"class_list":{"0":"post-413154","1":"product","2":"type-product","3":"status-publish","4":"has-post-thumbnail","6":"product_brand-topoint","7":"product_cat-compound-bows--35-compound-boegen","9":"first","10":"instock","11":"shipping-taxable","12":"purchasable","13":"product-type-variable"},"_links":{"self":[{"href":"https:\/\/bogensportdiscount.ch\/fr\/wp-json\/wp\/v2\/product\/413154","targetHints":{"allow":["GET"]}}],"collection":[{"href":"https:\/\/bogensportdiscount.ch\/fr\/wp-json\/wp\/v2\/product"}],"about":[{"href":"https:\/\/bogensportdiscount.ch\/fr\/wp-json\/wp\/v2\/types\/product"}],"replies":[{"embeddable":true,"href":"https:\/\/bogensportdiscount.ch\/fr\/wp-json\/wp\/v2\/comments?post=413154"}],"wp:featuredmedia":[{"embeddable":true,"href":"https:\/\/bogensportdiscount.ch\/fr\/wp-json\/wp\/v2\/media\/453070"}],"wp:attachment":[{"href":"https:\/\/bogensportdiscount.ch\/fr\/wp-json\/wp\/v2\/media?parent=413154"}],"wp:term":[{"taxonomy":"product_brand","embeddable":true,"href":"https:\/\/bogensportdiscount.ch\/fr\/wp-json\/wp\/v2\/product_brand?post=413154"},{"taxonomy":"product_cat","embeddable":true,"href":"https:\/\/bogensportdiscount.ch\/fr\/wp-json\/wp\/v2\/product_cat?post=413154"},{"taxonomy":"product_tag","embeddable":true,"href":"https:\/\/bogensportdiscount.ch\/fr\/wp-json\/wp\/v2\/product_tag?post=413154"}],"curies":[{"name":"wp","href":"https:\/\/api.w.org\/{rel}","templated":true}]}}