{"id":413086,"date":"2026-04-05T15:06:36","date_gmt":"2026-04-05T13:06:36","guid":{"rendered":"https:\/\/bogensportdiscount.ch\/produkt\/compound-x40-large-cam-rotating-mod-25-40lbs-27-31-rh-anodized-black\/"},"modified":"2026-04-15T13:28:59","modified_gmt":"2026-04-15T11:28:59","slug":"topoint-compound-bogen-x40-large-cam-rotating-mod","status":"publish","type":"product","link":"https:\/\/bogensportdiscount.ch\/fr\/produit\/topoint-compound-bogen-x40-large-cam-rotating-mod\/","title":{"rendered":"TOPOINT COMPOUND X40 LARGE CAM ROTATING MOD"},"content":{"rendered":"<p>Der TOPOINT X40 ist ein Compound-Bogen der Kategorie \u00fcber 35 Zoll Achsabstand. Mit einem Achsabstand von 40 Zoll und einer Brace Height von 7 Zoll bietet er eine ausgewogene Kombination aus Stabilit\u00e4t und Handlichkeit \u2013 geeignet f\u00fcr den Einsatz auf dem Trainingsplatz wie im Freien.<\/p>\n<p>Das Rotating-Mod-System erm\u00f6glicht eine flexible Anpassung des Zuggewichts in drei Stufen (25\u201340 lbs, 35\u201350 lbs, 45\u201360 lbs) sowie des Let-offs auf 66, 70 oder 75 Prozent. Die Riser und Cams sind aus Aluminium gefertigt. Der Bogen ist sowohl f\u00fcr Rechts- als auch f\u00fcr Linksh\u00e4nder erh\u00e4ltlich.<\/p>\n<ul>\n<li>Achsabstand 40 Zoll \u2013 stabile Schussplattform<\/li>\n<li>Rotating Mod f\u00fcr flexible Zuggewicht- und Let-off-Einstellung<\/li>\n<li>Aluminium-Konstruktion<\/li>\n<li>Breite Farbauswahl in verschiedenen Anodisierungen<\/li>\n<\/ul>","protected":false},"excerpt":{"rendered":"<table>\n<tr>\n<th>Propri\u00e9t\u00e9<\/th>\n<th>Valeur<\/th>\n<\/tr>\n<tr>\n<td>Achsabstand<\/td>\n<td>40 Zoll<\/td>\n<\/tr>\n<tr>\n<td>Brace Height<\/td>\n<td>7 Zoll<\/td>\n<\/tr>\n<tr>\n<td>Modul<\/td>\n<td>Rotating Mod<\/td>\n<\/tr>\n<tr>\n<td>Let-off<\/td>\n<td>66 \/ 70 \/ 75 %<\/td>\n<\/tr>\n<tr>\n<td>Mat\u00e9riau<\/td>\n<td>Aluminium<\/td>\n<\/tr>\n<tr>\n<td>Poids de traction<\/td>\n<td>25\u201340 lbs \/ 35\u201350 lbs \/ 45\u201360 lbs<\/td>\n<\/tr>\n<tr>\n<td>Verf\u00fcgbar f\u00fcr<\/td>\n<td>Rechtshand \/ Linkshand<\/td>\n<\/tr>\n<\/table>","protected":false},"featured_media":451835,"comment_status":"open","ping_status":"closed","template":"","meta":[],"product_brand":[436],"product_cat":[4523],"product_tag":[],"class_list":{"0":"post-413086","1":"product","2":"type-product","3":"status-publish","4":"has-post-thumbnail","6":"product_brand-topoint","7":"product_cat-compound-bows--35-compound-boegen","9":"first","10":"instock","11":"shipping-taxable","12":"purchasable","13":"product-type-variable"},"_links":{"self":[{"href":"https:\/\/bogensportdiscount.ch\/fr\/wp-json\/wp\/v2\/product\/413086","targetHints":{"allow":["GET"]}}],"collection":[{"href":"https:\/\/bogensportdiscount.ch\/fr\/wp-json\/wp\/v2\/product"}],"about":[{"href":"https:\/\/bogensportdiscount.ch\/fr\/wp-json\/wp\/v2\/types\/product"}],"replies":[{"embeddable":true,"href":"https:\/\/bogensportdiscount.ch\/fr\/wp-json\/wp\/v2\/comments?post=413086"}],"wp:featuredmedia":[{"embeddable":true,"href":"https:\/\/bogensportdiscount.ch\/fr\/wp-json\/wp\/v2\/media\/451835"}],"wp:attachment":[{"href":"https:\/\/bogensportdiscount.ch\/fr\/wp-json\/wp\/v2\/media?parent=413086"}],"wp:term":[{"taxonomy":"product_brand","embeddable":true,"href":"https:\/\/bogensportdiscount.ch\/fr\/wp-json\/wp\/v2\/product_brand?post=413086"},{"taxonomy":"product_cat","embeddable":true,"href":"https:\/\/bogensportdiscount.ch\/fr\/wp-json\/wp\/v2\/product_cat?post=413086"},{"taxonomy":"product_tag","embeddable":true,"href":"https:\/\/bogensportdiscount.ch\/fr\/wp-json\/wp\/v2\/product_tag?post=413086"}],"curies":[{"name":"wp","href":"https:\/\/api.w.org\/{rel}","templated":true}]}}