{"id":413081,"date":"2026-04-05T15:06:35","date_gmt":"2026-04-05T13:06:35","guid":{"rendered":"https:\/\/bogensportdiscount.ch\/produkt\/compound-package-zeal-junior-rotating-mod-10-40lbs-16-28-rh-black\/"},"modified":"2026-05-14T15:26:53","modified_gmt":"2026-05-14T13:26:53","slug":"core-compound-set-zeal-junior-rotating-mod-10-40lbs-16-28-rh","status":"publish","type":"product","link":"https:\/\/bogensportdiscount.ch\/fr\/produit\/core-compound-set-zeal-junior-rotating-mod-10-40lbs-16-28-rh\/","title":{"rendered":"CORE COMPOUNDBOGEN PAKET ZEAL JUNIOR \/ ROTATING MOD 10-40LBS \/ 16&#8243;-28&#8243; RH"},"content":{"rendered":"<p>Le CORE Zeal Junior est un kit d'arc \u00e0 poulies sp\u00e9cialement con\u00e7u pour les jeunes tireurs. Gr\u00e2ce au syst\u00e8me Rotating Mod, la puissance est r\u00e9glable en continu entre 10 et 40 lbs et l'allonge de 16&#8243; \u00e0 28&#8243; par pas de 1&#8243; \u2014 id\u00e9al pour \u00e9voluer avec la croissance et la progression du tireur.<\/p>\n<p>Avec un entraxe de 26&#8243; et un poids de seulement 1.95 lbs, le Zeal Junior est compact et maniable, ce qui le rend particuli\u00e8rement adapt\u00e9 aux jeunes ou aux tireurs de petite taille. Le double cam assure une courbe de traction r\u00e9guli\u00e8re et permet une vitesse IBO allant jusqu'\u00e0 290 fps avec un let-off de 75%.<\/p>\n<ul>\n<li>Syst\u00e8me Rotating Mod r\u00e9glable pour la puissance et l'allonge<\/li>\n<li>Construction l\u00e9g\u00e8re et compacte pour les juniors<\/li>\n<li>Double cam avec 75% de let-off<\/li>\n<li>Disponible dans les couleurs noir, bleu, vert et orange<\/li>\n<\/ul>","protected":false},"excerpt":{"rendered":"<table>\n<tr>\n<th>Propri\u00e9t\u00e9<\/th>\n<th>Valeur<\/th>\n<\/tr>\n<tr>\n<td>Entre-axes<\/td>\n<td>26&#8243; (axe \u00e0 axe)<\/td>\n<\/tr>\n<tr>\n<td>Poids<\/td>\n<td>1.95 lbs<\/td>\n<\/tr>\n<tr>\n<td>Poids de traction<\/td>\n<td>10\u201340 lbs<\/td>\n<\/tr>\n<tr>\n<td>Longueur de tir<\/td>\n<td>16\u201328&#8243; (par pas de 1&#8243;)<\/td>\n<\/tr>\n<tr>\n<td>Brace Height<\/td>\n<td>5.9&#8243;<\/td>\n<\/tr>\n<tr>\n<td>Let-Off<\/td>\n<td>75%<\/td>\n<\/tr>\n<tr>\n<td>Cam<\/td>\n<td>Double \/ R\u00e9glable<\/td>\n<\/tr>\n<tr>\n<td>Vitesse IBO<\/td>\n<td>jusqu'\u00e0 290 fps<\/td>\n<\/tr>\n<\/table>","protected":false},"featured_media":451833,"comment_status":"open","ping_status":"closed","template":"","meta":[],"product_brand":[423],"product_cat":[4525],"product_tag":[],"class_list":{"0":"post-413081","1":"product","2":"type-product","3":"status-publish","4":"has-post-thumbnail","6":"product_brand-core","7":"product_cat-compound-boegen-sets","8":"product_shipping_class-bsd-standard","10":"first","11":"instock","12":"shipping-taxable","13":"purchasable","14":"product-type-variable"},"yoast_head":"<!-- This site is optimized with the Yoast SEO plugin v27.6 - https:\/\/yoast.com\/product\/yoast-seo-wordpress\/ -->\n<title>CORE COMPOUNDBOGEN PAKET ZEAL JUNIOR \/ ROTATING MOD 10-40LBS \/ 16&quot;-28&quot; RH - Bogensportdiscount \u2013 B\u00f6gen, Pfeile, Targets &amp; Zubeh\u00f6r<\/title>\n<meta name=\"description\" content=\"CORE COMPOUNDBOGEN PAKET ZEAL JUNIOR \/ ROTATING MOD 10-40LBS \/ 16&quot;-28&quot; RH g\u00fcnstig kaufen bei Bogensportdiscount \u2013 Top-Marken, schneller Versand aus der Schweiz.\" \/>\n<meta name=\"robots\" content=\"index, follow, max-snippet:-1, max-image-preview:large, max-video-preview:-1\" \/>\n<link rel=\"canonical\" href=\"https:\/\/bogensportdiscount.ch\/fr\/produit\/core-compound-set-zeal-junior-rotating-mod-10-40lbs-16-28-rh\/\" \/>\n<meta property=\"og:locale\" content=\"fr_FR\" \/>\n<meta property=\"og:type\" content=\"article\" \/>\n<meta property=\"og:title\" content=\"CORE COMPOUNDBOGEN PAKET ZEAL JUNIOR \/ ROTATING MOD 10-40LBS \/ 16&quot;-28&quot; RH - Bogensportdiscount \u2013 B\u00f6gen, Pfeile, Targets &amp; Zubeh\u00f6r\" \/>\n<meta property=\"og:description\" content=\"CORE COMPOUNDBOGEN PAKET ZEAL JUNIOR \/ ROTATING MOD 10-40LBS \/ 16&quot;-28&quot; RH g\u00fcnstig kaufen bei Bogensportdiscount \u2013 Top-Marken, schneller Versand aus der Schweiz.\" \/>\n<meta property=\"og:url\" content=\"https:\/\/bogensportdiscount.ch\/fr\/produit\/core-compound-set-zeal-junior-rotating-mod-10-40lbs-16-28-rh\/\" \/>\n<meta property=\"og:site_name\" content=\"Bogensportdiscount \u2013 B\u00f6gen, Pfeile, Targets &amp; Zubeh\u00f6r\" \/>\n<meta property=\"article:modified_time\" content=\"2026-05-14T13:26:53+00:00\" \/>\n<meta property=\"og:image\" content=\"https:\/\/bogensportdiscount.ch\/wp-content\/uploads\/bsm-images\/A071382_1.png\" \/>\n\t<meta property=\"og:image:width\" content=\"2741\" \/>\n\t<meta property=\"og:image:height\" content=\"6474\" \/>\n\t<meta property=\"og:image:type\" content=\"image\/png\" \/>\n<meta name=\"twitter:card\" content=\"summary_large_image\" \/>\n<meta name=\"twitter:label1\" content=\"Dur\u00e9e de lecture estim\u00e9e\" \/>\n\t<meta name=\"twitter:data1\" content=\"1 minute\" \/>\n<script type=\"application\/ld+json\" class=\"yoast-schema-graph\">{\"@context\":\"https:\\\/\\\/schema.org\",\"@graph\":[{\"@type\":\"WebPage\",\"@id\":\"https:\\\/\\\/bogensportdiscount.ch\\\/produkt\\\/core-compound-set-zeal-junior-rotating-mod-10-40lbs-16-28-rh\\\/\",\"url\":\"https:\\\/\\\/bogensportdiscount.ch\\\/produkt\\\/core-compound-set-zeal-junior-rotating-mod-10-40lbs-16-28-rh\\\/\",\"name\":\"CORE COMPOUNDBOGEN PAKET ZEAL JUNIOR \\\/ ROTATING MOD 10-40LBS \\\/ 16\\\"-28\\\" RH - Bogensportdiscount \u2013 B\u00f6gen, Pfeile, Targets &amp; Zubeh\u00f6r\",\"isPartOf\":{\"@id\":\"https:\\\/\\\/bogensportdiscount.ch\\\/#website\"},\"primaryImageOfPage\":{\"@id\":\"https:\\\/\\\/bogensportdiscount.ch\\\/produkt\\\/core-compound-set-zeal-junior-rotating-mod-10-40lbs-16-28-rh\\\/#primaryimage\"},\"image\":{\"@id\":\"https:\\\/\\\/bogensportdiscount.ch\\\/produkt\\\/core-compound-set-zeal-junior-rotating-mod-10-40lbs-16-28-rh\\\/#primaryimage\"},\"thumbnailUrl\":\"https:\\\/\\\/bogensportdiscount.ch\\\/wp-content\\\/uploads\\\/bsm-images\\\/A071382_1.png\",\"datePublished\":\"2026-04-05T13:06:35+00:00\",\"dateModified\":\"2026-05-14T13:26:53+00:00\",\"description\":\"CORE COMPOUNDBOGEN PAKET ZEAL JUNIOR \\\/ ROTATING MOD 10-40LBS \\\/ 16\\\"-28\\\" RH g\u00fcnstig kaufen bei Bogensportdiscount \u2013 Top-Marken, schneller Versand aus der Schweiz.\",\"breadcrumb\":{\"@id\":\"https:\\\/\\\/bogensportdiscount.ch\\\/produkt\\\/core-compound-set-zeal-junior-rotating-mod-10-40lbs-16-28-rh\\\/#breadcrumb\"},\"inLanguage\":\"fr-FR\",\"potentialAction\":[{\"@type\":\"ReadAction\",\"target\":[\"https:\\\/\\\/bogensportdiscount.ch\\\/produkt\\\/core-compound-set-zeal-junior-rotating-mod-10-40lbs-16-28-rh\\\/\"]}]},{\"@type\":\"ImageObject\",\"inLanguage\":\"fr-FR\",\"@id\":\"https:\\\/\\\/bogensportdiscount.ch\\\/produkt\\\/core-compound-set-zeal-junior-rotating-mod-10-40lbs-16-28-rh\\\/#primaryimage\",\"url\":\"https:\\\/\\\/bogensportdiscount.ch\\\/wp-content\\\/uploads\\\/bsm-images\\\/A071382_1.png\",\"contentUrl\":\"https:\\\/\\\/bogensportdiscount.ch\\\/wp-content\\\/uploads\\\/bsm-images\\\/A071382_1.png\",\"width\":2741,\"height\":6474},{\"@type\":\"BreadcrumbList\",\"@id\":\"https:\\\/\\\/bogensportdiscount.ch\\\/produkt\\\/core-compound-set-zeal-junior-rotating-mod-10-40lbs-16-28-rh\\\/#breadcrumb\",\"itemListElement\":[{\"@type\":\"ListItem\",\"position\":1,\"name\":\"Home\",\"item\":\"https:\\\/\\\/bogensportdiscount.ch\\\/\"},{\"@type\":\"ListItem\",\"position\":2,\"name\":\"Shop\",\"item\":\"https:\\\/\\\/bogensportdiscount.ch\\\/shop\\\/\"},{\"@type\":\"ListItem\",\"position\":3,\"name\":\"CORE COMPOUND PACKAGE ZEAL JUNIOR \\\/ ROTATING MOD 10-40LBS \\\/ 16&#8243;-28&#8243; RH\"}]},{\"@type\":\"WebSite\",\"@id\":\"https:\\\/\\\/bogensportdiscount.ch\\\/#website\",\"url\":\"https:\\\/\\\/bogensportdiscount.ch\\\/\",\"name\":\"Bogensportdiscount\",\"description\":\"\",\"potentialAction\":[{\"@type\":\"SearchAction\",\"target\":{\"@type\":\"EntryPoint\",\"urlTemplate\":\"https:\\\/\\\/bogensportdiscount.ch\\\/?s={search_term_string}\"},\"query-input\":{\"@type\":\"PropertyValueSpecification\",\"valueRequired\":true,\"valueName\":\"search_term_string\"}}],\"inLanguage\":\"fr-FR\"}]}<\/script>\n<!-- \/ Yoast SEO plugin. -->","yoast_head_json":{"title":"CORE COMPOUNDBOGEN PAKET ZEAL JUNIOR \/ ROTATING MOD 10-40LBS \/ 16\"-28\" RH - Bogensportdiscount \u2013 B\u00f6gen, Pfeile, Targets &amp; Zubeh\u00f6r","description":"CORE COMPOUNDBOGEN PAKET ZEAL JUNIOR \/ ROTATING MOD 10-40LBS \/ 16\"-28\" RH g\u00fcnstig kaufen bei Bogensportdiscount \u2013 Top-Marken, schneller Versand aus der Schweiz.","robots":{"index":"index","follow":"follow","max-snippet":"max-snippet:-1","max-image-preview":"max-image-preview:large","max-video-preview":"max-video-preview:-1"},"canonical":"https:\/\/bogensportdiscount.ch\/fr\/produit\/core-compound-set-zeal-junior-rotating-mod-10-40lbs-16-28-rh\/","og_locale":"fr_FR","og_type":"article","og_title":"CORE COMPOUNDBOGEN PAKET ZEAL JUNIOR \/ ROTATING MOD 10-40LBS \/ 16\"-28\" RH - Bogensportdiscount \u2013 B\u00f6gen, Pfeile, Targets &amp; Zubeh\u00f6r","og_description":"CORE COMPOUNDBOGEN PAKET ZEAL JUNIOR \/ ROTATING MOD 10-40LBS \/ 16\"-28\" RH g\u00fcnstig kaufen bei Bogensportdiscount \u2013 Top-Marken, schneller Versand aus der Schweiz.","og_url":"https:\/\/bogensportdiscount.ch\/fr\/produit\/core-compound-set-zeal-junior-rotating-mod-10-40lbs-16-28-rh\/","og_site_name":"Bogensportdiscount \u2013 B\u00f6gen, Pfeile, Targets &amp; Zubeh\u00f6r","article_modified_time":"2026-05-14T13:26:53+00:00","og_image":[{"url":"https:\/\/bogensportdiscount.ch\/wp-content\/uploads\/bsm-images\/A071382_1.png","width":2741,"height":6474,"type":"image\/png"}],"twitter_card":"summary_large_image","twitter_misc":{"Dur\u00e9e de lecture estim\u00e9e":"1 minute"},"schema":{"@context":"https:\/\/schema.org","@graph":[{"@type":"WebPage","@id":"https:\/\/bogensportdiscount.ch\/produkt\/core-compound-set-zeal-junior-rotating-mod-10-40lbs-16-28-rh\/","url":"https:\/\/bogensportdiscount.ch\/produkt\/core-compound-set-zeal-junior-rotating-mod-10-40lbs-16-28-rh\/","name":"CORE COMPOUNDBOGEN PAKET ZEAL JUNIOR \/ ROTATING MOD 10-40LBS \/ 16\"-28\" RH - Bogensportdiscount \u2013 B\u00f6gen, Pfeile, Targets &amp; Zubeh\u00f6r","isPartOf":{"@id":"https:\/\/bogensportdiscount.ch\/#website"},"primaryImageOfPage":{"@id":"https:\/\/bogensportdiscount.ch\/produkt\/core-compound-set-zeal-junior-rotating-mod-10-40lbs-16-28-rh\/#primaryimage"},"image":{"@id":"https:\/\/bogensportdiscount.ch\/produkt\/core-compound-set-zeal-junior-rotating-mod-10-40lbs-16-28-rh\/#primaryimage"},"thumbnailUrl":"https:\/\/bogensportdiscount.ch\/wp-content\/uploads\/bsm-images\/A071382_1.png","datePublished":"2026-04-05T13:06:35+00:00","dateModified":"2026-05-14T13:26:53+00:00","description":"CORE COMPOUNDBOGEN PAKET ZEAL JUNIOR \/ ROTATING MOD 10-40LBS \/ 16\"-28\" RH g\u00fcnstig kaufen bei Bogensportdiscount \u2013 Top-Marken, schneller Versand aus der Schweiz.","breadcrumb":{"@id":"https:\/\/bogensportdiscount.ch\/produkt\/core-compound-set-zeal-junior-rotating-mod-10-40lbs-16-28-rh\/#breadcrumb"},"inLanguage":"fr-FR","potentialAction":[{"@type":"ReadAction","target":["https:\/\/bogensportdiscount.ch\/produkt\/core-compound-set-zeal-junior-rotating-mod-10-40lbs-16-28-rh\/"]}]},{"@type":"ImageObject","inLanguage":"fr-FR","@id":"https:\/\/bogensportdiscount.ch\/produkt\/core-compound-set-zeal-junior-rotating-mod-10-40lbs-16-28-rh\/#primaryimage","url":"https:\/\/bogensportdiscount.ch\/wp-content\/uploads\/bsm-images\/A071382_1.png","contentUrl":"https:\/\/bogensportdiscount.ch\/wp-content\/uploads\/bsm-images\/A071382_1.png","width":2741,"height":6474},{"@type":"BreadcrumbList","@id":"https:\/\/bogensportdiscount.ch\/produkt\/core-compound-set-zeal-junior-rotating-mod-10-40lbs-16-28-rh\/#breadcrumb","itemListElement":[{"@type":"ListItem","position":1,"name":"Home","item":"https:\/\/bogensportdiscount.ch\/"},{"@type":"ListItem","position":2,"name":"Shop","item":"https:\/\/bogensportdiscount.ch\/shop\/"},{"@type":"ListItem","position":3,"name":"CORE COMPOUND PACKAGE ZEAL JUNIOR \/ ROTATING MOD 10-40LBS \/ 16&#8243;-28&#8243; RH"}]},{"@type":"WebSite","@id":"https:\/\/bogensportdiscount.ch\/#website","url":"https:\/\/bogensportdiscount.ch\/","name":"Bogensportdiscount","description":"","potentialAction":[{"@type":"SearchAction","target":{"@type":"EntryPoint","urlTemplate":"https:\/\/bogensportdiscount.ch\/?s={search_term_string}"},"query-input":{"@type":"PropertyValueSpecification","valueRequired":true,"valueName":"search_term_string"}}],"inLanguage":"fr-FR"}]}},"_links":{"self":[{"href":"https:\/\/bogensportdiscount.ch\/fr\/wp-json\/wp\/v2\/product\/413081","targetHints":{"allow":["GET"]}}],"collection":[{"href":"https:\/\/bogensportdiscount.ch\/fr\/wp-json\/wp\/v2\/product"}],"about":[{"href":"https:\/\/bogensportdiscount.ch\/fr\/wp-json\/wp\/v2\/types\/product"}],"replies":[{"embeddable":true,"href":"https:\/\/bogensportdiscount.ch\/fr\/wp-json\/wp\/v2\/comments?post=413081"}],"wp:featuredmedia":[{"embeddable":true,"href":"https:\/\/bogensportdiscount.ch\/fr\/wp-json\/wp\/v2\/media\/451833"}],"wp:attachment":[{"href":"https:\/\/bogensportdiscount.ch\/fr\/wp-json\/wp\/v2\/media?parent=413081"}],"wp:term":[{"taxonomy":"product_brand","embeddable":true,"href":"https:\/\/bogensportdiscount.ch\/fr\/wp-json\/wp\/v2\/product_brand?post=413081"},{"taxonomy":"product_cat","embeddable":true,"href":"https:\/\/bogensportdiscount.ch\/fr\/wp-json\/wp\/v2\/product_cat?post=413081"},{"taxonomy":"product_tag","embeddable":true,"href":"https:\/\/bogensportdiscount.ch\/fr\/wp-json\/wp\/v2\/product_tag?post=413081"}],"curies":[{"name":"wp","href":"https:\/\/api.w.org\/{rel}","templated":true}]}}