{"id":412996,"date":"2026-04-05T15:06:25","date_gmt":"2026-04-05T13:06:25","guid":{"rendered":"https:\/\/bogensportdiscount.ch\/produkt\/shift-limb-bolt-for-24-20-riser-1pc\/"},"modified":"2026-04-17T15:42:26","modified_gmt":"2026-04-17T13:42:26","slug":"core-wurfarmschraube-shift-limb-bolt","status":"publish","type":"product","link":"https:\/\/bogensportdiscount.ch\/fr\/produit\/core-wurfarmschraube-shift-limb-bolt\/","title":{"rendered":"CORE SHIFT LIMB BOLT"},"content":{"rendered":"<p>Die CORE Wurfarmschraube (Limb Bolt) ist ein Ersatz- und Zubeh\u00f6rteil, das speziell f\u00fcr den CORE Shift Recurvebogen konzipiert wurde. Sie dient zur Befestigung und Justierung der Wurfarme am Bogenk\u00f6rper.<\/p>\n<p>Das Teil ist in zwei L\u00e4ngen erh\u00e4ltlich \u2013 14,5&#8243; und 20&#8243; \u2013 um verschiedene Bogenkonfigurationen abzudecken. Die Fertigung erfolgt in China nach den Vorgaben von CORE.<\/p>\n<ul>\n<li>Passend f\u00fcr den CORE Shift Recurvebogen<\/li>\n<li>Erh\u00e4ltlich in 14,5&#8243; und 20&#8243;<\/li>\n<li>Ersatzteil zur Wurfarmhalterung<\/li>\n<\/ul>","protected":false},"excerpt":{"rendered":"<p>Wurfarmschraube von CORE f\u00fcr den Shift Recurvebogen. Erh\u00e4ltlich in den L\u00e4ngen 14,5&#8243; und 20&#8243;.<\/p>","protected":false},"featured_media":451821,"comment_status":"open","ping_status":"closed","template":"","meta":[],"product_brand":[423],"product_cat":[4522],"product_tag":[],"class_list":{"0":"post-412996","1":"product","2":"type-product","3":"status-publish","4":"has-post-thumbnail","6":"product_brand-core","7":"product_cat-einzelteile-fuer-recurve-boegen-recurve-boegen","9":"first","10":"instock","11":"shipping-taxable","12":"purchasable","13":"product-type-variable"},"_links":{"self":[{"href":"https:\/\/bogensportdiscount.ch\/fr\/wp-json\/wp\/v2\/product\/412996","targetHints":{"allow":["GET"]}}],"collection":[{"href":"https:\/\/bogensportdiscount.ch\/fr\/wp-json\/wp\/v2\/product"}],"about":[{"href":"https:\/\/bogensportdiscount.ch\/fr\/wp-json\/wp\/v2\/types\/product"}],"replies":[{"embeddable":true,"href":"https:\/\/bogensportdiscount.ch\/fr\/wp-json\/wp\/v2\/comments?post=412996"}],"wp:featuredmedia":[{"embeddable":true,"href":"https:\/\/bogensportdiscount.ch\/fr\/wp-json\/wp\/v2\/media\/451821"}],"wp:attachment":[{"href":"https:\/\/bogensportdiscount.ch\/fr\/wp-json\/wp\/v2\/media?parent=412996"}],"wp:term":[{"taxonomy":"product_brand","embeddable":true,"href":"https:\/\/bogensportdiscount.ch\/fr\/wp-json\/wp\/v2\/product_brand?post=412996"},{"taxonomy":"product_cat","embeddable":true,"href":"https:\/\/bogensportdiscount.ch\/fr\/wp-json\/wp\/v2\/product_cat?post=412996"},{"taxonomy":"product_tag","embeddable":true,"href":"https:\/\/bogensportdiscount.ch\/fr\/wp-json\/wp\/v2\/product_tag?post=412996"}],"curies":[{"name":"wp","href":"https:\/\/api.w.org\/{rel}","templated":true}]}}