{"id":412935,"date":"2026-04-05T15:06:20","date_gmt":"2026-04-05T13:06:20","guid":{"rendered":"https:\/\/bogensportdiscount.ch\/produkt\/compound-hero-10-ii-37-big-cam-30-40lbs-28-5-31-5-rh-anodized-red\/"},"modified":"2026-04-15T13:28:06","modified_gmt":"2026-04-15T11:28:06","slug":"sanlida-compoundbogen-hero-10-ii-37-big-cam","status":"publish","type":"product","link":"https:\/\/bogensportdiscount.ch\/fr\/produit\/sanlida-compoundbogen-hero-10-ii-37-big-cam\/","title":{"rendered":"SANLIDA COMPOUND HERO 10 II 37\u2033 BIG CAM"},"content":{"rendered":"<p>Der SANLIDA Hero 10 II Big Cam ist ein Compoundbogen mit einem Achsabstand von 37 Zoll und geh\u00f6rt damit zur Klasse der gr\u00f6sseren Compoundb\u00f6gen. Der Rahmen besteht aus Aluminium und bietet eine solide Basis f\u00fcr den Trainings- und Freizeitbereich.<\/p>\n<p>Mit einem Let-Off von 75 % und einem Single-Mod-System l\u00e4sst sich der Bogen einfach einstellen. Das Zuggewicht ist in drei Stufen w\u00e4hlbar (30\u201340 lbs, 40\u201350 lbs, 50\u201360 lbs), wodurch der Bogen f\u00fcr verschiedene Schiesserfahrungen geeignet ist. Er ist sowohl f\u00fcr Rechts- als auch f\u00fcr Linkshand erh\u00e4ltlich.<\/p>\n<ul>\n<li>Achsabstand: 37 Zoll \u2013 stabil und gut ausgewogen<\/li>\n<li>Let-Off 75 % \u2013 geringer Haltedruck im Anker<\/li>\n<li>Single-Mod-System f\u00fcr einfache Zugweitenanpassung<\/li>\n<li>Erh\u00e4ltlich in zahlreichen eloxierten Farben<\/li>\n<\/ul>","protected":false},"excerpt":{"rendered":"<table>\n<tr>\n<th>Propri\u00e9t\u00e9<\/th>\n<th>Valeur<\/th>\n<\/tr>\n<tr>\n<td>Achsabstand<\/td>\n<td>37 Zoll<\/td>\n<\/tr>\n<tr>\n<td>Brace Height<\/td>\n<td>7,7 Zoll<\/td>\n<\/tr>\n<tr>\n<td>Modul<\/td>\n<td>Single Mod<\/td>\n<\/tr>\n<tr>\n<td>Let-Off<\/td>\n<td>75 %<\/td>\n<\/tr>\n<tr>\n<td>Mat\u00e9riau<\/td>\n<td>Aluminium<\/td>\n<\/tr>\n<tr>\n<td>Verf\u00fcgbare H\u00e4nde<\/td>\n<td>main gauche \/ main droite<\/td>\n<\/tr>\n<tr>\n<td>Poids de traction<\/td>\n<td>30\u201340 lbs, 40\u201350 lbs, 50\u201360 lbs<\/td>\n<\/tr>\n<\/table>","protected":false},"featured_media":453064,"comment_status":"open","ping_status":"closed","template":"","meta":[],"product_brand":[459],"product_cat":[4523],"product_tag":[],"class_list":{"0":"post-412935","1":"product","2":"type-product","3":"status-publish","4":"has-post-thumbnail","6":"product_brand-sanlida","7":"product_cat-compound-bows--35-compound-boegen","9":"first","10":"instock","11":"shipping-taxable","12":"purchasable","13":"product-type-variable"},"_links":{"self":[{"href":"https:\/\/bogensportdiscount.ch\/fr\/wp-json\/wp\/v2\/product\/412935","targetHints":{"allow":["GET"]}}],"collection":[{"href":"https:\/\/bogensportdiscount.ch\/fr\/wp-json\/wp\/v2\/product"}],"about":[{"href":"https:\/\/bogensportdiscount.ch\/fr\/wp-json\/wp\/v2\/types\/product"}],"replies":[{"embeddable":true,"href":"https:\/\/bogensportdiscount.ch\/fr\/wp-json\/wp\/v2\/comments?post=412935"}],"wp:featuredmedia":[{"embeddable":true,"href":"https:\/\/bogensportdiscount.ch\/fr\/wp-json\/wp\/v2\/media\/453064"}],"wp:attachment":[{"href":"https:\/\/bogensportdiscount.ch\/fr\/wp-json\/wp\/v2\/media?parent=412935"}],"wp:term":[{"taxonomy":"product_brand","embeddable":true,"href":"https:\/\/bogensportdiscount.ch\/fr\/wp-json\/wp\/v2\/product_brand?post=412935"},{"taxonomy":"product_cat","embeddable":true,"href":"https:\/\/bogensportdiscount.ch\/fr\/wp-json\/wp\/v2\/product_cat?post=412935"},{"taxonomy":"product_tag","embeddable":true,"href":"https:\/\/bogensportdiscount.ch\/fr\/wp-json\/wp\/v2\/product_tag?post=412935"}],"curies":[{"name":"wp","href":"https:\/\/api.w.org\/{rel}","templated":true}]}}