{"id":412780,"date":"2026-04-05T15:06:06","date_gmt":"2026-04-05T13:06:06","guid":{"rendered":"https:\/\/bogensportdiscount.ch\/produkt\/screw-in-points-combo-19-64-65-grains-12-pk\/"},"modified":"2026-05-14T15:26:52","modified_gmt":"2026-05-14T13:26:52","slug":"tippingpointarchery-schraubspitzen-combo-19-64","status":"publish","type":"product","link":"https:\/\/bogensportdiscount.ch\/fr\/produit\/tippingpointarchery-schraubspitzen-combo-19-64\/","title":{"rendered":"TIPPINGPOINTARCHERY Einschraubspitze COMBO 19\/64 12\/PK"},"content":{"rendered":"<p>Les pointes \u00e0 vis TIPPINGPOINTARCHERY Combo 19\/64 sont des pointes \u00e0 visser pour fl\u00e8ches en carbone avec un diam\u00e8tre de tube de 19\/64 pouces. Le set est propos\u00e9 en plusieurs variantes de poids, permettant aux archers de choisir la pointe optimale pour leur arc et leur distance.<\/p>\n<p>Les poids disponibles vont de 65 GR \u00e0 80 GR, 85 GR, 100 GR et 125 GR jusqu'\u00e0 145 GR et 190 GR. Cette s\u00e9lection permet un ajustement cibl\u00e9 du point d'\u00e9quilibre avant de la fl\u00e8che (FOC) et ainsi une optimisation du comportement en vol.<\/p>\n<ul>\n<li>Pointes \u00e0 visser pour fl\u00e8ches en carbone<\/li>\n<li>Taille de tube 19\/64<\/li>\n<li>Disponible en 7 niveaux de poids : 65, 80, 85, 100, 125, 145 et 190 Grain<\/li>\n<li>Convient pour l'entra\u00eenement et la chasse<\/li>\n<\/ul>","protected":false},"excerpt":{"rendered":"<table>\n<tr>\n<th>Propri\u00e9t\u00e9<\/th>\n<th>Valeur<\/th>\n<\/tr>\n<tr>\n<td>Marque<\/td>\n<td>Tipping Point Archery<\/td>\n<\/tr>\n<tr>\n<td>Pays d'origine<\/td>\n<td>Italie<\/td>\n<\/tr>\n<\/table>","protected":false},"featured_media":523074,"comment_status":"open","ping_status":"closed","template":"","meta":[],"product_brand":[846],"product_cat":[4545],"product_tag":[],"class_list":{"0":"post-412780","1":"product","2":"type-product","3":"status-publish","4":"has-post-thumbnail","6":"product_brand-tippingpointarchery","7":"product_cat-einschraube-spitzen","8":"product_shipping_class-bsd-standard","10":"first","11":"instock","12":"shipping-taxable","13":"purchasable","14":"product-type-variable"},"yoast_head":"<!-- This site is optimized with the Yoast SEO plugin v27.6 - https:\/\/yoast.com\/product\/yoast-seo-wordpress\/ -->\n<title>TIPPINGPOINTARCHERY Einschraubspitze COMBO 19\/64 12\/PK - Bogensportdiscount \u2013 B\u00f6gen, Pfeile, Targets &amp; Zubeh\u00f6r<\/title>\n<meta name=\"description\" content=\"TIPPINGPOINTARCHERY Einschraubspitze COMBO 19\/64 12\/PK g\u00fcnstig kaufen bei Bogensportdiscount \u2013 Top-Marken, schneller Versand aus der Schweiz.\" \/>\n<meta name=\"robots\" content=\"index, follow, max-snippet:-1, max-image-preview:large, max-video-preview:-1\" \/>\n<link rel=\"canonical\" href=\"https:\/\/bogensportdiscount.ch\/fr\/produit\/tippingpointarchery-schraubspitzen-combo-19-64\/\" \/>\n<meta property=\"og:locale\" content=\"fr_FR\" \/>\n<meta property=\"og:type\" content=\"article\" \/>\n<meta property=\"og:title\" content=\"TIPPINGPOINTARCHERY Einschraubspitze COMBO 19\/64 12\/PK - Bogensportdiscount \u2013 B\u00f6gen, Pfeile, Targets &amp; Zubeh\u00f6r\" \/>\n<meta property=\"og:description\" content=\"TIPPINGPOINTARCHERY Einschraubspitze COMBO 19\/64 12\/PK g\u00fcnstig kaufen bei Bogensportdiscount \u2013 Top-Marken, schneller Versand aus der Schweiz.\" \/>\n<meta property=\"og:url\" content=\"https:\/\/bogensportdiscount.ch\/fr\/produit\/tippingpointarchery-schraubspitzen-combo-19-64\/\" \/>\n<meta property=\"og:site_name\" content=\"Bogensportdiscount \u2013 B\u00f6gen, Pfeile, Targets &amp; Zubeh\u00f6r\" \/>\n<meta property=\"article:modified_time\" content=\"2026-05-14T13:26:52+00:00\" \/>\n<meta property=\"og:image\" content=\"https:\/\/bogensportdiscount.ch\/wp-content\/uploads\/bsm-images\/A071007_1.jpg\" \/>\n\t<meta property=\"og:image:width\" content=\"1023\" \/>\n\t<meta property=\"og:image:height\" content=\"682\" \/>\n\t<meta property=\"og:image:type\" content=\"image\/jpeg\" \/>\n<meta name=\"twitter:card\" content=\"summary_large_image\" \/>\n<script type=\"application\/ld+json\" class=\"yoast-schema-graph\">{\"@context\":\"https:\\\/\\\/schema.org\",\"@graph\":[{\"@type\":\"WebPage\",\"@id\":\"https:\\\/\\\/bogensportdiscount.ch\\\/produkt\\\/tippingpointarchery-schraubspitzen-combo-19-64\\\/\",\"url\":\"https:\\\/\\\/bogensportdiscount.ch\\\/produkt\\\/tippingpointarchery-schraubspitzen-combo-19-64\\\/\",\"name\":\"TIPPINGPOINTARCHERY Einschraubspitze COMBO 19\\\/64 12\\\/PK - Bogensportdiscount \u2013 B\u00f6gen, Pfeile, Targets &amp; Zubeh\u00f6r\",\"isPartOf\":{\"@id\":\"https:\\\/\\\/bogensportdiscount.ch\\\/#website\"},\"primaryImageOfPage\":{\"@id\":\"https:\\\/\\\/bogensportdiscount.ch\\\/produkt\\\/tippingpointarchery-schraubspitzen-combo-19-64\\\/#primaryimage\"},\"image\":{\"@id\":\"https:\\\/\\\/bogensportdiscount.ch\\\/produkt\\\/tippingpointarchery-schraubspitzen-combo-19-64\\\/#primaryimage\"},\"thumbnailUrl\":\"https:\\\/\\\/bogensportdiscount.ch\\\/wp-content\\\/uploads\\\/bsm-images\\\/A071007_1.jpg\",\"datePublished\":\"2026-04-05T13:06:06+00:00\",\"dateModified\":\"2026-05-14T13:26:52+00:00\",\"description\":\"TIPPINGPOINTARCHERY Einschraubspitze COMBO 19\\\/64 12\\\/PK g\u00fcnstig kaufen bei Bogensportdiscount \u2013 Top-Marken, schneller Versand aus der Schweiz.\",\"breadcrumb\":{\"@id\":\"https:\\\/\\\/bogensportdiscount.ch\\\/produkt\\\/tippingpointarchery-schraubspitzen-combo-19-64\\\/#breadcrumb\"},\"inLanguage\":\"fr-FR\",\"potentialAction\":[{\"@type\":\"ReadAction\",\"target\":[\"https:\\\/\\\/bogensportdiscount.ch\\\/produkt\\\/tippingpointarchery-schraubspitzen-combo-19-64\\\/\"]}]},{\"@type\":\"ImageObject\",\"inLanguage\":\"fr-FR\",\"@id\":\"https:\\\/\\\/bogensportdiscount.ch\\\/produkt\\\/tippingpointarchery-schraubspitzen-combo-19-64\\\/#primaryimage\",\"url\":\"https:\\\/\\\/bogensportdiscount.ch\\\/wp-content\\\/uploads\\\/bsm-images\\\/A071007_1.jpg\",\"contentUrl\":\"https:\\\/\\\/bogensportdiscount.ch\\\/wp-content\\\/uploads\\\/bsm-images\\\/A071007_1.jpg\",\"width\":1023,\"height\":682},{\"@type\":\"BreadcrumbList\",\"@id\":\"https:\\\/\\\/bogensportdiscount.ch\\\/produkt\\\/tippingpointarchery-schraubspitzen-combo-19-64\\\/#breadcrumb\",\"itemListElement\":[{\"@type\":\"ListItem\",\"position\":1,\"name\":\"Home\",\"item\":\"https:\\\/\\\/bogensportdiscount.ch\\\/\"},{\"@type\":\"ListItem\",\"position\":2,\"name\":\"Shop\",\"item\":\"https:\\\/\\\/bogensportdiscount.ch\\\/shop\\\/\"},{\"@type\":\"ListItem\",\"position\":3,\"name\":\"TIPPINGPOINTARCHERY Einschraubspitze COMBO 19\\\/64 12\\\/PK\"}]},{\"@type\":\"WebSite\",\"@id\":\"https:\\\/\\\/bogensportdiscount.ch\\\/#website\",\"url\":\"https:\\\/\\\/bogensportdiscount.ch\\\/\",\"name\":\"Bogensportdiscount\",\"description\":\"\",\"potentialAction\":[{\"@type\":\"SearchAction\",\"target\":{\"@type\":\"EntryPoint\",\"urlTemplate\":\"https:\\\/\\\/bogensportdiscount.ch\\\/?s={search_term_string}\"},\"query-input\":{\"@type\":\"PropertyValueSpecification\",\"valueRequired\":true,\"valueName\":\"search_term_string\"}}],\"inLanguage\":\"fr-FR\"}]}<\/script>\n<!-- \/ Yoast SEO plugin. -->","yoast_head_json":{"title":"TIPPINGPOINTARCHERY Einschraubspitze COMBO 19\/64 12\/PK - Bogensportdiscount \u2013 B\u00f6gen, Pfeile, Targets &amp; Zubeh\u00f6r","description":"TIPPINGPOINTARCHERY Einschraubspitze COMBO 19\/64 12\/PK g\u00fcnstig kaufen bei Bogensportdiscount \u2013 Top-Marken, schneller Versand aus der Schweiz.","robots":{"index":"index","follow":"follow","max-snippet":"max-snippet:-1","max-image-preview":"max-image-preview:large","max-video-preview":"max-video-preview:-1"},"canonical":"https:\/\/bogensportdiscount.ch\/fr\/produit\/tippingpointarchery-schraubspitzen-combo-19-64\/","og_locale":"fr_FR","og_type":"article","og_title":"TIPPINGPOINTARCHERY Einschraubspitze COMBO 19\/64 12\/PK - Bogensportdiscount \u2013 B\u00f6gen, Pfeile, Targets &amp; Zubeh\u00f6r","og_description":"TIPPINGPOINTARCHERY Einschraubspitze COMBO 19\/64 12\/PK g\u00fcnstig kaufen bei Bogensportdiscount \u2013 Top-Marken, schneller Versand aus der Schweiz.","og_url":"https:\/\/bogensportdiscount.ch\/fr\/produit\/tippingpointarchery-schraubspitzen-combo-19-64\/","og_site_name":"Bogensportdiscount \u2013 B\u00f6gen, Pfeile, Targets &amp; Zubeh\u00f6r","article_modified_time":"2026-05-14T13:26:52+00:00","og_image":[{"width":1023,"height":682,"url":"https:\/\/bogensportdiscount.ch\/wp-content\/uploads\/bsm-images\/A071007_1.jpg","type":"image\/jpeg"}],"twitter_card":"summary_large_image","schema":{"@context":"https:\/\/schema.org","@graph":[{"@type":"WebPage","@id":"https:\/\/bogensportdiscount.ch\/produkt\/tippingpointarchery-schraubspitzen-combo-19-64\/","url":"https:\/\/bogensportdiscount.ch\/produkt\/tippingpointarchery-schraubspitzen-combo-19-64\/","name":"TIPPINGPOINTARCHERY Einschraubspitze COMBO 19\/64 12\/PK - Bogensportdiscount \u2013 B\u00f6gen, Pfeile, Targets &amp; Zubeh\u00f6r","isPartOf":{"@id":"https:\/\/bogensportdiscount.ch\/#website"},"primaryImageOfPage":{"@id":"https:\/\/bogensportdiscount.ch\/produkt\/tippingpointarchery-schraubspitzen-combo-19-64\/#primaryimage"},"image":{"@id":"https:\/\/bogensportdiscount.ch\/produkt\/tippingpointarchery-schraubspitzen-combo-19-64\/#primaryimage"},"thumbnailUrl":"https:\/\/bogensportdiscount.ch\/wp-content\/uploads\/bsm-images\/A071007_1.jpg","datePublished":"2026-04-05T13:06:06+00:00","dateModified":"2026-05-14T13:26:52+00:00","description":"TIPPINGPOINTARCHERY Einschraubspitze COMBO 19\/64 12\/PK g\u00fcnstig kaufen bei Bogensportdiscount \u2013 Top-Marken, schneller Versand aus der Schweiz.","breadcrumb":{"@id":"https:\/\/bogensportdiscount.ch\/produkt\/tippingpointarchery-schraubspitzen-combo-19-64\/#breadcrumb"},"inLanguage":"fr-FR","potentialAction":[{"@type":"ReadAction","target":["https:\/\/bogensportdiscount.ch\/produkt\/tippingpointarchery-schraubspitzen-combo-19-64\/"]}]},{"@type":"ImageObject","inLanguage":"fr-FR","@id":"https:\/\/bogensportdiscount.ch\/produkt\/tippingpointarchery-schraubspitzen-combo-19-64\/#primaryimage","url":"https:\/\/bogensportdiscount.ch\/wp-content\/uploads\/bsm-images\/A071007_1.jpg","contentUrl":"https:\/\/bogensportdiscount.ch\/wp-content\/uploads\/bsm-images\/A071007_1.jpg","width":1023,"height":682},{"@type":"BreadcrumbList","@id":"https:\/\/bogensportdiscount.ch\/produkt\/tippingpointarchery-schraubspitzen-combo-19-64\/#breadcrumb","itemListElement":[{"@type":"ListItem","position":1,"name":"Home","item":"https:\/\/bogensportdiscount.ch\/"},{"@type":"ListItem","position":2,"name":"Shop","item":"https:\/\/bogensportdiscount.ch\/shop\/"},{"@type":"ListItem","position":3,"name":"TIPPINGPOINTARCHERY Einschraubspitze COMBO 19\/64 12\/PK"}]},{"@type":"WebSite","@id":"https:\/\/bogensportdiscount.ch\/#website","url":"https:\/\/bogensportdiscount.ch\/","name":"Bogensportdiscount","description":"","potentialAction":[{"@type":"SearchAction","target":{"@type":"EntryPoint","urlTemplate":"https:\/\/bogensportdiscount.ch\/?s={search_term_string}"},"query-input":{"@type":"PropertyValueSpecification","valueRequired":true,"valueName":"search_term_string"}}],"inLanguage":"fr-FR"}]}},"_links":{"self":[{"href":"https:\/\/bogensportdiscount.ch\/fr\/wp-json\/wp\/v2\/product\/412780","targetHints":{"allow":["GET"]}}],"collection":[{"href":"https:\/\/bogensportdiscount.ch\/fr\/wp-json\/wp\/v2\/product"}],"about":[{"href":"https:\/\/bogensportdiscount.ch\/fr\/wp-json\/wp\/v2\/types\/product"}],"replies":[{"embeddable":true,"href":"https:\/\/bogensportdiscount.ch\/fr\/wp-json\/wp\/v2\/comments?post=412780"}],"wp:featuredmedia":[{"embeddable":true,"href":"https:\/\/bogensportdiscount.ch\/fr\/wp-json\/wp\/v2\/media\/523074"}],"wp:attachment":[{"href":"https:\/\/bogensportdiscount.ch\/fr\/wp-json\/wp\/v2\/media?parent=412780"}],"wp:term":[{"taxonomy":"product_brand","embeddable":true,"href":"https:\/\/bogensportdiscount.ch\/fr\/wp-json\/wp\/v2\/product_brand?post=412780"},{"taxonomy":"product_cat","embeddable":true,"href":"https:\/\/bogensportdiscount.ch\/fr\/wp-json\/wp\/v2\/product_cat?post=412780"},{"taxonomy":"product_tag","embeddable":true,"href":"https:\/\/bogensportdiscount.ch\/fr\/wp-json\/wp\/v2\/product_tag?post=412780"}],"curies":[{"name":"wp","href":"https:\/\/api.w.org\/{rel}","templated":true}]}}