{"id":412770,"date":"2026-04-05T15:06:05","date_gmt":"2026-04-05T13:06:05","guid":{"rendered":"https:\/\/bogensportdiscount.ch\/produkt\/screw-in-points-combo-11-32-100-grains-12-pk\/"},"modified":"2026-05-14T15:26:52","modified_gmt":"2026-05-14T13:26:52","slug":"tippingpointarchery-schraubspitzen-set-combo-11-32","status":"publish","type":"product","link":"https:\/\/bogensportdiscount.ch\/fr\/produit\/tippingpointarchery-schraubspitzen-set-combo-11-32\/","title":{"rendered":"TIPPINGPOINTARCHERY Einschraubspitze COMBO 11\/32 12\/PK"},"content":{"rendered":"<p>Le set de pointes \u00e0 vis TIPPINGPOINTARCHERY Combo 11\/32 est un assortiment de pointes \u00e0 visser pour fl\u00e8ches en carbone d'un diam\u00e8tre de tube de 11\/32 pouces. Les pointes conviennent \u00e0 une utilisation \u00e0 l'entra\u00eenement et en comp\u00e9tition dans le tir \u00e0 l'arc.<\/p>\n<p>Le set Combo est propos\u00e9 en trois options de poids diff\u00e9rentes \u2013 100 GR, 125 GR et 145 GR \u2013 permettant ainsi d'adapter de mani\u00e8re flexible le poids total de la fl\u00e8che aux exigences individuelles. Les pointes \u00e0 vis se vissent directement dans le tube de fl\u00e8che.<\/p>\n<ul>\n<li>Pointes \u00e0 vis pour fl\u00e8ches en carbone avec tube de 11\/32<\/li>\n<li>Disponible en 100 GR, 125 GR et 145 GR<\/li>\n<li>Set Combo pour des options de poids flexibles<\/li>\n<li>Montage facile gr\u00e2ce au syst\u00e8me \u00e0 vis<\/li>\n<\/ul>","protected":false},"excerpt":{"rendered":"<table>\n<tr>\n<th>Propri\u00e9t\u00e9<\/th>\n<th>Valeur<\/th>\n<\/tr>\n<tr>\n<td>Marque<\/td>\n<td>Tipping Point Archery<\/td>\n<\/tr>\n<tr>\n<td>Pays d'origine<\/td>\n<td>Italie<\/td>\n<\/tr>\n<\/table>","protected":false},"featured_media":523073,"comment_status":"open","ping_status":"closed","template":"","meta":[],"product_brand":[846],"product_cat":[4545],"product_tag":[],"class_list":{"0":"post-412770","1":"product","2":"type-product","3":"status-publish","4":"has-post-thumbnail","6":"product_brand-tippingpointarchery","7":"product_cat-einschraube-spitzen","8":"product_shipping_class-bsd-standard","10":"first","11":"instock","12":"shipping-taxable","13":"purchasable","14":"product-type-variable"},"yoast_head":"<!-- This site is optimized with the Yoast SEO plugin v27.6 - https:\/\/yoast.com\/product\/yoast-seo-wordpress\/ -->\n<title>TIPPINGPOINTARCHERY Einschraubspitze COMBO 11\/32 12\/PK - Bogensportdiscount \u2013 B\u00f6gen, Pfeile, Targets &amp; Zubeh\u00f6r<\/title>\n<meta name=\"description\" content=\"TIPPINGPOINTARCHERY Einschraubspitze COMBO 11\/32 12\/PK g\u00fcnstig kaufen bei Bogensportdiscount \u2013 Top-Marken, schneller Versand aus der Schweiz.\" \/>\n<meta name=\"robots\" content=\"index, follow, max-snippet:-1, max-image-preview:large, max-video-preview:-1\" \/>\n<link rel=\"canonical\" href=\"https:\/\/bogensportdiscount.ch\/fr\/produit\/tippingpointarchery-schraubspitzen-set-combo-11-32\/\" \/>\n<meta property=\"og:locale\" content=\"fr_FR\" \/>\n<meta property=\"og:type\" content=\"article\" \/>\n<meta property=\"og:title\" content=\"TIPPINGPOINTARCHERY Einschraubspitze COMBO 11\/32 12\/PK - Bogensportdiscount \u2013 B\u00f6gen, Pfeile, Targets &amp; Zubeh\u00f6r\" \/>\n<meta property=\"og:description\" content=\"TIPPINGPOINTARCHERY Einschraubspitze COMBO 11\/32 12\/PK g\u00fcnstig kaufen bei Bogensportdiscount \u2013 Top-Marken, schneller Versand aus der Schweiz.\" \/>\n<meta property=\"og:url\" content=\"https:\/\/bogensportdiscount.ch\/fr\/produit\/tippingpointarchery-schraubspitzen-set-combo-11-32\/\" \/>\n<meta property=\"og:site_name\" content=\"Bogensportdiscount \u2013 B\u00f6gen, Pfeile, Targets &amp; Zubeh\u00f6r\" \/>\n<meta property=\"article:modified_time\" content=\"2026-05-14T13:26:52+00:00\" \/>\n<meta property=\"og:image\" content=\"https:\/\/bogensportdiscount.ch\/wp-content\/uploads\/bsm-images\/A071006_1.jpg\" \/>\n\t<meta property=\"og:image:width\" content=\"1023\" \/>\n\t<meta property=\"og:image:height\" content=\"682\" \/>\n\t<meta property=\"og:image:type\" content=\"image\/jpeg\" \/>\n<meta name=\"twitter:card\" content=\"summary_large_image\" \/>\n<script type=\"application\/ld+json\" class=\"yoast-schema-graph\">{\"@context\":\"https:\\\/\\\/schema.org\",\"@graph\":[{\"@type\":\"WebPage\",\"@id\":\"https:\\\/\\\/bogensportdiscount.ch\\\/produkt\\\/tippingpointarchery-schraubspitzen-set-combo-11-32\\\/\",\"url\":\"https:\\\/\\\/bogensportdiscount.ch\\\/produkt\\\/tippingpointarchery-schraubspitzen-set-combo-11-32\\\/\",\"name\":\"TIPPINGPOINTARCHERY Einschraubspitze COMBO 11\\\/32 12\\\/PK - Bogensportdiscount \u2013 B\u00f6gen, Pfeile, Targets &amp; Zubeh\u00f6r\",\"isPartOf\":{\"@id\":\"https:\\\/\\\/bogensportdiscount.ch\\\/#website\"},\"primaryImageOfPage\":{\"@id\":\"https:\\\/\\\/bogensportdiscount.ch\\\/produkt\\\/tippingpointarchery-schraubspitzen-set-combo-11-32\\\/#primaryimage\"},\"image\":{\"@id\":\"https:\\\/\\\/bogensportdiscount.ch\\\/produkt\\\/tippingpointarchery-schraubspitzen-set-combo-11-32\\\/#primaryimage\"},\"thumbnailUrl\":\"https:\\\/\\\/bogensportdiscount.ch\\\/wp-content\\\/uploads\\\/bsm-images\\\/A071006_1.jpg\",\"datePublished\":\"2026-04-05T13:06:05+00:00\",\"dateModified\":\"2026-05-14T13:26:52+00:00\",\"description\":\"TIPPINGPOINTARCHERY Einschraubspitze COMBO 11\\\/32 12\\\/PK g\u00fcnstig kaufen bei Bogensportdiscount \u2013 Top-Marken, schneller Versand aus der Schweiz.\",\"breadcrumb\":{\"@id\":\"https:\\\/\\\/bogensportdiscount.ch\\\/produkt\\\/tippingpointarchery-schraubspitzen-set-combo-11-32\\\/#breadcrumb\"},\"inLanguage\":\"fr-FR\",\"potentialAction\":[{\"@type\":\"ReadAction\",\"target\":[\"https:\\\/\\\/bogensportdiscount.ch\\\/produkt\\\/tippingpointarchery-schraubspitzen-set-combo-11-32\\\/\"]}]},{\"@type\":\"ImageObject\",\"inLanguage\":\"fr-FR\",\"@id\":\"https:\\\/\\\/bogensportdiscount.ch\\\/produkt\\\/tippingpointarchery-schraubspitzen-set-combo-11-32\\\/#primaryimage\",\"url\":\"https:\\\/\\\/bogensportdiscount.ch\\\/wp-content\\\/uploads\\\/bsm-images\\\/A071006_1.jpg\",\"contentUrl\":\"https:\\\/\\\/bogensportdiscount.ch\\\/wp-content\\\/uploads\\\/bsm-images\\\/A071006_1.jpg\",\"width\":1023,\"height\":682},{\"@type\":\"BreadcrumbList\",\"@id\":\"https:\\\/\\\/bogensportdiscount.ch\\\/produkt\\\/tippingpointarchery-schraubspitzen-set-combo-11-32\\\/#breadcrumb\",\"itemListElement\":[{\"@type\":\"ListItem\",\"position\":1,\"name\":\"Home\",\"item\":\"https:\\\/\\\/bogensportdiscount.ch\\\/\"},{\"@type\":\"ListItem\",\"position\":2,\"name\":\"Shop\",\"item\":\"https:\\\/\\\/bogensportdiscount.ch\\\/shop\\\/\"},{\"@type\":\"ListItem\",\"position\":3,\"name\":\"TIPPINGPOINTARCHERY Einschraubspitze COMBO 11\\\/32 12\\\/PK\"}]},{\"@type\":\"WebSite\",\"@id\":\"https:\\\/\\\/bogensportdiscount.ch\\\/#website\",\"url\":\"https:\\\/\\\/bogensportdiscount.ch\\\/\",\"name\":\"Bogensportdiscount\",\"description\":\"\",\"potentialAction\":[{\"@type\":\"SearchAction\",\"target\":{\"@type\":\"EntryPoint\",\"urlTemplate\":\"https:\\\/\\\/bogensportdiscount.ch\\\/?s={search_term_string}\"},\"query-input\":{\"@type\":\"PropertyValueSpecification\",\"valueRequired\":true,\"valueName\":\"search_term_string\"}}],\"inLanguage\":\"fr-FR\"}]}<\/script>\n<!-- \/ Yoast SEO plugin. -->","yoast_head_json":{"title":"TIPPINGPOINTARCHERY Einschraubspitze COMBO 11\/32 12\/PK - Bogensportdiscount \u2013 B\u00f6gen, Pfeile, Targets &amp; Zubeh\u00f6r","description":"TIPPINGPOINTARCHERY Einschraubspitze COMBO 11\/32 12\/PK g\u00fcnstig kaufen bei Bogensportdiscount \u2013 Top-Marken, schneller Versand aus der Schweiz.","robots":{"index":"index","follow":"follow","max-snippet":"max-snippet:-1","max-image-preview":"max-image-preview:large","max-video-preview":"max-video-preview:-1"},"canonical":"https:\/\/bogensportdiscount.ch\/fr\/produit\/tippingpointarchery-schraubspitzen-set-combo-11-32\/","og_locale":"fr_FR","og_type":"article","og_title":"TIPPINGPOINTARCHERY Einschraubspitze COMBO 11\/32 12\/PK - Bogensportdiscount \u2013 B\u00f6gen, Pfeile, Targets &amp; Zubeh\u00f6r","og_description":"TIPPINGPOINTARCHERY Einschraubspitze COMBO 11\/32 12\/PK g\u00fcnstig kaufen bei Bogensportdiscount \u2013 Top-Marken, schneller Versand aus der Schweiz.","og_url":"https:\/\/bogensportdiscount.ch\/fr\/produit\/tippingpointarchery-schraubspitzen-set-combo-11-32\/","og_site_name":"Bogensportdiscount \u2013 B\u00f6gen, Pfeile, Targets &amp; Zubeh\u00f6r","article_modified_time":"2026-05-14T13:26:52+00:00","og_image":[{"width":1023,"height":682,"url":"https:\/\/bogensportdiscount.ch\/wp-content\/uploads\/bsm-images\/A071006_1.jpg","type":"image\/jpeg"}],"twitter_card":"summary_large_image","schema":{"@context":"https:\/\/schema.org","@graph":[{"@type":"WebPage","@id":"https:\/\/bogensportdiscount.ch\/produkt\/tippingpointarchery-schraubspitzen-set-combo-11-32\/","url":"https:\/\/bogensportdiscount.ch\/produkt\/tippingpointarchery-schraubspitzen-set-combo-11-32\/","name":"TIPPINGPOINTARCHERY Einschraubspitze COMBO 11\/32 12\/PK - Bogensportdiscount \u2013 B\u00f6gen, Pfeile, Targets &amp; Zubeh\u00f6r","isPartOf":{"@id":"https:\/\/bogensportdiscount.ch\/#website"},"primaryImageOfPage":{"@id":"https:\/\/bogensportdiscount.ch\/produkt\/tippingpointarchery-schraubspitzen-set-combo-11-32\/#primaryimage"},"image":{"@id":"https:\/\/bogensportdiscount.ch\/produkt\/tippingpointarchery-schraubspitzen-set-combo-11-32\/#primaryimage"},"thumbnailUrl":"https:\/\/bogensportdiscount.ch\/wp-content\/uploads\/bsm-images\/A071006_1.jpg","datePublished":"2026-04-05T13:06:05+00:00","dateModified":"2026-05-14T13:26:52+00:00","description":"TIPPINGPOINTARCHERY Einschraubspitze COMBO 11\/32 12\/PK g\u00fcnstig kaufen bei Bogensportdiscount \u2013 Top-Marken, schneller Versand aus der Schweiz.","breadcrumb":{"@id":"https:\/\/bogensportdiscount.ch\/produkt\/tippingpointarchery-schraubspitzen-set-combo-11-32\/#breadcrumb"},"inLanguage":"fr-FR","potentialAction":[{"@type":"ReadAction","target":["https:\/\/bogensportdiscount.ch\/produkt\/tippingpointarchery-schraubspitzen-set-combo-11-32\/"]}]},{"@type":"ImageObject","inLanguage":"fr-FR","@id":"https:\/\/bogensportdiscount.ch\/produkt\/tippingpointarchery-schraubspitzen-set-combo-11-32\/#primaryimage","url":"https:\/\/bogensportdiscount.ch\/wp-content\/uploads\/bsm-images\/A071006_1.jpg","contentUrl":"https:\/\/bogensportdiscount.ch\/wp-content\/uploads\/bsm-images\/A071006_1.jpg","width":1023,"height":682},{"@type":"BreadcrumbList","@id":"https:\/\/bogensportdiscount.ch\/produkt\/tippingpointarchery-schraubspitzen-set-combo-11-32\/#breadcrumb","itemListElement":[{"@type":"ListItem","position":1,"name":"Home","item":"https:\/\/bogensportdiscount.ch\/"},{"@type":"ListItem","position":2,"name":"Shop","item":"https:\/\/bogensportdiscount.ch\/shop\/"},{"@type":"ListItem","position":3,"name":"TIPPINGPOINTARCHERY Einschraubspitze COMBO 11\/32 12\/PK"}]},{"@type":"WebSite","@id":"https:\/\/bogensportdiscount.ch\/#website","url":"https:\/\/bogensportdiscount.ch\/","name":"Bogensportdiscount","description":"","potentialAction":[{"@type":"SearchAction","target":{"@type":"EntryPoint","urlTemplate":"https:\/\/bogensportdiscount.ch\/?s={search_term_string}"},"query-input":{"@type":"PropertyValueSpecification","valueRequired":true,"valueName":"search_term_string"}}],"inLanguage":"fr-FR"}]}},"_links":{"self":[{"href":"https:\/\/bogensportdiscount.ch\/fr\/wp-json\/wp\/v2\/product\/412770","targetHints":{"allow":["GET"]}}],"collection":[{"href":"https:\/\/bogensportdiscount.ch\/fr\/wp-json\/wp\/v2\/product"}],"about":[{"href":"https:\/\/bogensportdiscount.ch\/fr\/wp-json\/wp\/v2\/types\/product"}],"replies":[{"embeddable":true,"href":"https:\/\/bogensportdiscount.ch\/fr\/wp-json\/wp\/v2\/comments?post=412770"}],"wp:featuredmedia":[{"embeddable":true,"href":"https:\/\/bogensportdiscount.ch\/fr\/wp-json\/wp\/v2\/media\/523073"}],"wp:attachment":[{"href":"https:\/\/bogensportdiscount.ch\/fr\/wp-json\/wp\/v2\/media?parent=412770"}],"wp:term":[{"taxonomy":"product_brand","embeddable":true,"href":"https:\/\/bogensportdiscount.ch\/fr\/wp-json\/wp\/v2\/product_brand?post=412770"},{"taxonomy":"product_cat","embeddable":true,"href":"https:\/\/bogensportdiscount.ch\/fr\/wp-json\/wp\/v2\/product_cat?post=412770"},{"taxonomy":"product_tag","embeddable":true,"href":"https:\/\/bogensportdiscount.ch\/fr\/wp-json\/wp\/v2\/product_tag?post=412770"}],"curies":[{"name":"wp","href":"https:\/\/api.w.org\/{rel}","templated":true}]}}